{"id":9308,"date":"2024-04-30T13:10:38","date_gmt":"2024-04-30T12:10:38","guid":{"rendered":"https:\/\/ingelbeen.kneet.be\/product\/mobil-shc-gear-320-2\/"},"modified":"2024-06-26T16:14:14","modified_gmt":"2024-06-26T15:14:14","slug":"mobil-shc-gear-320-2","status":"publish","type":"product","link":"https:\/\/webshop.ingelbeen.be\/fr\/produit\/mobil-shc-gear-320-2\/","title":{"rendered":"Mobil SHC Gear 320"},"content":{"rendered":"<div class=\"compensation des d\u00e9tails du produit\">\n<div class=\"description de l'attribut du produit\">\n<div class=\"description de la valeur\">\n<p> Mobil SHC\u2122 Gear Series est une gamme d&rsquo;huiles synth\u00e9tiques pour engrenages industriels aux performances exceptionnelles, con\u00e7ues pour offrir une protection exceptionnelle des engrenages et des roulements, une dur\u00e9e de vie prolong\u00e9e de l&rsquo;huile m\u00eame dans des conditions extr\u00eames, contribuant ainsi \u00e0 permettre un fonctionnement sans probl\u00e8me de l&rsquo;\u00e9quipement et une productivit\u00e9 accrue des clients.<\/p>\n<p> Ces lubrifiants synth\u00e9tiques scientifiquement con\u00e7us sont formul\u00e9s \u00e0 partir de fluides de base synth\u00e9tiques qui poss\u00e8dent des propri\u00e9t\u00e9s d&rsquo;oxydation et thermiques exceptionnelles et une excellente fluidit\u00e9 \u00e0 basse temp\u00e9rature. L&rsquo;indice de viscosit\u00e9 \u00e9lev\u00e9 de ces huiles permet de r\u00e9duire les changements de viscosit\u00e9 avec les changements de temp\u00e9rature, ce qui permet une plage de temp\u00e9ratures de fonctionnement plus large et un d\u00e9marrage am\u00e9lior\u00e9 \u00e0 basse temp\u00e9rature.<\/p>\n<p> Les lubrifiants Mobil SHC Gear Series contiennent un syst\u00e8me d&rsquo;additifs exclusif avanc\u00e9 con\u00e7u pour fournir une excellente protection contre les modes d&rsquo;usure conventionnels tels que les \u00e9raflures ainsi qu&rsquo;un niveau \u00e9lev\u00e9 de r\u00e9sistance contre la fatigue par micropiq\u00fbres. De plus, par rapport aux huiles pour engrenages conventionnelles, elle offre la possibilit\u00e9 d&rsquo;am\u00e9liorer la lubrification des roulements des \u00e9l\u00e9ments roulants des bo\u00eetes de vitesses. Les produits Mobil SHC Gear Series offrent une protection exceptionnelle contre la rouille et la corrosion par rapport aux huiles pour engrenages conventionnelles, m\u00eame en pr\u00e9sence de contamination par l&rsquo;eau de mer.<\/p>\n<p> Ils n&rsquo;ont aucune tendance \u00e0 boucher les filtres fins, m\u00eame lorsqu&rsquo;ils sont mouill\u00e9s, et pr\u00e9sentent une excellente compatibilit\u00e9 avec les m\u00e9taux ferreux et non ferreux, m\u00eame \u00e0 des temp\u00e9ratures \u00e9lev\u00e9es. La s\u00e9rie Mobil SHC Gear pr\u00e9sente \u00e9galement une compatibilit\u00e9 exceptionnelle avec les \u00e9lastom\u00e8res lors des tests d&rsquo;\u00e9tanch\u00e9it\u00e9 statique. Ils poss\u00e8dent des propri\u00e9t\u00e9s EP exceptionnelles qui offrent une protection m\u00eame dans des conditions de charge de choc. Les huiles de base synth\u00e9tiques utilis\u00e9es dans les huiles Mobil SHC Gear Series ont des propri\u00e9t\u00e9s de traction intrins\u00e8quement faibles qui se traduisent par une faible friction fluide dans la zone de charge des surfaces non conformes telles que les engrenages et les roulements. La r\u00e9duction de la friction du fluide produit des temp\u00e9ratures de fonctionnement plus basses et peut contribuer \u00e0 am\u00e9liorer l&rsquo;efficacit\u00e9 des engrenages.<\/p>\n<p> Les lubrifiants Mobil SHC Gear sont recommand\u00e9s pour les entra\u00eenements \u00e0 engrenages industriels ferm\u00e9s, notamment les engrenages droits, h\u00e9lico\u00efdaux et coniques acier sur acier. Ils sont particuli\u00e8rement recommand\u00e9s pour les applications susceptibles d&rsquo;\u00eatre soumises \u00e0 des micropittings\u00a0: particuli\u00e8rement les r\u00e9ducteurs fortement charg\u00e9s avec des m\u00e9tallurgies de dents tremp\u00e9es en surface. Il peut \u00e9galement \u00eatre utilis\u00e9 dans les applications d&rsquo;engrenages o\u00f9 des temp\u00e9ratures extr\u00eamement basses et\/ou \u00e9lev\u00e9es sont rencontr\u00e9es et dans les applications o\u00f9 la corrosion peut \u00eatre grave.<\/p><\/div><\/div><\/div>\n<h2>Fonctionnalit\u00e9 et avantages potentiels<\/h2>\n<p> Les lubrifiants Mobil SHC Gear Series font partie de la gamme de produits Mobil SHC reconnus et appr\u00e9ci\u00e9s dans le monde entier pour leur innovation et leurs performances exceptionnelles. Ces produits synth\u00e9tiques, mis au point par nos chercheurs scientifiques, symbolisent l&rsquo;engagement continu \u00e0 utiliser une technologie de pointe pour fournir des lubrifiants aux excellentes performances \u00e9quilibr\u00e9es. Un facteur cl\u00e9 dans le d\u00e9veloppement de la s\u00e9rie Mobil SHC Gear a \u00e9t\u00e9 les contacts \u00e9troits entre nos scientifiques et nos sp\u00e9cialistes des applications avec les principaux \u00e9quipementiers afin de garantir que notre offre de produits offrirait des performances exceptionnelles avec une conception et un fonctionnement d&rsquo;engrenages industriels en \u00e9volution rapide. Parmi les avantages d\u00e9montr\u00e9s lors du travail avec les \u00e9quipementiers, la capacit\u00e9 \u00e0 r\u00e9sister \u00e0 l&rsquo;usure par micropiq\u00fbres qui peut se produire avec certaines applications d&rsquo;engrenages c\u00e9ment\u00e9s tr\u00e8s charg\u00e9s figure parmi les avantages les plus importants. Ce travail de coop\u00e9ration a \u00e9galement d\u00e9montr\u00e9 les avantages de performances globales et \u00e9quilibr\u00e9es de la nouvelle technologie Mobil SHC Gear, y compris une large plage d&rsquo;applications de temp\u00e9ratures.<\/p>\n<p> Pour r\u00e9soudre le probl\u00e8me de l&rsquo;usure par micropiq\u00fbres, nos scientifiques en formulation de produits ont con\u00e7u une combinaison exclusive d&rsquo;additifs qui r\u00e9sisteraient aux m\u00e9canismes traditionnels d&rsquo;usure des engrenages tout en prot\u00e9geant contre les micropiq\u00fbres. Les produits Mobil SHC Gear offrent une dur\u00e9e de vie exceptionnelle de l&rsquo;huile, un contr\u00f4le des d\u00e9p\u00f4ts et une r\u00e9sistance \u00e0 la d\u00e9gradation thermique\/oxydative et chimique, ainsi qu&rsquo;un \u00e9quilibre des caract\u00e9ristiques de performance. La combinaison d&rsquo;huiles de base synth\u00e9tiques en instance de brevet offre \u00e9galement des caract\u00e9ristiques de fluidit\u00e9 exceptionnelles \u00e0 basse temp\u00e9rature in\u00e9gal\u00e9es par les lubrifiants pour engrenages \u00e0 base d&rsquo;huile min\u00e9rale conventionnelle et constitue un avantage cl\u00e9 pour les applications \u00e9loign\u00e9es \u00e0 basse temp\u00e9rature ambiante. Les lubrifiants Mobil SHC Gear Series offrent les avantages potentiels suivants\u00a0:<\/p>\n<table class=\"table table-ray\u00e9e\">\n <t\u00eate><\/p>\n<tr>\n<th>Fonctionnalit\u00e9s<\/th>\n<th>Avantages et b\u00e9n\u00e9fices potentiels<\/th>\n<\/tr>\n<p> <\/t\u00eate><br \/>\n <corps><\/p>\n<tr>\n<td>Superbe protection contre l&rsquo;usure par fatigue par micropiq\u00fbres ainsi qu&rsquo;une haute r\u00e9sistance \u00e0 l&rsquo;usure par \u00e9raflure traditionnelle<\/td>\n<td>Contribue \u00e0 prolonger la dur\u00e9e de vie des engrenages et des roulements dans les entra\u00eenements \u00e0 engrenages ferm\u00e9s fonctionnant dans des conditions extr\u00eames de charge, de vitesse et de temp\u00e9rature. Aide \u00e0 r\u00e9duire les temps d&rsquo;arr\u00eat impr\u00e9vus\u00a0; moins d&rsquo;entretien &#8211; particuli\u00e8rement critique pour les bo\u00eetes de vitesses difficiles d&rsquo;acc\u00e8s<\/td>\n<\/tr>\n<tr>\n<td>Excellente r\u00e9sistance \u00e0 la d\u00e9gradation \u00e0 haute temp\u00e9rature<\/td>\n<td>Contribue \u00e0 prolonger la dur\u00e9e de vie de l&rsquo;huile et les intervalles de vidange et \u00e0 r\u00e9duire la consommation d&rsquo;huile, ce qui peut r\u00e9duire les co\u00fbts de maintenance<\/td>\n<\/tr>\n<tr>\n<td>Faible traction<\/td>\n<td>Contribue \u00e0 r\u00e9duire la consommation d&rsquo;\u00e9nergie et les temp\u00e9ratures de fonctionnement<\/td>\n<\/tr>\n<tr>\n<td>Indice de viscosit\u00e9 \u00e9lev\u00e9 \u00e9quivalant \u00e0 un changement de viscosit\u00e9 r\u00e9duit avec la temp\u00e9rature<\/td>\n<td>Capacit\u00e9 de fonctionner \u00e0 des temp\u00e9ratures \u00e9lev\u00e9es et basses, particuli\u00e8rement critique dans les applications distantes sans refroidissement ni chauffage de l&rsquo;huile<\/td>\n<td><\/td>\n<\/tr>\n<tr>\n<td>Excellente r\u00e9sistance \u00e0 la rouille et \u00e0 la corrosion et tr\u00e8s bonne d\u00e9s\u00e9mulsibilit\u00e9<\/td>\n<td>Aide \u00e0 garantir un fonctionnement fluide et sans probl\u00e8me \u00e0 des temp\u00e9ratures \u00e9lev\u00e9es ou dans des applications sujettes \u00e0 la contamination par l&rsquo;eau. Excellente compatibilit\u00e9 avec une vari\u00e9t\u00e9 de m\u00e9taux mous<\/td>\n<\/tr>\n<tr>\n<td>Excellente stabilit\u00e9 au cisaillement<\/td>\n<td>Contribue \u00e0 prolonger la dur\u00e9e de vie des engrenages et des roulements<\/td>\n<\/tr>\n<tr>\n<td>R\u00e9sistance au colmatage du filtre, m\u00eame en pr\u00e9sence d&rsquo;eau<\/td>\n<td>Moins de changements de filtre\u00a0; ce qui peut aider \u00e0 r\u00e9duire les co\u00fbts de maintenance<\/td>\n<\/tr>\n<tr>\n<td>Excellente compatibilit\u00e9 des joints<\/td>\n<td>Moins de contamination et moindre risque de fuite d&rsquo;huile<\/td>\n<\/tr>\n<tr>\n<td>Excellente compatibilit\u00e9 avec les mat\u00e9riaux de bo\u00eete de vitesses courants et avec les huiles pour engrenages \u00e0 base min\u00e9rale<\/td>\n<td>Changement facile \u00e0 partir de nombreux produits min\u00e9raux<\/td>\n<\/tr>\n<\/tbody>\n<\/table>\n<h2>Applications<\/h2>\n<p> Consid\u00e9rations d&rsquo;application\u00a0: Bien que la s\u00e9rie Mobil SHC Gear soit compatible avec les produits \u00e0 base d&rsquo;huile min\u00e9rale, les m\u00e9langes peuvent nuire \u00e0 leurs performances. Par cons\u00e9quent, il est recommand\u00e9 qu&rsquo;avant de remplacer un syst\u00e8me par un syst\u00e8me de la s\u00e9rie Mobil SHC Gear, celui-ci soit soigneusement nettoy\u00e9 et rinc\u00e9 pour obtenir des performances maximales.<br \/>\n Les huiles synth\u00e9tiques pour engrenages industriels aux performances exceptionnelles Mobil SHC Gear Series sont con\u00e7ues pour offrir une protection optimale de l&rsquo;\u00e9quipement et une dur\u00e9e de vie de l&rsquo;huile m\u00eame dans des conditions extr\u00eames. Ils sont sp\u00e9cialement formul\u00e9s pour r\u00e9sister aux micropiq\u00fbres des engrenages modernes c\u00e9ment\u00e9s et peuvent fonctionner dans des environnements \u00e0 haute et basse temp\u00e9rature. Les applications typiques incluent\u00a0:<\/p>\n<ul>\n<li>Bo\u00eetes de vitesses modernes et tr\u00e8s charg\u00e9es utilis\u00e9es dans les industries du papier, de l&rsquo;acier, du p\u00e9trole, du textile, du bois et du ciment, o\u00f9 une protection des engrenages et une dur\u00e9e de vie optimale de l&rsquo;huile sont n\u00e9cessaires.<\/li>\n<li>Bo\u00eetes de vitesses d&rsquo;extrudeuse de plastique<\/li>\n<\/ul>\n<p> Les s\u00e9ries Mobil SHC Gear ISO VG 150, 220, 320, 460 et 680 sont approuv\u00e9es selon la sp\u00e9cification d&rsquo;huile pour engrenages D50E35 de General Electric (GE) pour une utilisation dans les applications de bo\u00eetes de vitesses \u00e0 roues motoris\u00e9es pour v\u00e9hicules hors route.<\/p>\n<h2>Sp\u00e9cifications et homologations<\/h2>\n<h3>Satisfait ou d\u00e9passe les exigences de<\/h3>\n<ul>\n<li>AGMA 9005-E02<\/li>\n<li>DIN 51517 Deel 3 (CLP)<\/li>\n<li>ISO\u00a012925-1, type CKD<\/li>\n<li>ISO\u00a012925-1, type CKT<\/li>\n<\/ul>\n<h3>Ce produit a les approbations de constructeur suivantes<\/h3>\n<ul>\n<li>SIEMENS AG Flender tandwielen, T 7300, Tabel A-c, Flender Codenr. A36<\/li>\n<li>SEW Eurodrive<\/li>\n<li>SEW IG CLP HC<\/li>\n<li>Roue motoris\u00e9e GE<\/li>\n<\/ul>\n","protected":false},"excerpt":{"rendered":"<p>La MOBIL SHC GEAR 320 WT est une huile pour engrenages avanc\u00e9e pour \u00e9oliennes, enti\u00e8rement synth\u00e9tique, d\u00e9velopp\u00e9e pour offrir une protection optimale des mat\u00e9riaux des bo\u00eetes de vitesses des \u00e9oliennes et une dur\u00e9e de vie optimale du lubrifiant, m\u00eame dans des conditions difficiles.<\/p>\n","protected":false},"featured_media":10132,"template":"","meta":{"_acf_changed":false,"inline_featured_image":false},"product_brand":[],"product_cat":[216,221],"product_tag":[],"class_list":{"0":"post-9308","1":"product","2":"type-product","3":"status-publish","4":"has-post-thumbnail","6":"product_cat-huiles-pour-engrenages","7":"product_cat-huiles-pour-turbines-et-huiles-de-circulation","9":"first","10":"instock","11":"taxable","12":"shipping-taxable","13":"purchasable","14":"product-type-simple"},"acf":[],"_links":{"self":[{"href":"https:\/\/webshop.ingelbeen.be\/fr\/wp-json\/wp\/v2\/product\/9308","targetHints":{"allow":["GET"]}}],"collection":[{"href":"https:\/\/webshop.ingelbeen.be\/fr\/wp-json\/wp\/v2\/product"}],"about":[{"href":"https:\/\/webshop.ingelbeen.be\/fr\/wp-json\/wp\/v2\/types\/product"}],"wp:featuredmedia":[{"embeddable":true,"href":"https:\/\/webshop.ingelbeen.be\/fr\/wp-json\/wp\/v2\/media\/10132"}],"wp:attachment":[{"href":"https:\/\/webshop.ingelbeen.be\/fr\/wp-json\/wp\/v2\/media?parent=9308"}],"wp:term":[{"taxonomy":"product_brand","embeddable":true,"href":"https:\/\/webshop.ingelbeen.be\/fr\/wp-json\/wp\/v2\/product_brand?post=9308"},{"taxonomy":"product_cat","embeddable":true,"href":"https:\/\/webshop.ingelbeen.be\/fr\/wp-json\/wp\/v2\/product_cat?post=9308"},{"taxonomy":"product_tag","embeddable":true,"href":"https:\/\/webshop.ingelbeen.be\/fr\/wp-json\/wp\/v2\/product_tag?post=9308"}],"curies":[{"name":"wp","href":"https:\/\/api.w.org\/{rel}","templated":true}]}}