{"id":9324,"date":"2024-04-30T13:10:38","date_gmt":"2024-04-30T12:10:38","guid":{"rendered":"https:\/\/ingelbeen.kneet.be\/product\/mobil-shc-grease-102-eal\/"},"modified":"2024-06-26T16:14:15","modified_gmt":"2024-06-26T15:14:15","slug":"mobil-shc-grease-102-eal","status":"publish","type":"product","link":"https:\/\/webshop.ingelbeen.be\/fr\/produit\/mobil-shc-grease-102-eal\/","title":{"rendered":"Mobil SHC Grease 102 EAL"},"content":{"rendered":"<div class=\"compensation des d\u00e9tails du produit\">\n<div class=\"description de l'attribut du produit\">\n<div class=\"description de la valeur\">\n<p> Mobil SHC\u2122 Grease 101 EAL et 102 EAL sont des graisses aux performances sup\u00e9rieures con\u00e7ues sp\u00e9cifiquement pour les applications n\u00e9cessitant des lubrifiants respectueux de l&rsquo;environnement. Ces graisses hautes performances sont biod\u00e9gradables et pratiquement non toxiques. Ils sont formul\u00e9s \u00e0 partir d\u2019une huile de base d\u2019ester synth\u00e9tique biod\u00e9gradable, d\u2019additifs haute performance soigneusement choisis et d\u2019un \u00e9paississant au savon de lithium. La nature sans cire du fluide de base synth\u00e9tique, associ\u00e9e \u00e0 son faible coefficient de traction, offre une excellente pompabilit\u00e9 \u00e0 basse temp\u00e9rature et un couple de d\u00e9marrage et de fonctionnement tr\u00e8s faible &#8211; un avantage significatif \u00e9tant donn\u00e9 que de nombreuses applications sensibles \u00e0 l&rsquo;environnement se d\u00e9roulent en ext\u00e9rieur.<\/p>\n<p> La s\u00e9rie Mobil SHC Grease 100 EAL est formul\u00e9e pour les applications o\u00f9 une fuite ou un \u00e9coulement de graisse pourrait contaminer le sol, les eaux souterraines, les syst\u00e8mes d&rsquo;eau de surface ou les syst\u00e8mes d&rsquo;eau des plantes int\u00e9rieures. Ils sont recommand\u00e9s pour les roulements et accouplements lisses et roulants qui fonctionnent \u00e0 des temp\u00e9ratures de -40 \u00baC \u00e0 120 \u00baC, avec des ajustements appropri\u00e9s de l&rsquo;intervalle de relubrification. Mobil SHC Grease 101 EAL et 102 EAL sont respectivement de grade NLGI 1 et 2.<\/p><\/div><\/div><\/div>\n<h2>Fonctionnalit\u00e9 et avantages potentiels<\/h2>\n<p> La marque Mobil\u2122 EAL de produits respectueux de l&rsquo;environnement a acquis une r\u00e9putation exceptionnelle aupr\u00e8s des constructeurs OEM et des clients pour ses excellentes performances. Ces graisses offrent l&rsquo;\u00e9quilibre optimal entre le besoin de lubrifiants respectueux de l&rsquo;environnement et l&rsquo;exigence de lubrifiants hautes performances pour les \u00e9quipements m\u00e9caniques mobiles et fixes. Les graisses Mobil SHC Grease 100 EAL Series sont compatibles avec la g\u00e9n\u00e9ration pr\u00e9c\u00e9dente Mobilgrease EAL 100 Series.<\/p>\n<p> Mobil SHC Grease 101 EAL et 102 EAL offrent les avantages suivants :<\/p>\n<table class=\"table table-ray\u00e9e\">\n <t\u00eate><\/p>\n<tr>\n<th>Fonctionnalit\u00e9s<\/th>\n<th>Avantages et b\u00e9n\u00e9fices potentiels<\/th>\n<\/tr>\n<p> <\/t\u00eate><br \/>\n <corps><\/p>\n<tr>\n<td>Pratiquement non toxique selon l&rsquo;essai de toxicit\u00e9 aquatique de la m\u00e9thode OCDE 203<\/td>\n<td>Effets minimes des d\u00e9versements sur l&rsquo;environnement<\/td>\n<\/tr>\n<tr>\n<td>Formul\u00e9 \u00e0 partir d&rsquo;huile de base d&rsquo;ester synth\u00e9tique biod\u00e9gradable<\/td>\n<td>Biod\u00e9gradation des mat\u00e9riaux dans les zones sensibles avec un minimum de r\u00e9sidus non biod\u00e9gradables, \u00e9vitant ainsi un nettoyage co\u00fbteux dans certaines juridictions<\/td>\n<\/tr>\n<tr>\n<td>Bonne adh\u00e9rence et r\u00e9sistance \u00e0 l&rsquo;eau<\/td>\n<td>R\u00e9siste au lavage \u00e0 l&rsquo;eau, \u00e9vitant ainsi le besoin de regraissage fr\u00e9quent<\/td>\n<\/tr>\n<tr>\n<td>Excellente protection contre la rouille et la corrosion<\/td>\n<td>Excellente protection des roulements dans des conditions humides, avec une longue dur\u00e9e de vie des roulements<\/td>\n<\/tr>\n<\/tbody>\n<\/table>\n<h2>Applications<\/h2>\n<p> Mobil SHC Grease 101 EAL et 102 EAL sont membres de la famille Mobil de lubrifiants respectueux de l&rsquo;environnement (EAL) et sont sp\u00e9cifiquement con\u00e7us pour les applications o\u00f9 la contamination de l&rsquo;environnement constitue un risque.<\/p>\n<ul>\n<li>\u00c9quipement marin<\/li>\n<li>Usines de traitement de l&rsquo;eau<\/li>\n<li>Barrages, \u00e9cluses et voies navigables<\/li>\n<li>Mat\u00e9riel de construction<\/li>\n<li>Machines agricoles<\/li>\n<li>Centrales de production hydro\u00e9lectrique<\/li>\n<\/ul>\n<h2>Sp\u00e9cifications et homologations<\/h2>\n<h3>Satisfait ou d\u00e9passe les exigences de<\/h3>\n<ul>\n<li>DIN 51825\u00a0: (2004-06)<\/li>\n<\/ul>\n","protected":false},"excerpt":{"rendered":"<p>Mobil SHC\u2122 Grease 101 EAL et 102 EAL sont des graisses de performance sup\u00e9rieure con\u00e7ues sp\u00e9cifiquement pour des applications n\u00e9cessitant des lubrifiants sensibles \u00e0 l&rsquo;environnement. Ces graisses haute performance sont biod\u00e9gradables et pratiquement non toxiques.<\/p>\n","protected":false},"featured_media":0,"template":"","meta":{"_acf_changed":false,"inline_featured_image":false},"product_brand":[],"product_cat":[217],"product_tag":[],"class_list":{"0":"post-9324","1":"product","2":"type-product","3":"status-publish","5":"product_cat-graisses","7":"first","8":"instock","9":"taxable","10":"shipping-taxable","11":"purchasable","12":"product-type-simple"},"acf":[],"_links":{"self":[{"href":"https:\/\/webshop.ingelbeen.be\/fr\/wp-json\/wp\/v2\/product\/9324","targetHints":{"allow":["GET"]}}],"collection":[{"href":"https:\/\/webshop.ingelbeen.be\/fr\/wp-json\/wp\/v2\/product"}],"about":[{"href":"https:\/\/webshop.ingelbeen.be\/fr\/wp-json\/wp\/v2\/types\/product"}],"wp:attachment":[{"href":"https:\/\/webshop.ingelbeen.be\/fr\/wp-json\/wp\/v2\/media?parent=9324"}],"wp:term":[{"taxonomy":"product_brand","embeddable":true,"href":"https:\/\/webshop.ingelbeen.be\/fr\/wp-json\/wp\/v2\/product_brand?post=9324"},{"taxonomy":"product_cat","embeddable":true,"href":"https:\/\/webshop.ingelbeen.be\/fr\/wp-json\/wp\/v2\/product_cat?post=9324"},{"taxonomy":"product_tag","embeddable":true,"href":"https:\/\/webshop.ingelbeen.be\/fr\/wp-json\/wp\/v2\/product_tag?post=9324"}],"curies":[{"name":"wp","href":"https:\/\/api.w.org\/{rel}","templated":true}]}}