{"id":9330,"date":"2024-04-30T13:10:38","date_gmt":"2024-04-30T12:10:38","guid":{"rendered":"https:\/\/ingelbeen.kneet.be\/product\/mobil-shc-grease-460-wt-3\/"},"modified":"2024-06-26T16:14:16","modified_gmt":"2024-06-26T15:14:16","slug":"mobil-shc-grease-460-wt-3","status":"publish","type":"product","link":"https:\/\/webshop.ingelbeen.be\/fr\/produit\/mobil-shc-grease-460-wt-3\/","title":{"rendered":"Mobil SHC Grease 460 WT"},"content":{"rendered":"<div class=\"compensation des d\u00e9tails du produit\">\n<div class=\"description de l'attribut du produit\">\n<div class=\"description de la valeur\">\n<p> Mobil SHC\u2122 Grease 460 WT est un lubrifiant aux performances sup\u00e9rieures, particuli\u00e8rement adapt\u00e9 pour d\u00e9passer les exigences exigeantes des applications d&rsquo;\u00e9oliennes \u00e0 des temp\u00e9ratures extr\u00eames. Les caract\u00e9ristiques uniques des fluides de base synth\u00e9tiques sont combin\u00e9es \u00e0 celles d\u2019un \u00e9paississant complexe au lithium de haute qualit\u00e9. La nature sans cire des fluides synth\u00e9tiques et le faible coefficient de traction offrent une excellente pompabilit\u00e9 \u00e0 basse temp\u00e9rature et un couple de d\u00e9marrage et de fonctionnement tr\u00e8s faible. L&rsquo;\u00e9paississant complexe de lithium contribue \u00e0 une excellente adh\u00e9rence, stabilit\u00e9 structurelle et r\u00e9sistance \u00e0 l&rsquo;eau. La graisse a un haut niveau de stabilit\u00e9 chimique et est formul\u00e9e avec des combinaisons d&rsquo;additifs sp\u00e9ciales pour offrir une excellente protection contre l&rsquo;usure, la rouille et la corrosion \u00e0 hautes et basses temp\u00e9ratures.<\/p>\n<p> Mobil SHC Grease 460 WT est sp\u00e9cialement formul\u00e9e pour lubrifier les roulements de lacet, de pas et principaux des \u00e9oliennes et est devenue le produit de remplissage de premier choix pour de nombreux constructeurs d&rsquo;\u00e9oliennes et fournisseurs de composants. La r\u00e9putation repose sur sa qualit\u00e9 et sa fiabilit\u00e9 exceptionnelles et a prouv\u00e9 ses performances exceptionnelles dans plus de 10 000 \u00e9oliennes dans le monde.<\/p><\/div><\/div><\/div>\n<h2>Fonctionnalit\u00e9 et avantages potentiels<\/h2>\n<p> La marque d&rsquo;huiles et de graisses Mobil SHC\u2122 est reconnue et appr\u00e9ci\u00e9e dans le monde entier pour son innovation et ses performances exceptionnelles. Un facteur cl\u00e9 dans le d\u00e9veloppement des produits ExxonMobil a \u00e9t\u00e9 les contacts \u00e9troits avec les principaux fabricants d&rsquo;\u00e9quipement d&rsquo;origine (OEM) pour garantir que nos offres de produits fourniraient des performances exceptionnelles dans les conceptions d&rsquo;\u00e9quipements industriels en constante \u00e9volution.<\/p>\n<p> Notre travail avec les constructeurs d&rsquo;\u00e9quipements a permis de confirmer les r\u00e9sultats de nos propres tests en laboratoire d\u00e9montrant les performances exceptionnelles de Mobil SHC Grease 460 WT. Par rapport aux graisses conventionnelles, les avantages de cette graisse synth\u00e9tique incluent une dur\u00e9e de vie plus longue, une protection contre les faux Brinelling et une dur\u00e9e de vie des roulements am\u00e9lior\u00e9es, une large plage de temp\u00e9ratures d&rsquo;application et un potentiel d&rsquo;efficacit\u00e9 m\u00e9canique am\u00e9lior\u00e9e.<\/p>\n<p> Pour lutter contre les conditions d&rsquo;application s\u00e9v\u00e8res, des huiles de base synth\u00e9tiques exclusives ont \u00e9t\u00e9 choisies pour Mobil SHC Grease 460 WT en raison de leur potentiel exceptionnel de r\u00e9sistance thermique\/oxydative. Une technologie d&rsquo;\u00e9paississant complexe de lithium de pointe et des additifs sp\u00e9cifiques contribuent \u00e0 am\u00e9liorer les performances de Mobil SHC Grease 460 WT en offrant les caract\u00e9ristiques et avantages suivants :<\/p>\n<table class=\"table table-ray\u00e9e\">\n <t\u00eate><\/p>\n<tr>\n<th>Fonctionnalit\u00e9s<\/th>\n<th>Avantages et b\u00e9n\u00e9fices potentiels<\/th>\n<\/tr>\n<p> <\/t\u00eate><br \/>\n <corps><\/p>\n<tr>\n<td>Performances exceptionnelles \u00e0 haute et basse temp\u00e9rature par rapport aux graisses conventionnelles<\/td>\n<td>Larges plages de temp\u00e9ratures d&rsquo;application, avec une excellente protection \u00e0 haute temp\u00e9rature et un faible couple, d\u00e9marrage facile \u00e0 basse temp\u00e9rature<\/td>\n<\/tr>\n<tr>\n<td>Excellente stabilit\u00e9 thermique et r\u00e9sistance \u00e0 l&rsquo;oxydation par rapport aux graisses conventionnelles<\/td>\n<td>Dur\u00e9e de vie prolong\u00e9e avec des intervalles plus longs entre la relubrification et une dur\u00e9e de vie am\u00e9lior\u00e9e des roulements<\/td>\n<\/tr>\n<tr>\n<td>Excellente protection contre l&rsquo;usure, la rouille et la corrosion<\/td>\n<td>R\u00e9duction des temps d&rsquo;arr\u00eat et des co\u00fbts de maintenance<\/td>\n<\/tr>\n<tr>\n<td>Excellente pompabilit\u00e9<\/td>\n<td>Lubrification fiable des roulements \u00e0 l&rsquo;aide de syst\u00e8mes de graisse centralis\u00e9s ou de distributeurs de graisse<\/td>\n<\/tr>\n<tr>\n<td>Stabilit\u00e9 structurelle exceptionnelle en pr\u00e9sence d&rsquo;eau<\/td>\n<td>Conserve d&rsquo;excellentes performances de graisse dans un environnement aqueux hostile<\/td>\n<\/tr>\n<tr>\n<td>Faible coefficient de traction<\/td>\n<td>La formulation synth\u00e9tique offre une dur\u00e9e de vie m\u00e9canique potentiellement am\u00e9lior\u00e9e et des co\u00fbts \u00e9nerg\u00e9tiques r\u00e9duits par rapport aux graisses conventionnelles<\/td>\n<\/tr>\n<\/tbody>\n<\/table>\n<h2>Applications<\/h2>\n<p> Mobil SHC Grease 460 WT est une graisse extr\u00eame pression de qualit\u00e9 NLGI 1,5 avec un fluide de base synth\u00e9tique ISO VG 460 recommand\u00e9 pour les applications difficiles d&rsquo;\u00e9oliennes. Il offre une protection exceptionnelle des roulements sous de lourdes charges \u00e0 des vitesses faibles \u00e0 mod\u00e9r\u00e9es et dans les applications o\u00f9 la r\u00e9sistance \u00e0 l&rsquo;eau est un facteur critique. Mobil SHC Grease 460 WT r\u00e9pond \u00e0 la plupart des sp\u00e9cifications des constructeurs d&rsquo;\u00e9oliennes et des fournisseurs de composants et a d\u00e9montr\u00e9 des performances exceptionnelles dans des applications telles que la lubrification des roulements de lacet, de pas et principaux, soit graiss\u00e9es manuellement, soit utilisant des syst\u00e8mes de graisse centralis\u00e9s ou des distributeurs de graisse. La plage de temp\u00e9ratures de fonctionnement recommand\u00e9e est de -30 \u00baC \u00e0 150 \u00baC.<\/p>\n<h2>Sp\u00e9cifications et homologations<\/h2>\n<h3>Satisfait ou d\u00e9passe les exigences de<\/h3>\n<ul>\n<li>DIN 51825\u00a0: (2004-06)<\/li>\n<\/ul>\n","protected":false},"excerpt":{"rendered":"<p>Mobil SHC\u2122 Grease 460 WT est un lubrifiant de performance sup\u00e9rieure particuli\u00e8rement adapt\u00e9 pour d\u00e9passer les exigences des applications d&rsquo;\u00e9oliennes dans des conditions de temp\u00e9rature extr\u00eames.<\/p>\n","protected":false},"featured_media":0,"template":"","meta":{"_acf_changed":false,"inline_featured_image":false},"product_brand":[],"product_cat":[217],"product_tag":[],"class_list":{"0":"post-9330","1":"product","2":"type-product","3":"status-publish","5":"product_cat-graisses","7":"first","8":"instock","9":"taxable","10":"shipping-taxable","11":"purchasable","12":"product-type-simple"},"acf":[],"_links":{"self":[{"href":"https:\/\/webshop.ingelbeen.be\/fr\/wp-json\/wp\/v2\/product\/9330","targetHints":{"allow":["GET"]}}],"collection":[{"href":"https:\/\/webshop.ingelbeen.be\/fr\/wp-json\/wp\/v2\/product"}],"about":[{"href":"https:\/\/webshop.ingelbeen.be\/fr\/wp-json\/wp\/v2\/types\/product"}],"wp:attachment":[{"href":"https:\/\/webshop.ingelbeen.be\/fr\/wp-json\/wp\/v2\/media?parent=9330"}],"wp:term":[{"taxonomy":"product_brand","embeddable":true,"href":"https:\/\/webshop.ingelbeen.be\/fr\/wp-json\/wp\/v2\/product_brand?post=9330"},{"taxonomy":"product_cat","embeddable":true,"href":"https:\/\/webshop.ingelbeen.be\/fr\/wp-json\/wp\/v2\/product_cat?post=9330"},{"taxonomy":"product_tag","embeddable":true,"href":"https:\/\/webshop.ingelbeen.be\/fr\/wp-json\/wp\/v2\/product_tag?post=9330"}],"curies":[{"name":"wp","href":"https:\/\/api.w.org\/{rel}","templated":true}]}}