{"id":9332,"date":"2024-04-30T13:10:38","date_gmt":"2024-04-30T12:10:38","guid":{"rendered":"https:\/\/ingelbeen.kneet.be\/product\/mobil-shc-hydraulic-eal-32\/"},"modified":"2024-06-26T16:14:16","modified_gmt":"2024-06-26T15:14:16","slug":"mobil-shc-hydraulic-eal-32","status":"publish","type":"product","link":"https:\/\/webshop.ingelbeen.be\/fr\/produit\/mobil-shc-hydraulic-eal-32\/","title":{"rendered":"Mobil SHC Hydraulic EAL 32"},"content":{"rendered":"","protected":false},"excerpt":{"rendered":"<p>Mobil SHC Hydraulic EAL 32 est une huile hydraulique respectueuse de l&rsquo;environnement qui offre des performances exceptionnelles dans les syst\u00e8mes hydrauliques o\u00f9 les fuites ou les d\u00e9versements pourraient causer des dommages environnementaux. Cette huile offre une protection exceptionnelle contre l&rsquo;usure et contribue \u00e0 am\u00e9liorer l&rsquo;efficacit\u00e9 des syst\u00e8mes hydrauliques.<\/p>\n","protected":false},"featured_media":0,"template":"","meta":{"_acf_changed":false,"inline_featured_image":false},"product_brand":[],"product_cat":[217],"product_tag":[],"class_list":{"0":"post-9332","1":"product","2":"type-product","3":"status-publish","5":"product_cat-graisses","7":"first","8":"instock","9":"taxable","10":"shipping-taxable","11":"purchasable","12":"product-type-simple"},"acf":[],"_links":{"self":[{"href":"https:\/\/webshop.ingelbeen.be\/fr\/wp-json\/wp\/v2\/product\/9332","targetHints":{"allow":["GET"]}}],"collection":[{"href":"https:\/\/webshop.ingelbeen.be\/fr\/wp-json\/wp\/v2\/product"}],"about":[{"href":"https:\/\/webshop.ingelbeen.be\/fr\/wp-json\/wp\/v2\/types\/product"}],"wp:attachment":[{"href":"https:\/\/webshop.ingelbeen.be\/fr\/wp-json\/wp\/v2\/media?parent=9332"}],"wp:term":[{"taxonomy":"product_brand","embeddable":true,"href":"https:\/\/webshop.ingelbeen.be\/fr\/wp-json\/wp\/v2\/product_brand?post=9332"},{"taxonomy":"product_cat","embeddable":true,"href":"https:\/\/webshop.ingelbeen.be\/fr\/wp-json\/wp\/v2\/product_cat?post=9332"},{"taxonomy":"product_tag","embeddable":true,"href":"https:\/\/webshop.ingelbeen.be\/fr\/wp-json\/wp\/v2\/product_tag?post=9332"}],"curies":[{"name":"wp","href":"https:\/\/api.w.org\/{rel}","templated":true}]}}