{"id":9334,"date":"2024-04-30T13:10:38","date_gmt":"2024-04-30T12:10:38","guid":{"rendered":"https:\/\/ingelbeen.kneet.be\/product\/mobil-shc-pegasus-30\/"},"modified":"2024-06-26T16:14:16","modified_gmt":"2024-06-26T15:14:16","slug":"mobil-shc-pegasus-30","status":"publish","type":"product","link":"https:\/\/webshop.ingelbeen.be\/fr\/produit\/mobil-shc-pegasus-30\/","title":{"rendered":"Mobil SHC Pegasus 30"},"content":{"rendered":"","protected":false},"excerpt":{"rendered":"<p>Mobil SHC Pegasus\u2122 est une nouvelle cat\u00e9gorie d&rsquo;huile moteur \u00e0 gaz naturel de technologie avanc\u00e9e, con\u00e7ue pour fournir aux moteurs \u00e0 gaz quatre temps \u00e0 haute puissance et faibles \u00e9missions d&rsquo;aujourd&rsquo;hui le plus haut niveau de protection avec les avantages potentiels suppl\u00e9mentaires de la r\u00e9duction de la consommation de carburant.<\/p>\n","protected":false},"featured_media":10108,"template":"","meta":{"_acf_changed":false,"inline_featured_image":false},"product_brand":[],"product_cat":[215],"product_tag":[],"class_list":{"0":"post-9334","1":"product","2":"type-product","3":"status-publish","4":"has-post-thumbnail","6":"product_cat-huiles-pour-moteurs-a-gaz","8":"first","9":"instock","10":"taxable","11":"shipping-taxable","12":"purchasable","13":"product-type-simple"},"acf":[],"_links":{"self":[{"href":"https:\/\/webshop.ingelbeen.be\/fr\/wp-json\/wp\/v2\/product\/9334","targetHints":{"allow":["GET"]}}],"collection":[{"href":"https:\/\/webshop.ingelbeen.be\/fr\/wp-json\/wp\/v2\/product"}],"about":[{"href":"https:\/\/webshop.ingelbeen.be\/fr\/wp-json\/wp\/v2\/types\/product"}],"wp:featuredmedia":[{"embeddable":true,"href":"https:\/\/webshop.ingelbeen.be\/fr\/wp-json\/wp\/v2\/media\/10108"}],"wp:attachment":[{"href":"https:\/\/webshop.ingelbeen.be\/fr\/wp-json\/wp\/v2\/media?parent=9334"}],"wp:term":[{"taxonomy":"product_brand","embeddable":true,"href":"https:\/\/webshop.ingelbeen.be\/fr\/wp-json\/wp\/v2\/product_brand?post=9334"},{"taxonomy":"product_cat","embeddable":true,"href":"https:\/\/webshop.ingelbeen.be\/fr\/wp-json\/wp\/v2\/product_cat?post=9334"},{"taxonomy":"product_tag","embeddable":true,"href":"https:\/\/webshop.ingelbeen.be\/fr\/wp-json\/wp\/v2\/product_tag?post=9334"}],"curies":[{"name":"wp","href":"https:\/\/api.w.org\/{rel}","templated":true}]}}