{"id":9336,"date":"2024-04-30T13:10:38","date_gmt":"2024-04-30T12:10:38","guid":{"rendered":"https:\/\/ingelbeen.kneet.be\/product\/mobil-shc-pegasus-40\/"},"modified":"2024-06-26T16:14:16","modified_gmt":"2024-06-26T15:14:16","slug":"mobil-shc-pegasus-40","status":"publish","type":"product","link":"https:\/\/webshop.ingelbeen.be\/fr\/produit\/mobil-shc-pegasus-40\/","title":{"rendered":"Mobil SHC Pegasus 40"},"content":{"rendered":"<div class=\"compensation des d\u00e9tails du produit\">\n<div class=\"description de l'attribut du produit\">\n<div class=\"description de la valeur\">\n<p> Mobil SHC Pegasus\u2122 40 est une nouvelle cat\u00e9gorie d&rsquo;huile pour moteur \u00e0 gaz naturel de technologie avanc\u00e9e con\u00e7ue pour fournir aux moteurs \u00e0 gaz \u00e0 quatre temps \u00e0 haut rendement et \u00e0 faibles \u00e9missions d&rsquo;aujourd&rsquo;hui les plus hauts niveaux de protection. Mobil SHC Pegasus 40 utilise une combinaison brevet\u00e9e d&rsquo;huiles de base de haute qualit\u00e9 et d&rsquo;une technologie d&rsquo;additifs avanc\u00e9e pour offrir une stabilit\u00e9 \u00e0 l&rsquo;oxydation, une r\u00e9sistance \u00e0 la nitration et une stabilit\u00e9 thermique exceptionnelles. Sa formulation a \u00e9t\u00e9 soigneusement \u00e9quilibr\u00e9e pour offrir des caract\u00e9ristiques anti-usure exceptionnelles et contr\u00f4ler la formation de d\u00e9p\u00f4ts de carbone et de vernis.<\/p><\/div><\/div><\/div>\n<h2>Fonctionnalit\u00e9 et avantages potentiels<\/h2>\n<ul>\n<li>Des caract\u00e9ristiques anti-usure exceptionnelles aident \u00e0 prot\u00e9ger les composants de commande de soupapes, les pistons, les chemises, les roulements et les trains d&rsquo;engrenages fortement charg\u00e9s<\/li>\n<li>Un excellent syst\u00e8me d\u00e9tergent-dispersant contr\u00f4le la formation de d\u00e9p\u00f4ts de carbone et de vernis pour minimiser la consommation d&rsquo;huile et maintenir la propret\u00e9 du moteur m\u00eame pendant des intervalles de vidange prolong\u00e9s<\/li>\n<li>Une stabilit\u00e9 exceptionnelle \u00e0 l&rsquo;oxydation, une r\u00e9sistance \u00e0 la nitration et une stabilit\u00e9 thermique offrent la possibilit\u00e9 de prolonger les intervalles de vidange de quatre \u00e0 huit fois par rapport aux huiles pour moteurs \u00e0 gaz classiques<\/li>\n<li>Une faible volatilit\u00e9 r\u00e9duit la consommation de p\u00e9trole et la formation de d\u00e9p\u00f4ts<\/li>\n<\/ul>\n<h2>Applications<\/h2>\n<ul>\n<li>Moteurs quatre temps turbocompress\u00e9s, atmosph\u00e9riques, \u00e0 r\u00e9gime moyen \u00e0 \u00e9lev\u00e9, n\u00e9cessitant une huile \u00e0 faible teneur en cendres<\/li>\n<li>Moteurs \u00e0 quatre temps st\u0153chiom\u00e9triques et \u00e0 m\u00e9lange pauvre fonctionnant dans des conditions de charge \u00e9lev\u00e9e et de temp\u00e9rature \u00e9lev\u00e9e<\/li>\n<li>Moteurs \u00e0 gaz \u00e0 quatre temps \u00e0 grande vitesse utilis\u00e9s dans les applications de cog\u00e9n\u00e9ration<\/li>\n<li>Moteurs aliment\u00e9s au gaz naturel \u00e9quip\u00e9s de pots catalytiques<\/li>\n<li>Moteurs \u00e0 gaz fonctionnant avec du carburant contenant de faibles niveaux de H<sup><sub>2<\/sub><\/sup>S<\/li>\n<\/ul>\n<h2>Sp\u00e9cifications et homologations<\/h2>\n<h3>Ce produit a les approbations de constructeur suivantes<\/h3>\n<ul>\n<li>MTU Onsite Energy, moteurs s\u00e9rie 400 au gaz naturel et au gaz propane<\/li>\n<li>XMAN M 3271-2<\/li>\n<\/ul>\n","protected":false},"excerpt":{"rendered":"<p>Mobil SHC Pegasus\u2122 40 est une nouvelle cat\u00e9gorie d&rsquo;huile pour moteurs \u00e0 gaz naturel de technologie avanc\u00e9e, d\u00e9velopp\u00e9e pour fournir aux moteurs \u00e0 gaz naturel quatre temps \u00e0 faible \u00e9mission et haute puissance d&rsquo;aujourd&rsquo;hui la meilleure protection.<\/p>\n","protected":false},"featured_media":10108,"template":"","meta":{"_acf_changed":false,"inline_featured_image":false},"product_brand":[],"product_cat":[215],"product_tag":[],"class_list":{"0":"post-9336","1":"product","2":"type-product","3":"status-publish","4":"has-post-thumbnail","6":"product_cat-huiles-pour-moteurs-a-gaz","8":"first","9":"instock","10":"taxable","11":"shipping-taxable","12":"purchasable","13":"product-type-simple"},"acf":[],"_links":{"self":[{"href":"https:\/\/webshop.ingelbeen.be\/fr\/wp-json\/wp\/v2\/product\/9336","targetHints":{"allow":["GET"]}}],"collection":[{"href":"https:\/\/webshop.ingelbeen.be\/fr\/wp-json\/wp\/v2\/product"}],"about":[{"href":"https:\/\/webshop.ingelbeen.be\/fr\/wp-json\/wp\/v2\/types\/product"}],"wp:featuredmedia":[{"embeddable":true,"href":"https:\/\/webshop.ingelbeen.be\/fr\/wp-json\/wp\/v2\/media\/10108"}],"wp:attachment":[{"href":"https:\/\/webshop.ingelbeen.be\/fr\/wp-json\/wp\/v2\/media?parent=9336"}],"wp:term":[{"taxonomy":"product_brand","embeddable":true,"href":"https:\/\/webshop.ingelbeen.be\/fr\/wp-json\/wp\/v2\/product_brand?post=9336"},{"taxonomy":"product_cat","embeddable":true,"href":"https:\/\/webshop.ingelbeen.be\/fr\/wp-json\/wp\/v2\/product_cat?post=9336"},{"taxonomy":"product_tag","embeddable":true,"href":"https:\/\/webshop.ingelbeen.be\/fr\/wp-json\/wp\/v2\/product_tag?post=9336"}],"curies":[{"name":"wp","href":"https:\/\/api.w.org\/{rel}","templated":true}]}}