{"id":9362,"date":"2024-04-30T13:10:37","date_gmt":"2024-04-30T12:10:37","guid":{"rendered":"https:\/\/ingelbeen.kneet.be\/product\/mobil-shc-cibus-68-2\/"},"modified":"2024-06-26T16:14:13","modified_gmt":"2024-06-26T15:14:13","slug":"mobil-shc-cibus-68-2","status":"publish","type":"product","link":"https:\/\/webshop.ingelbeen.be\/fr\/produit\/mobil-shc-cibus-68-2\/","title":{"rendered":"Mobil SHC Cibus 68"},"content":{"rendered":"<div class=\"compensation des d\u00e9tails du produit\">\n<div class=\"description de l'attribut du produit\">\n<div class=\"description de la valeur\">\n<p> Les lubrifiants Mobil SHC Cibus\u2122 Series sont des huiles hydrauliques, pour compresseurs, engrenages et roulements aux performances exceptionnelles, con\u00e7ues pour offrir une protection exceptionnelle des \u00e9quipements, une longue dur\u00e9e de vie de l&rsquo;huile et un fonctionnement sans probl\u00e8me dans les industries de transformation et d&#8217;emballage des aliments et des boissons. Ils sont formul\u00e9s \u00e0 partir de fluides et d&rsquo;additifs \u00e0 base d&rsquo;hydrocarbures enregistr\u00e9s par la FDA et la NSF. La combinaison de l&rsquo;indice de viscosit\u00e9 naturellement \u00e9lev\u00e9 et du syst\u00e8me d&rsquo;additifs exclusif permet aux lubrifiants de la s\u00e9rie Mobil SHC Cibus de fournir des performances exceptionnelles dans une large gamme d&rsquo;applications de service \u00e0 des temp\u00e9ratures \u00e9lev\u00e9es et basses, des charges \u00e9lev\u00e9es et dans des zones de lavage \u00e9lev\u00e9 bien au-del\u00e0 de la capacit\u00e9s des huiles min\u00e9rales typiques.<\/p>\n<p> Les lubrifiants Mobil SHC Cibus sont des lubrifiants enregistr\u00e9s NSF H1 et sont \u00e9galement conformes au titre 21 CFR 178.3570 de la Food and Drug Administration (USA) pour les lubrifiants avec contact alimentaire accidentel. De plus, les lubrifiants Mobil SHC Cibus sont fabriqu\u00e9s dans des installations certifi\u00e9es ISO 22000 qui r\u00e9pondent \u00e9galement aux exigences de la norme ISO 21469, ce qui contribue \u00e0 garantir le maintien des niveaux les plus \u00e9lev\u00e9s d&rsquo;int\u00e9grit\u00e9 du produit. Ils conviennent \u00e9galement \u00e0 la pr\u00e9paration d&rsquo;aliments casher et halal pour des applications multiconfessionnelles et offrent aux ing\u00e9nieurs de transformation une flexibilit\u00e9 maximale pendant les op\u00e9rations. Les produits sont de couleur p\u00e2le avec une faible odeur et sont formul\u00e9s pour \u00eatre exempts de mati\u00e8res d&rsquo;origine animale et d&rsquo;allerg\u00e8nes provenant des noix, du bl\u00e9 ou du gluten.<\/p>\n<p> Les produits Mobil SHC Cibus Series ont de faibles coefficients de traction, d\u00e9riv\u00e9s de la structure mol\u00e9culaire des huiles de base utilis\u00e9es. Il en r\u00e9sulte un faible frottement fluide dans la zone de charge des surfaces non conformes. Une faible friction des fluides produit des temp\u00e9ratures de fonctionnement plus basses et une efficacit\u00e9 am\u00e9lior\u00e9e de l&rsquo;\u00e9quipement, ce qui se traduit potentiellement par une consommation d&rsquo;\u00e9nergie r\u00e9duite. Les produits soigneusement con\u00e7us contribuent \u00e9galement \u00e0 prolonger la dur\u00e9e de vie des composants des machines et permettent une conception d&rsquo;\u00e9quipement plus \u00e9conomique. De plus, le syst\u00e8me d&rsquo;additifs utilis\u00e9 dans ces huiles a \u00e9t\u00e9 s\u00e9lectionn\u00e9 pour offrir une bonne protection contre l&rsquo;usure, une excellente stabilit\u00e9 \u00e0 l&rsquo;oxydation, une protection contre la rouille et la corrosion m\u00eame dans des environnements humides et assurer une bonne propret\u00e9 du syst\u00e8me. Les huiles Mobil SHC Cibus Series sont \u00e9galement compatibles avec les joints et autres mat\u00e9riaux de construction utilis\u00e9s dans les \u00e9quipements normalement lubrifi\u00e9s avec des huiles min\u00e9rales.<\/p>\n<p> Les huiles Mobil SHC Cibus Series peuvent \u00eatre utilis\u00e9es comme huiles hydrauliques, pour engrenages, roulements et circulation dans toutes les zones de l&rsquo;usine de transformation alimentaire et peuvent \u00eatre incluses dans le cadre d&rsquo;un plan HACCP. Les produits r\u00e9pondent aux exigences de performance les plus rigoureuses d&rsquo;une gamme de fabricants de composants en utilisant diverses conceptions multim\u00e9tallurgiques qui permettent \u00e0 une seule s\u00e9rie de produits de lubrifier efficacement. Parce qu&rsquo;ils offrent des avantages en termes de productivit\u00e9 et d&rsquo;enregistrement NSF H1, les produits Mobil SHC Cibus peuvent \u00eatre utilis\u00e9s \u00e0 la fois au-dessus et en dessous de la ligne de traitement pour r\u00e9duire les co\u00fbts d&rsquo;inventaire et r\u00e9duire les risques de distribution de lubrifiants non enregistr\u00e9s H1 dans des zones \u00e0 haut risque de contamination.<\/p>\n<p> Gr\u00e2ce \u00e0 leurs propri\u00e9t\u00e9s de traction exceptionnelles, les lubrifiants Mobil SHC Cibus Series ont d\u00e9montr\u00e9 leur potentiel \u00e0 g\u00e9n\u00e9rer des \u00e9conomies d&rsquo;\u00e9nergie significatives \u2014 3,6 % dans les applications d&rsquo;engrenages* et 3,5 % dans les applications hydrauliques** \u2014 par rapport aux huiles conventionnelles lors de tests sur le terrain et en laboratoire statistiquement valid\u00e9s.<\/p>\n<p> *L&rsquo;efficacit\u00e9 \u00e9nerg\u00e9tique concerne uniquement les performances du fluide par rapport aux huiles de r\u00e9f\u00e9rence (min\u00e9rales) conventionnelles du m\u00eame grade de viscosit\u00e9 dans les applications de circulation et d&rsquo;engrenages. La technologie utilis\u00e9e permet un rendement jusqu&rsquo;\u00e0 3,6% par rapport \u00e0 la r\u00e9f\u00e9rence lorsqu&rsquo;elle est test\u00e9e dans une bo\u00eete de vitesses \u00e0 vis sans fin dans des conditions contr\u00f4l\u00e9es. Les am\u00e9liorations d\u2019efficacit\u00e9 varieront en fonction des conditions de fonctionnement et des applications.<\/p>\n<p> **L&rsquo;efficacit\u00e9 \u00e9nerg\u00e9tique concerne uniquement les performances du fluide par rapport au Mobil DTE\u2122 25. La technologie utilis\u00e9e offre jusqu&rsquo;\u00e0 3,5 % d&rsquo;efficacit\u00e9 par rapport \u00e0 la r\u00e9f\u00e9rence lorsqu&rsquo;elle est test\u00e9e dans une pompe \u00e0 palettes Eaton 25VMQ dans des conditions contr\u00f4l\u00e9es. Les am\u00e9liorations d\u2019efficacit\u00e9 varieront en fonction des conditions de fonctionnement et des applications.<\/p><\/div><\/div><\/div>\n<h2>Fonctionnalit\u00e9 et avantages potentiels<\/h2>\n<p> La marque de lubrifiants Mobil SHC est reconnue et appr\u00e9ci\u00e9e dans le monde entier pour son innovation et ses performances exceptionnelles. Ces produits de conception mol\u00e9culaire \u00e0 base de mat\u00e9riaux synth\u00e9tiques symbolisent l&rsquo;engagement continu \u00e0 utiliser une technologie de pointe pour fournir des produits lubrifiants exceptionnels. Parmi les avantages, le potentiel d\u2019am\u00e9lioration de l\u2019efficacit\u00e9 par rapport aux huiles min\u00e9rales n\u2019est pas le moindre des avantages.<\/p>\n<p> Les huiles Mobil SHC Cibus Series offrent les caract\u00e9ristiques et avantages potentiels suivants.<\/p>\n<table class=\"table table-ray\u00e9e\">\n <t\u00eate><\/p>\n<tr>\n<th>Fonctionnalit\u00e9s<\/th>\n<th>Avantages et b\u00e9n\u00e9fices potentiels<\/th>\n<\/tr>\n<p> <\/t\u00eate><br \/>\n <corps><\/p>\n<tr>\n<td>Lubrifiants enregistr\u00e9s NSF H1<\/td>\n<td>Permet une utilisation dans les applications d&#8217;emballage et de transformation d&rsquo;aliments et de boissons<\/td>\n<\/tr>\n<tr>\n<td>Fabriqu\u00e9 dans des installations certifi\u00e9es ISO 22000 et enregistr\u00e9es ISO 21469<\/td>\n<td>Assurance de l&rsquo;int\u00e9grit\u00e9 du produit gr\u00e2ce \u00e0 une v\u00e9rification ind\u00e9pendante.<\/td>\n<\/tr>\n<tr>\n<td>Indice de viscosit\u00e9 \u00e9lev\u00e9<\/td>\n<td>Maintient la viscosit\u00e9 et l&rsquo;\u00e9paisseur du film \u00e0 haute temp\u00e9rature pour aider \u00e0 prot\u00e9ger l&rsquo;\u00e9quipement. Performances exceptionnelles \u00e0 basse temp\u00e9rature, y compris une faible consommation d&rsquo;\u00e9nergie au d\u00e9marrage<\/td>\n<\/tr>\n<tr>\n<td>Capacit\u00e9 de charge \u00e9lev\u00e9e<\/td>\n<td>Aide \u00e0 prot\u00e9ger l&rsquo;\u00e9quipement et \u00e0 prolonger sa dur\u00e9e de vie, minimise les temps d&rsquo;arr\u00eat inattendus et prolonge les p\u00e9riodes de service<\/td>\n<\/tr>\n<tr>\n<td>Bonne compatibilit\u00e9 des joints<\/td>\n<td>Aide \u00e0 r\u00e9duire les fuites d&rsquo;huile potentielles<\/td>\n<\/tr>\n<tr>\n<td>Excellente stabilit\u00e9 \u00e0 l&rsquo;oxydation<\/td>\n<td>Fournit une huile longue dur\u00e9e et contribue \u00e0 prolonger la dur\u00e9e de vie de l&rsquo;\u00e9quipement<\/td>\n<\/tr>\n<tr>\n<td>Excellente s\u00e9paration de l&rsquo;eau et bonne protection contre la corrosion<\/td>\n<td>Aide \u00e0 pr\u00e9venir la corrosion des syst\u00e8mes internes, m\u00eame en pr\u00e9sence de grandes quantit\u00e9s d&rsquo;eau. Maintient les performances de lubrification m\u00eame apr\u00e8s des lavages \u00e0 haute pression<\/td>\n<\/tr>\n<tr>\n<td>R\u00e9pond \u00e0 un large \u00e9ventail d&rsquo;exigences en mati\u00e8re d&rsquo;\u00e9quipement<\/td>\n<td>Applications multiservices\u00a0:\u00a0un produit peut en remplacer plusieurs, permet de minimiser les besoins en stocks et de r\u00e9duire les risques d&rsquo;utilisation inappropri\u00e9e du produit<\/td>\n<\/tr>\n<\/tbody>\n<\/table>\n<h2>Applications<\/h2>\n<p> <strong>Recommandations de manipulation et de stockage<\/strong><\/p>\n<p> Il est recommand\u00e9 que les lubrifiants Mobil SHC Cibus soient stock\u00e9s \u00e0 l&rsquo;int\u00e9rieur et s\u00e9par\u00e9s des autres lubrifiants non NSF H1. Id\u00e9alement, ils devraient \u00eatre stock\u00e9s dans une zone int\u00e9rieure clairement sign\u00e9e, s\u00e9par\u00e9e et d\u00e9sign\u00e9e. Les f\u00fbts et les seaux ne doivent pas \u00eatre empil\u00e9s au-dessous ou au-dessus d\u2019autres lubrifiants non NSF H1. Le nouvel emballage doit \u00eatre exempt de dommages et avoir un sceau intact. Enregistrez la date de livraison, le num\u00e9ro de lot et la date de p\u00e9remption. Enregistrez la date de rupture initiale du sceau et utilisez le contenu \u00e0 temps gr\u00e2ce \u00e0 une rotation des stocks appropri\u00e9e. Fermez toutes les ouvertures de l&#8217;emballage apr\u00e8s utilisation. Ne remplacez pas l&rsquo;huile inutilis\u00e9e dans le r\u00e9cipient. Utilisez un \u00e9quipement d\u00e9di\u00e9 clairement \u00e9tiquet\u00e9 pour le transport interne. \u00c9tiquetez les machines avec le nom du lubrifiant NSF H1 correct, le cas \u00e9ch\u00e9ant.<\/p>\n<p> <strong>Changement de lubrifiant<\/strong><\/p>\n<p> Bien que la s\u00e9rie Mobil SHC Cibus puisse \u00eatre physiquement compatible avec d&rsquo;autres produits \u00e0 base d&rsquo;huile min\u00e9rale enregistr\u00e9s NSF H1 ou non NSF H1, un m\u00e9lange peut nuire \u00e0 leurs performances et \u00e9galement \u00e0 leur statut d&rsquo;enregistrement. Par cons\u00e9quent, il est recommand\u00e9 qu&rsquo;avant de remplacer les syst\u00e8mes par des lubrifiants non H1 par la s\u00e9rie Mobil SHC Cibus, ou m\u00eame pour des \u00e9quipements neufs, le syst\u00e8me soit soigneusement nettoy\u00e9 et rinc\u00e9 pour obtenir des performances maximales et se conformer \u00e0 l&rsquo;enregistrement H1.<\/p>\n<p> <strong>Applications<\/strong><\/p>\n<p> Les lubrifiants Mobil SHC Cibus Series sont recommand\u00e9s pour une utilisation dans une grande vari\u00e9t\u00e9 d&rsquo;applications hydrauliques, de compresseurs, d&rsquo;engrenages et de roulements dans les secteurs de la transformation des aliments et des boissons, de l&#8217;emballage et des produits pharmaceutiques. Les produits sont efficaces dans de nombreuses applications, y compris celles o\u00f9 les co\u00fbts de maintenance li\u00e9s au remplacement des composants, au nettoyage du syst\u00e8me et aux changements de lubrifiant sont \u00e9lev\u00e9s.<\/p>\n<ul>\n<li>Mobil SHC Cibus 32, 46 et 68 sont des fluides hautes performances destin\u00e9s aux applications hydrauliques, de circulation, de compresseurs et de pompes \u00e0 vide<\/li>\n<li>Les Mobil SHC Cibus 100, 150, 220, 320 et 460 sont destin\u00e9s aux syst\u00e8mes d&rsquo;engrenages, de roulements et de circulation<\/li>\n<\/ul>\n<p> Un programme d&rsquo;analyse des huiles us\u00e9es appropri\u00e9, tel que Mobil Serv Lubricant Analysis d&rsquo;ExxonMobil, peut aider \u00e0 surveiller la concentration de m\u00e9taux d&rsquo;usure et fournir des informations sur les actions appropri\u00e9es.<\/p>\n<p> Contact alimentaire accidentel uniquement selon FDA 21CFR 178.3570<\/p>\n<p> Les lubrifiants de la s\u00e9rie Mobil SHC Cibus sont enregistr\u00e9s selon les exigences NSF H1 pour le contact alimentaire accidentel uniquement, ce qui signifie une limitation de 10 ppm d&rsquo;huile dans le produit alimentaire selon FDA 21CFR 178.3570. Ils ne doivent pas \u00eatre utilis\u00e9s comme lubrifiants pour contact direct avec les aliments.<\/p>\n<h2>Sp\u00e9cifications et homologations<\/h2>\n<h3>Satisfait ou d\u00e9passe les exigences de<\/h3>\n<ul>\n<li>CONSEIL DE CERTIFICATION HALAL Halal<\/li>\n<li>Casher et amp; Parv\u00e9<\/li>\n<li>NSF H1<\/li>\n<li>DIN 51506:2013-12 VDL<\/li>\n<li>DIN 51524-2:2006-09<\/li>\n<li>FDA 21 CFR 178.3570<\/li>\n<\/ul>\n","protected":false},"excerpt":{"rendered":"<p>La s\u00e9rie de lubrifiants SHC Cibus\u2122 comprend des huiles hydrauliques, de compresseur, d&rsquo;engrenage et de roulement pour des performances sup\u00e9rieures et est d\u00e9velopp\u00e9e pour offrir une protection exceptionnelle des mat\u00e9riaux, une longue dur\u00e9e de vie de l&rsquo;huile et un fonctionnement sans probl\u00e8me dans les industries alimentaires, des boissons et de l&#8217;emballage.<\/p>\n","protected":false},"featured_media":10132,"template":"","meta":{"_acf_changed":false,"inline_featured_image":false},"product_brand":[],"product_cat":[213,219,216,224],"product_tag":[],"class_list":{"0":"post-9362","1":"product","2":"type-product","3":"status-publish","4":"has-post-thumbnail","6":"product_cat-huile-pour-compresseurs","7":"product_cat-huiles-hydrauliques","8":"product_cat-huiles-pour-engrenages","9":"product_cat-lubrifiants-pour-lindustrie-alimentaire","11":"first","12":"instock","13":"taxable","14":"shipping-taxable","15":"purchasable","16":"product-type-simple"},"acf":[],"_links":{"self":[{"href":"https:\/\/webshop.ingelbeen.be\/fr\/wp-json\/wp\/v2\/product\/9362","targetHints":{"allow":["GET"]}}],"collection":[{"href":"https:\/\/webshop.ingelbeen.be\/fr\/wp-json\/wp\/v2\/product"}],"about":[{"href":"https:\/\/webshop.ingelbeen.be\/fr\/wp-json\/wp\/v2\/types\/product"}],"wp:featuredmedia":[{"embeddable":true,"href":"https:\/\/webshop.ingelbeen.be\/fr\/wp-json\/wp\/v2\/media\/10132"}],"wp:attachment":[{"href":"https:\/\/webshop.ingelbeen.be\/fr\/wp-json\/wp\/v2\/media?parent=9362"}],"wp:term":[{"taxonomy":"product_brand","embeddable":true,"href":"https:\/\/webshop.ingelbeen.be\/fr\/wp-json\/wp\/v2\/product_brand?post=9362"},{"taxonomy":"product_cat","embeddable":true,"href":"https:\/\/webshop.ingelbeen.be\/fr\/wp-json\/wp\/v2\/product_cat?post=9362"},{"taxonomy":"product_tag","embeddable":true,"href":"https:\/\/webshop.ingelbeen.be\/fr\/wp-json\/wp\/v2\/product_tag?post=9362"}],"curies":[{"name":"wp","href":"https:\/\/api.w.org\/{rel}","templated":true}]}}