{"id":9364,"date":"2024-04-30T13:10:37","date_gmt":"2024-04-30T12:10:37","guid":{"rendered":"https:\/\/ingelbeen.kneet.be\/product\/mobil-shc-gargoyle-80-poe\/"},"modified":"2024-06-26T16:14:13","modified_gmt":"2024-06-26T15:14:13","slug":"mobil-shc-gargoyle-80-poe","status":"publish","type":"product","link":"https:\/\/webshop.ingelbeen.be\/fr\/produit\/mobil-shc-gargoyle-80-poe\/","title":{"rendered":"Mobil SHC Gargoyle 80 POE"},"content":{"rendered":"<div class=\"compensation des d\u00e9tails du produit\">\n<div class=\"description de l'attribut du produit\">\n<div class=\"description de la valeur\">\n<p> Mobil SHC\u2122 Gargoyle 80 POE est une huile de r\u00e9frig\u00e9ration haute performance con\u00e7ue sp\u00e9cifiquement pour la lubrification des compresseurs de r\u00e9frig\u00e9ration utilisant un r\u00e9frig\u00e9rant au dioxyde de carbone (CO<sub>2<\/sub>, R-744) pour les applications miscibles. Il est formul\u00e9 \u00e0 l&rsquo;aide d&rsquo;une technologie innovante de polyol ester (POE) pour offrir un pouvoir lubrifiant, une protection contre l&rsquo;usure et une stabilit\u00e9 chimique et thermique exceptionnels.<\/p>\n<p> Sa miscibilit\u00e9 avec le r\u00e9frig\u00e9rant CO<sub>2<\/sub>\u00a0et ses relations viscosit\u00e9\/temp\u00e9rature\/pression bien d\u00e9finies garantissent une \u00e9paisseur de film appropri\u00e9e m\u00eame aux pressions et temp\u00e9ratures de fonctionnement \u00e9lev\u00e9es observ\u00e9es dans les compresseurs \u00e0 piston utilisant cette technologie r\u00e9frig\u00e9rante.<\/p>\n<p> Gr\u00e2ce \u00e0 son indice de viscosit\u00e9 naturellement \u00e9lev\u00e9, stable au cisaillement et \u00e0 sa fluidit\u00e9 \u00e0 basse temp\u00e9rature, il peut offrir des avantages suppl\u00e9mentaires en termes de performances dans des conditions de service s\u00e9v\u00e8res, notamment une r\u00e9duction des fuites dans l&rsquo;arbre et un potentiel d&rsquo;am\u00e9lioration de l&rsquo;efficacit\u00e9 de l&rsquo;\u00e9vaporateur.<\/p><\/div><\/div><\/div>\n<h2>Fonctionnalit\u00e9 et avantages potentiels<\/h2>\n<ul>\n<li>L&rsquo;\u00e9paisseur \u00e9lev\u00e9e du film d&rsquo;huile en pr\u00e9sence de r\u00e9frig\u00e9rant permet de maintenir une excellente \u00e9tanch\u00e9it\u00e9 de l&rsquo;arbre, r\u00e9duisant ainsi la fatigue des roulements et les temps d&rsquo;arr\u00eat impr\u00e9vus.<\/li>\n<li>Une miscibilit\u00e9 appropri\u00e9e et des relations VPT avec le dioxyde de carbone contribuent \u00e0 r\u00e9duire la temp\u00e9rature de l&rsquo;huile de fonctionnement du carter, ce qui se traduit par une viscosit\u00e9 en service plus \u00e9lev\u00e9e et donc un film d&rsquo;huile plus \u00e9pais pour un meilleur pouvoir lubrifiant et une meilleure protection contre l&rsquo;usure.<\/li>\n<li>Une excellente protection contre l&rsquo;usure contribue \u00e0 prolonger la dur\u00e9e de vie du compresseur.<\/li>\n<li>Un indice de viscosit\u00e9 \u00e9lev\u00e9 et une excellente fluidit\u00e9 \u00e0 basse temp\u00e9rature contribuent \u00e0 am\u00e9liorer l&rsquo;efficacit\u00e9 de l&rsquo;\u00e9vaporateur.<\/li>\n<li>Un faible coefficient de traction offre la possibilit\u00e9 d&rsquo;am\u00e9liorer l&rsquo;efficacit\u00e9 du syst\u00e8me et de r\u00e9duire la consommation d&rsquo;\u00e9nergie.<\/li>\n<\/ul>\n<h2>Applications<\/h2>\n<p> Consid\u00e9rations d&rsquo;application\u00a0: Mobil SHC Gargoyle 80 POE est hygroscopique et des pr\u00e9cautions doivent \u00eatre prises pour \u00e9viter l&rsquo;absorption d&rsquo;humidit\u00e9 pendant la manipulation. Les emballages doivent \u00eatre bien ferm\u00e9s lorsqu\u2019ils ne sont pas utilis\u00e9s et les petits emballages sont pr\u00e9f\u00e9r\u00e9s. Le produit ne doit pas \u00eatre transf\u00e9r\u00e9 dans des contenants en plastique susceptibles de permettre la p\u00e9n\u00e9tration de l&rsquo;humidit\u00e9.<\/p>\n<p> Mobil SHC Gargoyle 80 POE est recommand\u00e9 pour les syst\u00e8mes de r\u00e9frig\u00e9ration o\u00f9 un r\u00e9frig\u00e9rant au dioxyde de carbone est utilis\u00e9. Ceci comprend:<\/p>\n<ul>\n<li>Grands compresseurs frigorifiques industriels \u00e0 pistons utilis\u00e9s dans l&rsquo;industrie alimentaire pour la pr\u00e9paration et la cong\u00e9lation des aliments<\/li>\n<li>Applications industrielles telles que les installations de cong\u00e9lation et d&rsquo;entreposage frigorifique des aliments<\/li>\n<li>Applications de r\u00e9frig\u00e9ration marine<\/li>\n<\/ul>\n","protected":false},"excerpt":{"rendered":"<p>Mobil SHC\u2122 Gargoyle 80 POE est une huile pour r\u00e9frig\u00e9rants haute performance sp\u00e9cialement con\u00e7ue pour la lubrification des compresseurs frigorifiques utilisant le dioxyde de carbone (CO<sub>2<\/sub>, R-744) comme fluide frigorig\u00e8ne pour les applications miscibles.<\/p>\n","protected":false},"featured_media":10108,"template":"","meta":{"_acf_changed":false,"inline_featured_image":false},"product_brand":[],"product_cat":[223],"product_tag":[],"class_list":{"0":"post-9364","1":"product","2":"type-product","3":"status-publish","4":"has-post-thumbnail","6":"product_cat-huiles-de-refrigeration","8":"first","9":"instock","10":"taxable","11":"shipping-taxable","12":"purchasable","13":"product-type-simple"},"acf":[],"_links":{"self":[{"href":"https:\/\/webshop.ingelbeen.be\/fr\/wp-json\/wp\/v2\/product\/9364","targetHints":{"allow":["GET"]}}],"collection":[{"href":"https:\/\/webshop.ingelbeen.be\/fr\/wp-json\/wp\/v2\/product"}],"about":[{"href":"https:\/\/webshop.ingelbeen.be\/fr\/wp-json\/wp\/v2\/types\/product"}],"wp:featuredmedia":[{"embeddable":true,"href":"https:\/\/webshop.ingelbeen.be\/fr\/wp-json\/wp\/v2\/media\/10108"}],"wp:attachment":[{"href":"https:\/\/webshop.ingelbeen.be\/fr\/wp-json\/wp\/v2\/media?parent=9364"}],"wp:term":[{"taxonomy":"product_brand","embeddable":true,"href":"https:\/\/webshop.ingelbeen.be\/fr\/wp-json\/wp\/v2\/product_brand?post=9364"},{"taxonomy":"product_cat","embeddable":true,"href":"https:\/\/webshop.ingelbeen.be\/fr\/wp-json\/wp\/v2\/product_cat?post=9364"},{"taxonomy":"product_tag","embeddable":true,"href":"https:\/\/webshop.ingelbeen.be\/fr\/wp-json\/wp\/v2\/product_tag?post=9364"}],"curies":[{"name":"wp","href":"https:\/\/api.w.org\/{rel}","templated":true}]}}