{"id":9386,"date":"2024-04-30T13:10:36","date_gmt":"2024-04-30T12:10:36","guid":{"rendered":"https:\/\/ingelbeen.kneet.be\/product\/mobil-shc-824\/"},"modified":"2024-06-26T16:14:10","modified_gmt":"2024-06-26T15:14:10","slug":"mobil-shc-824","status":"publish","type":"product","link":"https:\/\/webshop.ingelbeen.be\/fr\/produit\/mobil-shc-824\/","title":{"rendered":"Mobil SHC 824"},"content":{"rendered":"<div class=\"compensation des d\u00e9tails du produit\">\n<div class=\"description de l'attribut du produit\">\n<div class=\"description de la valeur\">\n<p> Les huiles pour turbines Mobil SHC\u2122 s\u00e9rie 800 sont con\u00e7ues sp\u00e9cifiquement pour r\u00e9pondre aux besoins des applications de turbines \u00e0 gaz industrielles les plus s\u00e9v\u00e8res avec une dur\u00e9e de vie TOST nominale de 10\u00a0000 heures. Ils sont recommand\u00e9s pour la lubrification des turbines \u00e0 gaz terrestres, en particulier des unit\u00e9s de moins de 3\u00a0000 ch utilis\u00e9es comme unit\u00e9s de puissance de secours, et dans certains types de syst\u00e8mes \u00e0 \u00e9nergie totale et \u00e0 cycle combin\u00e9 (gaz\/vapeur). Cette famille de produits est formul\u00e9e avec des hydrocarbures de synth\u00e8se et un syst\u00e8me d&rsquo;additifs unique. Cette formule offre une fluidit\u00e9 exceptionnelle \u00e0 basse temp\u00e9rature et une r\u00e9sistance exceptionnelle \u00e0 la d\u00e9gradation \u00e0 haute temp\u00e9rature. Les lubrifiants Mobil SHC s\u00e9rie 800 offrent \u00e9galement d&rsquo;excellentes propri\u00e9t\u00e9s anti-usure ainsi qu&rsquo;une protection contre la rouille et la corrosion, ainsi qu&rsquo;une bonne performance de d\u00e9gagement d&rsquo;air et une r\u00e9sistance au moussage.<\/p>\n<p> Ces caract\u00e9ristiques contribuent \u00e0 fournir une r\u00e9sistance sup\u00e9rieure \u00e0 la d\u00e9gradation thermique\/oxydative pendant la p\u00e9riode de trempage thermique apr\u00e8s l&rsquo;arr\u00eat et permettent une circulation rapide de l&rsquo;huile \u00e0 basse temp\u00e9rature pendant le d\u00e9marrage. La r\u00e9sistance \u00e0 la d\u00e9gradation est un attribut cl\u00e9 pour \u00e9viter les d\u00e9p\u00f4ts nocifs qui peuvent interf\u00e9rer avec l&rsquo;alimentation en lubrification des roulements ou encrasser les servovalves critiques. Il s\u2019agit d\u2019un probl\u00e8me particulier lorsque les turbines \u00e0 gaz fonctionnent en mode cyclique et subissent plusieurs cycles de contraintes thermiques. \u00c9tant donn\u00e9 que la fluidit\u00e9 \u00e0 basse temp\u00e9rature et l&rsquo;indice de viscosit\u00e9 \u00e9lev\u00e9 sont des caract\u00e9ristiques inh\u00e9rentes aux fluides, ils r\u00e9sistent aux changements de service dus au cisaillement m\u00e9canique ou aux cycles r\u00e9p\u00e9t\u00e9s de basses \u00e0 hautes temp\u00e9ratures. Les huiles Mobil SHC s\u00e9rie 800 sont enti\u00e8rement compatibles avec les huiles min\u00e9rales, mais les m\u00e9langes nuisent \u00e0 leurs propri\u00e9t\u00e9s de performance sup\u00e9rieures.<\/p><\/div><\/div><\/div>\n<h2>Fonctionnalit\u00e9 et avantages potentiels<\/h2>\n<p> La marque de lubrifiants Mobil SHC est reconnue et appr\u00e9ci\u00e9e dans le monde entier pour son innovation et ses performances exceptionnelles. Ces produits synth\u00e9tiques Mobil SHC, mis au point par nos chercheurs scientifiques, symbolisent l&rsquo;engagement continu \u00e0 utiliser une technologie de pointe pour fournir des produits exceptionnels. Les produits de la marque Mobil sont \u00e9galement le choix des exploitants de turbines du monde entier depuis leur premi\u00e8re commercialisation il y a plus de cent ans. Au cours de cette p\u00e9riode, nos experts techniques sont rest\u00e9s en contact \u00e9troit avec les \u00e9quipementiers pour garantir que nos offres de produits offriraient des performances exceptionnelles dans les conceptions d&rsquo;\u00e9quipements de turbine en constante \u00e9volution.\u00a0La familiarit\u00e9 avec l&rsquo;\u00e9volution des conceptions et des conditions op\u00e9rationnelles est un \u00e9l\u00e9ment cl\u00e9 pour l&rsquo;application de la meilleure technologie de lubrifiant dans le d\u00e9veloppement de produits qui fourniront les performances exig\u00e9es par les utilisateurs.<\/p>\n<p> Au fil des ann\u00e9es, une tendance g\u00e9n\u00e9rale a \u00e9t\u00e9 celle de conceptions \u00e0 puissance de sortie plus \u00e9lev\u00e9e, ce qui peut entra\u00eener une contrainte thermique plus importante du lubrifiant. Cette exposition thermique est exacerb\u00e9e par le fonctionnement cyclique utilis\u00e9 par les exploitants de turbines \u00e0 gaz pour g\u00e9rer l&rsquo;\u00e9quilibre offre\/demande de production d&rsquo;\u00e9lectricit\u00e9, ce qui entra\u00eene une absorption de chaleur \u00e0 chaque s\u00e9quence d&rsquo;arr\u00eat. La r\u00e9sistance \u00e0 la d\u00e9gradation thermique est donc une propri\u00e9t\u00e9 cl\u00e9 requise d\u2019un lubrifiant \u00e0 base d\u2019huile pour turbine \u00e0 gaz moderne.<\/p>\n<p> Pour lutter contre l&rsquo;exposition thermique \u00e9lev\u00e9e de l&rsquo;huile, nos scientifiques en formulation de produits ont choisi des huiles de base synth\u00e9tiques exclusives pour les huiles Mobil SHC s\u00e9rie 800 en raison de leurs capacit\u00e9s exceptionnelles de r\u00e9sistance thermique\/oxydative. Nos formulateurs ont choisi des additifs sp\u00e9cifiques qui maximiseraient les avantages des huiles de base synth\u00e9tiques pour offrir une dur\u00e9e de vie exceptionnelle de l&rsquo;huile, un contr\u00f4le des d\u00e9p\u00f4ts et une r\u00e9sistance \u00e0 la d\u00e9gradation thermique et chimique, ainsi qu&rsquo;un \u00e9quilibre des caract\u00e9ristiques de performance. L&rsquo;huile de base synth\u00e9tique offre \u00e9galement des caract\u00e9ristiques de fluidit\u00e9 \u00e0 basse temp\u00e9rature exceptionnelles, in\u00e9gal\u00e9es par les huiles min\u00e9rales pour turbines et constitue un avantage cl\u00e9 pour les applications \u00e9loign\u00e9es et \u00e0 basse temp\u00e9rature ambiante. Parmi les nombreux avantages et fonctionnalit\u00e9s du Mobil SHC 800 figurent\u00a0:<\/p>\n<table class=\"table table-ray\u00e9e\">\n <t\u00eate><\/p>\n<tr>\n<th>Fonctionnalit\u00e9s<\/th>\n<th>Avantages et b\u00e9n\u00e9fices potentiels<\/th>\n<\/tr>\n<p> <\/t\u00eate><br \/>\n <corps><\/p>\n<tr>\n<td>Stabilit\u00e9 thermique\/oxydative et contr\u00f4le des d\u00e9p\u00f4ts exceptionnels<\/td>\n<td>Niveau \u00e9lev\u00e9 de r\u00e9sistance \u00e0 l&rsquo;absorption de chaleur apr\u00e8s l&rsquo;arr\u00eat de la turbine, moins d&rsquo;accumulation de d\u00e9p\u00f4ts et fiabilit\u00e9 am\u00e9lior\u00e9e, co\u00fbts de maintenance r\u00e9duits, longue dur\u00e9e de vie de la charge d&rsquo;huile et co\u00fbts de produit r\u00e9duits<\/td>\n<\/tr>\n<tr>\n<td>Excellente fluidit\u00e9 \u00e0 basse temp\u00e9rature<\/td>\n<td>D\u00e9bit et lubrification fiables lors des d\u00e9marrages \u00e0 froid, m\u00eame \u00e0 tr\u00e8s basses temp\u00e9ratures<\/td>\n<\/tr>\n<tr>\n<td>Indice de viscosit\u00e9 naturellement \u00e9lev\u00e9<\/td>\n<td>Protection am\u00e9lior\u00e9e des \u00e9quipements \u00e0 haute temp\u00e9rature<\/td>\n<\/tr>\n<tr>\n<td>Tr\u00e8s bonne r\u00e9sistance au moussage et bon d\u00e9gagement d&rsquo;air<\/td>\n<td>Fonctionnement efficace du syst\u00e8me et moins d&rsquo;arr\u00eats impr\u00e9vus<\/td>\n<\/tr>\n<tr>\n<td>Excellentes performances anti-usure<\/td>\n<td>Excellente protection des \u00e9quipements et co\u00fbts de remplacement des \u00e9quipements r\u00e9duits<\/td>\n<\/tr>\n<\/tbody>\n<\/table>\n<h2>Applications<\/h2>\n<p> Les huiles pour turbines Mobil SHC s\u00e9rie 800 sont con\u00e7ues sp\u00e9cifiquement pour r\u00e9pondre aux besoins des applications de turbines \u00e0 gaz industrielles et des \u00e9quipements auxiliaires les plus exigeants. Les applications sp\u00e9cifiques incluent\u00a0:<\/p>\n<ul>\n<li>Applications s\u00e9v\u00e8res de turbines \u00e0 gaz stationnaires, en particulier les unit\u00e9s de moins de 3\u00a0000\u00a0ch, pour la production d&rsquo;\u00e9lectricit\u00e9 de secours<\/li>\n<li>Turbines \u00e0 gaz industrielles fonctionnant dans des zones \u00e0 faible temp\u00e9rature ambiante et isol\u00e9es<\/li>\n<li>Syst\u00e8mes \u00e9nerg\u00e9tiques totaux<\/li>\n<\/ul>\n<h2>Sp\u00e9cifications et homologations<\/h2>\n<h3>Satisfait ou d\u00e9passe les exigences de<\/h3>\n<ul>\n<li>Solaire ES 9-224 Classe 1<\/li>\n<li>GE GEK 32568J<\/li>\n<\/ul>\n<h3>Ce produit r\u00e9pond aux exigences selon Exxonmobil<\/h3>\n<ul>\n<li>GE GEK 101941A<\/li>\n<li>GE GEK 28143B<\/li>\n<\/ul>\n<h3>Ce produit a les approbations de constructeur suivantes<\/h3>\n<ul>\n<li>Siemens TLV 9013 04<\/li>\n<li>MHI MS04-MA-CL003<\/li>\n<\/ul>\n","protected":false},"excerpt":{"rendered":"<p>La gamme de turbines Mobil SHC\u2122 800 a \u00e9t\u00e9 sp\u00e9cialement d\u00e9velopp\u00e9e pour r\u00e9pondre aux exigences des applications de turbines \u00e0 gaz industrielles les plus s\u00e9v\u00e8res, avec un TOST nominal de 10 000 heures.<\/p>\n","protected":false},"featured_media":0,"template":"","meta":{"_acf_changed":false,"inline_featured_image":false},"product_brand":[],"product_cat":[221],"product_tag":[],"class_list":{"0":"post-9386","1":"product","2":"type-product","3":"status-publish","5":"product_cat-huiles-pour-turbines-et-huiles-de-circulation","7":"first","8":"instock","9":"taxable","10":"shipping-taxable","11":"purchasable","12":"product-type-simple"},"acf":[],"_links":{"self":[{"href":"https:\/\/webshop.ingelbeen.be\/fr\/wp-json\/wp\/v2\/product\/9386","targetHints":{"allow":["GET"]}}],"collection":[{"href":"https:\/\/webshop.ingelbeen.be\/fr\/wp-json\/wp\/v2\/product"}],"about":[{"href":"https:\/\/webshop.ingelbeen.be\/fr\/wp-json\/wp\/v2\/types\/product"}],"wp:attachment":[{"href":"https:\/\/webshop.ingelbeen.be\/fr\/wp-json\/wp\/v2\/media?parent=9386"}],"wp:term":[{"taxonomy":"product_brand","embeddable":true,"href":"https:\/\/webshop.ingelbeen.be\/fr\/wp-json\/wp\/v2\/product_brand?post=9386"},{"taxonomy":"product_cat","embeddable":true,"href":"https:\/\/webshop.ingelbeen.be\/fr\/wp-json\/wp\/v2\/product_cat?post=9386"},{"taxonomy":"product_tag","embeddable":true,"href":"https:\/\/webshop.ingelbeen.be\/fr\/wp-json\/wp\/v2\/product_tag?post=9386"}],"curies":[{"name":"wp","href":"https:\/\/api.w.org\/{rel}","templated":true}]}}