{"id":9390,"date":"2024-04-30T13:10:36","date_gmt":"2024-04-30T12:10:36","guid":{"rendered":"https:\/\/ingelbeen.kneet.be\/product\/mobil-shc-aware-gear-150\/"},"modified":"2024-06-26T16:14:10","modified_gmt":"2024-06-26T15:14:10","slug":"mobil-shc-aware-gear-150","status":"publish","type":"product","link":"https:\/\/webshop.ingelbeen.be\/fr\/produit\/mobil-shc-aware-gear-150\/","title":{"rendered":"Mobil SHC Aware Gear 150"},"content":{"rendered":"<div class=\"compensation des d\u00e9tails du produit\">\n<div class=\"description de l'attribut du produit\">\n<div class=\"description de la valeur\">\n<p> Mobil SHC Aware\u2122 Gear Series est une gamme d&rsquo;huiles pour engrenages anti-usure hautes performances destin\u00e9es \u00e0 \u00eatre utilis\u00e9es dans les applications marines et r\u00e9pondent aux directives 2013 du Vessel General Permit (VGP) de l&rsquo;Environmental Protection Agency (EPA) des \u00c9tats-Unis pour les \u00ab lubrifiants \u00e9cologiquement acceptables \u00bb. Ils offrent une excellente protection contre l&rsquo;usure des engrenages et des roulements et prot\u00e8gent les \u00e9quipements de la rouille et de la corrosion. Ils poss\u00e8dent \u00e9galement des propri\u00e9t\u00e9s d&rsquo;oxydation exceptionnelles, qui contribuent \u00e0 prolonger la dur\u00e9e de vie de l&rsquo;huile, et offrent une large plage de temp\u00e9ratures de fonctionnement et un excellent d\u00e9marrage \u00e0 basse temp\u00e9rature. La s\u00e9rie Mobil SHC Aware Gear pr\u00e9sente d&rsquo;excellentes propri\u00e9t\u00e9s de lib\u00e9ration d&rsquo;air par rapport aux huiles min\u00e9rales classiques pour engrenages, ce qui entra\u00eene moins d&rsquo;entra\u00eenement d&rsquo;air et une protection contre la cavitation. De plus, leur excellente compatibilit\u00e9 avec les joints permet de minimiser les fuites.<\/p><\/div><\/div><\/div>\n<h2>Fonctionnalit\u00e9 et avantages potentiels<\/h2>\n<ul>\n<li>Conforme aux exigences du permis g\u00e9n\u00e9ral de navire\u00a02013 de l&rsquo;EPA des \u00c9tats-Unis concernant les lubrifiants respectueux de l&rsquo;environnement.<\/li>\n<li>Propri\u00e9t\u00e9s exceptionnelles de r\u00e9sistance \u00e0 la charge et anti-usure qui prot\u00e8gent les composants du syst\u00e8me contre les micropiq\u00fbres et les \u00e9raflures et contribuent \u00e0 prolonger la dur\u00e9e de vie de l&rsquo;\u00e9quipement<\/li>\n<li>Un indice de viscosit\u00e9 \u00e9lev\u00e9, stable au cisaillement, permet de maintenir la protection des composants sur une large plage de temp\u00e9ratures<\/li>\n<li>Excellente r\u00e9sistance \u00e0 la d\u00e9gradation \u00e0 haute temp\u00e9rature<\/li>\n<li>Tr\u00e8s bonne d\u00e9s\u00e9mulsibilit\u00e9 et r\u00e9sistance \u00e0 la rouille et \u00e0 la corrosion<\/li>\n<\/ul>\n<h2>Applications<\/h2>\n<ul>\n<li>Applications marines d&rsquo;h\u00e9lices et de propulseurs \u00e0 pas variable<\/li>\n<li>Convient aux entra\u00eenements \u00e0 engrenages sous bo\u00eetier, y compris les conceptions \u00e0 \u00e9perons, h\u00e9lico\u00efdaux et coniques acier sur acier<\/li>\n<li>Dans les syst\u00e8mes o\u00f9 des fluides facilement biod\u00e9gradables et peu toxiques peuvent \u00eatre n\u00e9cessaires<\/li>\n<li>\u00c9quipements marins et mobiles utilis\u00e9s dans des zones \u00e9cologiquement sensibles<\/li>\n<\/ul>\n<h2>Sp\u00e9cifications et homologations<\/h2>\n<h3>Satisfait ou d\u00e9passe les exigences de<\/h3>\n<ul>\n<li>Permis g\u00e9n\u00e9ral de navire de l&rsquo;EPA des \u00c9tats-Unis\u00a02013<\/li>\n<li>AGMA 9005-E02-EP<\/li>\n<li>ISO\u00a012925-1 1996 ISO-L-CKC<\/li>\n<li>ISO\u00a012925-1 1996 ISO-L-CKD<\/li>\n<\/ul>\n<h3>Ce produit a les approbations de constructeur suivantes<\/h3>\n<ul>\n<li>Nakashima<\/li>\n<li>HHI Hyundai<\/li>\n<li>KTE Nakashima Cor\u00e9e<\/li>\n<li>KHI<\/li>\n<\/ul>\n","protected":false},"excerpt":{"rendered":"<p>La s\u00e9rie Mobil SHC Aware\u2122 Gear est une gamme d&rsquo;huiles pour engrenages haute performance et anti-usure, destin\u00e9es aux applications marines et conformes aux directives du Permis G\u00e9n\u00e9ral pour les Navires (VGP) de l&rsquo;Agence de Protection de l&rsquo;Environnement (EPA) des \u00c9tats-Unis de 2013 pour les \u00ab\u00a0lubrifiants respectueux de l&rsquo;environnement\u00a0\u00bb.<\/p>\n","protected":false},"featured_media":10108,"template":"","meta":{"_acf_changed":false,"inline_featured_image":false},"product_brand":[],"product_cat":[216,221],"product_tag":[],"class_list":{"0":"post-9390","1":"product","2":"type-product","3":"status-publish","4":"has-post-thumbnail","6":"product_cat-huiles-pour-engrenages","7":"product_cat-huiles-pour-turbines-et-huiles-de-circulation","9":"first","10":"instock","11":"taxable","12":"shipping-taxable","13":"purchasable","14":"product-type-simple"},"acf":[],"_links":{"self":[{"href":"https:\/\/webshop.ingelbeen.be\/fr\/wp-json\/wp\/v2\/product\/9390","targetHints":{"allow":["GET"]}}],"collection":[{"href":"https:\/\/webshop.ingelbeen.be\/fr\/wp-json\/wp\/v2\/product"}],"about":[{"href":"https:\/\/webshop.ingelbeen.be\/fr\/wp-json\/wp\/v2\/types\/product"}],"wp:featuredmedia":[{"embeddable":true,"href":"https:\/\/webshop.ingelbeen.be\/fr\/wp-json\/wp\/v2\/media\/10108"}],"wp:attachment":[{"href":"https:\/\/webshop.ingelbeen.be\/fr\/wp-json\/wp\/v2\/media?parent=9390"}],"wp:term":[{"taxonomy":"product_brand","embeddable":true,"href":"https:\/\/webshop.ingelbeen.be\/fr\/wp-json\/wp\/v2\/product_brand?post=9390"},{"taxonomy":"product_cat","embeddable":true,"href":"https:\/\/webshop.ingelbeen.be\/fr\/wp-json\/wp\/v2\/product_cat?post=9390"},{"taxonomy":"product_tag","embeddable":true,"href":"https:\/\/webshop.ingelbeen.be\/fr\/wp-json\/wp\/v2\/product_tag?post=9390"}],"curies":[{"name":"wp","href":"https:\/\/api.w.org\/{rel}","templated":true}]}}