{"id":9394,"date":"2024-04-30T13:10:36","date_gmt":"2024-04-30T12:10:36","guid":{"rendered":"https:\/\/ingelbeen.kneet.be\/product\/mobil-shc-aware-grease-ep-2\/"},"modified":"2024-06-26T16:14:10","modified_gmt":"2024-06-26T15:14:10","slug":"mobil-shc-aware-grease-ep-2","status":"publish","type":"product","link":"https:\/\/webshop.ingelbeen.be\/fr\/produit\/mobil-shc-aware-grease-ep-2\/","title":{"rendered":"Mobil SHC Aware Grease EP 2"},"content":{"rendered":"<div class=\"compensation des d\u00e9tails du produit\">\n<div class=\"description de l'attribut du produit\">\n<div class=\"description de la valeur\">\n<p> Mobil SHC Aware\u2122 Grease EP 2 est une graisse synth\u00e9tique haute performance con\u00e7ue sp\u00e9cifiquement pour les applications sensibles \u00e0 l&rsquo;environnement et qui r\u00e9pond aux exigences du permis g\u00e9n\u00e9ral de navire (VGP) 2013 de l&rsquo;Environmental Protection Agency (EPA) des \u00c9tats-Unis. Ce produit phare est une graisse facilement biod\u00e9gradable et pratiquement non toxique et est formul\u00e9 \u00e0 base d&rsquo;huiles de base d&rsquo;esters satur\u00e9s biod\u00e9gradables et d&rsquo;un \u00e9paississant de savon de lithium\/calcium. Il ne s&rsquo;\u00e9mulsionne pas et pr\u00e9sente une excellente r\u00e9sistance au lavage \u00e0 l&rsquo;eau et \u00e0 la corrosion par l&rsquo;eau sal\u00e9e.<\/p><\/div><\/div><\/div>\n<h2>Fonctionnalit\u00e9 et avantages potentiels<\/h2>\n<ul>\n<li>Conforme aux exigences VGP\u00a02013 de l&rsquo;EPA des \u00c9tats-Unis concernant les lubrifiants respectueux de l&rsquo;environnement.<\/li>\n<li>La biod\u00e9gradabilit\u00e9 imm\u00e9diate et la non-toxicit\u00e9 r\u00e9duisent le potentiel d&rsquo;impact sur l&rsquo;environnement et potentiellement les co\u00fbts de d\u00e9contamination et de nettoyage caus\u00e9s par des d\u00e9versements ou des fuites.<\/li>\n<li>Excellente adh\u00e9rence et r\u00e9sistance \u00e0 l&rsquo;eau, r\u00e9siste au lessivage par l&rsquo;eau, \u00e9vitant ainsi un regraissage fr\u00e9quent<\/li>\n<li>Excellente protection contre la rouille et la corrosion, excellente protection des roulements dans des conditions humides<\/li>\n<li>La temp\u00e9rature de fonctionnement recommand\u00e9e est comprise entre -25\u00b0C et +125\u00b0C<\/li>\n<\/ul>\n<h2>Applications<\/h2>\n<ul>\n<li>M\u00e8ches de gouvernail<\/li>\n<li>Interfaces \u00e0 encoche ATB<\/li>\n<li>Grues<\/li>\n<li>Treuils de pont<\/li>\n<li>Points de graissage g\u00e9n\u00e9raux<\/li>\n<\/ul>\n","protected":false},"excerpt":{"rendered":"<p>Mobil SHC Aware\u2122 Grease EP 2 est une graisse synth\u00e9tique haute performance sp\u00e9cifiquement con\u00e7ue pour les applications sensibles \u00e0 l&rsquo;environnement et conforme aux exigences du Permis G\u00e9n\u00e9ral pour les Navires (VGP) de l&rsquo;Agence de Protection de l&rsquo;Environnement (EPA) des \u00c9tats-Unis de 2013. Ce produit de pointe est facilement biod\u00e9gradable et pratiquement non toxique, formul\u00e9 \u00e0 partir d&rsquo;huiles de base esters satur\u00e9es biod\u00e9gradables et d&rsquo;un \u00e9paississant au savon de lithium\/calcium. Il ne s&rsquo;\u00e9mulsifie pas et offre une excellente r\u00e9sistance au lavage \u00e0 l&rsquo;eau et \u00e0 la corrosion par l&rsquo;eau sal\u00e9e.<\/p>\n","protected":false},"featured_media":0,"template":"","meta":{"_acf_changed":false,"inline_featured_image":false},"product_brand":[],"product_cat":[217],"product_tag":[],"class_list":{"0":"post-9394","1":"product","2":"type-product","3":"status-publish","5":"product_cat-graisses","7":"first","8":"instock","9":"taxable","10":"shipping-taxable","11":"purchasable","12":"product-type-simple"},"acf":[],"_links":{"self":[{"href":"https:\/\/webshop.ingelbeen.be\/fr\/wp-json\/wp\/v2\/product\/9394","targetHints":{"allow":["GET"]}}],"collection":[{"href":"https:\/\/webshop.ingelbeen.be\/fr\/wp-json\/wp\/v2\/product"}],"about":[{"href":"https:\/\/webshop.ingelbeen.be\/fr\/wp-json\/wp\/v2\/types\/product"}],"wp:attachment":[{"href":"https:\/\/webshop.ingelbeen.be\/fr\/wp-json\/wp\/v2\/media?parent=9394"}],"wp:term":[{"taxonomy":"product_brand","embeddable":true,"href":"https:\/\/webshop.ingelbeen.be\/fr\/wp-json\/wp\/v2\/product_brand?post=9394"},{"taxonomy":"product_cat","embeddable":true,"href":"https:\/\/webshop.ingelbeen.be\/fr\/wp-json\/wp\/v2\/product_cat?post=9394"},{"taxonomy":"product_tag","embeddable":true,"href":"https:\/\/webshop.ingelbeen.be\/fr\/wp-json\/wp\/v2\/product_tag?post=9394"}],"curies":[{"name":"wp","href":"https:\/\/api.w.org\/{rel}","templated":true}]}}