{"id":9400,"date":"2024-04-30T13:10:36","date_gmt":"2024-04-30T12:10:36","guid":{"rendered":"https:\/\/ingelbeen.kneet.be\/product\/mobil-shc-aware-h-68\/"},"modified":"2024-06-26T16:14:10","modified_gmt":"2024-06-26T15:14:10","slug":"mobil-shc-aware-h-68","status":"publish","type":"product","link":"https:\/\/webshop.ingelbeen.be\/fr\/produit\/mobil-shc-aware-h-68\/","title":{"rendered":"Mobil SHC Aware H 68"},"content":{"rendered":"<div class=\"compensation des d\u00e9tails du produit\">\n<div class=\"description de l'attribut du produit\">\n<div class=\"description de la valeur\">\n<p> Les lubrifiants Mobil SHC Aware\u2122 H Series sont des huiles hydrauliques anti-usure hautes performances pour les syst\u00e8mes hydrauliques haute pression modernes qui r\u00e9pondent aux directives 2013 du Vessel General Permit (VGP) de l&rsquo;Environmental Protection Agency (EPA) des \u00c9tats-Unis pour les \u00ab lubrifiants \u00e9cologiquement acceptables \u00bb. Elles offrent d\u2019excellentes performances sur une large plage de temp\u00e9ratures, au-del\u00e0 des capacit\u00e9s des huiles non synth\u00e9tiques acceptables pour l\u2019environnement. Les huiles Mobil SHC Aware H Series sont sp\u00e9cialement formul\u00e9es \u00e0 partir d&rsquo;huiles de base ester et offrent des caract\u00e9ristiques anti-usure et de r\u00e9sistance de film exceptionnelles n\u00e9cessaires aux syst\u00e8mes hydrauliques fonctionnant sous des charges et des pressions \u00e9lev\u00e9es.<\/p><\/div><\/div><\/div>\n<h2>Fonctionnalit\u00e9 et avantages potentiels<\/h2>\n<ul>\n<li>Conforme aux exigences du permis g\u00e9n\u00e9ral de navire\u00a02013 de l&rsquo;EPA des \u00c9tats-Unis concernant les lubrifiants respectueux de l&rsquo;environnement.<\/li>\n<li>Propri\u00e9t\u00e9s de charge et anti-usure exceptionnelles qui prot\u00e8gent les composants du syst\u00e8me contre l&rsquo;usure et les \u00e9raflures et contribuent \u00e0 prolonger la dur\u00e9e de vie de l&rsquo;\u00e9quipement<\/li>\n<li>Un indice de viscosit\u00e9 \u00e9lev\u00e9, stable au cisaillement, permet de maintenir la protection des composants sur une large plage de temp\u00e9ratures<\/li>\n<li>Excellente stabilit\u00e9 thermique\/\u00e0 l&rsquo;oxydation qui peut contribuer \u00e0 r\u00e9duire les temps d&rsquo;arr\u00eat et les co\u00fbts de maintenance en contribuant \u00e0 la propret\u00e9 du syst\u00e8me et \u00e0 la r\u00e9duction des d\u00e9p\u00f4ts, et permet une longue dur\u00e9e de vie de l&rsquo;huile et du filtre<\/li>\n<li>Une excellente d\u00e9s\u00e9mulsibilit\u00e9 garantit une \u00e9limination facile de l&rsquo;eau dans les applications situ\u00e9es sous la ligne de flottaison<\/li>\n<li>Bonne compatibilit\u00e9 avec les \u00e9lastom\u00e8res, il fonctionne bien avec les m\u00eames \u00e9lastom\u00e8res utilis\u00e9s avec les huiles hydrauliques min\u00e9rales conventionnelles<\/li>\n<\/ul>\n<h2>Applications<\/h2>\n<ul>\n<li>Syst\u00e8mes d&rsquo;h\u00e9lices marines \u00e0 pas variable (CPP), stabilisateurs d&rsquo;ailerons, \u00e9quipements de pont, syst\u00e8mes hydrauliques dans lesquels des d\u00e9versements ou des fuites pourraient avoir un impact n\u00e9gatif sur l&rsquo;environnement<\/li>\n<li>Dans les syst\u00e8mes o\u00f9 des fluides facilement biod\u00e9gradables et peu toxiques peuvent \u00eatre n\u00e9cessaires<\/li>\n<li>Syst\u00e8mes de circulation contenant des engrenages et des roulements pour lesquels des caract\u00e9ristiques de pression extr\u00eame l\u00e9g\u00e8res sont souhait\u00e9es<\/li>\n<li>Syst\u00e8mes contenant des servovalves<\/li>\n<li>Syst\u00e8mes hydrauliques fonctionnant avec des temp\u00e9ratures d&rsquo;huile comprises entre -30\u00a0\u00b0C et +100\u00a0\u00b0C<\/li>\n<li>\u00c9quipements marins et mobiles utilis\u00e9s dans des zones \u00e9cologiquement sensibles<\/li>\n<li>Syst\u00e8mes de circulation fonctionnant dans des conditions de service l\u00e9g\u00e8res \u00e0 mod\u00e9r\u00e9es<\/li>\n<li>Syst\u00e8mes hydrauliques industriels dans lesquels des fuites ou des d\u00e9versements de fluides pourraient se retrouver dans les effluents de l&rsquo;usine<\/li>\n<li>Huileurs de conduites d&rsquo;air et certains syst\u00e8mes limit\u00e9s de g\u00e9n\u00e9ration de brouillard d&rsquo;huile<\/li>\n<\/ul>\n<h2>Sp\u00e9cifications et homologations<\/h2>\n<h3>Satisfait ou d\u00e9passe les exigences de<\/h3>\n<ul>\n<li>Permis g\u00e9n\u00e9ral de navire de l&rsquo;EPA des \u00c9tats-Unis\u00a02013<\/li>\n<\/ul>\n","protected":false},"excerpt":{"rendered":"<p>Les lubrifiants de la s\u00e9rie Mobil SHC Aware\u2122 H sont des huiles hydrauliques anti-usure de haute qualit\u00e9 pour les syst\u00e8mes hydrauliques modernes \u00e0 haute pression, conformes aux directives du Permis G\u00e9n\u00e9ral pour les Navires (VGP) de l&rsquo;Agence de Protection de l&rsquo;Environnement (EPA) des \u00c9tats-Unis de 2013 pour les \u00ab\u00a0lubrifiants respectueux de l&rsquo;environnement\u00a0\u00bb. Ils offrent des performances exceptionnelles sur une large plage de temp\u00e9ratures, au-del\u00e0 des capacit\u00e9s des huiles non synth\u00e9tiques respectueuses de l&rsquo;environnement. Les huiles de la s\u00e9rie Mobil SHC Aware H sont sp\u00e9cialement formul\u00e9es \u00e0 partir d&rsquo;huiles de base ester et offrent des propri\u00e9t\u00e9s exceptionnelles anti-usure et de r\u00e9sistance au film n\u00e9cessaires pour les syst\u00e8mes hydrauliques fonctionnant sous haute charge et haute pression.<\/p>\n","protected":false},"featured_media":10108,"template":"","meta":{"_acf_changed":false,"inline_featured_image":false},"product_brand":[],"product_cat":[219],"product_tag":[],"class_list":{"0":"post-9400","1":"product","2":"type-product","3":"status-publish","4":"has-post-thumbnail","6":"product_cat-huiles-hydrauliques","8":"first","9":"instock","10":"taxable","11":"shipping-taxable","12":"purchasable","13":"product-type-simple"},"acf":[],"_links":{"self":[{"href":"https:\/\/webshop.ingelbeen.be\/fr\/wp-json\/wp\/v2\/product\/9400","targetHints":{"allow":["GET"]}}],"collection":[{"href":"https:\/\/webshop.ingelbeen.be\/fr\/wp-json\/wp\/v2\/product"}],"about":[{"href":"https:\/\/webshop.ingelbeen.be\/fr\/wp-json\/wp\/v2\/types\/product"}],"wp:featuredmedia":[{"embeddable":true,"href":"https:\/\/webshop.ingelbeen.be\/fr\/wp-json\/wp\/v2\/media\/10108"}],"wp:attachment":[{"href":"https:\/\/webshop.ingelbeen.be\/fr\/wp-json\/wp\/v2\/media?parent=9400"}],"wp:term":[{"taxonomy":"product_brand","embeddable":true,"href":"https:\/\/webshop.ingelbeen.be\/fr\/wp-json\/wp\/v2\/product_brand?post=9400"},{"taxonomy":"product_cat","embeddable":true,"href":"https:\/\/webshop.ingelbeen.be\/fr\/wp-json\/wp\/v2\/product_cat?post=9400"},{"taxonomy":"product_tag","embeddable":true,"href":"https:\/\/webshop.ingelbeen.be\/fr\/wp-json\/wp\/v2\/product_tag?post=9400"}],"curies":[{"name":"wp","href":"https:\/\/api.w.org\/{rel}","templated":true}]}}