{"id":9402,"date":"2024-04-30T13:10:36","date_gmt":"2024-04-30T12:10:36","guid":{"rendered":"https:\/\/ingelbeen.kneet.be\/product\/mobil-shc-aware-st-100\/"},"modified":"2024-06-26T16:14:11","modified_gmt":"2024-06-26T15:14:11","slug":"mobil-shc-aware-st-100","status":"publish","type":"product","link":"https:\/\/webshop.ingelbeen.be\/fr\/produit\/mobil-shc-aware-st-100\/","title":{"rendered":"Mobil SHC Aware ST 100"},"content":{"rendered":"<div class=\"compensation des d\u00e9tails du produit\">\n<div class=\"description de l'attribut du produit\">\n<div class=\"description de la valeur\">\n<p> Les lubrifiants Mobil SHC Aware\u2122 ST Series sont des huiles \u00e9mulsifiantes pour tubes d&rsquo;\u00e9tambot haute performance pour les syst\u00e8mes de tubes d&rsquo;\u00e9tambot marins qui r\u00e9pondent aux directives 2013 du Vessel General Permit (VGP) de l&rsquo;Environmental Protection Agency (EPA) des \u00c9tats-Unis pour les \u00ab lubrifiants \u00e9cologiquement acceptables \u00bb. Mobil SHC Aware ST Series s&rsquo;\u00e9mulsionne facilement avec l&rsquo;eau de mer pour former une \u00e9mulsion eau dans huile stable, adh\u00e9sive et un excellent lubrifiant. Il offre une protection efficace contre la rouille en pr\u00e9sence d&rsquo;eau de mer et le film lubrifiant r\u00e9siste au lavage \u00e0 l&rsquo;eau, de sorte que la protection contre la corrosion est maintenue pendant de longues p\u00e9riodes dans des conditions de fonctionnement s\u00e9v\u00e8res.<\/p><\/div><\/div><\/div>\n<h2>Fonctionnalit\u00e9 et avantages potentiels<\/h2>\n<ul>\n<li>Conforme aux exigences du permis g\u00e9n\u00e9ral de navire\u00a02013 de l&rsquo;EPA des \u00c9tats-Unis concernant les lubrifiants respectueux de l&rsquo;environnement.<\/li>\n<li>Peut fonctionner en toute s\u00e9curit\u00e9 avec une \u00e9mulsion contenant jusqu&rsquo;\u00e0 20\u00a0% d&rsquo;eau<\/li>\n<li>Excellente capacit\u00e9 de charge et protection contre la corrosion<\/li>\n<li>Compatible avec la plupart des huiles min\u00e9rales g\u00e9n\u00e9ralement utilis\u00e9es pour les tubes d&rsquo;\u00e9tambot<\/li>\n<li>Bonne compatibilit\u00e9 avec les \u00e9lastom\u00e8res, il fonctionne bien avec la plupart des \u00e9lastom\u00e8res utilis\u00e9s avec les huiles min\u00e9rales conventionnelles<\/li>\n<li>Mobil SHC Aware ST\u00a0220 peut assurer un contr\u00f4le efficace des fuites en cas de dommages aux joints.<\/li>\n<\/ul>\n<h2>Applications<\/h2>\n<ul>\n<li>Syst\u00e8mes de tubes d&rsquo;\u00e9tambot marins, stabilisateurs d&rsquo;ailerons et certains syst\u00e8mes d&rsquo;h\u00e9lices \u00e0 pas variable o\u00f9 les d\u00e9versements ou les fuites pourraient avoir un impact n\u00e9gatif sur l&rsquo;environnement<\/li>\n<li>Dans les syst\u00e8mes o\u00f9 des fluides facilement biod\u00e9gradables et peu toxiques peuvent \u00eatre n\u00e9cessaires<\/li>\n<li>\u00c9quipements marins et mobiles utilis\u00e9s dans des zones \u00e9cologiquement sensibles<\/li>\n<li>Syst\u00e8mes de circulation fonctionnant dans des conditions de service l\u00e9g\u00e8res \u00e0 mod\u00e9r\u00e9es<\/li>\n<\/ul>\n<h2>Sp\u00e9cifications et homologations<\/h2>\n<h3>Satisfait ou d\u00e9passe les exigences de<\/h3>\n<ul>\n<li>Permis g\u00e9n\u00e9ral de navire de l&rsquo;EPA des \u00c9tats-Unis\u00a02013<\/li>\n<\/ul>\n","protected":false},"excerpt":{"rendered":"<p>Les lubrifiants de la s\u00e9rie Mobil SHC Aware\u2122 ST sont des huiles de tube d&rsquo;\u00e9tambot \u00e9mulsifiantes haute performance pour les syst\u00e8mes de tube d&rsquo;\u00e9tambot dans la marine, conformes aux directives du Permis G\u00e9n\u00e9ral pour les Navires (VGP) de l&rsquo;Agence de Protection de l&rsquo;Environnement (EPA) des \u00c9tats-Unis de 2013 pour les \u00ab\u00a0lubrifiants respectueux de l&rsquo;environnement\u00a0\u00bb. La s\u00e9rie Mobil SHC Aware ST s&rsquo;\u00e9mulsifie facilement avec l&rsquo;eau de mer et forme une \u00e9mulsion eau-dans-huile stable qui adh\u00e8re et constitue un excellent lubrifiant. Elle offre une protection efficace contre la rouille en pr\u00e9sence d&rsquo;eau de mer et le film lubrifiant r\u00e9siste au lavage \u00e0 l&rsquo;eau, maintenant ainsi une protection contre la corrosion pendant de longues p\u00e9riodes sous des conditions de fonctionnement difficiles.<\/p>\n","protected":false},"featured_media":10108,"template":"","meta":{"_acf_changed":false,"inline_featured_image":false},"product_brand":[],"product_cat":[216],"product_tag":[],"class_list":{"0":"post-9402","1":"product","2":"type-product","3":"status-publish","4":"has-post-thumbnail","6":"product_cat-huiles-pour-engrenages","8":"first","9":"instock","10":"taxable","11":"shipping-taxable","12":"purchasable","13":"product-type-simple"},"acf":[],"_links":{"self":[{"href":"https:\/\/webshop.ingelbeen.be\/fr\/wp-json\/wp\/v2\/product\/9402","targetHints":{"allow":["GET"]}}],"collection":[{"href":"https:\/\/webshop.ingelbeen.be\/fr\/wp-json\/wp\/v2\/product"}],"about":[{"href":"https:\/\/webshop.ingelbeen.be\/fr\/wp-json\/wp\/v2\/types\/product"}],"wp:featuredmedia":[{"embeddable":true,"href":"https:\/\/webshop.ingelbeen.be\/fr\/wp-json\/wp\/v2\/media\/10108"}],"wp:attachment":[{"href":"https:\/\/webshop.ingelbeen.be\/fr\/wp-json\/wp\/v2\/media?parent=9402"}],"wp:term":[{"taxonomy":"product_brand","embeddable":true,"href":"https:\/\/webshop.ingelbeen.be\/fr\/wp-json\/wp\/v2\/product_brand?post=9402"},{"taxonomy":"product_cat","embeddable":true,"href":"https:\/\/webshop.ingelbeen.be\/fr\/wp-json\/wp\/v2\/product_cat?post=9402"},{"taxonomy":"product_tag","embeddable":true,"href":"https:\/\/webshop.ingelbeen.be\/fr\/wp-json\/wp\/v2\/product_tag?post=9402"}],"curies":[{"name":"wp","href":"https:\/\/api.w.org\/{rel}","templated":true}]}}