{"id":9408,"date":"2024-04-30T13:10:36","date_gmt":"2024-04-30T12:10:36","guid":{"rendered":"https:\/\/ingelbeen.kneet.be\/product\/mobil-shc-chain-240-2\/"},"modified":"2024-06-26T16:14:11","modified_gmt":"2024-06-26T15:14:11","slug":"mobil-shc-chain-240-2","status":"publish","type":"product","link":"https:\/\/webshop.ingelbeen.be\/fr\/produit\/mobil-shc-chain-240-2\/","title":{"rendered":"Mobil SHC Chain 240"},"content":{"rendered":"<div class=\"compensation des d\u00e9tails du produit\">\n<div class=\"description de l'attribut du produit\">\n<div class=\"description de la valeur\">\n<p> Mobil SHC Chain 240 est un lubrifiant pour cha\u00eene aux performances exceptionnelles con\u00e7u pour la lubrification des cha\u00eenes de convoyeurs \u00e0 haute temp\u00e9rature jusqu&rsquo;\u00e0 290\u00b0C \/ 555\u00b0F. Il est con\u00e7u pour offrir une excellente protection contre l\u2019usure et une r\u00e9sistance \u00e0 l\u2019\u00e9vaporation, \u00e0 la thermo-oxydation et \u00e0 la cok\u00e9faction.<\/p><\/div><\/div><\/div>\n<h2>Fonctionnalit\u00e9 et avantages potentiels<\/h2>\n<p> Mobil SHC Chain 240 aide \u00e0\u00a0:<\/p>\n<ul>\n<li>Fournit un degr\u00e9 de protection de l&rsquo;\u00e9quipement d\u00e9passant les capacit\u00e9s des lubrifiants pour cha\u00eenes classiques<\/li>\n<li>Fournissez l&rsquo;assurance suppl\u00e9mentaire d&rsquo;une protection sans probl\u00e8me des \u00e9quipements \u00e0 des temp\u00e9ratures tr\u00e8s \u00e9lev\u00e9es<\/li>\n<li>Prolongez la dur\u00e9e de vie des \u00e9quipements, r\u00e9duisez les co\u00fbts et am\u00e9liorez les performances globales du syst\u00e8me<\/li>\n<li>Emp\u00eacher l&rsquo;usure des cha\u00eenes, des pignons et d&rsquo;autres composants du syst\u00e8me<\/li>\n<li>R\u00e9duire la formation de d\u00e9p\u00f4ts, r\u00e9duisant ainsi le collage de la cha\u00eene<\/li>\n<li>Assurer une lubrification durable des cha\u00eenes \u00e0 haute temp\u00e9rature<\/li>\n<li>R\u00e9duire la consommation de lubrifiant par rapport aux lubrifiants pour cha\u00eenes classiques<\/li>\n<\/ul>\n<h2>Applications<\/h2>\n<p> Mobil SHC Chain 240 est con\u00e7u sp\u00e9cifiquement pour la lubrification des cha\u00eenes de convoyeurs de fours \u00e0 des temp\u00e9ratures allant jusqu&rsquo;\u00e0 290 \u00baC (555\u2070 F). Il convient aux applications de cha\u00eenes \u00e0 haute temp\u00e9rature dans\u00a0:<\/p>\n<ul>\n<li>Fabrication d&rsquo;isolants en fibre de verre<\/li>\n<li>Fabrication de panneaux de particules (OSB, MSB)<\/li>\n<li>Fabrication de mati\u00e8res plastiques et de textiles<\/li>\n<li>Op\u00e9rations du four \u00e0 peinture<\/li>\n<\/ul>\n","protected":false},"excerpt":{"rendered":"<p>Mobil SHC Chain 240 est une huile pour cha\u00eenes haute performance d\u00e9velopp\u00e9e pour la lubrification des cha\u00eenes de convoyeur \u00e0 des temp\u00e9ratures \u00e9lev\u00e9es allant jusqu&rsquo;\u00e0 290\u00b0C \/ 555\u00b0F. Elle est d\u00e9velopp\u00e9e pour offrir une protection exceptionnelle contre l&rsquo;usure et une r\u00e9sistance \u00e0 l&rsquo;\u00e9vaporation, \u00e0 l&rsquo;oxydation thermique et \u00e0 la formation de carbone.<\/p>\n","protected":false},"featured_media":10108,"template":"","meta":{"_acf_changed":false,"inline_featured_image":false},"product_brand":[],"product_cat":[216],"product_tag":[],"class_list":{"0":"post-9408","1":"product","2":"type-product","3":"status-publish","4":"has-post-thumbnail","6":"product_cat-huiles-pour-engrenages","8":"first","9":"instock","10":"taxable","11":"shipping-taxable","12":"purchasable","13":"product-type-simple"},"acf":[],"_links":{"self":[{"href":"https:\/\/webshop.ingelbeen.be\/fr\/wp-json\/wp\/v2\/product\/9408","targetHints":{"allow":["GET"]}}],"collection":[{"href":"https:\/\/webshop.ingelbeen.be\/fr\/wp-json\/wp\/v2\/product"}],"about":[{"href":"https:\/\/webshop.ingelbeen.be\/fr\/wp-json\/wp\/v2\/types\/product"}],"wp:featuredmedia":[{"embeddable":true,"href":"https:\/\/webshop.ingelbeen.be\/fr\/wp-json\/wp\/v2\/media\/10108"}],"wp:attachment":[{"href":"https:\/\/webshop.ingelbeen.be\/fr\/wp-json\/wp\/v2\/media?parent=9408"}],"wp:term":[{"taxonomy":"product_brand","embeddable":true,"href":"https:\/\/webshop.ingelbeen.be\/fr\/wp-json\/wp\/v2\/product_brand?post=9408"},{"taxonomy":"product_cat","embeddable":true,"href":"https:\/\/webshop.ingelbeen.be\/fr\/wp-json\/wp\/v2\/product_cat?post=9408"},{"taxonomy":"product_tag","embeddable":true,"href":"https:\/\/webshop.ingelbeen.be\/fr\/wp-json\/wp\/v2\/product_tag?post=9408"}],"curies":[{"name":"wp","href":"https:\/\/api.w.org\/{rel}","templated":true}]}}