{"id":9440,"date":"2024-04-30T13:10:35","date_gmt":"2024-04-30T12:10:35","guid":{"rendered":"https:\/\/ingelbeen.kneet.be\/product\/mobil-shc-634\/"},"modified":"2024-06-26T16:14:09","modified_gmt":"2024-06-26T15:14:09","slug":"mobil-shc-634","status":"publish","type":"product","link":"https:\/\/webshop.ingelbeen.be\/fr\/produit\/mobil-shc-634\/","title":{"rendered":"Mobil SHC 634"},"content":{"rendered":"<div class=\"compensation des d\u00e9tails du produit\">\n<div class=\"description de l'attribut du produit\">\n<div class=\"description de la valeur\">\n<p> Les lubrifiants Mobil SHC\u2122 s\u00e9rie 600 sont des huiles pour engrenages et roulements aux performances exceptionnelles, con\u00e7ues pour fournir un service exceptionnel en termes de protection de l&rsquo;\u00e9quipement, de dur\u00e9e de vie de l&rsquo;huile et de fonctionnement sans probl\u00e8me, contribuant ainsi \u00e0 accro\u00eetre la productivit\u00e9 des clients. Ces huiles scientifiquement con\u00e7ues sont formul\u00e9es \u00e0 l&rsquo;aide de la derni\u00e8re technologie Mobil SHC exclusive et en instance de brevet pour fournir des performances exceptionnelles et \u00e9quilibr\u00e9es dans les applications exigeantes \u00e0 hautes et basses temp\u00e9ratures. Les produits Mobil SHC 600 pr\u00e9sentent d&rsquo;excellentes propri\u00e9t\u00e9s \u00e0 basse temp\u00e9rature, ainsi que des performances de d\u00e9gagement d&rsquo;air am\u00e9lior\u00e9es dans les qualit\u00e9s de viscosit\u00e9 inf\u00e9rieure. Ces produits r\u00e9sistent au cisaillement m\u00e9canique, m\u00eame dans les applications d&rsquo;engrenages fortement charg\u00e9s et de roulements \u00e0 cisaillement \u00e9lev\u00e9, de sorte qu&rsquo;il n&rsquo;y a pratiquement aucune perte de viscosit\u00e9.<\/p>\n<p> Les produits Mobil SHC s\u00e9rie 600 ont de faibles coefficients de traction par rapport aux huiles min\u00e9rales qui d\u00e9rivent de la structure mol\u00e9culaire des huiles de base utilis\u00e9es. Il en r\u00e9sulte un faible frottement fluide dans la zone de charge des surfaces non conformes telles que les engrenages et les roulements. Une faible friction fluide produit des temp\u00e9ratures de fonctionnement plus basses et une efficacit\u00e9 am\u00e9lior\u00e9e des engrenages, ce qui se traduit par une consommation d&rsquo;\u00e9nergie r\u00e9duite. Les produits Mobil SHC s\u00e9rie 600 ont d\u00e9montr\u00e9 une am\u00e9lioration de l&rsquo;efficacit\u00e9 \u00e9nerg\u00e9tique allant jusqu&rsquo;\u00e0 3,6 % lors de tests contr\u00f4l\u00e9s en laboratoire(*). La formulation Mobil SHC 600 Series offre \u00e9galement une excellente r\u00e9sistance \u00e0 l&rsquo;oxydation et \u00e0 la formation de d\u00e9p\u00f4ts \u00e0 des temp\u00e9ratures \u00e9lev\u00e9es, ainsi qu&rsquo;une r\u00e9sistance exceptionnelle \u00e0 la rouille et \u00e0 la corrosion, des propri\u00e9t\u00e9s anti-usure, d\u00e9s\u00e9mulsibilit\u00e9, de contr\u00f4le de la mousse et de lib\u00e9ration d&rsquo;air, et une compatibilit\u00e9 multi-m\u00e9taux. Les huiles Mobil SHC s\u00e9rie 600 conservent une bonne compatibilit\u00e9 avec les joints et autres mat\u00e9riaux utilis\u00e9s dans les \u00e9quipements normalement lubrifi\u00e9s avec des huiles min\u00e9rales.<\/p>\n<p> Les lubrifiants Mobil SHC s\u00e9rie 600 conviennent \u00e0 une utilisation dans une large gamme d&rsquo;\u00e9quipements, non seulement pour r\u00e9soudre les probl\u00e8mes li\u00e9s aux temp\u00e9ratures \u00e9lev\u00e9es, mais \u00e9galement en raison des autres avantages qu&rsquo;ils offrent.<\/p><\/div><\/div><\/div>\n<h2>Fonctionnalit\u00e9 et avantages potentiels<\/h2>\n<p> La marque de lubrifiants Mobil SHC est reconnue et appr\u00e9ci\u00e9e dans le monde entier pour son innovation et ses performances exceptionnelles. Ces produits synth\u00e9tiques, con\u00e7us de mani\u00e8re mol\u00e9culaire et mis au point par nos chercheurs scientifiques, incarnent l&rsquo;engagement continu \u00e0 utiliser une technologie de pointe pour fournir des produits lubrifiants exceptionnels. Le d\u00e9veloppement de la s\u00e9rie Mobil SHC 600 a \u00e9t\u00e9 pr\u00e9c\u00e9d\u00e9 par des contacts \u00e9troits entre nos scientifiques et sp\u00e9cialistes des applications avec les principaux fabricants d&rsquo;\u00e9quipement d&rsquo;origine (OEM) pour garantir que les produits offrent des performances exceptionnelles dans les conceptions d&rsquo;\u00e9quipements industriels en constante \u00e9volution.<\/p>\n<p> Notre travail avec les principaux constructeurs d&rsquo;\u00e9quipements a permis de confirmer les r\u00e9sultats de nos propres tests en laboratoire et sur banc montrant les performances exceptionnelles des lubrifiants Mobil SHC s\u00e9rie 600. Parmi les avantages d\u00e9montr\u00e9s par le travail avec les \u00e9quipementiers, le potentiel d&rsquo;am\u00e9lioration de l&rsquo;efficacit\u00e9 \u00e9nerg\u00e9tique jusqu&rsquo;\u00e0 3,6 % par rapport aux huiles min\u00e9rales (*) n&rsquo;est pas le moindre des avantages. Ces avantages sont particuli\u00e8rement \u00e9vidents dans les \u00e9quipements pr\u00e9sentant un niveau \u00e9lev\u00e9 de pertes m\u00e9caniques, tels que les engrenages \u00e0 vis sans fin \u00e0 rapport \u00e9lev\u00e9.<\/p>\n<p> Pour d\u00e9velopper la derni\u00e8re technologie Mobil SHC pour les huiles Mobil SHC s\u00e9rie 600, nos scientifiques en formulation de produits ont choisi des huiles de base s\u00e9lectionn\u00e9es en raison de leur potentiel exceptionnel de r\u00e9sistance thermique\/oxydative et les ont combin\u00e9es avec un syst\u00e8me d&rsquo;additifs \u00e9quilibr\u00e9, qui compl\u00e8te les avantages inh\u00e9rents des huiles de base pour offrent une excellente dur\u00e9e de vie de l\u2019huile, un contr\u00f4le des d\u00e9p\u00f4ts et une r\u00e9sistance \u00e0 la d\u00e9gradation thermique\/oxydante et chimique. Cette approche de formulation offre des caract\u00e9ristiques de fluidit\u00e9 \u00e0 basse temp\u00e9rature d\u00e9passant celles de nombreux produits min\u00e9raux conventionnels et constitue un avantage cl\u00e9 pour les applications \u00e9loign\u00e9es \u00e0 basse temp\u00e9rature ambiante. Les huiles Mobil SHC s\u00e9rie 600 offrent les caract\u00e9ristiques et avantages potentiels suivants\u00a0:<\/p>\n<table class=\"table table-ray\u00e9e\">\n <t\u00eate><\/p>\n<tr>\n<th>Fonctionnalit\u00e9s<\/th>\n<th>Avantages et b\u00e9n\u00e9fices potentiels<\/th>\n<\/tr>\n<p> <\/t\u00eate><br \/>\n <corps><\/p>\n<tr>\n<td>Superbe r\u00e9sistance thermique\/oxydation \u00e0 haute temp\u00e9rature<\/td>\n<td>Contribue \u00e0 prolonger la capacit\u00e9 de fonctionnement de l&rsquo;\u00e9quipement \u00e0 haute temp\u00e9rature, Longue dur\u00e9e de vie de l&rsquo;huile, contribue \u00e0 r\u00e9duire les co\u00fbts de maintenance, Aide \u00e0 minimiser les d\u00e9p\u00f4ts pour permettre un fonctionnement sans probl\u00e8me et une longue dur\u00e9e de vie du filtre<\/td>\n<\/tr>\n<tr>\n<td>Indice de viscosit\u00e9 \u00e9lev\u00e9 et absence de cire<\/td>\n<td>Maintient la viscosit\u00e9 et l&rsquo;\u00e9paisseur du film \u00e0 haute temp\u00e9rature, contribue \u00e0 des performances exceptionnelles \u00e0 basse temp\u00e9rature, y compris au d\u00e9marrage<\/td>\n<\/tr>\n<tr>\n<td>Faible coefficient de traction<\/td>\n<td>Contribue \u00e0 r\u00e9duire la friction et \u00e0 augmenter l&rsquo;efficacit\u00e9 des m\u00e9canismes coulissants tels que les engrenages, avec un potentiel de r\u00e9duction de la consommation d&rsquo;\u00e9nergie et des temp\u00e9ratures de fonctionnement en r\u00e9gime permanent plus basses. Aide \u00e0 minimiser les effets du microglissement dans les roulements \u00e0 contact pour potentiellement prolonger la dur\u00e9e de vie des \u00e9l\u00e9ments roulants<\/td>\n<\/tr>\n<tr>\n<td>Capacit\u00e9 de charge \u00e9lev\u00e9e<\/td>\n<td>Aide \u00e0 prot\u00e9ger l&rsquo;\u00e9quipement et \u00e0 prolonger la dur\u00e9e de vie\u00a0; permet de minimiser les temps d&rsquo;arr\u00eat inattendus et de prolonger les p\u00e9riodes de service<\/td>\n<\/tr>\n<tr>\n<td>Combinaison d&rsquo;additifs \u00e9quilibr\u00e9e<\/td>\n<td>Offre d&rsquo;excellentes performances en termes de pr\u00e9vention de la rouille et de la corrosion, de s\u00e9parabilit\u00e9 de l&rsquo;eau, de contr\u00f4le de la mousse et de lib\u00e9ration d&rsquo;air, permettant un fonctionnement sans probl\u00e8me dans une large gamme d&rsquo;applications industrielles et des co\u00fbts d&rsquo;exploitation r\u00e9duits<\/td>\n<\/tr>\n<\/tbody>\n<\/table>\n<h2>Applications<\/h2>\n<p> Bien que la s\u00e9rie Mobil SHC 600 soit g\u00e9n\u00e9ralement compatible avec les produits \u00e0 base d&rsquo;huile min\u00e9rale, les m\u00e9langes peuvent nuire \u00e0 leurs performances. Par cons\u00e9quent, il est recommand\u00e9 qu&rsquo;avant de remplacer un syst\u00e8me par l&rsquo;un des produits Mobil SHC de la s\u00e9rie 600, il soit soigneusement nettoy\u00e9 et rinc\u00e9 pour obtenir des performances maximales.\u00a0Les huiles Mobil SHC s\u00e9rie 600 sont compatibles avec la plupart des mat\u00e9riaux d&rsquo;\u00e9tanch\u00e9it\u00e9 NBR, FKM et la plupart des autres mat\u00e9riaux d&rsquo;\u00e9tanch\u00e9it\u00e9 \u00e9lastom\u00e8res utilis\u00e9s avec les huiles min\u00e9rales. Il existe un potentiel de variations substantielles dans les \u00e9lastom\u00e8res. Pour de meilleurs r\u00e9sultats, consultez votre fournisseur d&rsquo;\u00e9quipement, le fabricant de joints ou le repr\u00e9sentant de votre entreprise locale pour v\u00e9rifier la compatibilit\u00e9.<\/p>\n<p> Les lubrifiants Mobil SHC s\u00e9rie 600 sont recommand\u00e9s pour une utilisation dans une grande vari\u00e9t\u00e9 d&rsquo;applications d&rsquo;engrenages et de roulements o\u00f9 des temp\u00e9ratures \u00e9lev\u00e9es ou basses sont rencontr\u00e9es ou lorsque les temp\u00e9ratures de fonctionnement ou les temp\u00e9ratures de l&rsquo;huile en vrac sont telles que les lubrifiants conventionnels offrent une dur\u00e9e de vie insatisfaisante, ou lorsqu&rsquo;une efficacit\u00e9 am\u00e9lior\u00e9e est souhait\u00e9e. Ils sont particuli\u00e8rement efficaces dans les applications o\u00f9 les co\u00fbts de maintenance li\u00e9s au remplacement des composants, au nettoyage du syst\u00e8me et aux changements de lubrifiant sont \u00e9lev\u00e9s. Les applications sp\u00e9cifiques n\u00e9cessitent la s\u00e9lection du grade de viscosit\u00e9 appropri\u00e9 et incluent\u00a0:<\/p>\n<ul>\n<li>\n<div>R\u00e9ducteurs remplis \u00e0 vie, en particulier les engrenages \u00e0 vis sans fin \u00e0 rapport \u00e9lev\u00e9 et \u00e0 faible rendement<\/div>\n<\/li>\n<li>\n<div>Bo\u00eetes de vitesses situ\u00e9es \u00e0 distance, o\u00f9 la vidange d&rsquo;huile est difficile<\/div>\n<\/li>\n<li>\n<div>Applications \u00e0 basse temp\u00e9rature, telles que les remont\u00e9es m\u00e9caniques o\u00f9 les vidanges d&rsquo;huile saisonni\u00e8res peuvent \u00eatre \u00e9vit\u00e9es<\/div>\n<\/li>\n<li>\n<div>Roulements \u00e0 rouleaux m\u00e9langeurs et roulements \u00e0 col roul\u00e9 soumis \u00e0 des temp\u00e9ratures \u00e9lev\u00e9es<\/div>\n<\/li>\n<li>\n<div>Calandres en plastique<\/div>\n<\/li>\n<li>\n<div>Applications de centrifugeuses s\u00e9v\u00e8res, y compris les centrifugeuses marines<\/div>\n<\/li>\n<li>\n<div>Entra\u00eenements de traction A\/C ferroviaires<\/div>\n<\/li>\n<li>\n<div>Les Mobil SHC 626, 627, 629 et 630 conviennent aux compresseurs rotatifs \u00e0 vis \u00e0 bain d&rsquo;huile comprimant le gaz naturel, la collecte de gaz de champ, le CO2 et d&rsquo;autres gaz de traitement utilis\u00e9s dans l&rsquo;industrie du gaz naturel<\/div>\n<\/li>\n<li>\n<div>Mobil SHC 629, 630, 632, 634, 636 et 639 sont approuv\u00e9s par Siemens AG pour une utilisation dans les bo\u00eetes de vitesses Flender<\/div>\n<\/li>\n<\/ul>\n<h2>Sp\u00e9cifications et homologations<\/h2>\n<h3>Satisfait ou d\u00e9passe les exigences de<\/h3>\n<ul>\n<li>AGMA 9005 E02<\/li>\n<li>ISO\u00a012925-1 CKB<\/li>\n<\/ul>\n<h3>Ce produit a les approbations de constructeur suivantes<\/h3>\n<ul>\n<li>SEW IG CLP\u00a0HC\u00a0: 32<\/li>\n<li>SEW SG CLP HC\u00a0: 32<\/li>\n<\/ul>\n","protected":false},"excerpt":{"rendered":"<p>Les lubrifiants de la s\u00e9rie Mobil SHC\u2122 600 pour roulements et engrenages sont d\u00e9velopp\u00e9s pour offrir des r\u00e9sultats exceptionnels en termes de protection des mat\u00e9riaux, de dur\u00e9e de vie de l&rsquo;huile et de fonctionnement sans probl\u00e8me, am\u00e9liorant ainsi la productivit\u00e9 pour le client.<\/p>\n","protected":false},"featured_media":10132,"template":"","meta":{"_acf_changed":false,"inline_featured_image":false},"product_brand":[],"product_cat":[216,221],"product_tag":[],"class_list":{"0":"post-9440","1":"product","2":"type-product","3":"status-publish","4":"has-post-thumbnail","6":"product_cat-huiles-pour-engrenages","7":"product_cat-huiles-pour-turbines-et-huiles-de-circulation","9":"first","10":"instock","11":"taxable","12":"shipping-taxable","13":"purchasable","14":"product-type-simple"},"acf":[],"_links":{"self":[{"href":"https:\/\/webshop.ingelbeen.be\/fr\/wp-json\/wp\/v2\/product\/9440","targetHints":{"allow":["GET"]}}],"collection":[{"href":"https:\/\/webshop.ingelbeen.be\/fr\/wp-json\/wp\/v2\/product"}],"about":[{"href":"https:\/\/webshop.ingelbeen.be\/fr\/wp-json\/wp\/v2\/types\/product"}],"wp:featuredmedia":[{"embeddable":true,"href":"https:\/\/webshop.ingelbeen.be\/fr\/wp-json\/wp\/v2\/media\/10132"}],"wp:attachment":[{"href":"https:\/\/webshop.ingelbeen.be\/fr\/wp-json\/wp\/v2\/media?parent=9440"}],"wp:term":[{"taxonomy":"product_brand","embeddable":true,"href":"https:\/\/webshop.ingelbeen.be\/fr\/wp-json\/wp\/v2\/product_brand?post=9440"},{"taxonomy":"product_cat","embeddable":true,"href":"https:\/\/webshop.ingelbeen.be\/fr\/wp-json\/wp\/v2\/product_cat?post=9440"},{"taxonomy":"product_tag","embeddable":true,"href":"https:\/\/webshop.ingelbeen.be\/fr\/wp-json\/wp\/v2\/product_tag?post=9440"}],"curies":[{"name":"wp","href":"https:\/\/api.w.org\/{rel}","templated":true}]}}