{"id":9450,"date":"2024-04-30T13:10:34","date_gmt":"2024-04-30T12:10:34","guid":{"rendered":"https:\/\/ingelbeen.kneet.be\/product\/mobil-rarus-425-2\/"},"modified":"2024-06-26T16:14:06","modified_gmt":"2024-06-26T15:14:06","slug":"mobil-rarus-425-2","status":"publish","type":"product","link":"https:\/\/webshop.ingelbeen.be\/fr\/produit\/mobil-rarus-425-2\/","title":{"rendered":"Mobil Rarus 425"},"content":{"rendered":"<div class=\"compensation des d\u00e9tails du produit\">\n<div class=\"description de l'attribut du produit\">\n<div class=\"description de la valeur\">\n<p> La s\u00e9rie Mobil Rarus\u2122 400 est une gamme de lubrifiants pour compresseurs d&rsquo;air sans cendres de haute performance, con\u00e7us pour r\u00e9pondre aux exigences strictes des principaux fabricants de compresseurs. Ils sont formul\u00e9s avec des huiles de base min\u00e9rales de haute qualit\u00e9 et un syst\u00e8me d&rsquo;additifs haute performance con\u00e7u pour fournir une protection et une fiabilit\u00e9 exceptionnelles des \u00e9quipements pour les compresseurs fonctionnant dans des conditions l\u00e9g\u00e8res \u00e0 s\u00e9v\u00e8res. Ils offrent une excellente protection contre l&rsquo;usure et la capacit\u00e9 de r\u00e9duire les co\u00fbts de maintenance en minimisant les probl\u00e8mes d&rsquo;\u00e9quipement ainsi que les d\u00e9p\u00f4ts et les transferts en aval. En raison de leurs indices FZG \u00e9lev\u00e9s, la s\u00e9rie Mobil Rarus 400 constitue des lubrifiants exceptionnels pour les syst\u00e8mes de compresseur utilisant des engrenages et des roulements, ce qui en fait un excellent choix pour les carters ainsi que pour les lubrifiants de cylindre.<\/p><\/div><\/div><\/div>\n<h2>Fonctionnalit\u00e9 et avantages potentiels<\/h2>\n<p> L&rsquo;utilisation des huiles Mobil Rarus s\u00e9rie 400 peut donner lieu \u00e0 des compresseurs plus propres et \u00e0 une r\u00e9duction des d\u00e9p\u00f4ts par rapport aux huiles min\u00e9rales conventionnelles, ce qui entra\u00eene des p\u00e9riodes de fonctionnement plus longues entre les intervalles de maintenance. Leur excellente stabilit\u00e9 \u00e0 l\u2019oxydation et thermique permet une dur\u00e9e de vie prolong\u00e9e tout en contr\u00f4lant la formation de boues et de d\u00e9p\u00f4ts. Ils poss\u00e8dent une protection anti-usure et anticorrosion exceptionnelle, ce qui am\u00e9liore la dur\u00e9e de vie et les performances des \u00e9quipements.<\/p>\n<table class=\"table table-ray\u00e9e\">\n <t\u00eate><\/p>\n<tr>\n<th>Fonctionnalit\u00e9s<\/th>\n<th>Avantages et b\u00e9n\u00e9fices potentiels<\/th>\n<\/tr>\n<p> <\/t\u00eate><br \/>\n <corps><\/p>\n<tr>\n<td>Formation \u00e0 faible teneur en cendres et en carbone<\/td>\n<td>Am\u00e9lioration des performances des vannes, r\u00e9duction des d\u00e9p\u00f4ts dans les conduites de refoulement, r\u00e9duction du risque d&rsquo;incendie et d&rsquo;explosion dans les syst\u00e8mes de refoulement, am\u00e9lioration des performances du compresseur<\/td>\n<\/tr>\n<tr>\n<td>Oxydation et stabilit\u00e9 thermique exceptionnelles<\/td>\n<td>Dur\u00e9e de vie de l&rsquo;huile plus longue<\/td>\n<\/tr>\n<tr>\n<td>Dur\u00e9e de vie am\u00e9lior\u00e9e du filtre, co\u00fbts de maintenance r\u00e9duits<\/td>\n<\/tr>\n<tr>\n<td>Haute capacit\u00e9 de charge<\/td>\n<td>Usure r\u00e9duite des bagues, cylindres, roulements et engrenages<\/td>\n<\/tr>\n<tr>\n<td>Excellente s\u00e9parabilit\u00e9 de l&rsquo;eau<\/td>\n<td>Moins de transfert vers les \u00e9quipements en aval, r\u00e9duction de la formation de boues dans les carters et les conduites de refoulement, r\u00e9duction du blocage des coalesceurs, r\u00e9duction du risque de formation d&rsquo;\u00e9mulsion<\/td>\n<\/tr>\n<tr>\n<td>Protection efficace contre la rouille et la corrosion<\/td>\n<td>Protection am\u00e9lior\u00e9e des soupapes et usure r\u00e9duite des bagues et des cylindres<\/td>\n<\/tr>\n<\/tbody>\n<\/table>\n<h2>Applications<\/h2>\n<p> Les huiles Mobil Rarus s\u00e9rie 400 sont recommand\u00e9es pour les compresseurs d&rsquo;air \u00e0 un ou plusieurs \u00e9tages. Ils sont particuli\u00e8rement efficaces pour un fonctionnement continu \u00e0 haute temp\u00e9rature. La temp\u00e9rature maximale de l&rsquo;air comprim\u00e9, selon DIN 51506, est de 220 \u00b0C. Ils conviennent aux machines de type alternatif et rotatif avec des qualit\u00e9s de viscosit\u00e9 plus faibles, principalement utilis\u00e9es dans les compresseurs rotatifs. Les huiles Rarus de la s\u00e9rie 400 sont recommand\u00e9es pour les unit\u00e9s ayant des ant\u00e9c\u00e9dents de d\u00e9gradation excessive de l&rsquo;huile, de mauvaises performances des vannes ou de formation de d\u00e9p\u00f4ts. Ils sont compatibles avec tous les m\u00e9taux utilis\u00e9s dans la construction des compresseurs et avec les \u00e9lastom\u00e8res compatibles avec l&rsquo;huile min\u00e9rale utilis\u00e9s dans les joints, les joints toriques et les joints d&rsquo;\u00e9tanch\u00e9it\u00e9.<\/p>\n<p> Les huiles Mobil Rarus s\u00e9rie 400 ne sont pas destin\u00e9es ni recommand\u00e9es pour une utilisation dans les compresseurs d&rsquo;air pour applications respiratoires.<\/p>\n<p> Les types de compresseurs suivants ont montr\u00e9 d&rsquo;excellentes performances avec les huiles Mobil Rarus s\u00e9rie 400\u00a0:<\/p>\n<ul>\n<li>Carters et cylindres de compresseur d&rsquo;air alternatif<\/li>\n<li>Compresseurs rotatifs \u00e0 vis<\/li>\n<li>Compresseurs \u00e0 palettes<\/li>\n<li>Compresseurs axiaux et centrifuges<\/li>\n<li>Syst\u00e8mes de compresseur avec engrenages et roulements critiques<\/li>\n<li>Compresseurs utilis\u00e9s dans les applications fixes et mobiles<\/li>\n<\/ul>\n<h2>Sp\u00e9cifications et homologations<\/h2>\n<h3>Satisfait ou d\u00e9passe les exigences de<\/h3>\n<ul>\n<li>DIN 51506 VD-L (1985-09)<\/li>\n<\/ul>\n","protected":false},"excerpt":{"rendered":"<p>La s\u00e9rie Mobil Rarus\u2122 400 est une gamme d&rsquo;huiles pour compresseurs sans cendre offrant des performances exceptionnelles, con\u00e7ue pour r\u00e9pondre aux exigences les plus s\u00e9v\u00e8res des principaux fabricants de compresseurs.<\/p>\n","protected":false},"featured_media":10102,"template":"","meta":{"_acf_changed":false,"inline_featured_image":false},"product_brand":[],"product_cat":[213],"product_tag":[],"class_list":{"0":"post-9450","1":"product","2":"type-product","3":"status-publish","4":"has-post-thumbnail","6":"product_cat-huile-pour-compresseurs","8":"first","9":"instock","10":"taxable","11":"shipping-taxable","12":"purchasable","13":"product-type-simple"},"acf":[],"_links":{"self":[{"href":"https:\/\/webshop.ingelbeen.be\/fr\/wp-json\/wp\/v2\/product\/9450","targetHints":{"allow":["GET"]}}],"collection":[{"href":"https:\/\/webshop.ingelbeen.be\/fr\/wp-json\/wp\/v2\/product"}],"about":[{"href":"https:\/\/webshop.ingelbeen.be\/fr\/wp-json\/wp\/v2\/types\/product"}],"wp:featuredmedia":[{"embeddable":true,"href":"https:\/\/webshop.ingelbeen.be\/fr\/wp-json\/wp\/v2\/media\/10102"}],"wp:attachment":[{"href":"https:\/\/webshop.ingelbeen.be\/fr\/wp-json\/wp\/v2\/media?parent=9450"}],"wp:term":[{"taxonomy":"product_brand","embeddable":true,"href":"https:\/\/webshop.ingelbeen.be\/fr\/wp-json\/wp\/v2\/product_brand?post=9450"},{"taxonomy":"product_cat","embeddable":true,"href":"https:\/\/webshop.ingelbeen.be\/fr\/wp-json\/wp\/v2\/product_cat?post=9450"},{"taxonomy":"product_tag","embeddable":true,"href":"https:\/\/webshop.ingelbeen.be\/fr\/wp-json\/wp\/v2\/product_tag?post=9450"}],"curies":[{"name":"wp","href":"https:\/\/api.w.org\/{rel}","templated":true}]}}