{"id":9466,"date":"2024-04-30T13:10:34","date_gmt":"2024-04-30T12:10:34","guid":{"rendered":"https:\/\/ingelbeen.kneet.be\/product\/mobil-rarus-827-2\/"},"modified":"2024-06-26T16:14:07","modified_gmt":"2024-06-26T15:14:07","slug":"mobil-rarus-827-2","status":"publish","type":"product","link":"https:\/\/webshop.ingelbeen.be\/fr\/produit\/mobil-rarus-827-2\/","title":{"rendered":"Mobil Rarus 827"},"content":{"rendered":"<div class=\"compensation des d\u00e9tails du produit\">\n<div class=\"description de l'attribut du produit\">\n<div class=\"description de la valeur\">\n<p> La s\u00e9rie Mobil Rarus\u2122 800 est une gamme de lubrifiants pour compresseurs d&rsquo;air aux performances supr\u00eames, principalement destin\u00e9s \u00e0 la lubrification des compresseurs d&rsquo;air alternatifs \u00e0 usage intensif, mais non recommand\u00e9s pour les compresseurs d&rsquo;air utilis\u00e9s dans les applications d&rsquo;air respirable. Ils sont con\u00e7us pour satisfaire ou d\u00e9passer les exigences strictes des principaux fabricants de compresseurs. Ils sont formul\u00e9s avec des huiles de base synth\u00e9tiques sp\u00e9cifiques \u00e0 la conception et un syst\u00e8me d&rsquo;additifs de haute technologie qui assurent une protection et une fiabilit\u00e9 exceptionnelles de l&rsquo;\u00e9quipement pour les compresseurs fonctionnant dans des conditions o\u00f9 les produits \u00e0 base d&rsquo;huile min\u00e9rale ne r\u00e9pondent pas aux attentes. La s\u00e9rie Mobil Rarus 800 offre une excellente protection contre l&rsquo;usure et une r\u00e9sistance exceptionnelle \u00e0 l&rsquo;oxydation et \u00e0 la d\u00e9gradation thermique, largement sup\u00e9rieure aux huiles min\u00e9rales. Leur formulation unique permet de contribuer \u00e0 r\u00e9duire les co\u00fbts de maintenance en minimisant les probl\u00e8mes d&rsquo;\u00e9quipement ainsi que les d\u00e9p\u00f4ts et les transferts en aval.<\/p>\n<p> Les lubrifiants Mobil Rarus s\u00e9rie 800 r\u00e9duisent consid\u00e9rablement le risque d&rsquo;incendie et d&rsquo;explosion par rapport aux produits \u00e0 base d&rsquo;huile min\u00e9rale. Ils pr\u00e9sentent une quasi-absence de formation de d\u00e9p\u00f4ts et des temp\u00e9ratures d\u2019inflammation autog\u00e8ne plus \u00e9lev\u00e9es am\u00e9liorant \u00e0 la fois les performances et la s\u00e9curit\u00e9. Leurs caract\u00e9ristiques exceptionnelles de s\u00e9paration de l\u2019eau r\u00e9duisent les probl\u00e8mes de formation d\u2019\u00e9mulsion et de transfert dans les canalisations et \u00e9quipements en aval. Ils sont recommand\u00e9s ou approuv\u00e9s par la plupart des principaux fabricants de compresseurs.<\/p><\/div><\/div><\/div>\n<h2>Fonctionnalit\u00e9 et avantages potentiels<\/h2>\n<p> L&rsquo;utilisation des huiles Mobil Rarus s\u00e9rie 800 peut donner lieu \u00e0 des compresseurs plus propres et \u00e0 une r\u00e9duction des d\u00e9p\u00f4ts par rapport aux huiles min\u00e9rales conventionnelles, ce qui entra\u00eene des p\u00e9riodes de fonctionnement plus longues entre les intervalles de maintenance. Leur excellente stabilit\u00e9 \u00e0 l\u2019oxydation et thermique permet une dur\u00e9e de vie prolong\u00e9e tout en contr\u00f4lant la formation de boues et de d\u00e9p\u00f4ts. Ils poss\u00e8dent une protection anti-usure et anticorrosion exceptionnelle, ce qui am\u00e9liore la dur\u00e9e de vie et les performances des \u00e9quipements.<\/p>\n<table class=\"table table-ray\u00e9e\">\n <t\u00eate><\/p>\n<tr>\n<th>Fonctionnalit\u00e9s<\/th>\n<th>Avantages et b\u00e9n\u00e9fices potentiels<\/th>\n<\/tr>\n<p> <\/t\u00eate><br \/>\n <corps><\/p>\n<tr>\n<td>Stocks de base synth\u00e9tiques hautes performances<\/td>\n<td>Capacit\u00e9s de performance significatives par rapport aux huiles min\u00e9rales, s\u00e9curit\u00e9 am\u00e9lior\u00e9e<\/td>\n<\/tr>\n<tr>\n<td>Formation \u00e0 faible teneur en cendres et en carbone<\/td>\n<td>Am\u00e9lioration des performances des vannes, r\u00e9duction des d\u00e9p\u00f4ts dans les conduites de refoulement, r\u00e9duction du potentiel d&rsquo;incendie et d&rsquo;explosion dans les syst\u00e8mes de refoulement, am\u00e9lioration des performances du compresseur<\/td>\n<\/tr>\n<tr>\n<td>Oxydation et stabilit\u00e9 thermique exceptionnelles<\/td>\n<td>Dur\u00e9e de vie de l&rsquo;huile plus longue, dur\u00e9e de vie du filtre am\u00e9lior\u00e9e, co\u00fbts de maintenance r\u00e9duits<\/td>\n<\/tr>\n<tr>\n<td>Haute capacit\u00e9 de charge<\/td>\n<td>Usure r\u00e9duite des bagues, cylindres, roulements et engrenages<\/td>\n<\/tr>\n<tr>\n<td>Excellente s\u00e9parabilit\u00e9 de l&rsquo;eau<\/td>\n<td>Moins de transfert vers les \u00e9quipements en aval, r\u00e9duction de la formation de boues dans les carters et les conduites de refoulement, r\u00e9duction du blocage des coalesceurs, r\u00e9duction du risque de formation d&rsquo;\u00e9mulsion<\/td>\n<\/tr>\n<tr>\n<td>Protection efficace contre la rouille et la corrosion<\/td>\n<td>Protection am\u00e9lior\u00e9e des soupapes et usure r\u00e9duite des bagues et des cylindres<\/td>\n<\/tr>\n<\/tbody>\n<\/table>\n<h2>Applications<\/h2>\n<p> Les huiles Mobil Rarus s\u00e9rie 800 sont recommand\u00e9es pour les compresseurs d&rsquo;air \u00e0 un ou plusieurs \u00e9tages, mais ne sont pas recommand\u00e9es pour les compresseurs d&rsquo;air utilis\u00e9s dans les applications d&rsquo;air respirable. Ils sont particuli\u00e8rement efficaces pour un fonctionnement continu \u00e0 haute temp\u00e9rature avec des temp\u00e9ratures de refoulement allant jusqu&rsquo;\u00e0 200 \u00baC. Ils conviennent aux machines de type alternatif et rotatif avec des qualit\u00e9s de viscosit\u00e9 plus faibles, principalement utilis\u00e9es dans les compresseurs rotatifs. Les huiles Rarus de la s\u00e9rie 800 sont recommand\u00e9es pour les unit\u00e9s ayant des ant\u00e9c\u00e9dents de d\u00e9gradation excessive de l&rsquo;huile, de mauvaises performances des vannes ou de formation de d\u00e9p\u00f4ts. Ils sont compatibles avec tous les m\u00e9taux utilis\u00e9s dans la construction des compresseurs et avec les lubrifiants \u00e0 base d&rsquo;huile min\u00e9rale, mais les m\u00e9langes nuisent \u00e0 leurs capacit\u00e9s de performance. Les huiles Mobil Rarus s\u00e9rie 800 sont compatibles avec les joints fabriqu\u00e9s \u00e0 partir d&rsquo;hydrocarbures fluor\u00e9s, de silicone, de fluorosilicone, de polysulfure, de Viton, de T\u00e9flon et de mat\u00e9riaux Buna N NBR \u00e0 haute teneur en nitrile (au-dessus de 36 % d&rsquo;acrylonitrile). Les mat\u00e9riaux non recommand\u00e9s comprennent le Bune N NBR \u00e0 faible teneur en nitrile (moins de 30 % d&rsquo;acrylonitrile), les caoutchoucs naturels et butyle, le n\u00e9opr\u00e8ne, le polyacrylate, le styr\u00e8ne\/butadi\u00e8ne et le poly\u00e9thyl\u00e8ne chlorosulfon\u00e9.<\/p>\n<p> Les peintures r\u00e9sistantes \u00e0 l&rsquo;huile ne sont pas affect\u00e9es par Mobil Rarus s\u00e9rie 800, mais les laques, vernis, PVC et acryliques ne sont pas recommand\u00e9es.<\/p>\n<p> Les types d&rsquo;applications de compresseurs suivants ont montr\u00e9 d&rsquo;excellentes performances avec les huiles Mobil Rarus s\u00e9rie 800\u00a0:<\/p>\n<ul>\n<li>\n<div>Tous les types de compresseurs d&rsquo;air mais sp\u00e9cifiquement recommand\u00e9s pour les compresseurs d&rsquo;air alternatifs<\/div>\n<\/li>\n<li>\n<div>Unit\u00e9s fonctionnant dans des conditions s\u00e9v\u00e8res<\/div>\n<\/li>\n<li>\n<div>Unit\u00e9s \u00e0 plusieurs \u00e9tages ayant des ant\u00e9c\u00e9dents de d\u00e9gradation excessive de l&rsquo;huile provenant de produits \u00e0 base d&rsquo;huile min\u00e9rale<\/div>\n<\/li>\n<li>\n<div>Ils peuvent \u00eatre utilis\u00e9s pour la lubrification des cylindres et des carters<\/div>\n<\/li>\n<li>\n<div>Syst\u00e8mes de compresseur avec engrenages et roulements critiques<\/div>\n<\/li>\n<li>\n<div>Compresseurs utilis\u00e9s dans les applications fixes et mobiles<\/div>\n<\/li>\n<\/ul>\n","protected":false},"excerpt":{"rendered":"<p>La s\u00e9rie Mobil Rarus\u2122 800 est une gamme d&rsquo;huiles pour compresseurs exceptionnellement performantes, principalement destin\u00e9es \u00e0 la lubrification des compresseurs \u00e0 pistons lourds, mais non recommand\u00e9es pour une utilisation dans les compresseurs d&rsquo;air respirable.<\/p>\n","protected":false},"featured_media":0,"template":"","meta":{"_acf_changed":false,"inline_featured_image":false},"product_brand":[],"product_cat":[213],"product_tag":[],"class_list":{"0":"post-9466","1":"product","2":"type-product","3":"status-publish","5":"product_cat-huile-pour-compresseurs","7":"first","8":"instock","9":"taxable","10":"shipping-taxable","11":"purchasable","12":"product-type-simple"},"acf":[],"_links":{"self":[{"href":"https:\/\/webshop.ingelbeen.be\/fr\/wp-json\/wp\/v2\/product\/9466","targetHints":{"allow":["GET"]}}],"collection":[{"href":"https:\/\/webshop.ingelbeen.be\/fr\/wp-json\/wp\/v2\/product"}],"about":[{"href":"https:\/\/webshop.ingelbeen.be\/fr\/wp-json\/wp\/v2\/types\/product"}],"wp:attachment":[{"href":"https:\/\/webshop.ingelbeen.be\/fr\/wp-json\/wp\/v2\/media?parent=9466"}],"wp:term":[{"taxonomy":"product_brand","embeddable":true,"href":"https:\/\/webshop.ingelbeen.be\/fr\/wp-json\/wp\/v2\/product_brand?post=9466"},{"taxonomy":"product_cat","embeddable":true,"href":"https:\/\/webshop.ingelbeen.be\/fr\/wp-json\/wp\/v2\/product_cat?post=9466"},{"taxonomy":"product_tag","embeddable":true,"href":"https:\/\/webshop.ingelbeen.be\/fr\/wp-json\/wp\/v2\/product_tag?post=9466"}],"curies":[{"name":"wp","href":"https:\/\/api.w.org\/{rel}","templated":true}]}}