{"id":9474,"date":"2024-04-30T13:10:34","date_gmt":"2024-04-30T12:10:34","guid":{"rendered":"https:\/\/ingelbeen.kneet.be\/product\/mobil-rarus-pe-r-c-220\/"},"modified":"2024-06-26T16:14:07","modified_gmt":"2024-06-26T15:14:07","slug":"mobil-rarus-pe-r-c-220","status":"publish","type":"product","link":"https:\/\/webshop.ingelbeen.be\/fr\/produit\/mobil-rarus-pe-r-c-220\/","title":{"rendered":"Mobil Rarus PE R-C 220"},"content":{"rendered":"<div class=\"compensation des d\u00e9tails du produit\">\n<div class=\"description de l'attribut du produit\">\n<div class=\"description de la valeur\">\n<p> Mobil Rarus\u2122 PE R 220 est\u00a0une huile pour compresseur \u00e0 l&rsquo;\u00e9thyl\u00e8ne de qualit\u00e9 sup\u00e9rieure de grade de viscosit\u00e9 ISO 220.\u00a0Il s&rsquo;agit d&rsquo;un lubrifiant \u00e0 base d&rsquo;huile blanche de qualit\u00e9 alimentaire, \u00e9paissi en polym\u00e8re, utilis\u00e9 pour la lubrification des hypercompresseurs \u00e0 l&rsquo;\u00e9thyl\u00e8ne.<\/p>\n<p> Dans la production de poly\u00e9thyl\u00e8ne, des compresseurs alternatifs \u00e0 grande vitesse sont utilis\u00e9s pour comprimer l&rsquo;\u00e9thyl\u00e8ne gazeux \u00e0 des pressions \u00e9lev\u00e9es pouvant atteindre 3 000 bars. Dans ces applications, le lubrifiant du compresseur peut entrer en contact avec le poly\u00e9thyl\u00e8ne lors du processus de polym\u00e9risation. \u00a0Dans ces circonstances, l&rsquo;huile lubrifiante requise doit \u00eatre d&rsquo;une puret\u00e9 acceptable et \u00eatre connue pour ne pas modifier les propri\u00e9t\u00e9s du poly\u00e9thyl\u00e8ne.<\/p>\n<p> Mobil Rarus PE R 220 assure une bonne lubrification des cylindres du compresseur et est compatible avec le proc\u00e9d\u00e9 poly\u00e9thyl\u00e8ne. \u00a0Il peut \u00eatre utilis\u00e9 pour produire du poly\u00e9thyl\u00e8ne l\u00e0 o\u00f9 un contact alimentaire peut se produire, comme dans les emballages alimentaires. \u00a0Mobil Rarus PE R 220 offre une bonne stabilit\u00e9 thermique et chimique.<\/p><\/div><\/div><\/div>\n<h2>Fonctionnalit\u00e9 et avantages potentiels<\/h2>\n<p> Mobil Rarus PE R 220 est sp\u00e9cialement con\u00e7u pour aider \u00e0 fournir des performances de compresseur longues et sans probl\u00e8me.\u00a0Mobil Rarus PE R 220 est enregistr\u00e9 NSF H1 et r\u00e9pond aux exigences de la r\u00e9glementation FDA 21CFR 178.3570 pour les lubrifiants pr\u00e9sentant un potentiel de contact alimentaire accidentel. Mobil Rarus PE R 220 r\u00e9pond \u00e9galement aux exigences du r\u00e8glement FDA 21 CFR 177.1520 pour les auxiliaires technologiques utilis\u00e9s dans la production de polym\u00e8res ol\u00e9finiques destin\u00e9s \u00e0 \u00eatre utilis\u00e9s en contact avec des aliments.<\/p>\n<p> L&rsquo;huile pour compresseur Mobil Rarus PE R 220 offre les avantages suivants :<\/p>\n<table class=\"table table-ray\u00e9e\">\n <t\u00eate><\/p>\n<tr>\n<th>Fonctionnalit\u00e9s<\/th>\n<th>Avantages et b\u00e9n\u00e9fices potentiels<\/th>\n<\/tr>\n<p> <\/t\u00eate><br \/>\n <corps><\/p>\n<tr>\n<td>Composants \u00e0 haute neutralit\u00e9 et faible r\u00e9activit\u00e9<\/td>\n<td>Ne pas interf\u00e9rer avec les r\u00e9actions de polym\u00e9risation catalytique<\/td>\n<\/tr>\n<tr>\n<td>Composants de haute puret\u00e9<\/td>\n<td>Ne provoque aucune d\u00e9coloration ni odeur dans le polym\u00e8re final<\/td>\n<\/tr>\n<tr>\n<td>Composants approuv\u00e9s pour le contact alimentaire<\/td>\n<td>Convient \u00e0 la fabrication de polym\u00e8res pour l&#8217;emballage alimentaire<\/td>\n<\/tr>\n<tr>\n<td>Faible polarit\u00e9<\/td>\n<td>Convient \u00e0 la fabrication de polym\u00e8res pour l&rsquo;isolation \u00e9lectrique et de sacs fins (sacs plastiques)<\/td>\n<\/tr>\n<tr>\n<td>Produit de qualit\u00e9 sup\u00e9rieure<\/td>\n<td>Arr\u00eats de maintenance r\u00e9duits<\/td>\n<\/tr>\n<\/tbody>\n<\/table>\n<h2>Applications<\/h2>\n<p> Mobil Rarus PE R 220 a les applications suivantes<\/p>\n<ul>\n<li>Compresseurs d&rsquo;\u00e9thyl\u00e8ne haute pression<\/li>\n<li>Compresseurs utilis\u00e9s dans la production de poly\u00e9thyl\u00e8ne utilis\u00e9 dans les applications en contact avec les aliments<\/li>\n<\/ul>\n<h2>Sp\u00e9cifications et homologations<\/h2>\n<h3>Satisfait ou d\u00e9passe les exigences de<\/h3>\n<ul>\n<li>FDA 21 CFR 178.3570<\/li>\n<li>FDA 21 CFR 177.1520<\/li>\n<\/ul>\n","protected":false},"excerpt":{"rendered":"<p>Mobil Rarus\u2122 PE R-A, R-B, R-C et R-D 220 sont des huiles visqueuses et incolores de classe de viscosit\u00e9 ISO 220, sp\u00e9cialement con\u00e7ues pour la lubrification des compresseurs d&rsquo;\u00e9thyl\u00e8ne fortement charg\u00e9s.<\/p>\n","protected":false},"featured_media":10102,"template":"","meta":{"_acf_changed":false,"inline_featured_image":false},"product_brand":[],"product_cat":[213],"product_tag":[],"class_list":{"0":"post-9474","1":"product","2":"type-product","3":"status-publish","4":"has-post-thumbnail","6":"product_cat-huile-pour-compresseurs","8":"first","9":"instock","10":"taxable","11":"shipping-taxable","12":"purchasable","13":"product-type-simple"},"acf":[],"_links":{"self":[{"href":"https:\/\/webshop.ingelbeen.be\/fr\/wp-json\/wp\/v2\/product\/9474","targetHints":{"allow":["GET"]}}],"collection":[{"href":"https:\/\/webshop.ingelbeen.be\/fr\/wp-json\/wp\/v2\/product"}],"about":[{"href":"https:\/\/webshop.ingelbeen.be\/fr\/wp-json\/wp\/v2\/types\/product"}],"wp:featuredmedia":[{"embeddable":true,"href":"https:\/\/webshop.ingelbeen.be\/fr\/wp-json\/wp\/v2\/media\/10102"}],"wp:attachment":[{"href":"https:\/\/webshop.ingelbeen.be\/fr\/wp-json\/wp\/v2\/media?parent=9474"}],"wp:term":[{"taxonomy":"product_brand","embeddable":true,"href":"https:\/\/webshop.ingelbeen.be\/fr\/wp-json\/wp\/v2\/product_brand?post=9474"},{"taxonomy":"product_cat","embeddable":true,"href":"https:\/\/webshop.ingelbeen.be\/fr\/wp-json\/wp\/v2\/product_cat?post=9474"},{"taxonomy":"product_tag","embeddable":true,"href":"https:\/\/webshop.ingelbeen.be\/fr\/wp-json\/wp\/v2\/product_tag?post=9474"}],"curies":[{"name":"wp","href":"https:\/\/api.w.org\/{rel}","templated":true}]}}