{"id":9476,"date":"2024-04-30T13:10:34","date_gmt":"2024-04-30T12:10:34","guid":{"rendered":"https:\/\/ingelbeen.kneet.be\/product\/mobil-rarus-shc-1024\/"},"modified":"2024-06-26T16:14:07","modified_gmt":"2024-06-26T15:14:07","slug":"mobil-rarus-shc-1024","status":"publish","type":"product","link":"https:\/\/webshop.ingelbeen.be\/fr\/produit\/mobil-rarus-shc-1024\/","title":{"rendered":"Mobil Rarus SHC 1024"},"content":{"rendered":"<div class=\"compensation des d\u00e9tails du produit\">\n<div class=\"description de l'attribut du produit\">\n<div class=\"description de la valeur\">\n<p> La s\u00e9rie Mobil Rarus SHC\u2122 1020 est une gamme d&rsquo;huiles aux performances supr\u00eames principalement destin\u00e9es \u00e0 la lubrification des compresseurs d&rsquo;air rotatifs \u00e0 vis et \u00e0 palettes pour usage intensif. Ils sont particuli\u00e8rement adapt\u00e9s aux applications s\u00e9v\u00e8res o\u00f9 les produits \u00e0 base d&rsquo;huile min\u00e9rale ne r\u00e9pondent pas aux attentes, comme dans les applications s\u00e9v\u00e8res soumises \u00e0 des temp\u00e9ratures de compression finale \u00e9lev\u00e9es ou lorsque des intervalles de vidange d&rsquo;huile prolong\u00e9s sont souhait\u00e9s. Ils sont formul\u00e9s avec des fluides d&rsquo;hydrocarbures synth\u00e9tiques sans cire sp\u00e9cifiques \u00e0 la conception et un syst\u00e8me d&rsquo;additifs de haute technologie qui assure une r\u00e9sistance exceptionnelle \u00e0 l&rsquo;oxydation et \u00e0 la d\u00e9gradation thermique, bien sup\u00e9rieure aux huiles pour compresseurs d&rsquo;air \u00e0 base d&rsquo;huile min\u00e9rale. Elles offrent une protection et une fiabilit\u00e9 exceptionnelles de l&rsquo;\u00e9quipement pour les compresseurs fonctionnant dans des conditions o\u00f9 les autres huiles pour compresseurs d&rsquo;air ne r\u00e9pondent pas aux attentes. La s\u00e9rie Mobil Rarus SHC 1020 offre une excellente protection contre l&rsquo;usure et une r\u00e9sistance exceptionnelle \u00e0 l&rsquo;oxydation et \u00e0 la d\u00e9gradation thermique, largement sup\u00e9rieure aux huiles min\u00e9rales. Leur formulation unique permet de r\u00e9duire les co\u00fbts de maintenance en minimisant les probl\u00e8mes d&rsquo;\u00e9quipement ainsi que les d\u00e9p\u00f4ts et les transferts en aval. Leur indice de viscosit\u00e9 \u00e9lev\u00e9 assure une lubrification efficace \u00e0 haute temp\u00e9rature.<\/p>\n<p> Les lubrifiants Mobil Rarus SHC s\u00e9rie 1020 r\u00e9duisent consid\u00e9rablement le risque d&rsquo;incendie et d&rsquo;explosion par rapport aux produits \u00e0 base d&rsquo;huile min\u00e9rale. Ils pr\u00e9sentent une quasi-absence de formation de d\u00e9p\u00f4ts et des temp\u00e9ratures d\u2019inflammation autog\u00e8ne \u00e9lev\u00e9es am\u00e9liorant \u00e0 la fois les performances et la s\u00e9curit\u00e9. Leurs caract\u00e9ristiques exceptionnelles de s\u00e9paration de l\u2019eau r\u00e9duisent les probl\u00e8mes li\u00e9s aux coalesceurs et aux filtres de formation d\u2019\u00e9mulsion, r\u00e9duisant ainsi le besoin d\u2019entretien fr\u00e9quent.<\/p><\/div><\/div><\/div>\n<h2>Fonctionnalit\u00e9 et avantages potentiels<\/h2>\n<p> L&rsquo;utilisation des huiles Mobil Rarus SHC 1020 Series peut donner lieu \u00e0 des compresseurs plus propres et \u00e0 une r\u00e9duction des d\u00e9p\u00f4ts par rapport aux huiles min\u00e9rales conventionnelles, ce qui entra\u00eene des p\u00e9riodes de fonctionnement plus longues entre les intervalles de maintenance. Leur excellente stabilit\u00e9 \u00e0 l\u2019oxydation et thermique permet une dur\u00e9e de vie prolong\u00e9e tout en contr\u00f4lant la formation de boues et de d\u00e9p\u00f4ts. Ils poss\u00e8dent une protection anti-usure et anticorrosion exceptionnelle, ce qui am\u00e9liore la dur\u00e9e de vie et les performances des \u00e9quipements.<\/p>\n<table class=\"table table-ray\u00e9e\">\n <t\u00eate><\/p>\n<tr>\n<th>Fonctionnalit\u00e9s<\/th>\n<th>Avantages et b\u00e9n\u00e9fices potentiels<\/th>\n<\/tr>\n<p> <\/t\u00eate><br \/>\n <corps><\/p>\n<tr>\n<td>Stocks de base synth\u00e9tiques hautes performances<\/td>\n<td>Capacit\u00e9 de plage de temp\u00e9rature \u00e9tendue, capacit\u00e9s de performances significatives par rapport aux huiles min\u00e9rales, s\u00e9curit\u00e9 am\u00e9lior\u00e9e, dur\u00e9e de vie prolong\u00e9e<\/td>\n<\/tr>\n<tr>\n<td>Oxydation et stabilit\u00e9 thermique exceptionnelles<\/td>\n<td>R\u00e9duction des d\u00e9p\u00f4ts de cok\u00e9faction, dur\u00e9e de vie de l&rsquo;huile plus longue, dur\u00e9e de vie du filtre am\u00e9lior\u00e9e, co\u00fbts de maintenance r\u00e9duits<\/td>\n<\/tr>\n<tr>\n<td>Haute capacit\u00e9 de charge<\/td>\n<td>Usure r\u00e9duite des roulements et des engrenages<\/td>\n<\/tr>\n<tr>\n<td>Excellente s\u00e9parabilit\u00e9 de l&rsquo;eau<\/td>\n<td>Moins de transfert vers les \u00e9quipements en aval, r\u00e9duction de la formation de boues dans les carters et les conduites de refoulement, r\u00e9duction du blocage des coalesceurs, des refroidisseurs interm\u00e9diaires et post-refroidisseurs, r\u00e9duction du risque de formation d&rsquo;\u00e9mulsion<\/td>\n<\/tr>\n<tr>\n<td>Protection efficace contre la rouille et la corrosion<\/td>\n<td>Protection am\u00e9lior\u00e9e des composants internes du compresseur<\/td>\n<\/tr>\n<\/tbody>\n<\/table>\n<h2>Applications<\/h2>\n<p> Les huiles Mobil Rarus SHC 1020 Series sont principalement destin\u00e9es aux compresseurs rotatifs \u00e0 vis et \u00e0 palettes. Elles sont particuli\u00e8rement efficaces pour un fonctionnement continu \u00e0 haute temp\u00e9rature avec des temp\u00e9ratures de refoulement allant jusqu&rsquo;\u00e0 200 \u00b0C. Les huiles Rarus SHC de la s\u00e9rie 1020 sont recommand\u00e9es pour les unit\u00e9s ayant des ant\u00e9c\u00e9dents de d\u00e9gradation excessive de l&rsquo;huile, de mauvaises performances des vannes ou de formation de d\u00e9p\u00f4ts. Elles sont compatibles avec tous les m\u00e9taux utilis\u00e9s dans la construction des compresseurs et avec les huiles pour compresseurs d&rsquo;air \u00e0 base d&rsquo;huile min\u00e9rale conventionnelle, mais le m\u00e9lange avec d&rsquo;autres huiles peut nuire \u00e0 la capacit\u00e9 de performance totale.<\/p>\n<p> Les huiles Mobil Rarus SHC 1020 Series ne sont pas recommand\u00e9es pour les compresseurs d&rsquo;air utilis\u00e9s dans les applications d&rsquo;air respirable et ne doivent pas \u00eatre utilis\u00e9es dans les compresseurs o\u00f9 la temp\u00e9rature de refoulement est sup\u00e9rieure au point d&rsquo;\u00e9clair du produit.<\/p>\n<p> Les types d&rsquo;applications de compresseurs suivants ont montr\u00e9 d&rsquo;excellentes performances avec les huiles Mobil Rarus SHC s\u00e9rie 1020\u00a0:<\/p>\n<ul>\n<li>Principalement recommand\u00e9 pour les compresseurs d&rsquo;air rotatifs \u00e0 vis et \u00e0 palettes<\/li>\n<li>Tr\u00e8s efficace dans les compresseurs \u00e0 vis avec refroidissement par injection d&rsquo;huile<\/li>\n<li>Unit\u00e9s fonctionnant dans des conditions difficiles<\/li>\n<li>Unit\u00e9s \u00e0 plusieurs \u00e9tages ayant des ant\u00e9c\u00e9dents de d\u00e9gradation excessive de l&rsquo;huile provenant de produits \u00e0 base d&rsquo;huile min\u00e9rale<\/li>\n<li>Syst\u00e8mes de compresseur avec engrenages et roulements critiques<\/li>\n<li>Compresseurs utilis\u00e9s dans les applications fixes et mobiles<\/li>\n<\/ul>\n","protected":false},"excerpt":{"rendered":"<p>La s\u00e9rie Mobil Rarus SHC 1020 est une gamme d&rsquo;huiles pour compresseurs d&rsquo;air offrant des performances exceptionnelles, principalement destin\u00e9es \u00e0 la lubrification des compresseurs \u00e0 vis et \u00e0 palettes lourdement charg\u00e9s.<\/p>\n","protected":false},"featured_media":10105,"template":"","meta":{"_acf_changed":false,"inline_featured_image":false},"product_brand":[],"product_cat":[213],"product_tag":[],"class_list":{"0":"post-9476","1":"product","2":"type-product","3":"status-publish","4":"has-post-thumbnail","6":"product_cat-huile-pour-compresseurs","8":"first","9":"instock","10":"taxable","11":"shipping-taxable","12":"purchasable","13":"product-type-simple"},"acf":[],"_links":{"self":[{"href":"https:\/\/webshop.ingelbeen.be\/fr\/wp-json\/wp\/v2\/product\/9476","targetHints":{"allow":["GET"]}}],"collection":[{"href":"https:\/\/webshop.ingelbeen.be\/fr\/wp-json\/wp\/v2\/product"}],"about":[{"href":"https:\/\/webshop.ingelbeen.be\/fr\/wp-json\/wp\/v2\/types\/product"}],"wp:featuredmedia":[{"embeddable":true,"href":"https:\/\/webshop.ingelbeen.be\/fr\/wp-json\/wp\/v2\/media\/10105"}],"wp:attachment":[{"href":"https:\/\/webshop.ingelbeen.be\/fr\/wp-json\/wp\/v2\/media?parent=9476"}],"wp:term":[{"taxonomy":"product_brand","embeddable":true,"href":"https:\/\/webshop.ingelbeen.be\/fr\/wp-json\/wp\/v2\/product_brand?post=9476"},{"taxonomy":"product_cat","embeddable":true,"href":"https:\/\/webshop.ingelbeen.be\/fr\/wp-json\/wp\/v2\/product_cat?post=9476"},{"taxonomy":"product_tag","embeddable":true,"href":"https:\/\/webshop.ingelbeen.be\/fr\/wp-json\/wp\/v2\/product_tag?post=9476"}],"curies":[{"name":"wp","href":"https:\/\/api.w.org\/{rel}","templated":true}]}}