{"id":9488,"date":"2024-04-30T13:10:34","date_gmt":"2024-04-30T12:10:34","guid":{"rendered":"https:\/\/ingelbeen.kneet.be\/product\/mobil-shc-524\/"},"modified":"2024-06-26T16:14:08","modified_gmt":"2024-06-26T15:14:08","slug":"mobil-shc-524","status":"publish","type":"product","link":"https:\/\/webshop.ingelbeen.be\/fr\/produit\/mobil-shc-524\/","title":{"rendered":"Mobil SHC 524"},"content":{"rendered":"<div class=\"compensation des d\u00e9tails du produit\">\n<div class=\"description de l'attribut du produit\">\n<div class=\"description de la valeur\">\n<p> Les huiles Mobil SHC\u2122 s\u00e9rie 500 sont des huiles hydrauliques aux performances exceptionnelles formul\u00e9es \u00e0 partir de fluides \u00e0 base d&rsquo;hydrocarbures synth\u00e9tis\u00e9s et sans cire, combin\u00e9s \u00e0 un syst\u00e8me d&rsquo;additifs super-stabilis\u00e9s soigneusement con\u00e7u. Il s&rsquo;agit d&rsquo;huiles hydrauliques d&rsquo;une qualit\u00e9 exceptionnelle, \u00e0 haute temp\u00e9rature et stables au cisaillement, avec des propri\u00e9t\u00e9s de pompabilit\u00e9 \u00e0 basse temp\u00e9rature contr\u00f4l\u00e9es et une protection anti-usure maximis\u00e9e pour les pompes \u00e0 palettes, \u00e0 pistons et \u00e0 engrenages haute pression. Les produits pr\u00e9sentent des indices de viscosit\u00e9 tr\u00e8s \u00e9lev\u00e9s contribuant \u00e0 leurs excellentes performances \u00e0 basse et haute temp\u00e9rature, ce qui en fait un excellent choix pour les \u00e9quipements soumis \u00e0 une large plage de temp\u00e9ratures de d\u00e9marrage et de fonctionnement. Les huiles Mobil SHC s\u00e9rie 500 pr\u00e9sentent une stabilit\u00e9 exceptionnelle au cisaillement, permettant leur utilisation dans des environnements de fonctionnement \u00e0 haute pression et haute temp\u00e9rature pendant des p\u00e9riodes prolong\u00e9es sans perte des caract\u00e9ristiques de lubrification critiques.<\/p>\n<p> Les huiles Mobil SHC s\u00e9rie 500 contribuent \u00e0 assurer une longue dur\u00e9e de vie de l&rsquo;huile\/du filtre et une protection optimale de l&rsquo;\u00e9quipement, ce qui peut r\u00e9duire \u00e0 la fois les co\u00fbts de maintenance et d&rsquo;\u00e9limination des produits. Ils ont \u00e9t\u00e9 d\u00e9velopp\u00e9s en collaboration avec les principaux constructeurs OEM pour r\u00e9pondre aux exigences strictes des syst\u00e8mes hydrauliques s\u00e9v\u00e8res utilisant des pompes haute pression et \u00e0 haut d\u00e9bit, ainsi que pour r\u00e9pondre aux exigences critiques d&rsquo;autres composants du syst\u00e8me hydraulique tels que les servovalves \u00e0 jeu r\u00e9duit et la commande num\u00e9rique de haute pr\u00e9cision. (NC) machines-outils. Ces produits r\u00e9pondent \u00e0 certaines des exigences de performance les plus rigoureuses d&rsquo;un large \u00e9ventail de fabricants de syst\u00e8mes et de composants hydrauliques, en utilisant diverses conceptions multim\u00e9tallurgiques, garantissant un produit unique avec des caract\u00e9ristiques de performance exceptionnelles dans une large gamme d&rsquo;\u00e9quipements. Ils sont con\u00e7us pour fonctionner avec des syst\u00e8mes fonctionnant dans des conditions s\u00e9v\u00e8res o\u00f9 des niveaux \u00e9lev\u00e9s de protection anti-usure et de r\u00e9sistance du film sont n\u00e9cessaires, mais ils sont formul\u00e9s pour fonctionner l\u00e0 o\u00f9 des huiles hydrauliques non anti-usure sont g\u00e9n\u00e9ralement recommand\u00e9es.<\/p>\n<p> * La conception \u00e9conome en \u00e9nergie est une marque d\u00e9pos\u00e9e d&rsquo;Exxon Mobil Corporation. L&rsquo;efficacit\u00e9 \u00e9nerg\u00e9tique concerne uniquement les performances du fluide par rapport aux fluides hydrauliques standard d&rsquo;ExxonMobil. La technologie utilis\u00e9e permet une augmentation jusqu&rsquo;\u00e0 6 % de l&rsquo;efficacit\u00e9 de la pompe hydraulique par rapport \u00e0 la s\u00e9rie Mobil DTE 20 lorsqu&rsquo;elle est test\u00e9e dans des applications hydrauliques standard. L&rsquo;all\u00e9gation d&rsquo;efficacit\u00e9 \u00e9nerg\u00e9tique de ce produit est bas\u00e9e sur les r\u00e9sultats de tests sur l&rsquo;utilisation du fluide effectu\u00e9s conform\u00e9ment aux normes et protocoles industriels applicables. Les am\u00e9liorations d\u2019efficacit\u00e9 varieront en fonction des conditions de fonctionnement et des applications.<\/p><\/div><\/div><\/div>\n<h2>Fonctionnalit\u00e9 et avantages potentiels<\/h2>\n<p> Les huiles hydrauliques Mobil SHC s\u00e9rie 500 pr\u00e9sentent des performances exceptionnelles \u00e0 basse et haute temp\u00e9rature, contribuant ainsi \u00e0 fournir une marge suppl\u00e9mentaire de protection de l&rsquo;\u00e9quipement au-del\u00e0 des capacit\u00e9s des produits comparables \u00e0 base d&rsquo;huile min\u00e9rale. Leur excellente r\u00e9sistance \u00e0 l\u2019oxydation permet de prolonger les intervalles de changement d\u2019huile et de filtre tout en garantissant des syst\u00e8mes exceptionnellement propres et un fonctionnement sans probl\u00e8me. Leur haut niveau de propri\u00e9t\u00e9s anti-usure et leurs excellentes caract\u00e9ristiques de r\u00e9sistance du film se traduisent par des performances exceptionnelles des \u00e9quipements qui aident \u00e0 pr\u00e9venir les pannes impr\u00e9vues des \u00e9quipements et \u00e0 maximiser la disponibilit\u00e9 des \u00e9quipements, ce qui peut permettre des am\u00e9liorations potentielles de la capacit\u00e9 de production. Leur d\u00e9mulsibilit\u00e9 contr\u00f4l\u00e9e permet aux huiles de bien fonctionner dans des syst\u00e8mes contamin\u00e9s par de petites quantit\u00e9s d&rsquo;eau tout en s\u00e9parant facilement de grandes quantit\u00e9s d&rsquo;eau.<\/p>\n<table class=\"table table-ray\u00e9e\">\n <t\u00eate><\/p>\n<tr>\n<th>Fonctionnalit\u00e9s<\/th>\n<th>Avantages et b\u00e9n\u00e9fices potentiels<\/th>\n<\/tr>\n<p> <\/t\u00eate><br \/>\n <corps><\/p>\n<tr>\n<td>Stock de base synth\u00e9tique sp\u00e9cifique au design<\/td>\n<td>Aide \u00e0 prolonger les intervalles d&rsquo;entretien, Syst\u00e8me plus propre et r\u00e9duction du collage des vannes \u00e0 tol\u00e9rance \u00e9troite par rapport aux produits conventionnels, Aide \u00e0 am\u00e9liorer la filtrabilit\u00e9<\/td>\n<\/tr>\n<tr>\n<td>Anti-usure exceptionnel<\/td>\n<td>Aide \u00e0 r\u00e9duire l&rsquo;usure des composants, Aide \u00e0 prot\u00e9ger les syst\u00e8mes utilisant diverses m\u00e9tallurgies<\/td>\n<\/tr>\n<tr>\n<td>Indice de viscosit\u00e9 \u00e9lev\u00e9<\/td>\n<td>Performances sur une large plage de temp\u00e9ratures, Aide \u00e0 assurer la protection de l&rsquo;\u00e9quipement \u00e0 des temp\u00e9ratures de d\u00e9marrage \u00e0 froid, Aide \u00e0 prot\u00e9ger les composants du syst\u00e8me \u00e0 des temp\u00e9ratures de fonctionnement \u00e9lev\u00e9es<\/td>\n<\/tr>\n<tr>\n<td>Stabilit\u00e9 exceptionnelle \u00e0 l&rsquo;oxydation<\/td>\n<td>Contribue \u00e0 prolonger la dur\u00e9e de vie de l&rsquo;huile et de l&rsquo;\u00e9quipement, ce qui peut prolonger la dur\u00e9e de vie du filtre<\/td>\n<\/tr>\n<tr>\n<td>Excellente protection contre la corrosion<\/td>\n<td>Aide \u00e0 pr\u00e9venir la corrosion interne du syst\u00e8me hydraulique, Aide \u00e0 r\u00e9duire les effets n\u00e9gatifs de l&rsquo;humidit\u00e9 dans les syst\u00e8mes, Aide \u00e0 fournir une protection contre la corrosion des conceptions de composants multim\u00e9tallurgiques<\/td>\n<\/tr>\n<tr>\n<td>Tr\u00e8s bonne compatibilit\u00e9 multi-m\u00e9taux<\/td>\n<td>Aide \u00e0 optimiser les besoins en inventaire<\/td>\n<\/tr>\n<tr>\n<td>R\u00e9pond \u00e0 un large \u00e9ventail d&rsquo;exigences en mati\u00e8re d&rsquo;\u00e9quipement<\/td>\n<td>Un produit peut en remplacer plusieurs, ce qui permet d&rsquo;optimiser les besoins en stocks et d&rsquo;att\u00e9nuer les \u00e9ventuelles erreurs d&rsquo;utilisation des produits<\/td>\n<\/tr>\n<tr>\n<td>Excellentes caract\u00e9ristiques de s\u00e9paration de l&rsquo;air<\/td>\n<td>Aide \u00e0 r\u00e9duire la formation de mousse et ses effets n\u00e9gatifs<\/td>\n<\/tr>\n<tr>\n<td>D\u00e9mulsibilit\u00e9 contr\u00f4l\u00e9e<\/td>\n<td>Assurent la protection et la lubrification des syst\u00e8mes l\u00e0 o\u00f9 de petites quantit\u00e9s d&rsquo;humidit\u00e9 sont pr\u00e9sentes<\/td>\n<\/tr>\n<tr>\n<td>S\u00e9pare facilement de plus grandes quantit\u00e9s d&rsquo;eau<\/td>\n<\/tr>\n<tr>\n<td>Propri\u00e9t\u00e9s innovantes Keep Clean<\/td>\n<td>Aide \u00e0 r\u00e9duire les d\u00e9p\u00f4ts dans le syst\u00e8me et les boues potentielles. Aide \u00e0 prot\u00e9ger les composants critiques tels que les servovalves, am\u00e9liorant ainsi la r\u00e9ponse du syst\u00e8me et minimisant le grippage des vannes<\/td>\n<\/tr>\n<\/tbody>\n<\/table>\n<h2>Applications<\/h2>\n<ul>\n<li>Syst\u00e8mes hydrauliques sujets \u00e0 l&rsquo;accumulation de d\u00e9p\u00f4ts, tels que les machines sophistiqu\u00e9es \u00e0 commande num\u00e9rique (NC), en particulier lorsque des servovalves \u00e0 jeu r\u00e9duit sont utilis\u00e9es<\/li>\n<li>Syst\u00e8mes utilisant des conceptions de composants multim\u00e9talliques<\/li>\n<li>Pompes \u00e0 palettes, \u00e0 pistons et \u00e0 engrenages haute pression<\/li>\n<li>Syst\u00e8mes caract\u00e9ris\u00e9s par des d\u00e9marrages \u00e0 froid et\/ou des temp\u00e9ratures de fonctionnement tr\u00e8s \u00e9lev\u00e9es<\/li>\n<li>Lorsque de petites quantit\u00e9s d&rsquo;eau sont in\u00e9vitables<\/li>\n<li>Dans les syst\u00e8mes contenant des engrenages et des roulements<\/li>\n<li>Syst\u00e8mes n\u00e9cessitant un degr\u00e9 \u00e9lev\u00e9 de capacit\u00e9 de charge et de protection anti-usure<\/li>\n<li>Applications dans lesquelles une fine protection contre la corrosion par un film d&rsquo;huile est un atout, comme dans les syst\u00e8mes contenant de l&rsquo;humidit\u00e9<\/li>\n<\/ul>\n<h2>Sp\u00e9cifications et homologations<\/h2>\n<h3>Ce produit a les approbations de constructeur suivantes<\/h3>\n<ul>\n<li>Denison HF-0<\/li>\n<li>Denison HF-1<\/li>\n<li>Denison HF-2<\/li>\n<\/ul>\n","protected":false},"excerpt":{"rendered":"<p>Les huiles de la s\u00e9rie Mobil SHC\u2122 500 sont des huiles hydrauliques exceptionnellement performantes compos\u00e9es de fluides de base hydrocarbures synth\u00e9tiques exempts de cire, combin\u00e9s \u00e0 un syst\u00e8me d&rsquo;additifs super stable soigneusement d\u00e9velopp\u00e9.<\/p>\n","protected":false},"featured_media":10132,"template":"","meta":{"_acf_changed":false,"inline_featured_image":false},"product_brand":[],"product_cat":[219],"product_tag":[],"class_list":{"0":"post-9488","1":"product","2":"type-product","3":"status-publish","4":"has-post-thumbnail","6":"product_cat-huiles-hydrauliques","8":"first","9":"instock","10":"taxable","11":"shipping-taxable","12":"purchasable","13":"product-type-simple"},"acf":[],"_links":{"self":[{"href":"https:\/\/webshop.ingelbeen.be\/fr\/wp-json\/wp\/v2\/product\/9488","targetHints":{"allow":["GET"]}}],"collection":[{"href":"https:\/\/webshop.ingelbeen.be\/fr\/wp-json\/wp\/v2\/product"}],"about":[{"href":"https:\/\/webshop.ingelbeen.be\/fr\/wp-json\/wp\/v2\/types\/product"}],"wp:featuredmedia":[{"embeddable":true,"href":"https:\/\/webshop.ingelbeen.be\/fr\/wp-json\/wp\/v2\/media\/10132"}],"wp:attachment":[{"href":"https:\/\/webshop.ingelbeen.be\/fr\/wp-json\/wp\/v2\/media?parent=9488"}],"wp:term":[{"taxonomy":"product_brand","embeddable":true,"href":"https:\/\/webshop.ingelbeen.be\/fr\/wp-json\/wp\/v2\/product_brand?post=9488"},{"taxonomy":"product_cat","embeddable":true,"href":"https:\/\/webshop.ingelbeen.be\/fr\/wp-json\/wp\/v2\/product_cat?post=9488"},{"taxonomy":"product_tag","embeddable":true,"href":"https:\/\/webshop.ingelbeen.be\/fr\/wp-json\/wp\/v2\/product_tag?post=9488"}],"curies":[{"name":"wp","href":"https:\/\/api.w.org\/{rel}","templated":true}]}}