{"id":9498,"date":"2024-04-30T13:10:33","date_gmt":"2024-04-30T12:10:33","guid":{"rendered":"https:\/\/ingelbeen.kneet.be\/product\/mobil-pegasus-610\/"},"modified":"2024-06-26T16:14:04","modified_gmt":"2024-06-26T15:14:04","slug":"mobil-pegasus-610","status":"publish","type":"product","link":"https:\/\/webshop.ingelbeen.be\/fr\/produit\/mobil-pegasus-610\/","title":{"rendered":"Mobil Pegasus 610"},"content":{"rendered":"<div class=\"compensation des d\u00e9tails du produit\">\n<div class=\"description de l'attribut du produit\">\n<div class=\"description de la valeur\">\n<p> Mobil Pegasus\u2122 610 est une huile pour moteurs \u00e0 gaz hautes performances principalement destin\u00e9e \u00e0 la lubrification des moteurs quatre temps modernes \u00e0 moyen et haut r\u00e9gime fonctionnant avec du carburant contenant des mati\u00e8res corrosives telles que du sulfure d&rsquo;hydrog\u00e8ne ou des halog\u00e8nes (compos\u00e9s contenant du chlore, du fluor, etc.). Ces moteurs sont g\u00e9n\u00e9ralement de conception turbocompress\u00e9e \u00e0 m\u00e9lange pauvre o\u00f9 des pressions d&rsquo;admission accrues emp\u00eachent suffisamment de lubrifiant d&rsquo;atteindre les zones du guide de soupape, ce qui entra\u00eene une faible consommation d&rsquo;huile qui peut conduire \u00e0 un guide de soupape acc\u00e9l\u00e9r\u00e9 et \u00e0 une r\u00e9cession de soupape. Cet effet augmente \u00e9galement le potentiel d&rsquo;usure et d&rsquo;attaque acide des composants sup\u00e9rieurs du cylindre \u00e0 cause des mat\u00e9riaux acides g\u00e9n\u00e9r\u00e9s pendant la combustion. La Mobil Pegasus 610 est une huile pour moteur \u00e0 gaz \u00e0 1,0 % de cendres et \u00e0 TBN \u00e9lev\u00e9 avec une r\u00e9serve d&rsquo;alcalinit\u00e9 exceptionnelle con\u00e7ue pour compenser les effets n\u00e9gatifs de ces mat\u00e9riaux corrosifs sur les composants du moteur. Les excellentes propri\u00e9t\u00e9s de protection contre la corrosion emp\u00eachent l&rsquo;usure corrosive des cylindres, des zones de soupapes et des roulements, ce qui peut prolonger la dur\u00e9e de vie du moteur et r\u00e9duire les co\u00fbts de maintenance. Mobil Pegasus 610 offre d&rsquo;excellentes performances anti-usure et anti-\u00e9raflures garantissant un minimum d&rsquo;\u00e9raflures, de rayures et d&rsquo;usure des cylindres et des segments des pistons. Cette huile peut \u00e9galement \u00eatre utilis\u00e9e pour la lubrification des compresseurs alternatifs dans les applications de d\u00e9charges et de gaz de biomasse.<\/p>\n<p> Mobil Pegasus 610 est formul\u00e9 \u00e0 partir d&rsquo;huiles de base min\u00e9rales de haute qualit\u00e9 combin\u00e9es \u00e0 un syst\u00e8me d&rsquo;additifs de technologie avanc\u00e9e \u00e0 1,0 % de cendres con\u00e7u pour offrir une excellente protection des composants du moteur et du compresseur. Ce produit pr\u00e9sente un haut niveau de stabilit\u00e9 chimique et de r\u00e9sistance \u00e0 l&rsquo;oxydation et \u00e0 la nitration. Mobil Pegasus 610 offre une r\u00e9sistance exceptionnelle \u00e0 l&rsquo;usure des commandes de soupapes et une protection contre la formation de d\u00e9p\u00f4ts et de boues. Ces avantages en termes de performances, combin\u00e9s aux caract\u00e9ristiques de d\u00e9tergence et de dispersance tr\u00e8s efficaces, contr\u00f4lent la formation de d\u00e9p\u00f4ts de cendres et de carbone qui pourraient entra\u00eener de mauvaises performances du moteur et une d\u00e9tonation.<\/p><\/div><\/div><\/div>\n<h2>Fonctionnalit\u00e9 et avantages potentiels<\/h2>\n<p> L&rsquo;huile pour moteur \u00e0 gaz Mobil Pegasus 610 offre une marge de protection suppl\u00e9mentaire dans les applications utilisant du carburant contamin\u00e9. Son excellente technologie d\u00e9tergente\/dispersante se traduit \u00e9galement par des moteurs plus propres, des taux d\u2019usure inf\u00e9rieurs et des performances moteur am\u00e9lior\u00e9es. L&rsquo;utilisation de ce produit peut entra\u00eener une r\u00e9duction des co\u00fbts de maintenance et une am\u00e9lioration de la capacit\u00e9 de production. Son excellente stabilit\u00e9 chimique et \u00e0 l\u2019oxydation peut entra\u00eener des p\u00e9riodes de vidange plus longues et une r\u00e9duction des co\u00fbts de filtration. La r\u00e9serve d&rsquo;alcalinit\u00e9 \u00e9lev\u00e9e de ce produit permet son utilisation dans les moteurs fonctionnant avec des carburants contenant des quantit\u00e9s mod\u00e9r\u00e9es de mati\u00e8res corrosives dans le gaz combustible.<\/p>\n<table class=\"table table-ray\u00e9e\">\n <t\u00eate><\/p>\n<tr>\n<th>Fonctionnalit\u00e9s<\/th>\n<th>Avantages et b\u00e9n\u00e9fices potentiels<\/th>\n<\/tr>\n<p> <\/t\u00eate><br \/>\n <corps><\/p>\n<tr>\n<td>TBN \u00e9lev\u00e9 et alcalinit\u00e9 de r\u00e9serve<\/td>\n<td>Contr\u00f4le l&rsquo;usure et la corrosion lors de l&rsquo;utilisation de gaz contamin\u00e9s, prot\u00e8ge les si\u00e8ges et les faces des soupapes sur les moteurs \u00e0 quatre temps, contr\u00f4le la formation de cendres dans la chambre de combustion et am\u00e9liore les performances des bougies d&rsquo;allumage<\/td>\n<\/tr>\n<tr>\n<td>Propri\u00e9t\u00e9s anti-usure et anti-\u00e9raflures exceptionnelles<\/td>\n<td>Usure r\u00e9duite des composants du moteur, \u00e9raflures r\u00e9duites des chemises dans les moteurs \u00e0 gaz fortement charg\u00e9s, offre une excellente protection contre l&rsquo;effraction<\/td>\n<\/tr>\n<tr>\n<td>Excellente stabilit\u00e9 \u00e0 l&rsquo;oxydation et chimique<\/td>\n<td>Moteurs plus propres, intervalles de vidange d&rsquo;huile prolong\u00e9s, co\u00fbts de filtre \u00e0 huile r\u00e9duits, excellente r\u00e9sistance \u00e0 l&rsquo;oxydation et \u00e0 la nitration<\/td>\n<\/tr>\n<tr>\n<td>R\u00e9sistance efficace \u00e0 la corrosion<\/td>\n<td>R\u00e9duit l&rsquo;usure des guides de soupape dans les moteurs \u00e0 gaz \u00e0 quatre temps, prot\u00e8ge les roulements et les composants internes<\/td>\n<\/tr>\n<tr>\n<td>Propri\u00e9t\u00e9s d\u00e9tergentes\/dispersantes exceptionnelles<\/td>\n<td>Neutralise la formation d&rsquo;acides dans l&rsquo;huile, Protection des composants du cylindre sup\u00e9rieur et de la commande de soupapes, Moteurs plus propres, Dur\u00e9e de vie du filtre \u00e0 huile plus longue<\/td>\n<\/tr>\n<tr>\n<td>Formulation sans zinc et sans phosphore<\/td>\n<td>Prolonger la dur\u00e9e de vie et les performances du convertisseur catalytique<\/td>\n<\/tr>\n<\/tbody>\n<\/table>\n<h2>Applications<\/h2>\n<ul>\n<li>Moteurs \u00e0 gaz fonctionnant avec du carburant contenant des niveaux mod\u00e9r\u00e9s de sulfure d&rsquo;hydrog\u00e8ne (H2S)<\/li>\n<li>Moteurs fonctionnant avec du carburant contenant d&rsquo;autres composants corrosifs tels que le TOHCl (halog\u00e9nures organiques totaux sous forme de chlorure), les gaz de d\u00e9charge ou de biomasse<\/li>\n<li>Moteurs \u00e0 gaz \u00e0 quatre temps \u00e0 allumage par \u00e9tincelle avec une tr\u00e8s faible consommation d&rsquo;huile<\/li>\n<li>Compresseurs alternatifs fonctionnant au gaz naturel contenant du soufre ou des halog\u00e8nes<\/li>\n<li>Moteurs \u00e0 haut rendement ou atmosph\u00e9riques fonctionnant \u00e0 la capacit\u00e9 nominale ou au-del\u00e0 \u00e0 des temp\u00e9ratures \u00e9lev\u00e9es<\/li>\n<\/ul>\n<h2>Sp\u00e9cifications et homologations<\/h2>\n<h3>Ce produit a les approbations de constructeur suivantes<\/h3>\n<ul>\n<li>Waukesha pour les applications li\u00e9es aux gaz de d\u00e9charge<\/li>\n<li>Wartsila pour les applications bi-carburant Crepelle 26<\/li>\n<li>GE Jenbacher pour TI 1000-1109 (gaz combustible de classe C, s\u00e9ries 2 et 3)<\/li>\n<li>HOMME M 3271-4<\/li>\n<li>Moteur \u00e0 gaz MTU Onsite Energy Series 400<\/li>\n<\/ul>\n","protected":false},"excerpt":{"rendered":"<p>Mobil Pegasus\u2122 610 est une huile moteur \u00e0 gaz de haute qualit\u00e9, principalement destin\u00e9e \u00e0 la lubrification des moteurs modernes quatre temps \u00e0 moyenne et haute vitesse fonctionnant avec un carburant contenant des substances corrosives telles que le sulfure d&rsquo;hydrog\u00e8ne ou les halog\u00e8nes (compos\u00e9s avec du chlore, du fluor, etc.).<\/p>\n","protected":false},"featured_media":10102,"template":"","meta":{"_acf_changed":false,"inline_featured_image":false},"product_brand":[],"product_cat":[215],"product_tag":[],"class_list":{"0":"post-9498","1":"product","2":"type-product","3":"status-publish","4":"has-post-thumbnail","6":"product_cat-huiles-pour-moteurs-a-gaz","8":"first","9":"instock","10":"taxable","11":"shipping-taxable","12":"purchasable","13":"product-type-simple"},"acf":[],"_links":{"self":[{"href":"https:\/\/webshop.ingelbeen.be\/fr\/wp-json\/wp\/v2\/product\/9498","targetHints":{"allow":["GET"]}}],"collection":[{"href":"https:\/\/webshop.ingelbeen.be\/fr\/wp-json\/wp\/v2\/product"}],"about":[{"href":"https:\/\/webshop.ingelbeen.be\/fr\/wp-json\/wp\/v2\/types\/product"}],"wp:featuredmedia":[{"embeddable":true,"href":"https:\/\/webshop.ingelbeen.be\/fr\/wp-json\/wp\/v2\/media\/10102"}],"wp:attachment":[{"href":"https:\/\/webshop.ingelbeen.be\/fr\/wp-json\/wp\/v2\/media?parent=9498"}],"wp:term":[{"taxonomy":"product_brand","embeddable":true,"href":"https:\/\/webshop.ingelbeen.be\/fr\/wp-json\/wp\/v2\/product_brand?post=9498"},{"taxonomy":"product_cat","embeddable":true,"href":"https:\/\/webshop.ingelbeen.be\/fr\/wp-json\/wp\/v2\/product_cat?post=9498"},{"taxonomy":"product_tag","embeddable":true,"href":"https:\/\/webshop.ingelbeen.be\/fr\/wp-json\/wp\/v2\/product_tag?post=9498"}],"curies":[{"name":"wp","href":"https:\/\/api.w.org\/{rel}","templated":true}]}}