{"id":9502,"date":"2024-04-30T13:10:33","date_gmt":"2024-04-30T12:10:33","guid":{"rendered":"https:\/\/ingelbeen.kneet.be\/product\/mobil-pegasus-610-ultra\/"},"modified":"2024-06-26T16:14:04","modified_gmt":"2024-06-26T15:14:04","slug":"mobil-pegasus-610-ultra","status":"publish","type":"product","link":"https:\/\/webshop.ingelbeen.be\/fr\/produit\/mobil-pegasus-610-ultra\/","title":{"rendered":"Mobil Pegasus 610 Ultra"},"content":{"rendered":"<div class=\"compensation des d\u00e9tails du produit\">\n<div class=\"description de l'attribut du produit\">\n<div class=\"description de la valeur\">\n<p> Mobil Pegasus\u2122 610 Ultra est un biogaz haute performance destin\u00e9 principalement \u00e0 la lubrification des moteurs quatre temps modernes \u00e0 moyen et haut r\u00e9gime fonctionnant avec des carburants contenant des mati\u00e8res corrosives telles que du sulfure d&rsquo;hydrog\u00e8ne ou des halog\u00e8nes (compos\u00e9s contenant du chlore, du fluor, etc.). Ce produit est sp\u00e9cialement d\u00e9velopp\u00e9 pour faire face aux gaz agressifs avec des niveaux \u00e9lev\u00e9s de sulfure d&rsquo;hydrog\u00e8ne qui limitent consid\u00e9rablement les intervalles de vidange d&rsquo;huile et avec des niveaux \u00e9lev\u00e9s de siloxanes dont les effets abrasifs une fois br\u00fbl\u00e9s peuvent augmenter consid\u00e9rablement l&rsquo;usure et r\u00e9duire la dur\u00e9e de vie du moteur.<\/p>\n<p> Mobil Pegasus\u2122 610 Ultra est une huile pour moteur \u00e0 gaz \u00e0 1,0 % de cendres sulfat\u00e9es, \u00e0 indice de base total (TBN) \u00e9lev\u00e9, avec une r\u00e9serve d&rsquo;alcalinit\u00e9 exceptionnelle, con\u00e7ue pour compenser les effets n\u00e9gatifs de ces mat\u00e9riaux corrosifs sur les composants du moteur.<\/p>\n<p> Mobil Pegasus\u2122 610 Ultra offre d&rsquo;excellentes performances anti-usure et surtout anti-\u00e9raflures, garantissant un minimum d&rsquo;\u00e9raflures, de rayures et d&rsquo;usure des cylindres et des segments des pistons. Ce produit peut \u00e9galement \u00eatre utilis\u00e9 pour la lubrification des compresseurs alternatifs dans les applications de d\u00e9charges et de gaz de biomasse.<\/p>\n<p> Mobil Pegasus\u2122 610 Ultra offre un niveau \u00e9lev\u00e9 de protection contre l&rsquo;usure qui contribue \u00e0 r\u00e9duire les \u00e9raflures des rev\u00eatements et \u00e0 prolonger les p\u00e9riodes de r\u00e9vision et la p\u00e9riode d&rsquo;exploitation consid\u00e9rablement plus longue.<\/p><\/div><\/div><\/div>\n<h2>Fonctionnalit\u00e9 et avantages potentiels<\/h2>\n<p> L&rsquo;huile pour moteur \u00e0 gaz Mobil Pegasus\u2122 610 Ultra offre un niveau de protection suppl\u00e9mentaire dans les applications utilisant du carburant hautement contamin\u00e9 o\u00f9 des \u00e9raflures des pistons, des formations de d\u00e9p\u00f4ts importantes et un intervalle de vidange tr\u00e8s court ont \u00e9t\u00e9 observ\u00e9s.<\/p>\n<table class=\"table table-ray\u00e9e\">\n <corps><\/p>\n<tr>\n<td><strong>Fonctionnalit\u00e9s<\/strong><\/td>\n<td><strong>Avantages et b\u00e9n\u00e9fices potentiels<\/strong><\/td>\n<\/tr>\n<tr>\n<td>TBN \u00e9lev\u00e9 et alcalinit\u00e9 de r\u00e9serve<\/td>\n<td>Contr\u00f4le l&rsquo;usure et la corrosion lors de l&rsquo;utilisation de gaz contamin\u00e9s<\/td>\n<\/tr>\n<tr>\n<td>\u200b<\/td>\n<td>Prot\u00e8ge les si\u00e8ges et les faces de soupapes sur les moteurs \u00e0 quatre temps<\/td>\n<\/tr>\n<tr>\n<td>\u200b<\/td>\n<td>Contr\u00f4le la formation de cendres dans la chambre de combustion et am\u00e9liore les performances des bougies d&rsquo;allumage<\/td>\n<\/tr>\n<tr>\n<td>Propri\u00e9t\u00e9s anti-usure et anti-\u00e9raflures exceptionnelles<\/td>\n<td>Usure r\u00e9duite des composants du moteur<\/td>\n<\/tr>\n<tr>\n<td>\u200b<\/td>\n<td>R\u00e9duction des \u00e9raflures des chemises dans les moteurs \u00e0 gaz fortement charg\u00e9s<\/td>\n<\/tr>\n<tr>\n<td>\u200b<\/td>\n<td>Offre une excellente protection contre l&rsquo;effraction<\/td>\n<\/tr>\n<tr>\n<td>Excellente stabilit\u00e9 \u00e0 l&rsquo;oxydation et chimique<\/td>\n<td>Moteurs plus propres<\/td>\n<\/tr>\n<tr>\n<td>\u200b<\/td>\n<td>Intervalles de vidange d&rsquo;huile prolong\u00e9s, m\u00eame avec des carburants hautement contamin\u00e9s<\/td>\n<\/tr>\n<tr>\n<td>\u200b<\/td>\n<td>Co\u00fbts r\u00e9duits du filtre \u00e0 huile<\/td>\n<\/tr>\n<tr>\n<td>\u200b<\/td>\n<td>Excellente r\u00e9sistance \u00e0 l&rsquo;oxydation et \u00e0 la nitration<\/td>\n<\/tr>\n<tr>\n<td>R\u00e9sistance efficace \u00e0 la corrosion<\/td>\n<td>R\u00e9duit l&rsquo;usure des guides de soupape dans les moteurs \u00e0 gaz \u00e0 quatre temps<\/td>\n<\/tr>\n<tr>\n<td>\u200b<\/td>\n<td>Prot\u00e8ge les roulements et les composants internes<\/td>\n<\/tr>\n<tr>\n<td>Propri\u00e9t\u00e9s d\u00e9tergentes\/dispersantes exceptionnelles<\/td>\n<td>Neutralise la formation d&rsquo;acides dans l&rsquo;huile<\/td>\n<\/tr>\n<tr>\n<td>\u200b<\/td>\n<td>Protection des composants du cylindre sup\u00e9rieur et de la commande de soupapes<\/td>\n<\/tr>\n<\/tbody>\n<\/table>\n<table class=\"table table-ray\u00e9e\">\n <t\u00eate><\/p>\n<tr>\n<th>Fonctionnalit\u00e9s<\/th>\n<th>Avantages et b\u00e9n\u00e9fices potentiels<\/th>\n<\/tr>\n<p> <\/t\u00eate><br \/>\n <corps><\/p>\n<tr>\n<td>Jusqu&rsquo;\u00e0 40\u00a0% d&rsquo;augmentation de l&rsquo;ODI avec les gaz de d\u00e9charge<\/td>\n<\/tr>\n<tr>\n<td>Durabilit\u00e9 exceptionnelle<\/td>\n<\/tr>\n<tr>\n<td>Productivit\u00e9 am\u00e9lior\u00e9e de l&rsquo;\u00e9quipement et r\u00e9duction des temps d&rsquo;arr\u00eat et des d\u00e9penses de maintenance gr\u00e2ce \u00e0 des intervalles de vidange plus longs<\/td>\n<\/tr>\n<tr>\n<td>Un syst\u00e8me d\u00e9tergent-dispersant haute performance aide \u00e0 garder les moteurs propres malgr\u00e9 les contaminants communs aux gaz de d\u00e9charge et de biomasse<\/td>\n<\/tr>\n<tr>\n<td>Diminution des co\u00fbts de remplacement et d&rsquo;\u00e9limination des \u00e9quipements gr\u00e2ce \u00e0 une usure et une corrosion r\u00e9duites<\/td>\n<\/tr>\n<\/tbody>\n<\/table>\n<h2>Applications<\/h2>\n<p> L&rsquo;huile pour moteur \u00e0 gaz Mobil Pegasus\u2122 610 Ultra offre un niveau de protection suppl\u00e9mentaire dans les applications utilisant du carburant hautement contamin\u00e9 o\u00f9 des \u00e9raflures des pistons, des formations de d\u00e9p\u00f4ts importantes et un intervalle de vidange tr\u00e8s court ont \u00e9t\u00e9 observ\u00e9s.<\/p>\n<table class=\"table table-ray\u00e9e\">\n <corps><\/p>\n<tr>\n<td><strong>Fonctionnalit\u00e9s<\/strong><\/td>\n<td><strong>Avantages et b\u00e9n\u00e9fices potentiels<\/strong><\/td>\n<\/tr>\n<tr>\n<td>TBN \u00e9lev\u00e9 et alcalinit\u00e9 de r\u00e9serve<\/td>\n<td>Contr\u00f4le l&rsquo;usure et la corrosion lors de l&rsquo;utilisation de gaz contamin\u00e9s<\/td>\n<\/tr>\n<tr>\n<td>\u200b<\/td>\n<td>Prot\u00e8ge les si\u00e8ges et les faces des soupapes sur les moteurs \u00e0 quatre temps<\/td>\n<\/tr>\n<tr>\n<td>\u200b<\/td>\n<td>Contr\u00f4le la formation de cendres dans la chambre de combustion et am\u00e9liore les performances des bougies d&rsquo;allumage<\/td>\n<\/tr>\n<tr>\n<td>Propri\u00e9t\u00e9s anti-usure et anti-\u00e9raflures exceptionnelles<\/td>\n<td>Usure r\u00e9duite des composants du moteur<\/td>\n<\/tr>\n<tr>\n<td>\u200b<\/td>\n<td>R\u00e9duction des \u00e9raflures des chemises dans les moteurs \u00e0 gaz fortement charg\u00e9s<\/td>\n<\/tr>\n<tr>\n<td>\u200b<\/td>\n<td>Offre une excellente protection contre l&rsquo;effraction<\/td>\n<\/tr>\n<tr>\n<td>Excellente stabilit\u00e9 \u00e0 l&rsquo;oxydation et chimique<\/td>\n<td>Moteurs plus propres<\/td>\n<\/tr>\n<tr>\n<td>\u200b<\/td>\n<td>Intervalles de vidange d&rsquo;huile prolong\u00e9s, m\u00eame avec des carburants hautement contamin\u00e9s<\/td>\n<\/tr>\n<tr>\n<td>\u200b<\/td>\n<td>Co\u00fbts r\u00e9duits du filtre \u00e0 huile<\/td>\n<\/tr>\n<tr>\n<td>\u200b<\/td>\n<td>Excellente r\u00e9sistance \u00e0 l&rsquo;oxydation et \u00e0 la nitration<\/td>\n<\/tr>\n<tr>\n<td>R\u00e9sistance efficace \u00e0 la corrosion<\/td>\n<td>R\u00e9duit l&rsquo;usure des guides de soupape dans les moteurs \u00e0 gaz \u00e0 quatre temps<\/td>\n<\/tr>\n<tr>\n<td>\u200b<\/td>\n<td>Prot\u00e8ge les roulements et les composants internes<\/td>\n<\/tr>\n<tr>\n<td>Propri\u00e9t\u00e9s d\u00e9tergentes\/dispersantes exceptionnelles<\/td>\n<td>Neutralise la formation d&rsquo;acides dans l&rsquo;huile<\/td>\n<\/tr>\n<tr>\n<td>\u200b<\/td>\n<td>Protection des composants du cylindre sup\u00e9rieur et de la commande de soupapes<\/td>\n<\/tr>\n<\/tbody>\n<\/table>\n","protected":false},"excerpt":{"rendered":"<p>Mobil Pegasus\u2122 610 Ultra est une huile biogaz haute performance principalement destin\u00e9e \u00e0 la lubrification des moteurs modernes quatre temps \u00e0 moyenne et haute vitesse fonctionnant avec un carburant contenant des mat\u00e9riaux corrosifs tels que le sulfure d&rsquo;hydrog\u00e8ne ou les halog\u00e8nes (compos\u00e9s contenant du chlore, du fluor, etc.). Ce produit est sp\u00e9cialement d\u00e9velopp\u00e9 pour faire face aux gaz agressifs avec des niveaux \u00e9lev\u00e9s de sulfure d&rsquo;hydrog\u00e8ne qui limitent consid\u00e9rablement les intervalles de vidange et avec des niveaux \u00e9lev\u00e9s de siloxanes dont les effets abrasifs une fois br\u00fbl\u00e9s peuvent augmenter consid\u00e9rablement l&rsquo;usure et r\u00e9duire la dur\u00e9e de vie du moteur.<\/p>\n","protected":false},"featured_media":0,"template":"","meta":{"_acf_changed":false,"inline_featured_image":false},"product_brand":[],"product_cat":[215],"product_tag":[],"class_list":{"0":"post-9502","1":"product","2":"type-product","3":"status-publish","5":"product_cat-huiles-pour-moteurs-a-gaz","7":"first","8":"instock","9":"taxable","10":"shipping-taxable","11":"purchasable","12":"product-type-simple"},"acf":[],"_links":{"self":[{"href":"https:\/\/webshop.ingelbeen.be\/fr\/wp-json\/wp\/v2\/product\/9502","targetHints":{"allow":["GET"]}}],"collection":[{"href":"https:\/\/webshop.ingelbeen.be\/fr\/wp-json\/wp\/v2\/product"}],"about":[{"href":"https:\/\/webshop.ingelbeen.be\/fr\/wp-json\/wp\/v2\/types\/product"}],"wp:attachment":[{"href":"https:\/\/webshop.ingelbeen.be\/fr\/wp-json\/wp\/v2\/media?parent=9502"}],"wp:term":[{"taxonomy":"product_brand","embeddable":true,"href":"https:\/\/webshop.ingelbeen.be\/fr\/wp-json\/wp\/v2\/product_brand?post=9502"},{"taxonomy":"product_cat","embeddable":true,"href":"https:\/\/webshop.ingelbeen.be\/fr\/wp-json\/wp\/v2\/product_cat?post=9502"},{"taxonomy":"product_tag","embeddable":true,"href":"https:\/\/webshop.ingelbeen.be\/fr\/wp-json\/wp\/v2\/product_tag?post=9502"}],"curies":[{"name":"wp","href":"https:\/\/api.w.org\/{rel}","templated":true}]}}