{"id":9506,"date":"2024-04-30T13:10:33","date_gmt":"2024-04-30T12:10:33","guid":{"rendered":"https:\/\/ingelbeen.kneet.be\/product\/mobil-pegasus-705-2\/"},"modified":"2024-06-26T16:14:04","modified_gmt":"2024-06-26T15:14:04","slug":"mobil-pegasus-705-2","status":"publish","type":"product","link":"https:\/\/webshop.ingelbeen.be\/fr\/produit\/mobil-pegasus-705-2\/","title":{"rendered":"Mobil Pegasus 705"},"content":{"rendered":"<div class=\"compensation des d\u00e9tails du produit\">\n<div class=\"description de l'attribut du produit\">\n<div class=\"description de la valeur\">\n<p> Mobil Pegasus 705 est une huile pour moteur \u00e0 gaz SAE 40 haute performance de qualit\u00e9 sup\u00e9rieure formul\u00e9e pour lubrifier une large gamme de moteurs aliment\u00e9s au gaz naturel. Il est recommand\u00e9 pour les nouveaux moteurs \u00e0 quatre temps \u00e0 haut r\u00e9gime st\u0153chiom\u00e9triques et \u00e0 m\u00e9lange pauvre qui sont sensibles \u00e0 l&rsquo;usure des faces de soupape et des si\u00e8ges. Cette huile est \u00e9galement recommand\u00e9e pour la lubrification des compresseurs de gaz et d&rsquo;une large gamme de moteurs n\u00e9cessitant une huile \u00e0 faible teneur en cendres. Pegasus 705 est formul\u00e9 \u00e0 partir d&rsquo;huiles de base min\u00e9rales s\u00e9lectionn\u00e9es de haute qualit\u00e9 et d&rsquo;un syst\u00e8me d&rsquo;additifs de technologie avanc\u00e9e con\u00e7u pour offrir une excellente protection des composants du moteur et du compresseur et des niveaux r\u00e9duits de d\u00e9p\u00f4ts dans la chambre de combustion. Il pr\u00e9sente une stabilit\u00e9 chimique et une r\u00e9sistance exceptionnelles \u00e0 l\u2019oxydation et \u00e0 la nitration, ce qui se traduit par une dur\u00e9e de vie plus longue de l\u2019huile et des co\u00fbts de remplacement de filtre inf\u00e9rieurs. Ces avantages en termes de performances, combin\u00e9s \u00e0 des propri\u00e9t\u00e9s de d\u00e9tergence et de dispersion exceptionnelles, minimisent la formation de d\u00e9p\u00f4ts de cendres et de carbone qui pourraient entra\u00eener de mauvaises performances du moteur et une d\u00e9tonation.<\/p>\n<p> Pegasus 705 pr\u00e9sente d&rsquo;excellentes propri\u00e9t\u00e9s anticorrosion qui emp\u00eachent l&rsquo;usure corrosive des cylindres, des zones de soupapes et des roulements, ce qui prolonge la dur\u00e9e de vie du moteur. Son haut niveau de performance anti-usure r\u00e9duit l\u2019usure des bagues, des chemises et des roulements. Il offre \u00e9galement une protection exceptionnelle du si\u00e8ge et du visage des soupapes et r\u00e9duit l&rsquo;usure et la formation de d\u00e9p\u00f4ts dans les guides de soupape critiques des moteurs \u00e0 quatre temps turbocompress\u00e9s hautement charg\u00e9s.<\/p><\/div><\/div><\/div>\n<h2>Fonctionnalit\u00e9 et avantages potentiels<\/h2>\n<p> L&rsquo;huile pour moteur \u00e0 gaz Mobil Pegasus 705 permet d&rsquo;obtenir des moteurs plus propres, des taux d&rsquo;usure inf\u00e9rieurs et des performances moteur am\u00e9lior\u00e9es. Le produit est particuli\u00e8rement b\u00e9n\u00e9fique pour augmenter la dur\u00e9e de vie des soupapes et les performances du moteur dans les nouveaux moteurs \u00e0 quatre temps \u00e0 m\u00e9lange pauvre et \u00e0 grande vitesse fonctionnant sous de lourdes charges. Le r\u00e9sultat est une r\u00e9duction des co\u00fbts de maintenance et une capacit\u00e9 de production am\u00e9lior\u00e9e. L&rsquo;excellente stabilit\u00e9 chimique et \u00e0 l&rsquo;oxydation se traduit par des p\u00e9riodes de vidange plus longues et une r\u00e9duction des co\u00fbts de filtration. Pegasus 705 r\u00e9duit la formation de cendres et de carbone dans les chambres de combustion, ce qui entra\u00eene une r\u00e9duction des co\u00fbts de maintenance tout en am\u00e9liorant les performances du moteur et en r\u00e9duisant les co\u00fbts de carburant.<\/p>\n<table class=\"table table-ray\u00e9e\">\n <t\u00eate><\/p>\n<tr>\n<th>Fonctionnalit\u00e9s<\/th>\n<th>Avantages et b\u00e9n\u00e9fices potentiels<\/th>\n<\/tr>\n<p> <\/t\u00eate><br \/>\n <corps><\/p>\n<tr>\n<td>Excellentes propri\u00e9t\u00e9s anti-usure et anti-\u00e9raflures<\/td>\n<td>Usure r\u00e9duite des composants du moteur, \u00e9raflures r\u00e9duites des chemises des moteurs \u00e0 gaz fortement charg\u00e9s, offre une excellente protection contre le cambriolage<\/td>\n<\/tr>\n<tr>\n<td>Oxydation et stabilit\u00e9 chimique exceptionnelles<\/td>\n<td>Moteurs plus propres, intervalles de vidange prolong\u00e9s, co\u00fbts de filtrage r\u00e9duits, excellente r\u00e9sistance \u00e0 l&rsquo;oxydation et \u00e0 la nitration, r\u00e9duit la cok\u00e9faction et la formation de d\u00e9p\u00f4ts sous la couronne<\/td>\n<\/tr>\n<tr>\n<td>Formulation \u00e0 faible teneur en cendres<\/td>\n<td>R\u00e9duit l&rsquo;usure du si\u00e8ge, de la face et du guide de soupape, contr\u00f4le la formation de cendres dans la chambre de combustion et am\u00e9liore les performances des bougies d&rsquo;allumage, am\u00e9liore les performances du moteur, r\u00e9duit les co\u00fbts de carburant<\/td>\n<\/tr>\n<tr>\n<td>R\u00e9sistance \u00e0 la corrosion<\/td>\n<td>R\u00e9duit l&rsquo;usure des guides de soupape dans les moteurs \u00e0 gaz \u00e0 quatre temps, prot\u00e8ge les roulements et les composants internes<\/td>\n<\/tr>\n<tr>\n<td>Propri\u00e9t\u00e9s d\u00e9tergentes et dispersantes exceptionnelles<\/td>\n<td>Moteurs plus propres, performances am\u00e9lior\u00e9es du cylindre sup\u00e9rieur<\/td>\n<\/tr>\n<tr>\n<td>Dur\u00e9e de vie du filtre plus longue, co\u00fbts de maintenance r\u00e9duits<\/td>\n<\/tr>\n<\/tbody>\n<\/table>\n<h2>Applications<\/h2>\n<ul>\n<li>Moteurs \u00e0 gaz st\u0153chiom\u00e9triques et \u00e0 m\u00e9lange pauvre \u00e0 haut r\u00e9gime sensibles \u00e0 la r\u00e9cession des si\u00e8ges de soupape<\/li>\n<li>Carters et cylindres de puissance des moteurs \u00e0 gaz \u00e0 deux et quatre temps \u00e0 allumage par \u00e9tincelle<\/li>\n<li>Recommand\u00e9 pour les applications n\u00e9cessitant des formulations \u00e0 faible teneur en cendres<\/li>\n<li>Cylindres de compresseur de gaz naturel alternatifs<\/li>\n<li>Moteurs \u00e0 haut rendement ou \u00e0 temp\u00e9rature ambiante fonctionnant \u00e0 la capacit\u00e9 nominale ou au-del\u00e0 \u00e0 des temp\u00e9ratures \u00e9lev\u00e9es<\/li>\n<li>Moteurs fonctionnant avec du carburant contenant de faibles niveaux de sulfure d&rsquo;hydrog\u00e8ne<\/li>\n<\/ul>\n<h2>Sp\u00e9cifications et homologations<\/h2>\n<h3>Satisfait ou d\u00e9passe les exigences de<\/h3>\n<ul>\n<li>Chenille<\/li>\n<\/ul>\n<h3>Ce produit a les approbations de constructeur suivantes<\/h3>\n<ul>\n<li>MTU Cat\u00e9gorie 1<\/li>\n<li>HUILE POUR MOTEUR \u00c0 GAZ PERKINS &#8211; GAZ NATUREL<\/li>\n<li>GE JENBACHER TI 1000-1109<\/li>\n<li>MWN GmBH TR 0199-99-2105\/7, huiles lubrifiantes pour moteurs \u00e0 gaz<\/li>\n<li>VERRUCHE 34SG<\/li>\n<li>WARTSILA 32 DF<\/li>\n<li>VERRUCHE 28SG<\/li>\n<li>WARTSILA 220 SG<\/li>\n<li>VERRUCHE NSD W25SG<\/li>\n<li>WARTSILA NSD W12V150SG, W12V175SG, W16V175SG<\/li>\n<li>Agr\u00e9ment MAN 3271-2<\/li>\n<\/ul>\n","protected":false},"excerpt":{"rendered":"<p>Mobil Pegasus 705 est une huile moteur \u00e0 gaz SAE 40 haute performance, formul\u00e9e pour lubrifier de nombreux moteurs fonctionnant au gaz naturel.<\/p>\n","protected":false},"featured_media":10102,"template":"","meta":{"_acf_changed":false,"inline_featured_image":false},"product_brand":[],"product_cat":[215],"product_tag":[],"class_list":{"0":"post-9506","1":"product","2":"type-product","3":"status-publish","4":"has-post-thumbnail","6":"product_cat-huiles-pour-moteurs-a-gaz","8":"first","9":"instock","10":"taxable","11":"shipping-taxable","12":"purchasable","13":"product-type-simple"},"acf":[],"_links":{"self":[{"href":"https:\/\/webshop.ingelbeen.be\/fr\/wp-json\/wp\/v2\/product\/9506","targetHints":{"allow":["GET"]}}],"collection":[{"href":"https:\/\/webshop.ingelbeen.be\/fr\/wp-json\/wp\/v2\/product"}],"about":[{"href":"https:\/\/webshop.ingelbeen.be\/fr\/wp-json\/wp\/v2\/types\/product"}],"wp:featuredmedia":[{"embeddable":true,"href":"https:\/\/webshop.ingelbeen.be\/fr\/wp-json\/wp\/v2\/media\/10102"}],"wp:attachment":[{"href":"https:\/\/webshop.ingelbeen.be\/fr\/wp-json\/wp\/v2\/media?parent=9506"}],"wp:term":[{"taxonomy":"product_brand","embeddable":true,"href":"https:\/\/webshop.ingelbeen.be\/fr\/wp-json\/wp\/v2\/product_brand?post=9506"},{"taxonomy":"product_cat","embeddable":true,"href":"https:\/\/webshop.ingelbeen.be\/fr\/wp-json\/wp\/v2\/product_cat?post=9506"},{"taxonomy":"product_tag","embeddable":true,"href":"https:\/\/webshop.ingelbeen.be\/fr\/wp-json\/wp\/v2\/product_tag?post=9506"}],"curies":[{"name":"wp","href":"https:\/\/api.w.org\/{rel}","templated":true}]}}