{"id":9508,"date":"2024-04-30T13:10:33","date_gmt":"2024-04-30T12:10:33","guid":{"rendered":"https:\/\/ingelbeen.kneet.be\/product\/mobil-pegasus-710\/"},"modified":"2024-06-26T16:14:05","modified_gmt":"2024-06-26T15:14:05","slug":"mobil-pegasus-710","status":"publish","type":"product","link":"https:\/\/webshop.ingelbeen.be\/fr\/produit\/mobil-pegasus-710\/","title":{"rendered":"Mobil Pegasus 710"},"content":{"rendered":"<div class=\"compensation des d\u00e9tails du produit\">\n<div class=\"description de l'attribut du produit\">\n<div class=\"description de la valeur\">\n<p> Mobil Pegasus\u2122 710 est une huile pour moteur \u00e0 gaz de haute performance destin\u00e9e principalement \u00e0 la lubrification des moteurs modernes \u00e0 quatre temps \u00e0 haut r\u00e9gime o\u00f9 la consommation d&rsquo;huile est tr\u00e8s faible. Ces moteurs sont g\u00e9n\u00e9ralement de conception \u00e0 m\u00e9lange pauvre, dans lesquels des pressions d&rsquo;admission accrues emp\u00eachent une quantit\u00e9 suffisante de lubrifiant de p\u00e9n\u00e9trer dans les zones des guides de soupape. Cette huile est \u00e9galement recommand\u00e9e pour la lubrification des compresseurs de gaz. Il est formul\u00e9 \u00e0 partir d&rsquo;huiles de base min\u00e9rales de haute qualit\u00e9 et d&rsquo;un syst\u00e8me avanc\u00e9 d&rsquo;additifs \u00e0 cendres moyennes con\u00e7u pour fournir une excellente protection des composants du moteur et du compresseur. Il pr\u00e9sente un haut niveau de stabilit\u00e9 chimique et de r\u00e9sistance \u00e0 l\u2019oxydation et \u00e0 la nitration. Pegasus 710 offre une r\u00e9sistance exceptionnelle \u00e0 l\u2019usure des commandes de soupapes et une protection contre la formation de d\u00e9p\u00f4ts. Ces avantages en termes de performances, combin\u00e9s \u00e0 son syst\u00e8me de d\u00e9tergence et de dispersion tr\u00e8s efficace, contr\u00f4lent la formation de cendres et de d\u00e9p\u00f4ts de carbone qui pourraient entra\u00eener de mauvaises performances du moteur et une d\u00e9tonation.<\/p>\n<p> Sa r\u00e9serve d&rsquo;alcalinit\u00e9 \u00e9lev\u00e9e et sa r\u00e9tention de TBN le rendent \u00e9galement adapt\u00e9 aux moteurs fonctionnant avec des carburants contenant de faibles quantit\u00e9s de mati\u00e8res corrosives telles que le sulfure d&rsquo;hydrog\u00e8ne. Les excellentes propri\u00e9t\u00e9s anticorrosion pr\u00e9viennent l&rsquo;usure corrosive des cylindres, des zones de soupapes et des roulements, ce qui prolonge la dur\u00e9e de vie du moteur. Les performances anti-usure et anti-\u00e9raflures de Mobil Pegasus 710 garantissent un minimum d&rsquo;\u00e9raflures, de rayures et d&rsquo;usure des cylindres et des segments des pistons.<\/p><\/div><\/div><\/div>\n<h2>Fonctionnalit\u00e9 et avantages potentiels<\/h2>\n<p> L&rsquo;huile pour moteur \u00e0 gaz Mobil Pegasus 710 offre des moteurs plus propres, des taux d&rsquo;usure inf\u00e9rieurs et des performances moteur am\u00e9lior\u00e9es. L&rsquo;utilisation de ce produit entra\u00eenera une r\u00e9duction des co\u00fbts de maintenance et une am\u00e9lioration de la capacit\u00e9 de production. Leur excellente stabilit\u00e9 chimique et \u00e0 l\u2019oxydation se traduit par des p\u00e9riodes de vidange plus longues et une r\u00e9duction des co\u00fbts de filtration. La r\u00e9serve d&rsquo;alcalinit\u00e9 \u00e9lev\u00e9e de ce produit permet son utilisation dans les moteurs fonctionnant avec des carburants contenant de faibles quantit\u00e9s de mati\u00e8res corrosives dans le gaz combustible.<\/p>\n<table class=\"table table-ray\u00e9e\">\n <t\u00eate><\/p>\n<tr>\n<th>Fonctionnalit\u00e9s<\/th>\n<th>Avantages et b\u00e9n\u00e9fices potentiels<\/th>\n<\/tr>\n<p> <\/t\u00eate><br \/>\n <corps><\/p>\n<tr>\n<td>Propri\u00e9t\u00e9s anti-usure et anti-\u00e9raflures exceptionnelles<\/td>\n<td>Usure r\u00e9duite des composants du moteur, \u00e9raflures r\u00e9duites des chemises des moteurs \u00e0 gaz fortement charg\u00e9s, offre une excellente protection contre le cambriolage<\/td>\n<\/tr>\n<tr>\n<td>Haute stabilit\u00e9 chimique et oxydation<\/td>\n<td>Moteurs plus propres, intervalles de vidange prolong\u00e9s, co\u00fbts de filtrage r\u00e9duits, excellente r\u00e9sistance \u00e0 l&rsquo;oxydation et \u00e0 la nitration<\/td>\n<\/tr>\n<tr>\n<td>Formulation innovante de cendres moyennes<\/td>\n<td>Prot\u00e8ge les si\u00e8ges et les faces des soupapes sur les moteurs \u00e0 quatre temps<\/td>\n<\/tr>\n<tr>\n<td>Contr\u00f4le la formation de cendres dans la chambre de combustion et am\u00e9liore les performances des bougies d&rsquo;allumage<\/td>\n<\/tr>\n<tr>\n<td>Excellente r\u00e9sistance \u00e0 la corrosion<\/td>\n<td>R\u00e9duit l&rsquo;usure des guides de soupape dans les moteurs \u00e0 gaz \u00e0 quatre temps, prot\u00e8ge les roulements et les composants internes<\/td>\n<\/tr>\n<tr>\n<td>Alcalinit\u00e9 de r\u00e9serve exceptionnelle<\/td>\n<td>Contr\u00f4le la formation d&rsquo;acides dans l&rsquo;huile, prot\u00e8ge les composants du moteur des attaques acides<\/td>\n<\/tr>\n<\/tbody>\n<\/table>\n<h2>Applications<\/h2>\n<ul>\n<li>Moteurs \u00e0 gaz \u00e0 quatre temps \u00e0 allumage par \u00e9tincelle avec une tr\u00e8s faible consommation d&rsquo;huile<\/li>\n<li>Les moteurs subissent une usure et une corrosion des soupapes<\/li>\n<li>Moteurs fonctionnant avec du carburant contenant de faibles niveaux de compos\u00e9s de soufre et de chlore<\/li>\n<li>Cylindres de compresseur alternatif comprimant du gaz naturel<\/li>\n<li>Moteurs \u00e0 haut rendement ou \u00e0 temp\u00e9rature ambiante fonctionnant \u00e0 la capacit\u00e9 nominale ou au-del\u00e0 \u00e0 des temp\u00e9ratures \u00e9lev\u00e9es<\/li>\n<\/ul>\n<h2>Sp\u00e9cifications et homologations<\/h2>\n<h3>Satisfait ou d\u00e9passe les exigences de<\/h3>\n<ul>\n<li>Moteurs 2 temps MAN Energy Solutions Copenhague (Heritage MAN B&amp;W) conformes aux derni\u00e8res directives d&rsquo;exploitation du fabricant<\/li>\n<\/ul>\n<h3>Ce produit a les approbations de constructeur suivantes<\/h3>\n<ul>\n<li>Applications de cog\u00e9n\u00e9ration de moteurs GE Waukesha utilisant du gaz de qualit\u00e9 pipeline<\/li>\n<li>Moteurs \u00e0 gaz MTU Onsite Energy s\u00e9rie 400<\/li>\n<li>HOMME M 3271-4<\/li>\n<li>GE JENBACHER TI 1000-1109 (gaz combustible de classe B, s\u00e9ries 2 et 3)<\/li>\n<\/ul>\n","protected":false},"excerpt":{"rendered":"<p>Mobil Pegasus\u2122 710 est une huile moteur \u00e0 gaz haute performance principalement destin\u00e9e \u00e0 la lubrification des moteurs modernes quatre temps \u00e0 haute vitesse avec une faible consommation d&rsquo;huile.<\/p>\n","protected":false},"featured_media":10105,"template":"","meta":{"_acf_changed":false,"inline_featured_image":false},"product_brand":[],"product_cat":[215],"product_tag":[],"class_list":{"0":"post-9508","1":"product","2":"type-product","3":"status-publish","4":"has-post-thumbnail","6":"product_cat-huiles-pour-moteurs-a-gaz","8":"first","9":"instock","10":"taxable","11":"shipping-taxable","12":"purchasable","13":"product-type-simple"},"acf":[],"_links":{"self":[{"href":"https:\/\/webshop.ingelbeen.be\/fr\/wp-json\/wp\/v2\/product\/9508","targetHints":{"allow":["GET"]}}],"collection":[{"href":"https:\/\/webshop.ingelbeen.be\/fr\/wp-json\/wp\/v2\/product"}],"about":[{"href":"https:\/\/webshop.ingelbeen.be\/fr\/wp-json\/wp\/v2\/types\/product"}],"wp:featuredmedia":[{"embeddable":true,"href":"https:\/\/webshop.ingelbeen.be\/fr\/wp-json\/wp\/v2\/media\/10105"}],"wp:attachment":[{"href":"https:\/\/webshop.ingelbeen.be\/fr\/wp-json\/wp\/v2\/media?parent=9508"}],"wp:term":[{"taxonomy":"product_brand","embeddable":true,"href":"https:\/\/webshop.ingelbeen.be\/fr\/wp-json\/wp\/v2\/product_brand?post=9508"},{"taxonomy":"product_cat","embeddable":true,"href":"https:\/\/webshop.ingelbeen.be\/fr\/wp-json\/wp\/v2\/product_cat?post=9508"},{"taxonomy":"product_tag","embeddable":true,"href":"https:\/\/webshop.ingelbeen.be\/fr\/wp-json\/wp\/v2\/product_tag?post=9508"}],"curies":[{"name":"wp","href":"https:\/\/api.w.org\/{rel}","templated":true}]}}