{"id":9514,"date":"2024-04-30T13:10:33","date_gmt":"2024-04-30T12:10:33","guid":{"rendered":"https:\/\/ingelbeen.kneet.be\/product\/mobil-pegasus-805-2\/"},"modified":"2024-06-26T16:14:05","modified_gmt":"2024-06-26T15:14:05","slug":"mobil-pegasus-805-2","status":"publish","type":"product","link":"https:\/\/webshop.ingelbeen.be\/fr\/produit\/mobil-pegasus-805-2\/","title":{"rendered":"Mobil Pegasus 805"},"content":{"rendered":"<div class=\"compensation des d\u00e9tails du produit\">\n<div class=\"description de l'attribut du produit\">\n<div class=\"description de la valeur\">\n<p> Mobil Pegasus\u2122 805 est une huile pour moteur \u00e0 gaz de haute performance con\u00e7ue pour r\u00e9pondre aux exigences rigoureuses des moteurs \u00e0 quatre temps \u00e0 haut rendement d&rsquo;aujourd&rsquo;hui, con\u00e7us pour r\u00e9duire les \u00e9missions et am\u00e9liorer le rendement \u00e9nerg\u00e9tique. Ces moteurs \u00e0 gaz fonctionnent g\u00e9n\u00e9ralement dans des conditions de charge \u00e9lev\u00e9e et de temp\u00e9rature \u00e9lev\u00e9e. Mobil Pegasus 805 est fabriqu\u00e9 \u00e0 partir d&rsquo;huiles de base de haute qualit\u00e9 et d&rsquo;un syst\u00e8me d&rsquo;additifs de technologie avanc\u00e9e qui offre une stabilit\u00e9 \u00e0 l&rsquo;oxydation, une r\u00e9sistance \u00e0 la nitration et une stabilit\u00e9 thermique exceptionnelles. Son syst\u00e8me d\u00e9tergent et dispersant contr\u00f4le la formation de d\u00e9p\u00f4ts de carbone, de laque et de boues, ce qui permet d&rsquo;obtenir des moteurs plus propres, une dur\u00e9e de vie de l&rsquo;huile plus longue et des co\u00fbts de filtrage r\u00e9duits.<\/p>\n<p> Mobil Pegasus 805 est \u00e9galement con\u00e7u pour offrir une protection exceptionnelle contre les \u00e9raflures, les rayures et l&rsquo;usure des segments et des chemises des pistons. Il pr\u00e9sente une excellente r\u00e9sistance au moussage, une bonne d\u00e9s\u00e9mulsibilit\u00e9 et une protection contre la corrosion. Il est formul\u00e9 avec de tr\u00e8s faibles niveaux de zinc et de phosphore, ce qui le rend compatible avec les moteurs \u00e9quip\u00e9s de pots catalytiques.<\/p><\/div><\/div><\/div>\n<h2>Fonctionnalit\u00e9 et avantages potentiels<\/h2>\n<p> Mobil Pegasus 805 est con\u00e7u pour offrir une dur\u00e9e de vie optimale du moteur et de faibles co\u00fbts de maintenance. Il r\u00e9pond \u00e0 un large \u00e9ventail d&rsquo;exigences des constructeurs OEM, ce qui en fait un excellent choix lorsque des moteurs \u00e0 quatre temps \u00e0 grande vitesse de divers constructeurs sont utilis\u00e9s. Sa technologie innovante unique permet de contr\u00f4ler l\u2019usure des composants du syst\u00e8me de soupapes et r\u00e9duit le risque d\u2019\u00e9raflures, de rayures et d\u2019usure acc\u00e9l\u00e9r\u00e9e des pistons et des segments. Le r\u00e9sultat final est une r\u00e9duction des co\u00fbts d\u2019exploitation et d\u2019entretien de vos moteurs \u00e0 gaz.<\/p>\n<table class=\"table table-ray\u00e9e\">\n <t\u00eate><\/p>\n<tr>\n<th>Fonctionnalit\u00e9s<\/th>\n<th>Avantages et b\u00e9n\u00e9fices potentiels<\/th>\n<\/tr>\n<p> <\/t\u00eate><br \/>\n <corps><\/p>\n<tr>\n<td>R\u00e9sistance exceptionnelle \u00e0 l&rsquo;oxydation et \u00e0 la nitration<\/td>\n<td>Moteurs plus propres, service d&rsquo;huile et de filtre plus long, performances du moteur am\u00e9lior\u00e9es<\/td>\n<\/tr>\n<tr>\n<td>Protection anti-usure et anti-\u00e9raflures exceptionnelle<\/td>\n<td>R\u00e9duction des rayures, des \u00e9raflures et de l&rsquo;usure des pistons et des chemises, Haut niveau de protection dans les moteurs \u00e0 pleine charge, Co\u00fbts de maintenance r\u00e9duits<\/td>\n<\/tr>\n<tr>\n<td>Syst\u00e8me d&rsquo;additifs technologiques avanc\u00e9s<\/td>\n<td>Excellente protection des composants du syst\u00e8me de soupapes, niveaux r\u00e9duits de cendres dans la chambre de combustion, dur\u00e9e de vie am\u00e9lior\u00e9e des bougies d&rsquo;allumage<\/td>\n<\/tr>\n<tr>\n<td>Protection contre la corrosion tr\u00e8s efficace<\/td>\n<td>Prot\u00e8ge les composants internes du moteur de l&rsquo;eau, du liquide de refroidissement et des mati\u00e8res acides, neutralise les acides form\u00e9s lors de la combustion ou de la d\u00e9gradation de l&rsquo;huile<\/td>\n<\/tr>\n<tr>\n<td>Excellentes performances d\u00e9tergentes\/dispersantes<\/td>\n<td>Prot\u00e8ge les composants du syst\u00e8me de soupapes, R\u00e9duit les d\u00e9p\u00f4ts de cendres et de carbone dans les chambres de combustion, Am\u00e9liore la dur\u00e9e de vie et les performances des bougies d&rsquo;allumage, R\u00e9duit les co\u00fbts de remplacement des filtres<\/td>\n<\/tr>\n<\/tbody>\n<\/table>\n<h2>Applications<\/h2>\n<ul>\n<li>Caterpillar, Superior, Waukesha et autres moteurs quatre temps turbocompress\u00e9s, atmosph\u00e9riques, \u00e0 r\u00e9gime moyen \u00e0 \u00e9lev\u00e9 n\u00e9cessitant une huile \u00e0 faible teneur en cendres<\/li>\n<li>Moteurs pr\u00e9sentant une usure des faces de soupape et des si\u00e8ges<\/li>\n<li>Moteurs \u00e0 quatre temps \u00e0 m\u00e9lange pauvre et st\u0153chiom\u00e9triques<\/li>\n<li>Moteurs \u00e9quip\u00e9s de pots catalytiques<\/li>\n<li>Applications utilisant des carburants alternatifs contenant de faibles niveaux de soufre ou de chlore<\/li>\n<li>Dans les op\u00e9rations de collecte sur le terrain o\u00f9 du gaz acide (faibles niveaux de H2S) est utilis\u00e9 comme combustible<\/li>\n<\/ul>\n<h2>Sp\u00e9cifications et homologations<\/h2>\n<h3>Satisfait ou d\u00e9passe les exigences de<\/h3>\n<ul>\n<li>CATERPILLAR<\/li>\n<\/ul>\n<h3>Ce produit a les approbations de constructeur suivantes<\/h3>\n<ul>\n<li>MWM GmbH TR 0199-99-2105\/7, huiles lubrifiantes pour moteurs \u00e0 gaz<\/li>\n<li>Verrue 34SG<\/li>\n<li>Verrue 32DF<\/li>\n<li>Verrue 28SG<\/li>\n<li>Wartsila\u00a0220\u00a0SG<\/li>\n<li>Waukesha (cog\u00e9n\u00e9ration)<\/li>\n<li>MAN N&#038;B D365600-1.35-1<\/li>\n<li>MAN B&amp;W D6628 3.3.6-01<\/li>\n<li>Moteur \u00e0 essence Perkins \u2013 gaz \u00e0 combustion<\/li>\n<li>Huile MTU de cat\u00e9gorie\u00a01\u00a0\u2013\u00a0SAE 40 pour moteurs \u00e0 essence<\/li>\n<li>GE Jenbacher TI 1000-1109 (gaz de marque classe A, s\u00e9ries 2, 3, 4 et 6)<\/li>\n<li>GE Jenbacher TI 1000-1109 (gaz de marque classe B, s\u00e9ries 4 et 6)<\/li>\n<li>Waukesha 12V\/18V 220 GL passages \u00e0 niveau<\/li>\n<\/ul>\n","protected":false},"excerpt":{"rendered":"<p>Mobil Pegasus\u2122 805 est une huile moteur \u00e0 gaz haute performance, d\u00e9velopp\u00e9e pour r\u00e9pondre aux exigences strictes des moteurs quatre temps actuels tr\u00e8s sollicit\u00e9s, con\u00e7ue pour r\u00e9duire les \u00e9missions nocives et la consommation de carburant.<\/p>\n","protected":false},"featured_media":0,"template":"","meta":{"_acf_changed":false,"inline_featured_image":false},"product_brand":[],"product_cat":[215],"product_tag":[],"class_list":{"0":"post-9514","1":"product","2":"type-product","3":"status-publish","5":"product_cat-huiles-pour-moteurs-a-gaz","7":"first","8":"instock","9":"taxable","10":"shipping-taxable","11":"purchasable","12":"product-type-simple"},"acf":[],"_links":{"self":[{"href":"https:\/\/webshop.ingelbeen.be\/fr\/wp-json\/wp\/v2\/product\/9514","targetHints":{"allow":["GET"]}}],"collection":[{"href":"https:\/\/webshop.ingelbeen.be\/fr\/wp-json\/wp\/v2\/product"}],"about":[{"href":"https:\/\/webshop.ingelbeen.be\/fr\/wp-json\/wp\/v2\/types\/product"}],"wp:attachment":[{"href":"https:\/\/webshop.ingelbeen.be\/fr\/wp-json\/wp\/v2\/media?parent=9514"}],"wp:term":[{"taxonomy":"product_brand","embeddable":true,"href":"https:\/\/webshop.ingelbeen.be\/fr\/wp-json\/wp\/v2\/product_brand?post=9514"},{"taxonomy":"product_cat","embeddable":true,"href":"https:\/\/webshop.ingelbeen.be\/fr\/wp-json\/wp\/v2\/product_cat?post=9514"},{"taxonomy":"product_tag","embeddable":true,"href":"https:\/\/webshop.ingelbeen.be\/fr\/wp-json\/wp\/v2\/product_tag?post=9514"}],"curies":[{"name":"wp","href":"https:\/\/api.w.org\/{rel}","templated":true}]}}