{"id":9520,"date":"2024-04-30T13:10:33","date_gmt":"2024-04-30T12:10:33","guid":{"rendered":"https:\/\/ingelbeen.kneet.be\/product\/mobil-polyrex-em-103\/"},"modified":"2024-06-26T16:14:05","modified_gmt":"2024-06-26T15:14:05","slug":"mobil-polyrex-em-103","status":"publish","type":"product","link":"https:\/\/webshop.ingelbeen.be\/fr\/produit\/mobil-polyrex-em-103\/","title":{"rendered":"Mobil Polyrex EM 103"},"content":{"rendered":"<div class=\"compensation des d\u00e9tails du produit\">\n<div class=\"description de l'attribut du produit\">\n<div class=\"description de la valeur\">\n<p> Les graisses Mobil Polyrex\u2122 s\u00e9rie EM de qualit\u00e9 sup\u00e9rieure sont sp\u00e9cialement formul\u00e9es pour les roulements de moteurs \u00e9lectriques. La formulation avanc\u00e9e d&rsquo;\u00e9paississant et les techniques de fabrication exclusives offrent des performances de roulement am\u00e9lior\u00e9es et une protection pour une longue dur\u00e9e de vie du moteur \u00e9lectrique.<\/p><\/div><\/div><\/div>\n<h2>Fonctionnalit\u00e9 et avantages potentiels<\/h2>\n<p> Mobil Polyrex EM et Mobil Polyrex EM 103 offrent les caract\u00e9ristiques et avantages suivants :<\/p>\n<table class=\"table table-ray\u00e9e\">\n <t\u00eate><\/p>\n<tr>\n<th>Fonctionnalit\u00e9s<\/th>\n<th>Avantages et b\u00e9n\u00e9fices potentiels<\/th>\n<\/tr>\n<p> <\/t\u00eate><br \/>\n <corps><\/p>\n<tr>\n<td>Dur\u00e9e de vie exceptionnelle de la graisse<\/td>\n<td>Lubrification exceptionnelle \u00e0 longue dur\u00e9e de vie et \u00e0 haute temp\u00e9rature des roulements \u00e0 billes et \u00e0 rouleaux, en particulier dans les applications \u00e9tanches \u00e0 vie<\/td>\n<\/tr>\n<tr>\n<td>\u00c9paississant avanc\u00e9 en polyur\u00e9e<\/td>\n<td>Durabilit\u00e9 accrue par rapport aux graisses polyur\u00e9es conventionnelles lorsqu&rsquo;elles sont soumises \u00e0 des forces de cisaillement m\u00e9caniques<\/td>\n<\/tr>\n<tr>\n<td>Excellente r\u00e9sistance \u00e0 la corrosion<\/td>\n<td>Mobil Polyrex EM et Mobil Polyrex EM 103 offrent une protection contre la rouille et la corrosion. Mobil Polyrex EM offre une protection suppl\u00e9mentaire dans des conditions de lavage \u00e0 l&rsquo;eau sal\u00e9e douce par rapport au Polyrex EM 103<\/td>\n<\/tr>\n<tr>\n<td>Propri\u00e9t\u00e9s \u00e0 faible bruit<\/td>\n<td>Mobil Polyrex EM convient \u00e0 la lubrification des roulements \u00e0 billes dans de nombreuses applications sensibles au bruit<\/td>\n<\/tr>\n<\/tbody>\n<\/table>\n<h2>Applications<\/h2>\n<p> Les graisses Mobil Polyrex EM sont recommand\u00e9es par de nombreux grands fabricants de roulements et de moteurs \u00e9lectriques pour la lubrification longue dur\u00e9e des roulements \u00e0 billes et \u00e0 rouleaux des moteurs \u00e9lectriques.<\/p>\n<p> Mobil Polyrex EM 103 est plus particuli\u00e8rement recommand\u00e9 pour les applications telles que les roulements mont\u00e9s verticalement ou les tr\u00e8s gros moteurs pour lesquels une consistance de graisse plus rigide peut \u00eatre exig\u00e9e par l&rsquo;OEM.<\/p>\n<p> Il a \u00e9t\u00e9 d\u00e9montr\u00e9 que les graisses Mobil Polyrex EM sont compatibles avec un certain nombre de graisses complexes au lithium ExxonMobil, ainsi qu&rsquo;avec des produits concurrents \u00e0 base de polyur\u00e9e min\u00e9rale pour moteurs \u00e9lectriques, comme d\u00e9termin\u00e9 par la m\u00e9thodologie ASTM D6185.\u00a0 Pour des questions sp\u00e9cifiques sur la compatibilit\u00e9 des graisses, contactez votre repr\u00e9sentant Mobil.<\/p>\n<p> <strong>Les principales applications incluent\u00a0:\u00a0<\/strong><\/p>\n<ul>\n<li>Roulements de moteur \u00e9lectrique<\/li>\n<li>Roulements de ventilateur \u00e0 ailettes<\/li>\n<li>Roulements de pompe haute temp\u00e9rature<\/li>\n<li>Roulements \u00e0 billes remplis en usine et scell\u00e9s \u00e0 vie<\/li>\n<li>Roulements \u00e0 billes ou \u00e0 rouleaux fonctionnant \u00e0 des temp\u00e9ratures \u00e9lev\u00e9es lorsqu&rsquo;une faible s\u00e9paration d&rsquo;huile est requise<\/li>\n<li>Mobil Polyrex EM pour roulements \u00e0 billes ou \u00e0 rouleaux fonctionnant dans des environnements sensibles au bruit<\/li>\n<\/ul>\n","protected":false},"excerpt":{"rendered":"<p>La s\u00e9rie Mobil Polyrex\u2122 EM est compos\u00e9e de graisses haute performance sp\u00e9cialement formul\u00e9es pour les roulements de moteurs \u00e9lectriques. La formule avanc\u00e9e de l&rsquo;\u00e9paississant et les techniques de fabrication brevet\u00e9es assurent une performance et une protection am\u00e9lior\u00e9es des roulements pour une longue dur\u00e9e de vie du moteur \u00e9lectrique.<\/p>\n","protected":false},"featured_media":0,"template":"","meta":{"_acf_changed":false,"inline_featured_image":false},"product_brand":[],"product_cat":[217],"product_tag":[],"class_list":{"0":"post-9520","1":"product","2":"type-product","3":"status-publish","5":"product_cat-graisses","7":"first","8":"instock","9":"taxable","10":"shipping-taxable","11":"purchasable","12":"product-type-simple"},"acf":[],"_links":{"self":[{"href":"https:\/\/webshop.ingelbeen.be\/fr\/wp-json\/wp\/v2\/product\/9520","targetHints":{"allow":["GET"]}}],"collection":[{"href":"https:\/\/webshop.ingelbeen.be\/fr\/wp-json\/wp\/v2\/product"}],"about":[{"href":"https:\/\/webshop.ingelbeen.be\/fr\/wp-json\/wp\/v2\/types\/product"}],"wp:attachment":[{"href":"https:\/\/webshop.ingelbeen.be\/fr\/wp-json\/wp\/v2\/media?parent=9520"}],"wp:term":[{"taxonomy":"product_brand","embeddable":true,"href":"https:\/\/webshop.ingelbeen.be\/fr\/wp-json\/wp\/v2\/product_brand?post=9520"},{"taxonomy":"product_cat","embeddable":true,"href":"https:\/\/webshop.ingelbeen.be\/fr\/wp-json\/wp\/v2\/product_cat?post=9520"},{"taxonomy":"product_tag","embeddable":true,"href":"https:\/\/webshop.ingelbeen.be\/fr\/wp-json\/wp\/v2\/product_tag?post=9520"}],"curies":[{"name":"wp","href":"https:\/\/api.w.org\/{rel}","templated":true}]}}