{"id":9524,"date":"2024-04-30T13:10:33","date_gmt":"2024-04-30T12:10:33","guid":{"rendered":"https:\/\/ingelbeen.kneet.be\/product\/mobil-pyrolube-830\/"},"modified":"2024-06-26T16:14:05","modified_gmt":"2024-06-26T15:14:05","slug":"mobil-pyrolube-830","status":"publish","type":"product","link":"https:\/\/webshop.ingelbeen.be\/fr\/produit\/mobil-pyrolube-830\/","title":{"rendered":"Mobil Pyrolube 830"},"content":{"rendered":"<div class=\"compensation des d\u00e9tails du produit\">\n<div class=\"description de l'attribut du produit\">\n<div class=\"description de la valeur\">\n<p> Mobil Pyrolube 830 est un lubrifiant haute temp\u00e9rature sup\u00e9rieur fabriqu\u00e9 \u00e0 partir d&rsquo;un m\u00e9lange de poids mol\u00e9culaire \u00e9lev\u00e9<br \/>\n hydrocarbures et esters synth\u00e9tiques avec un pack d&rsquo;additifs sp\u00e9ciaux anti-usure. Il fournit un niveau \u00e9conomique \u00e9lev\u00e9<br \/>\n lubrification thermique dans les applications soumises aux conditions oxydantes les plus s\u00e9v\u00e8res.<\/p><\/div><\/div><\/div>\n<h2>Fonctionnalit\u00e9 et avantages potentiels<\/h2>\n<p> Mobil Pyrolube 830 offre les avantages suivants :<\/p>\n<p> \u00b7 Excellentes performances \u00e9prouv\u00e9es \u00e0 des temp\u00e9ratures allant jusqu&rsquo;\u00e0 230\u00baC<br \/>\n \u00b7 Ne laisse aucun d\u00e9p\u00f4t carbon\u00e9 ni boue<br \/>\n \u00b7 R\u00e9siste \u00e0 l&rsquo;\u00e9vaporation et fournit une lubrification \u00e0 long terme<br \/>\n \u00b7 Aucune odeur ou \u00e9mission d\u00e9sagr\u00e9able<br \/>\n \u00b7 Fournit une excellente lubrification et protection contre l&rsquo;usure<br \/>\n \u00b7 Appliqu\u00e9 par un \u00e9quipement conventionnel<br \/>\n \u00b7 Une lubrification am\u00e9lior\u00e9e peut entra\u00eener une r\u00e9duction de la consommation d&rsquo;\u00e9nergie<\/p>\n<h2>Applications<\/h2>\n<p> Mobil Pyrolube 830 est recommand\u00e9 comme lubrifiant pour maillons de cha\u00eene de four dans les proc\u00e9d\u00e9s \u00e0 haute temp\u00e9rature dans le<br \/>\n industries de la laine min\u00e9rale, de la c\u00e9ramique, du textile, du papier, du bois, du verre, de la peinture, de la fibre de verre, de l&rsquo;alimentation et de la chimie. Dans ceux-ci et<br \/>\n applications similaires, ses caract\u00e9ristiques anti-usure et de longue dur\u00e9e de vie peuvent \u00eatre utilis\u00e9es pour fournir une efficacit\u00e9 continue<br \/>\n lubrification avec une consommation minimale.<br \/>\n Mobil Pyrolube 830 est \u00e9galement recommand\u00e9 pour une utilisation dans les syst\u00e8mes de lubrification des machines de fabrication du verre et<br \/>\n d&rsquo;autres applications soumises \u00e0 des temp\u00e9ratures \u00e9lev\u00e9es telles que les roulements de roue de chariot de four, les roulements de ventilateur de four, etc. (<br \/>\n Pour les bo\u00eetes de vitesses, l&rsquo;une des huiles Mobilgear SHC XMP est un lubrifiant pr\u00e9f\u00e9rable. ).<br \/>\n Mobil Pyrolube 830 peut \u00eatre appliqu\u00e9 par la plupart des m\u00e9thodes conventionnelles d&rsquo;injection, d&rsquo;\u00e9claboussure et de pulv\u00e9risation. Il est conseill\u00e9 de<br \/>\n nettoyer soigneusement les cha\u00eenes avant de passer au Mobil Pyrolube 830, car les impuret\u00e9s en suspension dans l&rsquo;air et autres<br \/>\n adh\u00e8re aux boues et aux d\u00e9p\u00f4ts des lubrifiants \u00e0 base d\u2019huile min\u00e9rale conventionnelle pr\u00e9c\u00e9demment utilis\u00e9s. De tels d\u00e9p\u00f4ts<br \/>\n peut \u00e9galement emp\u00eacher Mobil Pyrolube 830 d&rsquo;atteindre les zones de la cha\u00eene sujettes \u00e0 l&rsquo;usure.<\/p>\n","protected":false},"excerpt":{"rendered":"<p>Mobil Pyrolube 830 est un lubrifiant haute temp\u00e9rature sup\u00e9rieur compos\u00e9 d&rsquo;un m\u00e9lange d&rsquo;hydrocarbures synth\u00e9tiques et d&rsquo;esters de poids mol\u00e9culaire \u00e9lev\u00e9, compl\u00e9t\u00e9 par un paquet d&rsquo;additifs anti-usure sp\u00e9cial. Il offre une lubrification \u00e9conomique \u00e0 haute temp\u00e9rature dans des applications soumises aux conditions oxydantes les plus s\u00e9v\u00e8res.<\/p>\n","protected":false},"featured_media":10105,"template":"","meta":{"_acf_changed":false,"inline_featured_image":false},"product_brand":[],"product_cat":[183],"product_tag":[],"class_list":{"0":"post-9524","1":"product","2":"type-product","3":"status-publish","4":"has-post-thumbnail","6":"product_cat-divers","8":"first","9":"instock","10":"taxable","11":"shipping-taxable","12":"purchasable","13":"product-type-simple"},"acf":[],"_links":{"self":[{"href":"https:\/\/webshop.ingelbeen.be\/fr\/wp-json\/wp\/v2\/product\/9524","targetHints":{"allow":["GET"]}}],"collection":[{"href":"https:\/\/webshop.ingelbeen.be\/fr\/wp-json\/wp\/v2\/product"}],"about":[{"href":"https:\/\/webshop.ingelbeen.be\/fr\/wp-json\/wp\/v2\/types\/product"}],"wp:featuredmedia":[{"embeddable":true,"href":"https:\/\/webshop.ingelbeen.be\/fr\/wp-json\/wp\/v2\/media\/10105"}],"wp:attachment":[{"href":"https:\/\/webshop.ingelbeen.be\/fr\/wp-json\/wp\/v2\/media?parent=9524"}],"wp:term":[{"taxonomy":"product_brand","embeddable":true,"href":"https:\/\/webshop.ingelbeen.be\/fr\/wp-json\/wp\/v2\/product_brand?post=9524"},{"taxonomy":"product_cat","embeddable":true,"href":"https:\/\/webshop.ingelbeen.be\/fr\/wp-json\/wp\/v2\/product_cat?post=9524"},{"taxonomy":"product_tag","embeddable":true,"href":"https:\/\/webshop.ingelbeen.be\/fr\/wp-json\/wp\/v2\/product_tag?post=9524"}],"curies":[{"name":"wp","href":"https:\/\/api.w.org\/{rel}","templated":true}]}}