{"id":9526,"date":"2024-04-30T13:10:33","date_gmt":"2024-04-30T12:10:33","guid":{"rendered":"https:\/\/ingelbeen.kneet.be\/product\/mobil-pyrotec-hfc-46\/"},"modified":"2024-06-26T16:14:05","modified_gmt":"2024-06-26T15:14:05","slug":"mobil-pyrotec-hfc-46","status":"publish","type":"product","link":"https:\/\/webshop.ingelbeen.be\/fr\/produit\/mobil-pyrotec-hfc-46\/","title":{"rendered":"Mobil Pyrotec HFC 46"},"content":{"rendered":"<p>Mobil Pyrotec HFC 46 pr\u00e9sente les avantages potentiels suivants\u00a0:<\/p>\n<ul>\n<li>R\u00e9sistance inh\u00e9rente aux risques d&rsquo;incendie<\/li>\n<li>Excellentes propri\u00e9t\u00e9s anti-usure contribuant \u00e0 prolonger la dur\u00e9e de vie des composants<\/li>\n<li>Longue dur\u00e9e de vie du fluide gr\u00e2ce \u00e0 sa haute r\u00e9sistance \u00e0 l&rsquo;oxydation<\/li>\n<li>Approuv\u00e9 FM comme fluide industriel r\u00e9sistant au feu.<\/li>\n<\/ul>\n<h2>Applications<\/h2>\n<p> Mobil Pyrotec HFC 46 est recommand\u00e9 pour une utilisation dans\u00a0:<\/p>\n<ul>\n<li>Syst\u00e8mes hydrauliques utilisant des pompes hydrauliques \u00e0 palettes, \u00e0 engrenages et \u00e0 piston<\/li>\n<li>Syst\u00e8mes hydrauliques et de circulation d&rsquo;huile fonctionnant dans des conditions sujettes \u00e0 des risques d&rsquo;incendie<\/li>\n<\/ul>\n<h2>Sp\u00e9cifications et homologations<\/h2>\n<h3>Satisfait ou d\u00e9passe les exigences de<\/h3>\n<ul>\n<li>ISO L-HFC (ISO\/DIS\u00a012922)<\/li>\n<li>Norme mondiale FM 6930<\/li>\n<\/ul>\n","protected":false},"excerpt":{"rendered":"<p>Mobil Pyrotec HFC 46 est une technologie de fluide hydraulique \u00e0 base de glycol et d&rsquo;eau avec une r\u00e9sistance au feu am\u00e9lior\u00e9e tout en prot\u00e9geant les \u00e9quipements dans des conditions de travail intensives. Il est sp\u00e9cialement d\u00e9velopp\u00e9 pour les syst\u00e8mes hydrauliques utilisant des pompes \u00e0 piston, \u00e0 engrenages et \u00e0 palettes utilis\u00e9es dans des industries telles que la production d&rsquo;acier et d&rsquo;aluminium ainsi que dans les fonderies. Il offre une haute r\u00e9sistance au cisaillement, une protection anticorrosion am\u00e9lior\u00e9e et une compatibilit\u00e9 avec les joints pour une excellente lubrification des pompes, ce qui peut prolonger la dur\u00e9e de vie de l&rsquo;\u00e9quipement.<\/p>\n","protected":false},"featured_media":10102,"template":"","meta":{"_acf_changed":false,"inline_featured_image":false},"product_brand":[],"product_cat":[219],"product_tag":[],"class_list":{"0":"post-9526","1":"product","2":"type-product","3":"status-publish","4":"has-post-thumbnail","6":"product_cat-huiles-hydrauliques","8":"first","9":"instock","10":"taxable","11":"shipping-taxable","12":"purchasable","13":"product-type-simple"},"acf":[],"_links":{"self":[{"href":"https:\/\/webshop.ingelbeen.be\/fr\/wp-json\/wp\/v2\/product\/9526","targetHints":{"allow":["GET"]}}],"collection":[{"href":"https:\/\/webshop.ingelbeen.be\/fr\/wp-json\/wp\/v2\/product"}],"about":[{"href":"https:\/\/webshop.ingelbeen.be\/fr\/wp-json\/wp\/v2\/types\/product"}],"wp:featuredmedia":[{"embeddable":true,"href":"https:\/\/webshop.ingelbeen.be\/fr\/wp-json\/wp\/v2\/media\/10102"}],"wp:attachment":[{"href":"https:\/\/webshop.ingelbeen.be\/fr\/wp-json\/wp\/v2\/media?parent=9526"}],"wp:term":[{"taxonomy":"product_brand","embeddable":true,"href":"https:\/\/webshop.ingelbeen.be\/fr\/wp-json\/wp\/v2\/product_brand?post=9526"},{"taxonomy":"product_cat","embeddable":true,"href":"https:\/\/webshop.ingelbeen.be\/fr\/wp-json\/wp\/v2\/product_cat?post=9526"},{"taxonomy":"product_tag","embeddable":true,"href":"https:\/\/webshop.ingelbeen.be\/fr\/wp-json\/wp\/v2\/product_tag?post=9526"}],"curies":[{"name":"wp","href":"https:\/\/api.w.org\/{rel}","templated":true}]}}