{"id":9528,"date":"2024-04-30T13:10:32","date_gmt":"2024-04-30T12:10:32","guid":{"rendered":"https:\/\/ingelbeen.kneet.be\/product\/mobil-hydraulic-hlpd-32\/"},"modified":"2024-06-26T16:14:02","modified_gmt":"2024-06-26T15:14:02","slug":"mobil-hydraulic-hlpd-32","status":"publish","type":"product","link":"https:\/\/webshop.ingelbeen.be\/fr\/produit\/mobil-hydraulic-hlpd-32\/","title":{"rendered":"Mobil Hydraulic HLPD 32"},"content":{"rendered":"<div class=\"compensation des d\u00e9tails du produit\">\n<div class=\"description de l'attribut du produit\">\n<div class=\"description de la valeur\">\n<p> La s\u00e9rie Mobil Hydraulic Oil HLPD est compos\u00e9e de fluides hydrauliques \u00e0 base d&rsquo;huile min\u00e9rale contenant un syst\u00e8me d&rsquo;additifs s\u00e9lectifs, pour la protection des syst\u00e8mes hydrauliques.<br \/>\n syst\u00e8mes, plus l\u2019ajout d\u2019additifs d\u00e9tergents\/dispersants. Contaminants, d\u00e9p\u00f4ts et eau ayant pu p\u00e9n\u00e9trer dans le circuit hydraulique<br \/>\n Le syst\u00e8me peut endommager les pi\u00e8ces de la pompe. Avec la s\u00e9rie Mobil Hydraulic HLPD, celles-ci sont dispers\u00e9es et maintenues en suspension, et adh\u00e8rent<br \/>\n les particules\/d\u00e9p\u00f4ts sont dissous. La s\u00e9rie Mobil Hydraulic Oil HLPD est con\u00e7ue pour d\u00e9passer les exigences g\u00e9n\u00e9rales de la norme DIN 51524 partie 2.<br \/>\n (type HLP), mais en raison de la pr\u00e9sence importante des propri\u00e9t\u00e9s d\u00e9tergentes\/dispersantes (pour r\u00e9pondre aux exigences HLPD), certains aspects<br \/>\n comme la s\u00e9paration rapide de l&rsquo;eau ne sont pas satisfaites.<\/p><\/div><\/div><\/div>\n<h2>Fonctionnalit\u00e9 et avantages potentiels<\/h2>\n<table class=\"table table-striped\">\n <t\u00eate><\/p>\n<tr>\n<th>Fonctionnalit\u00e9s<\/th>\n<th>Avantages et b\u00e9n\u00e9fices potentiels<\/th>\n<\/tr>\n<p> <\/t\u00eate><br \/>\n <corps><\/p>\n<tr>\n<td>Propri\u00e9t\u00e9s de formation d&rsquo;\u00e9mulsion<\/td>\n<td>\u00c9mulsionne l&rsquo;eau et les liquides de refroidissement m\u00e9lang\u00e9s \u00e0 l&rsquo;eau, sans<\/td>\n<\/tr>\n<tr>\n<td>d\u00e9t\u00e9riorant les bonnes propri\u00e9t\u00e9s anticorrosion et lubrifiantes<\/td>\n<\/tr>\n<tr>\n<td>Syst\u00e8me d&rsquo;additifs d\u00e9tergents\/dispersants sp\u00e9ciaux<\/td>\n<td>Excellentes performances de nettoyage du syst\u00e8me hydraulique<\/td>\n<\/tr>\n<tr>\n<td>Additifs polaires particuliers<\/td>\n<td>Am\u00e9lioration du comportement de glisse et pr\u00e9vention du stick-slip, m\u00eame<\/td>\n<\/tr>\n<tr>\n<td>dans des conditions de fonctionnement s\u00e9v\u00e8res<\/td>\n<\/tr>\n<\/tbody>\n<\/table>\n<h2>Applications<\/h2>\n<p> La s\u00e9rie Mobil Hydraulic Oil HLPD convient \u00e0 une utilisation dans les syst\u00e8mes hydrauliques, o\u00f9, en raison de fortes p\u00e9n\u00e9trations d&rsquo;eau ou de contamination, un<br \/>\n Un niveau de dispersance est requis pour \u00e9viter les pertes d&rsquo;eau dans le syst\u00e8me. Les s\u00e9ries Mobil Hydraulic Oil HLPD sont particuli\u00e8rement recommand\u00e9es<br \/>\n \u00e0 utiliser dans les syst\u00e8mes hydrauliques des machines-outils, o\u00f9 des fluides de coupe m\u00e9lang\u00e9s \u00e0 de l&rsquo;eau peuvent p\u00e9n\u00e9trer dans le syst\u00e8me hydraulique. Ils peuvent \u00e9galement \u00eatre utilis\u00e9s<br \/>\n dans les applications qui subissent des niveaux \u00e9lev\u00e9s de contamination, par ex. unit\u00e9s hydrauliques mobiles (pelles, bulldozers, chargeuses sur pneus, camions)<br \/>\n syst\u00e8mes hydrauliques).<\/p>\n","protected":false},"excerpt":{"rendered":"<p>La s\u00e9rie Mobil Hydraulic Oil HLPD est compos\u00e9e de fluides hydrauliques \u00e0 base d&rsquo;huile min\u00e9rale contenant un syst\u00e8me d&rsquo;additifs s\u00e9lectifs, pour la protection des syst\u00e8mes hydrauliques, ainsi que l&rsquo;ajout d&rsquo;additifs d\u00e9tergents\/dispersants.<\/p>\n","protected":false},"featured_media":10102,"template":"","meta":{"_acf_changed":false,"inline_featured_image":false},"product_brand":[],"product_cat":[219],"product_tag":[],"class_list":{"0":"post-9528","1":"product","2":"type-product","3":"status-publish","4":"has-post-thumbnail","6":"product_cat-huiles-hydrauliques","8":"first","9":"instock","10":"taxable","11":"shipping-taxable","12":"purchasable","13":"product-type-simple"},"acf":[],"_links":{"self":[{"href":"https:\/\/webshop.ingelbeen.be\/fr\/wp-json\/wp\/v2\/product\/9528","targetHints":{"allow":["GET"]}}],"collection":[{"href":"https:\/\/webshop.ingelbeen.be\/fr\/wp-json\/wp\/v2\/product"}],"about":[{"href":"https:\/\/webshop.ingelbeen.be\/fr\/wp-json\/wp\/v2\/types\/product"}],"wp:featuredmedia":[{"embeddable":true,"href":"https:\/\/webshop.ingelbeen.be\/fr\/wp-json\/wp\/v2\/media\/10102"}],"wp:attachment":[{"href":"https:\/\/webshop.ingelbeen.be\/fr\/wp-json\/wp\/v2\/media?parent=9528"}],"wp:term":[{"taxonomy":"product_brand","embeddable":true,"href":"https:\/\/webshop.ingelbeen.be\/fr\/wp-json\/wp\/v2\/product_brand?post=9528"},{"taxonomy":"product_cat","embeddable":true,"href":"https:\/\/webshop.ingelbeen.be\/fr\/wp-json\/wp\/v2\/product_cat?post=9528"},{"taxonomy":"product_tag","embeddable":true,"href":"https:\/\/webshop.ingelbeen.be\/fr\/wp-json\/wp\/v2\/product_tag?post=9528"}],"curies":[{"name":"wp","href":"https:\/\/api.w.org\/{rel}","templated":true}]}}