{"id":9538,"date":"2024-04-30T13:10:32","date_gmt":"2024-04-30T12:10:32","guid":{"rendered":"https:\/\/ingelbeen.kneet.be\/product\/mobil-nuto-h-46\/"},"modified":"2024-06-26T16:14:03","modified_gmt":"2024-06-26T15:14:03","slug":"mobil-nuto-h-46","status":"publish","type":"product","link":"https:\/\/webshop.ingelbeen.be\/fr\/produit\/mobil-nuto-h-46\/","title":{"rendered":"Mobil Nuto H 46"},"content":{"rendered":"<div class=\"compensation des d\u00e9tails du produit\">\n<div class=\"description de l'attribut du produit\">\n<div class=\"description de la valeur\">\n<p> Les huiles Nuto\u2122 s\u00e9rie H sont des huiles hydrauliques anti-usure de bonne qualit\u00e9 destin\u00e9es aux applications de services industriels et mobiles, soumises \u00e0 des conditions de fonctionnement mod\u00e9r\u00e9es et n\u00e9cessitant des lubrifiants anti-usure.<\/p>\n<p> Leur r\u00e9sistance efficace \u00e0 l\u2019oxydation et leur stabilit\u00e9 chimique garantissent une bonne dur\u00e9e de vie de l\u2019huile dans les applications mod\u00e9r\u00e9es \u00e0 s\u00e9v\u00e8res.<\/p><\/div><\/div><\/div>\n<h2>Fonctionnalit\u00e9 et avantages potentiels<\/h2>\n<ul>\n<li>De bonnes performances anti-usure contribuent \u00e0 r\u00e9duire l&rsquo;usure de la pompe et \u00e0 prolonger sa dur\u00e9e de vie<\/li>\n<li>La protection contre la corrosion permet de r\u00e9duire les effets de l&rsquo;humidit\u00e9 sur les composants du syst\u00e8me<\/li>\n<li>Filtrabilit\u00e9 pour \u00e9viter le blocage du filtre m\u00eame en pr\u00e9sence d&rsquo;eau<\/li>\n<\/ul>\n<h2>Applications<\/h2>\n<ul>\n<li>Syst\u00e8mes utilisant des pompes \u00e0 engrenages, \u00e0 palettes, \u00e0 pistons radiaux et axiaux et ceux contenant des engrenages et des roulements\u00a0 \u00a0 \u00a0 o\u00f9 de l\u00e9g\u00e8res caract\u00e9ristiques anti-usure sont requises<\/li>\n<li>Lorsque la contamination ou les fuites d&rsquo;huile hydraulique sont in\u00e9vitables<\/li>\n<li>Lorsque de petites quantit\u00e9s d&rsquo;eau sont in\u00e9vitables<\/li>\n<\/ul>\n<h2>Sp\u00e9cifications et homologations<\/h2>\n<h3>Satisfait ou d\u00e9passe les exigences de<\/h3>\n<ul>\n<li>DIN 51524-2:2006-09<\/li>\n<li>ISO L-HM (ISO\u00a011158:1997)<\/li>\n<\/ul>\n<h3>Ce produit poss\u00e8de les approbations de constructeur suivantes<\/h3>\n<ul>\n<li>DENISON HF-0<\/li>\n<\/ul>\n","protected":false},"excerpt":{"rendered":"<p>Les huiles de la s\u00e9rie Nuto\u2122 H sont des huiles hydrauliques anti-usure de bonne qualit\u00e9, destin\u00e9es aux applications industrielles et mobiles, soumises \u00e0 des conditions de fonctionnement mod\u00e9r\u00e9es n\u00e9cessitant des lubrifiants anti-usure.<\/p>\n","protected":false},"featured_media":10105,"template":"","meta":{"_acf_changed":false,"inline_featured_image":false},"product_brand":[],"product_cat":[219],"product_tag":[],"class_list":{"0":"post-9538","1":"product","2":"type-product","3":"status-publish","4":"has-post-thumbnail","6":"product_cat-huiles-hydrauliques","8":"first","9":"instock","10":"taxable","11":"shipping-taxable","12":"purchasable","13":"product-type-simple"},"acf":[],"_links":{"self":[{"href":"https:\/\/webshop.ingelbeen.be\/fr\/wp-json\/wp\/v2\/product\/9538","targetHints":{"allow":["GET"]}}],"collection":[{"href":"https:\/\/webshop.ingelbeen.be\/fr\/wp-json\/wp\/v2\/product"}],"about":[{"href":"https:\/\/webshop.ingelbeen.be\/fr\/wp-json\/wp\/v2\/types\/product"}],"wp:featuredmedia":[{"embeddable":true,"href":"https:\/\/webshop.ingelbeen.be\/fr\/wp-json\/wp\/v2\/media\/10105"}],"wp:attachment":[{"href":"https:\/\/webshop.ingelbeen.be\/fr\/wp-json\/wp\/v2\/media?parent=9538"}],"wp:term":[{"taxonomy":"product_brand","embeddable":true,"href":"https:\/\/webshop.ingelbeen.be\/fr\/wp-json\/wp\/v2\/product_brand?post=9538"},{"taxonomy":"product_cat","embeddable":true,"href":"https:\/\/webshop.ingelbeen.be\/fr\/wp-json\/wp\/v2\/product_cat?post=9538"},{"taxonomy":"product_tag","embeddable":true,"href":"https:\/\/webshop.ingelbeen.be\/fr\/wp-json\/wp\/v2\/product_tag?post=9538"}],"curies":[{"name":"wp","href":"https:\/\/api.w.org\/{rel}","templated":true}]}}