{"id":9546,"date":"2024-04-30T13:10:32","date_gmt":"2024-04-30T12:10:32","guid":{"rendered":"https:\/\/ingelbeen.kneet.be\/product\/mobil-outboard-plus\/"},"modified":"2024-06-26T16:14:03","modified_gmt":"2024-06-26T15:14:03","slug":"mobil-outboard-plus","status":"publish","type":"product","link":"https:\/\/webshop.ingelbeen.be\/fr\/produit\/mobil-outboard-plus\/","title":{"rendered":"Mobil Outboard Plus"},"content":{"rendered":"<div class=\"compensation des d\u00e9tails du produit\">\n<div class=\"description de l'attribut du produit\">\n<div class=\"description de la valeur\">\n<p> Mobil Outboard Plus est une huile moteur deux temps hautes performances con\u00e7ue pour de nombreux moteurs deux temps hautes performances refroidis par eau utilis\u00e9s dans les applications marines hors-bord. \u00a0Mobil Outboard Plus offre un moteur propre et des performances environnementales.\u00a0Mobil Outboard Plus est pr\u00e9-dilu\u00e9 pour faciliter le m\u00e9lange lorsqu&rsquo;il est ajout\u00e9 au carburant.<\/p><\/div><\/div><\/div>\n<h2>Fonctionnalit\u00e9 et avantages potentiels<\/h2>\n<p> Mobil Outboard Plus est formul\u00e9 \u00e0 partir d&rsquo;huiles min\u00e9rales conventionnelles hautement purifi\u00e9es et d&rsquo;un syst\u00e8me d&rsquo;additifs dispersants sans cendre offrant une protection exceptionnelle contre les d\u00e9p\u00f4ts, la corrosion et l&rsquo;usure dans les orifices d&rsquo;\u00e9chappement. \u00a0L\u2019encrassement des bougies d\u2019allumage et le pr\u00e9-allumage sont \u00e9galement minimis\u00e9s, favorisant un fonctionnement impeccable. \u00a0Le produit est id\u00e9al pour une utilisation dans les mod\u00e8les de moteurs \u00e0 deux temps modernes et plus anciens. \u00a0Les principales caract\u00e9ristiques et avantages incluent\u00a0:<\/p>\n<table class=\"table table-striped\">\n <t\u00eate><\/p>\n<tr>\n<th>Fonctionnalit\u00e9s<\/th>\n<th>Avantages et b\u00e9n\u00e9fices potentiels<\/th>\n<\/tr>\n<p> <\/t\u00eate><br \/>\n <corps><\/p>\n<tr>\n<td>Bonne stabilit\u00e9 thermique et \u00e0 l&rsquo;oxydation et contr\u00f4le des d\u00e9p\u00f4ts<\/td>\n<td>Des moteurs plus propres entra\u00eenant une r\u00e9duction du collage des segments et des \u00e9raflures des cylindres, une dur\u00e9e de vie prolong\u00e9e du moteur et un fonctionnement plus fiable<\/td>\n<\/tr>\n<tr>\n<td>Protection anti-usure exceptionnelle<\/td>\n<td>Dur\u00e9e de vie prolong\u00e9e des composants critiques et du moteur<\/td>\n<\/tr>\n<tr>\n<td>Excellentes propri\u00e9t\u00e9s de protection contre la corrosion<\/td>\n<td>Dur\u00e9e de vie du moteur plus longue<\/td>\n<\/tr>\n<tr>\n<td>Favorise une combustion plus propre et r\u00e9duit les d\u00e9p\u00f4ts dans la zone de combustion<\/td>\n<td>R\u00e9duit l&rsquo;encrassement des bougies et les d\u00e9p\u00f4ts dans les orifices d&rsquo;\u00e9chappement, minimisant ainsi le pr\u00e9-allumage, prolongeant la dur\u00e9e de vie des bougies et des soupapes et augmentant le rendement \u00e9nerg\u00e9tique<\/td>\n<\/tr>\n<tr>\n<td>Bonne capacit\u00e9 \u00e0 hautes et basses temp\u00e9ratures<\/td>\n<td>Large gamme d&rsquo;applications \u00e0 temp\u00e9rature ambiante<\/td>\n<\/tr>\n<tr>\n<td>Non toxique pour la vie marine<\/td>\n<td>Aucun effet secondaire persistant sur la vie marine<\/td>\n<\/tr>\n<\/tbody>\n<\/table>\n<h2>Applications<\/h2>\n<ul>\n<li>Mobil Outboard Plus est recommand\u00e9 par ExxonMobil pour une utilisation dans les moteurs modernes \u00e0 deux temps hautes performances refroidis par eau, ainsi que dans les moteurs hors-bord plus petits ou plus anciens.\u00a0ExxonMobil recommande \u00e9galement Mobil Outboard Plus pour une utilisation dans les moteurs \u00e0 deux temps fabriqu\u00e9s par Johnson, Mercury, OMC, Evinrude, Mariner, Force, Mercruiser, Yamaha, Suzuki, Nissan et Tohatsu ou o\u00f9 NMMA TC-W, TC-WII ou TC-W3. les huiles sont recommand\u00e9es.<\/li>\n<li>ExxonMobil recommande \u00e9galement Mobil Outboard Plus pour une utilisation dans les moteurs \u00e0 deux temps refroidis par air de service l\u00e9ger \u00e0 mod\u00e9r\u00e9, utilis\u00e9s dans les tondeuses \u00e9lectriques, les scies \u00e0 cha\u00eene, les souffleurs de feuilles et les coupe-herbe.<\/li>\n<\/ul>\n<h2>Sp\u00e9cifications et homologations<\/h2>\n<h3>Satisfait ou d\u00e9passe les exigences de<\/h3>\n<ul>\n<li>TC API<\/li>\n<li>NMMA TC-W3<\/li>\n<\/ul>\n","protected":false},"excerpt":{"rendered":"<p>Mobil Outboard Plus est une huile moteur deux temps haute performance d\u00e9velopp\u00e9e pour de nombreux moteurs deux temps refroidis par eau haute performance utilis\u00e9s dans des applications marines hors-bord. Mobil Outboard Plus offre des performances propres pour le moteur et l&rsquo;environnement. Mobil Outboard Plus est pr\u00e9-dilu\u00e9e pour faciliter le m\u00e9lange lors de l&rsquo;ajout au carburant.<\/p>\n","protected":false},"featured_media":10356,"template":"","meta":{"_acf_changed":false,"inline_featured_image":false},"product_brand":[],"product_cat":[183,214],"product_tag":[],"class_list":{"0":"post-9546","1":"product","2":"type-product","3":"status-publish","4":"has-post-thumbnail","6":"product_cat-divers","7":"product_cat-huiles-moteurs","9":"first","10":"instock","11":"taxable","12":"shipping-taxable","13":"purchasable","14":"product-type-simple"},"acf":[],"_links":{"self":[{"href":"https:\/\/webshop.ingelbeen.be\/fr\/wp-json\/wp\/v2\/product\/9546","targetHints":{"allow":["GET"]}}],"collection":[{"href":"https:\/\/webshop.ingelbeen.be\/fr\/wp-json\/wp\/v2\/product"}],"about":[{"href":"https:\/\/webshop.ingelbeen.be\/fr\/wp-json\/wp\/v2\/types\/product"}],"wp:featuredmedia":[{"embeddable":true,"href":"https:\/\/webshop.ingelbeen.be\/fr\/wp-json\/wp\/v2\/media\/10356"}],"wp:attachment":[{"href":"https:\/\/webshop.ingelbeen.be\/fr\/wp-json\/wp\/v2\/media?parent=9546"}],"wp:term":[{"taxonomy":"product_brand","embeddable":true,"href":"https:\/\/webshop.ingelbeen.be\/fr\/wp-json\/wp\/v2\/product_brand?post=9546"},{"taxonomy":"product_cat","embeddable":true,"href":"https:\/\/webshop.ingelbeen.be\/fr\/wp-json\/wp\/v2\/product_cat?post=9546"},{"taxonomy":"product_tag","embeddable":true,"href":"https:\/\/webshop.ingelbeen.be\/fr\/wp-json\/wp\/v2\/product_tag?post=9546"}],"curies":[{"name":"wp","href":"https:\/\/api.w.org\/{rel}","templated":true}]}}