{"id":9548,"date":"2024-04-30T13:10:32","date_gmt":"2024-04-30T12:10:32","guid":{"rendered":"https:\/\/ingelbeen.kneet.be\/product\/mobil-pegasus-1\/"},"modified":"2024-06-26T16:14:03","modified_gmt":"2024-06-26T15:14:03","slug":"mobil-pegasus-1","status":"publish","type":"product","link":"https:\/\/webshop.ingelbeen.be\/fr\/produit\/mobil-pegasus-1\/","title":{"rendered":"Mobil Pegasus 1"},"content":{"rendered":"<div class=\"compensation des d\u00e9tails du produit\">\n<div class=\"description de l'attribut du produit\">\n<div class=\"description de la valeur\">\n<p> Mobil Pegasus\u2122 1 est une huile pour moteur \u00e0 gaz synth\u00e9tique haute performance con\u00e7ue pour r\u00e9pondre aux exigences de performance les plus \u00e9lev\u00e9es des moteurs \u00e0 gaz st\u0153chiom\u00e9triques et \u00e0 m\u00e9lange pauvre \u00e0 aspiration naturelle et turbocompress\u00e9s les plus exigeants. Elle est formul\u00e9e \u00e0 partir d&rsquo;huiles de base synth\u00e9tiques sans cire et d&rsquo;un syst\u00e8me d&rsquo;additifs \u00e9quilibr\u00e9 pour offrir des performances inaccessibles avec les huiles pour moteurs \u00e0 gaz \u00e0 base d&rsquo;huile min\u00e9rale conventionnelle. L&rsquo;avantage potentiel est une am\u00e9lioration des r\u00e9sultats gr\u00e2ce \u00e0 une dur\u00e9e de vie am\u00e9lior\u00e9e du moteur et de l&rsquo;huile, une r\u00e9duction des co\u00fbts de maintenance et des co\u00fbts de carburant.<\/p>\n<p> La formulation unique de Mobil Pegasus 1 minimise les d\u00e9p\u00f4ts de cendres, les d\u00e9p\u00f4ts de zones de piston et de courroie annulaire, les \u00e9raflures des chemises et l&rsquo;usure des si\u00e8ges et des faces de soupape. Elle pr\u00e9sente une r\u00e9sistance exceptionnelle \u00e0 l&rsquo;oxydation et l&rsquo;indice de viscosit\u00e9 intrins\u00e8quement \u00e9lev\u00e9 des composants de l&rsquo;huile de base synth\u00e9tique garantit un film lubrifiant protecteur \u00e0 des temp\u00e9ratures \u00e9lev\u00e9es bien sup\u00e9rieures \u00e0 la limite des produits \u00e0 base d&rsquo;huile min\u00e9rale. Mobil Pegasus 1 pr\u00e9sente une faible volatilit\u00e9, une caract\u00e9ristique de performance qui permet de r\u00e9duire la consommation d&rsquo;huile et d&rsquo;am\u00e9liorer de mani\u00e8re mesurable les performances de lubrification des vannes. Ses caract\u00e9ristiques viscosim\u00e9triques uniques et son faible coefficient de traction r\u00e9duisent les pertes de puissance et offrent des avantages potentiels en termes d&rsquo;\u00e9conomie de carburant, en particulier dans des conditions de charge, de vitesse et de temp\u00e9rature variables.<\/p><\/div><\/div><\/div>\n<h2>Fonctionnalit\u00e9 et avantages potentiels<\/h2>\n<p> La technologie de pointe utilis\u00e9e dans Mobil Pegasus 1 est con\u00e7ue pour fournir un haut niveau de performances moteur dans une large gamme de moteurs \u00e0 gaz \u00e0 haut rendement. Sa r\u00e9sistance exceptionnelle \u00e0 l\u2019oxydation et sa stabilit\u00e9 thermique prolongent la dur\u00e9e de vie des moteurs et de l\u2019huile. De plus, les propri\u00e9t\u00e9s uniques du Pegasus 1 se traduiront par une friction interne plus faible dans des conditions de d\u00e9marrage \u00e0 froid et de fonctionnement \u00e0 chaud, ce qui entra\u00eenera une usure r\u00e9duite et potentiellement une consommation de carburant inf\u00e9rieure. L&rsquo;utilisation de ce produit entra\u00eenera une r\u00e9duction des co\u00fbts de maintenance gr\u00e2ce \u00e0 sa capacit\u00e9 de dur\u00e9e de vie prolong\u00e9e, \u00e0 la r\u00e9duction des co\u00fbts de filtre et \u00e0 l&rsquo;am\u00e9lioration de la dur\u00e9e de vie du moteur.<\/p>\n<table class=\"table table-striped\">\n <t\u00eate><\/p>\n<tr>\n<th>Fonctionnalit\u00e9s<\/th>\n<th>Avantages et b\u00e9n\u00e9fices potentiels<\/th>\n<\/tr>\n<p> <\/t\u00eate><br \/>\n <corps><\/p>\n<tr>\n<td>Formulation synth\u00e9tique \u00e9quilibr\u00e9e<\/td>\n<td>Intervalles de vidange prolong\u00e9s et dur\u00e9e de vie du moteur am\u00e9lior\u00e9e, potentiel de dur\u00e9e de vie des filtres plus long, moteurs plus propres<\/td>\n<\/tr>\n<tr>\n<td>Oxydation et stabilit\u00e9 thermique exceptionnelles<\/td>\n<td>Niveaux r\u00e9duits de carbone dans les zones de bague et dans les rainures de bague, performances am\u00e9lior\u00e9es du guide de soupape, niveaux inf\u00e9rieurs de d\u00e9p\u00f4ts de carbone\/cok\u00e9faction<\/td>\n<\/tr>\n<tr>\n<td>Excellentes performances \u00e0 haute et basse temp\u00e9rature<\/td>\n<td>Lubrification efficace dans des conditions de d\u00e9marrage \u00e0 froid, D\u00e9marrage du moteur plus facile \u00e0 basse temp\u00e9rature, Protection am\u00e9lior\u00e9e du moteur dans des conditions de temp\u00e9rature \u00e9lev\u00e9e<\/td>\n<\/tr>\n<tr>\n<td>Indice de viscosit\u00e9 naturellement \u00e9lev\u00e9<\/td>\n<td>Performances de temp\u00e9rature \u00e9tendues<\/td>\n<\/tr>\n<tr>\n<td>Faible volatilit\u00e9<\/td>\n<td>Consommation d&rsquo;huile r\u00e9duite, formation de d\u00e9p\u00f4ts r\u00e9duite dans les zones critiques du moteur<\/td>\n<\/tr>\n<tr>\n<td>Protection exceptionnelle contre l&rsquo;usure et les \u00e9raflures<\/td>\n<td>R\u00e9siste \u00e0 l&rsquo;usure et aux \u00e9raflures des chemises et des pistons, en particulier dans les moteurs \u00e0 BMEP \u00e9lev\u00e9<\/td>\n<\/tr>\n<tr>\n<td>Faible coefficient de traction<\/td>\n<td>Potentiel de r\u00e9duction des co\u00fbts de carburant, puissance moteur am\u00e9lior\u00e9e, d\u00e9marrage plus facile<\/td>\n<\/tr>\n<\/tbody>\n<\/table>\n<h2>Applications<\/h2>\n<ul>\n<li>\n<div>Mobil Pegasus 1 est recommand\u00e9 pour une large gamme de mod\u00e8les de moteurs \u00e0 gaz.<\/div>\n<\/li>\n<li>\n<div>Le produit est particuli\u00e8rement adapt\u00e9 aux moteurs \u00e0 gaz \u00e0 aspiration naturelle et turbocompress\u00e9s \u00e0 quatre temps \u00e0 grande vitesse n\u00e9cessitant une huile moteur \u00e0 gaz de cendres nominale de 0,5\u00a0%.<\/div>\n<\/li>\n<li>\n<div>C&rsquo;est un excellent lubrifiant pour les conceptions st\u0153chiom\u00e9triques et \u00e0 combustion pauvre<\/div>\n<\/li>\n<li>\n<div>Il est parfaitement adapt\u00e9 aux applications de cog\u00e9n\u00e9ration et de refroidissement par \u00e9bullition en raison de sa large plage de temp\u00e9ratures, de sa protection \u00e9tendue du moteur et de sa longue dur\u00e9e de vie de l&rsquo;huile.<\/div>\n<\/li>\n<li>\n<div>Mobil Pegasus 1 est enti\u00e8rement compatible avec tous les joints couramment utilis\u00e9s dans les moteurs \u00e0 gaz et avec les huiles min\u00e9rales, mais le m\u00e9lange avec des huiles min\u00e9rales r\u00e9duira les avantages en termes de performances pouvant \u00eatre obtenus de ce lubrifiant exceptionnel<\/div>\n<\/li>\n<li>\n<div>Peut \u00eatre utilis\u00e9 avec des moteurs \u00e0 gaz utilisant des sources d&rsquo;\u00e9nergie alternatives pour le gaz combustible contenant jusqu&rsquo;\u00e0 0,3\u00a0% de soufre sous forme de sulfure d&rsquo;hydrog\u00e8ne<\/div>\n<\/li>\n<\/ul>\n<h2>Sp\u00e9cifications et homologations<\/h2>\n<h3>Satisfait ou d\u00e9passe les exigences de<\/h3>\n<ul>\n<li>CATERPILLAR<\/li>\n<\/ul>\n<h3>Ce produit poss\u00e8de les approbations de constructeur suivantes<\/h3>\n<ul>\n<li>HOMME\u00a0: M 3271-1<\/li>\n<li>HOMME\u00a0: M 3271-2<\/li>\n<li>MWM GmbH TR 0199-99-2105, huiles lubrifiantes pour moteurs \u00e0 gaz<\/li>\n<li>WAUKESHA\u00a0: COG\u00c9N\u00c9RATION<\/li>\n<li>WAUKESA\u00a0: Applications 12\u00a0V\/18\u00a0V 220 GL<\/li>\n<li>VOLVO\u00a0: MOTEURS DE BUS AU GNC<\/li>\n<li>VERRUCHE NSD\u00a0: W25SG<\/li>\n<\/ul>\n","protected":false},"excerpt":{"rendered":"<p>Mobil Pegasus\u2122 1 est une huile moteur \u00e0 gaz synth\u00e9tique haute performance con\u00e7ue pour r\u00e9pondre aux exigences de performance les plus \u00e9lev\u00e9es des moteurs \u00e0 gaz les plus exigeants, atmosph\u00e9riques et turbocompress\u00e9s, fonctionnant en r\u00e9gime st\u0153chiom\u00e9trique ou pauvre.<\/p>\n","protected":false},"featured_media":10102,"template":"","meta":{"_acf_changed":false,"inline_featured_image":false},"product_brand":[],"product_cat":[215],"product_tag":[],"class_list":{"0":"post-9548","1":"product","2":"type-product","3":"status-publish","4":"has-post-thumbnail","6":"product_cat-huiles-pour-moteurs-a-gaz","8":"first","9":"instock","10":"taxable","11":"shipping-taxable","12":"purchasable","13":"product-type-simple"},"acf":[],"_links":{"self":[{"href":"https:\/\/webshop.ingelbeen.be\/fr\/wp-json\/wp\/v2\/product\/9548","targetHints":{"allow":["GET"]}}],"collection":[{"href":"https:\/\/webshop.ingelbeen.be\/fr\/wp-json\/wp\/v2\/product"}],"about":[{"href":"https:\/\/webshop.ingelbeen.be\/fr\/wp-json\/wp\/v2\/types\/product"}],"wp:featuredmedia":[{"embeddable":true,"href":"https:\/\/webshop.ingelbeen.be\/fr\/wp-json\/wp\/v2\/media\/10102"}],"wp:attachment":[{"href":"https:\/\/webshop.ingelbeen.be\/fr\/wp-json\/wp\/v2\/media?parent=9548"}],"wp:term":[{"taxonomy":"product_brand","embeddable":true,"href":"https:\/\/webshop.ingelbeen.be\/fr\/wp-json\/wp\/v2\/product_brand?post=9548"},{"taxonomy":"product_cat","embeddable":true,"href":"https:\/\/webshop.ingelbeen.be\/fr\/wp-json\/wp\/v2\/product_cat?post=9548"},{"taxonomy":"product_tag","embeddable":true,"href":"https:\/\/webshop.ingelbeen.be\/fr\/wp-json\/wp\/v2\/product_tag?post=9548"}],"curies":[{"name":"wp","href":"https:\/\/api.w.org\/{rel}","templated":true}]}}