{"id":9554,"date":"2024-04-30T13:10:32","date_gmt":"2024-04-30T12:10:32","guid":{"rendered":"https:\/\/ingelbeen.kneet.be\/product\/mobil-pegasus-1005-2\/"},"modified":"2024-06-26T16:14:04","modified_gmt":"2024-06-26T15:14:04","slug":"mobil-pegasus-1005-2","status":"publish","type":"product","link":"https:\/\/webshop.ingelbeen.be\/fr\/produit\/mobil-pegasus-1005-2\/","title":{"rendered":"Mobil Pegasus 1005"},"content":{"rendered":"<div class=\"compensation des d\u00e9tails du produit\">\n<div class=\"description de l'attribut du produit\">\n<div class=\"description de la valeur\">\n<p> Mobil Pegasus\u2122 1005 est une huile pour moteur \u00e0 gaz haute performance con\u00e7ue pour fournir aux moteurs \u00e0 gaz \u00e0 quatre temps \u00e0 haut rendement et \u00e0 faibles \u00e9missions d&rsquo;aujourd&rsquo;hui les plus hauts niveaux de protection tout en conservant des performances sup\u00e9rieures dans les moteurs des mod\u00e8les pr\u00e9c\u00e9dents. Mobil Pegasus 1005 est le dernier ajout \u00e0 la gamme Mobil Pegasus d&rsquo;huiles pour moteurs \u00e0 gaz naturel \u00e9prouv\u00e9es avec une formulation \u00e9quilibr\u00e9e et durable.<\/p>\n<p> Mobil Pegasus 1005 utilise des huiles de base de haute qualit\u00e9 et une technologie d&rsquo;additifs avanc\u00e9e pour offrir une stabilit\u00e9 \u00e0 l&rsquo;oxydation, une r\u00e9sistance \u00e0 la nitration et une stabilit\u00e9 thermique exceptionnelles.\u00a0La formulation Mobil Pegasus 1005 est \u00e9quilibr\u00e9e pour offrir des caract\u00e9ristiques anti-usure exceptionnelles afin de prot\u00e9ger les composants des soupapes, les pistons, les chemises, les roulements et les trains d&rsquo;engrenages fortement charg\u00e9s tout en maintenant la compatibilit\u00e9 avec les mat\u00e9riaux du convertisseur catalytique.\u00a0Son syst\u00e8me d\u00e9tergent-dispersant contr\u00f4le la formation de d\u00e9p\u00f4ts de carbone et de vernis pour minimiser la consommation d&rsquo;huile et maintenir la propret\u00e9 du moteur m\u00eame lors d&rsquo;intervalles de vidange prolong\u00e9s.<\/p>\n<p> Mobil Pegasus 1005 peut aider les utilisateurs \u00e0 faire fonctionner leurs moteurs plus longtemps et plus proprement avec une fiabilit\u00e9 am\u00e9lior\u00e9e, ce qui se traduit par une augmentation de la productivit\u00e9.<\/p><\/div><\/div><\/div>\n<h2>Fonctionnalit\u00e9 et avantages potentiels<\/h2>\n<p> Mobil Pegasus 1005 est un membre leader de la marque Mobil de lubrifiants industriels qui jouit d&rsquo;une r\u00e9putation d&rsquo;innovation, de leadership technologique et de capacit\u00e9 de haute performance.<\/p>\n<p> Mobil Pegasus 1005 offre les fonctionnalit\u00e9s et avantages potentiels suivants\u00a0:<\/p>\n<table class=\"table table-ray\u00e9e\">\n <t\u00eate><\/p>\n<tr>\n<th>Fonctionnalit\u00e9s<\/th>\n<th>Avantages et b\u00e9n\u00e9fices potentiels<\/th>\n<\/tr>\n<p> <\/t\u00eate><br \/>\n <corps><\/p>\n<tr>\n<td>Dur\u00e9e de vie prolong\u00e9e de l&rsquo;huile<\/td>\n<td>Am\u00e9liore l&rsquo;intervalle de vidange d&rsquo;huile\u00a0; r\u00e9duit le nombre de vidanges et d&rsquo;achats d&rsquo;huile, cr\u00e9e moins d&rsquo;huile usag\u00e9e et de main d&rsquo;\u0153uvre pour contribuer \u00e0 r\u00e9duire les co\u00fbts d&rsquo;exploitation et \u00e0 augmenter la disponibilit\u00e9 du moteur<\/td>\n<\/tr>\n<tr>\n<td>La disponibilit\u00e9 accrue du moteur permet une productivit\u00e9 plus \u00e9lev\u00e9e<\/td>\n<\/tr>\n<tr>\n<td>Garder des performances propres<\/td>\n<td>Aide \u00e0 contr\u00f4ler les d\u00e9p\u00f4ts dans la chambre de combustion et sur les pistons pour maximiser l&rsquo;efficacit\u00e9 et la fiabilit\u00e9 du moteur<\/td>\n<\/tr>\n<tr>\n<td>Aide \u00e0 contr\u00f4ler les d\u00e9p\u00f4ts dans les \u00e9changeurs de chaleur pour maximiser la production de chaleur<\/td>\n<\/tr>\n<tr>\n<td>Faible consommation d&rsquo;huile<\/td>\n<td>La faible volatilit\u00e9 de l&rsquo;huile permet de minimiser les d\u00e9p\u00f4ts dans le moteur et le syst\u00e8me d&rsquo;\u00e9chappement afin de prolonger la dur\u00e9e de vie du convertisseur catalytique et d&rsquo;allonger les intervalles entre les nettoyages de l&rsquo;\u00e9changeur thermique<\/td>\n<\/tr>\n<tr>\n<td>Contribue \u00e0 r\u00e9duire les ajouts d&rsquo;huile d&rsquo;appoint et les achats de lubrifiants<\/td>\n<\/tr>\n<tr>\n<td>Protection exceptionnelle contre l&rsquo;usure<\/td>\n<td>Aide \u00e0 contr\u00f4ler l&rsquo;usure des composants critiques du moteur, maximise la fiabilit\u00e9 et les performances du moteur<\/td>\n<\/tr>\n<\/tbody>\n<\/table>\n<h2>Applications<\/h2>\n<p> <strong>Mobil Pegasus 1005 est con\u00e7u pour \u00eatre utilis\u00e9 dans\u00a0:<\/strong><\/p>\n<ul>\n<li>Caterpillar,\u00a0MWM GmBh (anciennement Deutz Power Systems),\u00a0Jenbacher, Rolls Royce-Bergen, Wartsila, Waukesha et autres moteurs quatre temps turbocompress\u00e9s, atmosph\u00e9riques, \u00e0 r\u00e9gime moyen \u00e0 \u00e9lev\u00e9 n\u00e9cessitant une huile \u00e0 faible teneur en cendres<\/li>\n<li>Moteurs \u00e0 quatre temps st\u0153chiom\u00e9triques et \u00e0 m\u00e9lange pauvre fonctionnant dans des conditions de charge \u00e9lev\u00e9e et de temp\u00e9rature \u00e9lev\u00e9e<\/li>\n<li>Moteurs \u00e0 gaz \u00e0 quatre temps \u00e0 grande vitesse utilis\u00e9s dans les applications de cog\u00e9n\u00e9ration<\/li>\n<li>Moteurs aliment\u00e9s au gaz naturel \u00e9quip\u00e9s de pots catalytiques<\/li>\n<li>Applications utilisant des carburants alternatifs contenant de faibles niveaux de soufre ou de chlore<\/li>\n<li>Op\u00e9rations de collecte sur le terrain o\u00f9 du gaz acide, avec\u00a0une teneur en H2S \u2039\u00a00,1\u00a0% (1\u00a0000\u00a0ppm),\u00a0peut \u00eatre utilis\u00e9 comme combustible<\/li>\n<\/ul>\n<h2>Sp\u00e9cifications et homologations<\/h2>\n<h3>Satisfait ou d\u00e9passe les exigences de<\/h3>\n<ul>\n<li>API\u00a0CF<\/li>\n<li>Chenille<\/li>\n<\/ul>\n<h3>Ce produit a les approbations de constructeur suivantes<\/h3>\n<ul>\n<li>Avtodizel-YaMz (Russie) \u2013 Tous les moteurs<\/li>\n<li>GE Jenbacher TI 1000-1109 (gaz combustible de classe A, s\u00e9ries 4B et 6E)<\/li>\n<li>MAN M 3271-2 (gaz naturel)<\/li>\n<li>MAK, GCM34<\/li>\n<li>MWM GmbH TR 0199-99-2105, huile lubrifiante pour moteur \u00e0 gaz<\/li>\n<li>MTU Onsite Energy, moteurs s\u00e9rie 400\/\u00e0 aspiration naturelle \u2013 gaz naturel<\/li>\n<li>Perkins, huile pour moteur \u00e0 gaz \u2013 Gaz naturel<\/li>\n<li>Moteurs Rolls-Royce Bergen K-G1\/K-G2\/K-G3\/CR-G\/BV-G<\/li>\n<li>Schnell Motoren, AG ZS180-V5 \/ ZS250-V5 \/ ZS265GT-V5 \/ ZS265TC-V5<\/li>\n<li>Wartsila 220SG \/ 28SG \/ 34SG \/ 32DF (fonctionnement continu au gaz naturel) \/ 50DF (fonctionnement continu au gaz naturel) \/ 25SG \/ 175SG<\/li>\n<li>Waukesha, cog\u00e9n\u00e9ration<\/li>\n<li>Waukesha 12V\/18V 220 GL passages \u00e0 niveau<\/li>\n<\/ul>\n","protected":false},"excerpt":{"rendered":"<p>Mobil Pegasus\u2122 1005 est la prochaine g\u00e9n\u00e9ration d&rsquo;huile moteur \u00e0 gaz haute performance de la gamme Mobil Pegasus, con\u00e7ue pour offrir la plus haute protection aux moteurs \u00e0 gaz quatre temps modernes \u00e0 haut rendement et \u00e0 faibles \u00e9missions, ainsi que des performances sup\u00e9rieures pour les mod\u00e8les plus anciens. Mobil Pegasus 1005 est le dernier ajout \u00e0 la gamme tr\u00e8s r\u00e9put\u00e9e d&rsquo;huiles moteur \u00e0 gaz Mobil Pegasus, avec une formule \u00e9quilibr\u00e9e et durable.<\/p>\n","protected":false},"featured_media":0,"template":"","meta":{"_acf_changed":false,"inline_featured_image":false},"product_brand":[],"product_cat":[215],"product_tag":[],"class_list":{"0":"post-9554","1":"product","2":"type-product","3":"status-publish","5":"product_cat-huiles-pour-moteurs-a-gaz","7":"first","8":"instock","9":"taxable","10":"shipping-taxable","11":"purchasable","12":"product-type-simple"},"acf":[],"_links":{"self":[{"href":"https:\/\/webshop.ingelbeen.be\/fr\/wp-json\/wp\/v2\/product\/9554","targetHints":{"allow":["GET"]}}],"collection":[{"href":"https:\/\/webshop.ingelbeen.be\/fr\/wp-json\/wp\/v2\/product"}],"about":[{"href":"https:\/\/webshop.ingelbeen.be\/fr\/wp-json\/wp\/v2\/types\/product"}],"wp:attachment":[{"href":"https:\/\/webshop.ingelbeen.be\/fr\/wp-json\/wp\/v2\/media?parent=9554"}],"wp:term":[{"taxonomy":"product_brand","embeddable":true,"href":"https:\/\/webshop.ingelbeen.be\/fr\/wp-json\/wp\/v2\/product_brand?post=9554"},{"taxonomy":"product_cat","embeddable":true,"href":"https:\/\/webshop.ingelbeen.be\/fr\/wp-json\/wp\/v2\/product_cat?post=9554"},{"taxonomy":"product_tag","embeddable":true,"href":"https:\/\/webshop.ingelbeen.be\/fr\/wp-json\/wp\/v2\/product_tag?post=9554"}],"curies":[{"name":"wp","href":"https:\/\/api.w.org\/{rel}","templated":true}]}}