{"id":9556,"date":"2024-04-30T13:10:32","date_gmt":"2024-04-30T12:10:32","guid":{"rendered":"https:\/\/ingelbeen.kneet.be\/product\/mobil-pegasus-1107\/"},"modified":"2024-06-26T16:14:04","modified_gmt":"2024-06-26T15:14:04","slug":"mobil-pegasus-1107","status":"publish","type":"product","link":"https:\/\/webshop.ingelbeen.be\/fr\/produit\/mobil-pegasus-1107\/","title":{"rendered":"Mobil Pegasus 1107"},"content":{"rendered":"<div class=\"compensation des d\u00e9tails du produit\">\n<div class=\"description de l'attribut du produit\">\n<div class=\"description de la valeur\">\n<p> Mobil Pegasus\u2122 s\u00e9rie 1100 est la derni\u00e8re g\u00e9n\u00e9ration d&rsquo;huiles pour moteurs \u00e0 gaz hautes performances Mobil Pegasus, con\u00e7ues pour fournir aux moteurs \u00e0 gaz \u00e0 quatre temps \u00e0 haut rendement et \u00e0 faibles \u00e9missions d&rsquo;aujourd&rsquo;hui les plus hauts niveaux de protection tout en conservant des performances sup\u00e9rieures dans les moteurs des mod\u00e8les pr\u00e9c\u00e9dents. Mobil Pegasus 1105 et Mobil Pegasus 1107 ont tous deux une stabilit\u00e9 \u00e0 l&rsquo;oxydation, une r\u00e9sistance \u00e0 la nitration, une r\u00e9tention TBN (Total Base Number) et une stabilit\u00e9 thermique extraordinaires, ce qui se traduit par une dur\u00e9e de vie prolong\u00e9e de l&rsquo;huile. Les formulations sont \u00e9quilibr\u00e9es pour offrir une dur\u00e9e de vie prolong\u00e9e de l&rsquo;huile, des caract\u00e9ristiques anti-usure exceptionnelles et pour contr\u00f4ler la formation de d\u00e9p\u00f4ts de carbone et de vernis.<\/p>\n<p> Mobil Pegasus 1107 (0,65 % de cendres sulfat\u00e9es) peut aider les utilisateurs \u00e0 maintenir leurs moteurs \u00e0 pistons en acier \u00e0 pression moyenne efficace de freinage (BMEP sup\u00e9rieure ou \u00e9gale \u00e0 22 bars) fonctionnant plus longtemps et plus proprement avec une fiabilit\u00e9 am\u00e9lior\u00e9e, une excellente r\u00e9serve et r\u00e9tention d&rsquo;alcalinit\u00e9, ce qui entra\u00eene une augmentation de la productivit\u00e9. .<\/p><\/div><\/div><\/div>\n<h2>Fonctionnalit\u00e9 et avantages potentiels<\/h2>\n<div class=\"table-responsive\">Mobil Pegasus 1105 et Mobil Pegasus 1107 sont des huiles pour moteurs \u00e0 gaz longue dur\u00e9e qui ont d\u00e9montr\u00e9 des intervalles de vidange d&rsquo;huile au moins 1,5 fois plus longs que ceux de la concurrence dans les moteurs aliment\u00e9s au gaz naturel hautes performances. Les deux lubrifiants sont des membres leaders de la marque Mobil de lubrifiants industriels qui jouissent d&rsquo;une r\u00e9putation d&rsquo;innovation, de leadership technologique et de capacit\u00e9 de haute performance\u00a0:<\/div>\n<ul>\n<li>Un syst\u00e8me d\u00e9tergent-dispersant extraordinaire contr\u00f4le la formation de d\u00e9p\u00f4ts de carbone et de vernis pour minimiser la consommation d&rsquo;huile et maintenir la propret\u00e9 du moteur m\u00eame pendant des intervalles de vidange prolong\u00e9s<\/li>\n<li>Stabilit\u00e9 exceptionnelle \u00e0 l&rsquo;oxydation, r\u00e9sistance \u00e0 la nitration et stabilit\u00e9 thermique qui contribuent \u00e0 prolonger la dur\u00e9e de vie de l&rsquo;huile, \u00e0 r\u00e9duire les co\u00fbts de filtrage et \u00e0 r\u00e9sister \u00e0 la formation de d\u00e9p\u00f4ts<\/li>\n<li>Des caract\u00e9ristiques anti-usure in\u00e9gal\u00e9es contribuent \u00e0 r\u00e9duire l&rsquo;usure des composants du moteur, \u00e0 r\u00e9duire l&rsquo;\u00e9raflure des chemises dans les moteurs \u00e0 gaz fortement charg\u00e9s et \u00e0 assurer une protection contre le cambriolage.<\/li>\n<li>Une r\u00e9serve d&rsquo;alcalinit\u00e9 exceptionnelle pr\u00e9serve les performances et la durabilit\u00e9 du moteur tout en prolongeant l&rsquo;intervalle de vidange d&rsquo;huile<\/li>\n<\/ul>\n<h2>Applications<\/h2>\n<ul>\n<li>GE Jenbacher, MAN, MTU et autres moteurs \u00e0 gaz quatre temps turbocompress\u00e9s, atmosph\u00e9riques, \u00e0 r\u00e9gime moyen \u00e0 \u00e9lev\u00e9, n\u00e9cessitant un lubrifiant haute performance<\/li>\n<li>Moteurs \u00e0 gaz \u00e0 quatre temps \u00e0 m\u00e9lange pauvre et st\u0153chiom\u00e9triques fonctionnant dans des conditions de charge \u00e9lev\u00e9e, de temp\u00e9rature et de pression \u00e9lev\u00e9es<\/li>\n<li>Moteurs \u00e0 gaz \u00e0 quatre temps \u00e0 grande vitesse utilis\u00e9s dans les applications de cog\u00e9n\u00e9ration<\/li>\n<li>Moteurs aliment\u00e9s au gaz naturel \u00e9quip\u00e9s de pots catalytiques<\/li>\n<li>Op\u00e9rations de collecte sur le terrain o\u00f9 du gaz acide, \u00e0 faible teneur en H2S, peut \u00eatre utilis\u00e9 comme combustible<\/li>\n<\/ul>\n<h2>Sp\u00e9cifications et homologations<\/h2>\n<h3>Satisfait ou d\u00e9passe les exigences de<\/h3>\n<ul>\n<li>Caterpillar Energy Solutions TR 2105, huiles lubrifiantes pour moteurs \u00e0 gaz (CG132, CG170, CG260)<\/li>\n<li>INNIO Jenbacher TI 1000-1109 (approuv\u00e9 CAT (catalyseur))<\/li>\n<li>INNIO Jenbacher TI 1000-1109 (gaz combustible de classe A, types 2 et 3, vidange prolong\u00e9e)<\/li>\n<li>INNIO Jenbacher TI 1000-1109 (gaz combustible classe A, type 6 toutes versions, vidange prolong\u00e9e)<\/li>\n<li>Moteurs \u00e0 gaz MTU Onsite Energy s\u00e9rie 400\u00a0: tous les moteurs fonctionnant au gaz naturel et au gaz propane<\/li>\n<li>MWM TR 0199-99-2105, huiles lubrifiantes pour moteurs \u00e0 gaz<\/li>\n<\/ul>\n<div class=\"bloc li\u00e9\"><\/div>\n","protected":false},"excerpt":{"rendered":"<p>La s\u00e9rie Mobil Pegasus\u2122 1100 est la derni\u00e8re g\u00e9n\u00e9ration d&rsquo;huiles moteur \u00e0 gaz haute performance Mobil Pegasus, con\u00e7ue pour offrir aux moteurs \u00e0 gaz quatre temps modernes \u00e0 haut rendement et faibles \u00e9missions le plus haut niveau de protection tout en maintenant des performances sup\u00e9rieures dans les moteurs des mod\u00e8les ant\u00e9rieurs.<\/p>\n","protected":false},"featured_media":10102,"template":"","meta":{"_acf_changed":false,"inline_featured_image":false},"product_brand":[],"product_cat":[215],"product_tag":[],"class_list":{"0":"post-9556","1":"product","2":"type-product","3":"status-publish","4":"has-post-thumbnail","6":"product_cat-huiles-pour-moteurs-a-gaz","8":"first","9":"instock","10":"taxable","11":"shipping-taxable","12":"purchasable","13":"product-type-simple"},"acf":[],"_links":{"self":[{"href":"https:\/\/webshop.ingelbeen.be\/fr\/wp-json\/wp\/v2\/product\/9556","targetHints":{"allow":["GET"]}}],"collection":[{"href":"https:\/\/webshop.ingelbeen.be\/fr\/wp-json\/wp\/v2\/product"}],"about":[{"href":"https:\/\/webshop.ingelbeen.be\/fr\/wp-json\/wp\/v2\/types\/product"}],"wp:featuredmedia":[{"embeddable":true,"href":"https:\/\/webshop.ingelbeen.be\/fr\/wp-json\/wp\/v2\/media\/10102"}],"wp:attachment":[{"href":"https:\/\/webshop.ingelbeen.be\/fr\/wp-json\/wp\/v2\/media?parent=9556"}],"wp:term":[{"taxonomy":"product_brand","embeddable":true,"href":"https:\/\/webshop.ingelbeen.be\/fr\/wp-json\/wp\/v2\/product_brand?post=9556"},{"taxonomy":"product_cat","embeddable":true,"href":"https:\/\/webshop.ingelbeen.be\/fr\/wp-json\/wp\/v2\/product_cat?post=9556"},{"taxonomy":"product_tag","embeddable":true,"href":"https:\/\/webshop.ingelbeen.be\/fr\/wp-json\/wp\/v2\/product_tag?post=9556"}],"curies":[{"name":"wp","href":"https:\/\/api.w.org\/{rel}","templated":true}]}}