{"id":9558,"date":"2024-04-30T13:10:32","date_gmt":"2024-04-30T12:10:32","guid":{"rendered":"https:\/\/ingelbeen.kneet.be\/product\/mobil-pegasus-605-ultra-40\/"},"modified":"2024-06-26T16:14:04","modified_gmt":"2024-06-26T15:14:04","slug":"mobil-pegasus-605-ultra-40","status":"publish","type":"product","link":"https:\/\/webshop.ingelbeen.be\/fr\/produit\/mobil-pegasus-605-ultra-40\/","title":{"rendered":"Mobil Pegasus 605 Ultra 40"},"content":{"rendered":"<div class=\"compensation des d\u00e9tails du produit\">\n<div class=\"description de l'attribut du produit\">\n<div class=\"description de la valeur\">\n<p> Mobil Pegasus\u2122 605 Ultra 40 est la derni\u00e8re g\u00e9n\u00e9ration d&rsquo;huile pour moteurs \u00e0 gaz principalement destin\u00e9e \u00e0 la lubrification des moteurs modernes \u00e0 quatre temps \u00e0 moyen et haut r\u00e9gime fonctionnant avec des gaz de d\u00e9charge contenant des contaminants tels que du sulfure d&rsquo;hydrog\u00e8ne, des halog\u00e9nures ou du siloxane. Sa formulation a \u00e9t\u00e9 soigneusement \u00e9quilibr\u00e9e pour offrir des intervalles de vidange d&rsquo;huile prolong\u00e9s, contr\u00f4ler la formation de d\u00e9p\u00f4ts de carbone et de vernis, avec de tr\u00e8s bonnes performances anti-usure et anti-\u00e9raflures.<\/p><\/div><\/div><\/div>\n<h2>Fonctionnalit\u00e9 et avantages potentiels<\/h2>\n<ul>\n<li>Stabilit\u00e9 exceptionnelle \u00e0 l&rsquo;oxydation, r\u00e9sistance \u00e0 la nitration et stabilit\u00e9 thermique qui contribuent \u00e0 prolonger la dur\u00e9e de vie de l&rsquo;huile, \u00e0 nettoyer les moteurs, \u00e0 r\u00e9duire les co\u00fbts de filtrage et \u00e0 r\u00e9sister \u00e0 la formation de d\u00e9p\u00f4ts<\/li>\n<li>De tr\u00e8s bonnes caract\u00e9ristiques anti-usure contribuent \u00e0 r\u00e9duire l&rsquo;usure des composants du moteur, \u00e0 r\u00e9duire l&rsquo;\u00e9raflure des chemises dans les moteurs \u00e0 gaz fortement charg\u00e9s et \u00e0 assurer une protection contre le cambriolage<\/li>\n<li>Un syst\u00e8me d\u00e9tergent-dispersant extraordinaire assure la protection des composants sup\u00e9rieurs du cylindre et de la commande de soupapes, des moteurs propres et une longue dur\u00e9e de vie du filtre<\/li>\n<li>Le TBN optimis\u00e9 et l&rsquo;alcalinit\u00e9 de r\u00e9serve aident \u00e0 prot\u00e9ger les si\u00e8ges et les faces des soupapes sur les moteurs \u00e0 quatre temps, \u00e0 am\u00e9liorer les performances des bougies d&rsquo;allumage et \u00e0 r\u00e9duire la perte de puissance due \u00e0 la d\u00e9tonation<\/li>\n<\/ul>\n<h2>Applications<\/h2>\n<ul>\n<li>Moteurs fonctionnant avec du carburant contenant des mati\u00e8res corrosives telles que le TOHCl (halog\u00e9nures organiques totaux sous forme de chlorure), tels que les gaz de d\u00e9charge ou de biomasse<\/li>\n<li>Moteurs \u00e0 gaz fonctionnant avec du carburant contenant des niveaux mod\u00e9r\u00e9s de sulfure d&rsquo;hydrog\u00e8ne (H2S)<\/li>\n<li>Moteurs \u00e0 gaz \u00e0 quatre temps \u00e0 allumage par \u00e9tincelle avec une tr\u00e8s faible consommation d&rsquo;huile de lubrification<\/li>\n<li>Moteurs quatre temps \u00e0 r\u00e9gime moyen et \u00e9lev\u00e9 \u00e9quip\u00e9s de pots catalytiques n\u00e9cessitant une huile pour moteur \u00e0 gaz \u00e0 faible teneur en cendres<\/li>\n<li>Compresseurs alternatifs fonctionnant au gaz naturel contenant des compos\u00e9s soufr\u00e9s ou chlor\u00e9s<\/li>\n<\/ul>\n<h2>Sp\u00e9cifications et homologations<\/h2>\n<h3>Satisfait ou d\u00e9passe les exigences de<\/h3>\n<ul>\n<li>CATERPILLAR<\/li>\n<\/ul>\n<h3>Ce produit a les approbations de constructeur suivantes<\/h3>\n<ul>\n<li>Le passage du moteur GE Waukesha<\/li>\n<li>MWM GmbH TR 0199-99-2105<\/li>\n<li>GE JENBACHER TI 1000-1109 (gaz de marque B, s\u00e9ries 2 et 3)<\/li>\n<li>GE JENBACHER TI 1000-1109 (stoff de gaz de classe B, s\u00e9ries 4A, 4B et 4C)<\/li>\n<li>GE JENBACHER TI 1000-1109 (stoff de gaz de classe B, s\u00e9rie 6 jusqu&rsquo;\u00e0 la version E)<\/li>\n<li>GE JENBACHER TI 1000-1109 (stoff de gaz de classe C, s\u00e9ries 2 et 3)<\/li>\n<li>GE JENBACHER TI 1000-1109 (stoff de gaz de classe C, s\u00e9ries 4A et 4B)<\/li>\n<li>GE JENBACHER TI 1000-1109 (stoff de gaz de classe C, s\u00e9rie 6 jusqu&rsquo;\u00e0 la version E)<\/li>\n<li>GE JENBACHER TI 1000-1109 (CAT (catalyseur) goedgekeurd)<\/li>\n<li>Caterpillar Energyoplossingen TR 2105, smeeroli\u00ebn for gasmotoren (CG132, CG170, CG260)<\/li>\n<li>HOMME M 3271-4<\/li>\n<\/ul>\n","protected":false},"excerpt":{"rendered":"<p>Mobil Pegasus\u2122 605 Ultra 40 est la derni\u00e8re g\u00e9n\u00e9ration d&rsquo;huile moteur \u00e0 gaz principalement destin\u00e9e \u00e0 la lubrification des moteurs modernes quatre temps \u00e0 moyenne et haute vitesse fonctionnant au gaz de d\u00e9charge contenant des contaminants tels que le sulfure d&rsquo;hydrog\u00e8ne, les halog\u00e8nes ou le siloxane. La formulation est soigneusement \u00e9quilibr\u00e9e pour offrir des intervalles de vidange prolong\u00e9s, contr\u00f4ler les d\u00e9p\u00f4ts de carbone et de vernis, et offrir d&rsquo;excellentes propri\u00e9t\u00e9s anti-usure et anti-frottement.<\/p>\n","protected":false},"featured_media":10102,"template":"","meta":{"_acf_changed":false,"inline_featured_image":false},"product_brand":[],"product_cat":[215],"product_tag":[],"class_list":{"0":"post-9558","1":"product","2":"type-product","3":"status-publish","4":"has-post-thumbnail","6":"product_cat-huiles-pour-moteurs-a-gaz","8":"first","9":"instock","10":"taxable","11":"shipping-taxable","12":"purchasable","13":"product-type-simple"},"acf":[],"_links":{"self":[{"href":"https:\/\/webshop.ingelbeen.be\/fr\/wp-json\/wp\/v2\/product\/9558","targetHints":{"allow":["GET"]}}],"collection":[{"href":"https:\/\/webshop.ingelbeen.be\/fr\/wp-json\/wp\/v2\/product"}],"about":[{"href":"https:\/\/webshop.ingelbeen.be\/fr\/wp-json\/wp\/v2\/types\/product"}],"wp:featuredmedia":[{"embeddable":true,"href":"https:\/\/webshop.ingelbeen.be\/fr\/wp-json\/wp\/v2\/media\/10102"}],"wp:attachment":[{"href":"https:\/\/webshop.ingelbeen.be\/fr\/wp-json\/wp\/v2\/media?parent=9558"}],"wp:term":[{"taxonomy":"product_brand","embeddable":true,"href":"https:\/\/webshop.ingelbeen.be\/fr\/wp-json\/wp\/v2\/product_brand?post=9558"},{"taxonomy":"product_cat","embeddable":true,"href":"https:\/\/webshop.ingelbeen.be\/fr\/wp-json\/wp\/v2\/product_cat?post=9558"},{"taxonomy":"product_tag","embeddable":true,"href":"https:\/\/webshop.ingelbeen.be\/fr\/wp-json\/wp\/v2\/product_tag?post=9558"}],"curies":[{"name":"wp","href":"https:\/\/api.w.org\/{rel}","templated":true}]}}