{"id":9568,"date":"2024-04-30T13:10:31","date_gmt":"2024-04-30T12:10:31","guid":{"rendered":"https:\/\/ingelbeen.kneet.be\/product\/mobil-glygoyle-22-2\/"},"modified":"2024-06-26T16:14:01","modified_gmt":"2024-06-26T15:14:01","slug":"mobil-glygoyle-22-2","status":"publish","type":"product","link":"https:\/\/webshop.ingelbeen.be\/fr\/produit\/mobil-glygoyle-22-2\/","title":{"rendered":"Mobil Glygoyle 22"},"content":{"rendered":"<div class=\"compensation des d\u00e9tails du produit\">\n<div class=\"description de l'attribut du produit\">\n<div class=\"description de la valeur\">\n<p> Les huiles Mobil Glygoyle\u2122\u00a011, 22 et 30 sont des lubrifiants hautes performances \u00e0 base de polyalkyl\u00e8neglycol (PAG) qui fournissent une lubrification exceptionnelle dans les applications d&rsquo;engrenages, de roulements et de syst\u00e8mes de circulation \u00e0 temp\u00e9ratures extr\u00eames dans des conditions bien au-del\u00e0 des capacit\u00e9s des huiles min\u00e9rales.\u00a0Ils sont stables au cisaillement et pr\u00e9sentent une r\u00e9sistance exceptionnelle \u00e0 la d\u00e9gradation thermique, \u00e0 l\u2019oxydation et \u00e0 la formation de boues et de d\u00e9p\u00f4ts.\u00a0Elles int\u00e8grent un ensemble d&rsquo;additifs exclusifs con\u00e7us pour am\u00e9liorer la protection EP\/anti-usure, la protection contre la corrosion et la rouille et la r\u00e9sistance \u00e0 la mousse sans nuire aux attributs intrins\u00e8ques des huiles de base PAG.<\/p>\n<p> Mobil Glygoyle 11,22, 30 ont des indices de viscosit\u00e9 tr\u00e8s \u00e9lev\u00e9s et, \u00e9tant sans cire, ils ont des points d&rsquo;\u00e9coulement extr\u00eamement bas.\u00a0Leurs coefficients de frottement et de traction (par exemple dans les contacts d&rsquo;engrenages ou de roulements non conformes) sont inf\u00e9rieurs \u00e0 ceux des huiles min\u00e9rales.\u00a0 Ces caract\u00e9ristiques de lubrification exceptionnelles permettent d&rsquo;obtenir des temp\u00e9ratures de fonctionnement plus basses dans de nombreuses applications.<\/p>\n<p> Mobil Glygoyle 11, 22 et 30 offrent des performances exceptionnelles dans les applications industrielles les plus s\u00e9v\u00e8res depuis plus de 25 ans.\u00a0Leur utilisation est recommand\u00e9e par les principaux fabricants de calendriers en plastique, de roulements de machines \u00e0 papier, de compresseurs et d&rsquo;engrenages, et sont les produits de choix pour de nombreuses applications de service s\u00e9v\u00e8re.<\/p><\/div><\/div><\/div>\n<h2>Fonctionnalit\u00e9 et avantages potentiels<\/h2>\n<p> La marque de lubrifiants Mobil Glygoyle est reconnue et appr\u00e9ci\u00e9e partout dans le monde pour son innovation et ses performances exceptionnelles. Les produits synth\u00e9tiques de polyalkyl\u00e8neglycol de conception mol\u00e9culaire ont \u00e9t\u00e9 sp\u00e9cialement choisis pour \u00eatre utilis\u00e9s dans Mobil Glygoyle 11, 22 et 30 et d\u00e9montrent l&rsquo;engagement continu \u00e0 utiliser une technologie de pointe pour fournir des performances de produit exceptionnelles. Les contacts \u00e9troits entre nos scientifiques et nos sp\u00e9cialistes des applications avec les principaux \u00e9quipementiers ont \u00e9t\u00e9 un facteur cl\u00e9 dans le d\u00e9veloppement de Mobil Glygoyle 11, 22 et 30 pour garantir que nos offres de produits offriront des performances exceptionnelles dans les conceptions d&rsquo;\u00e9quipements industriels en constante \u00e9volution.<\/p>\n<p> Les produits Mobil Glygoyle ont \u00e9t\u00e9 principalement con\u00e7us pour r\u00e9pondre aux besoins critiques \u00e0 haute temp\u00e9rature d&rsquo;une vari\u00e9t\u00e9 d&rsquo;\u00e9quipements industriels o\u00f9 les produits \u00e0 base min\u00e9rale et autres produits synth\u00e9tiques n&rsquo;\u00e9taient pas en mesure de fonctionner de mani\u00e8re satisfaisante. Des caract\u00e9ristiques suppl\u00e9mentaires telles qu&rsquo;une faible friction et traction, ainsi que des propri\u00e9t\u00e9s d&rsquo;absorption des gaz ont donn\u00e9 lieu \u00e0 des opportunit\u00e9s d&rsquo;applications industrielles encore plus larges. Les lubrifiants Mobil Glygoyle 11, 22 et 30 offrent les caract\u00e9ristiques et avantages potentiels suivants :<\/p>\n<table class=\"table table-striped\">\n <t\u00eate><\/p>\n<tr>\n<th>Fonctionnalit\u00e9s<\/th>\n<th>Avantages et b\u00e9n\u00e9fices potentiels<\/th>\n<\/tr>\n<p> <\/t\u00eate><br \/>\n <corps><\/p>\n<tr>\n<td>Superbe stabilit\u00e9 thermique et oxydative, et r\u00e9sistance \u00e0 la formation de boues et de d\u00e9p\u00f4ts<\/td>\n<td>Dur\u00e9e de vie prolong\u00e9e du lubrifiant, production accrue, moins de temps d&rsquo;arr\u00eat planifi\u00e9s et impr\u00e9vus, co\u00fbts de maintenance et d\u00e9penses de remplacement r\u00e9duits<\/td>\n<\/tr>\n<tr>\n<td>Faibles coefficients de traction et de friction<\/td>\n<td>Temp\u00e9ratures de fonctionnement r\u00e9duites, efficacit\u00e9 accrue de l&rsquo;\u00e9quipement, consommation \u00e9lectrique r\u00e9duite et dur\u00e9e de vie prolong\u00e9e des joints. Minimise les effets du microglissement dans les roulements \u00e0 contact pour une dur\u00e9e de vie potentielle des \u00e9l\u00e9ments plus longue.<\/td>\n<\/tr>\n<tr>\n<td>Tr\u00e8s haute conductivit\u00e9 thermique<\/td>\n<td>Aide \u00e0 r\u00e9duire la temp\u00e9rature de fonctionnement, augmentant ainsi la dur\u00e9e de vie de la charge.<\/td>\n<\/tr>\n<tr>\n<td>Excellente fluidit\u00e9 \u00e0 basse temp\u00e9rature<\/td>\n<td>Permet un pr\u00e9chauffage plus rapide \u00e0 basse temp\u00e9rature ambiante, ce qui entra\u00eene une consommation d&rsquo;\u00e9nergie r\u00e9duite et un fonctionnement plus fluide.<\/td>\n<\/tr>\n<tr>\n<td>Usure r\u00e9duite des dents d&rsquo;engrenage \u00e0 haute temp\u00e9rature pour les m\u00e9tallurgies acier sur acier et acier sur bronze<\/td>\n<td>Co\u00fbts d&rsquo;exploitation r\u00e9duits gr\u00e2ce \u00e0 une usure moindre, une temp\u00e9rature de fonctionnement r\u00e9duite et un fonctionnement plus fluide<\/td>\n<\/tr>\n<tr>\n<td>Absorption r\u00e9duite et r\u00e9duction de la viscosit\u00e9 avec des gaz d&rsquo;hydrocarbures sous pression<\/td>\n<td>Protection am\u00e9lior\u00e9e du film et longue dur\u00e9e de vie pour les compresseurs de gaz naturel<\/td>\n<\/tr>\n<tr>\n<td>Capacit\u00e9 d&rsquo;\u00e9quipement industriel polyvalent<\/td>\n<td>Possibilit\u00e9 d&rsquo;utiliser moins de produits avec des co\u00fbts d&rsquo;inventaire r\u00e9duits et moins de risques de mauvaise lubrification<\/td>\n<\/tr>\n<\/tbody>\n<\/table>\n<h2>Applications<\/h2>\n<p> Les lubrifiants Mobil Glygoyle sont recommand\u00e9s pour les conditions les plus s\u00e9v\u00e8res dans tous les types de paliers lisses et antifriction et d&rsquo;engrenages industriels sous bo\u00eetier jusqu&rsquo;\u00e0 une temp\u00e9rature d&rsquo;huile en vrac de 200 \u00baC.<\/p>\n<p> <strong>Les applications sp\u00e9cifiques incluent\u00a0:<\/strong><\/p>\n<ul>\n<li>Op\u00e9rations s\u00e9v\u00e8res sur le calendrier plastique<\/li>\n<li>Roulements pour machines \u00e0 papier haute temp\u00e9rature<\/li>\n<li>Engrenages industriels sous bo\u00eetier\u00a0\u2013\u00a0engrenages droits, coniques et \u00e0 vis sans fin<\/li>\n<li>Air alternatif et rotatif, gaz naturel, CO2 et autres gaz de proc\u00e9d\u00e9<\/li>\n<\/ul>\n<p> &nbsp;<\/p>\n<p> <strong>Notes d&rsquo;application<\/strong><br \/>\n Les lubrifiants \u00e0 base de polyalkyl\u00e8neglycol (PAG) poss\u00e8dent d&rsquo;excellentes propri\u00e9t\u00e9s de lubrification inh\u00e9rentes conf\u00e9r\u00e9es par l&rsquo;huile de base PAG. Cependant, les lubrifiants \u00e0 base de PAG pr\u00e9sentent des limites en ce qui concerne la compatibilit\u00e9 avec les mat\u00e9riaux d&rsquo;\u00e9tanch\u00e9it\u00e9 et de rev\u00eatement, certaines vari\u00e9t\u00e9s d&rsquo;alliages de m\u00e9taux l\u00e9gers et d&rsquo;autres lubrifiants.\u00a0 Avant d&rsquo;appliquer un lubrifiant PAG, contactez le fabricant de l&rsquo;\u00e9quipement d&rsquo;origine pour obtenir des conseils sp\u00e9cifiques sur l&rsquo;application.<\/p>\n<p> <strong>Compatibilit\u00e9 avec d&rsquo;autres lubrifiants<\/strong><br \/>\n Mobil Glygoyle 11, 22 et 30 ne sont pas compatibles avec les huiles min\u00e9rales et la plupart des autres lubrifiants synth\u00e9tiques.\u00a0 De plus, selon le type sp\u00e9cifique de fluide de base PAG, ils peuvent ne pas \u00eatre compatibles avec d&rsquo;autres lubrifiants de type PAG. (par exemple, Mobil Glygoyle 11, 22, 30 et Mobil Glygoyle ISO VG Series ne sont pas miscibles). Les Mobil Glygoyle 11, 22 et 30 ne sont g\u00e9n\u00e9ralement pas recommand\u00e9s pour une utilisation dans des syst\u00e8mes pr\u00e9alablement remplis d&rsquo;huiles min\u00e9rales ou de lubrifiants synth\u00e9tiques \u00e0 base de PAO.\u00a0 Il est en outre recommand\u00e9 de v\u00e9rifier la compatibilit\u00e9 lors de l&rsquo;appoint ou du remplacement des remplissages PAG existants par des produits Mobil Glygoyle. Il est g\u00e9n\u00e9ralement pr\u00e9f\u00e9rable d&rsquo;\u00e9viter les m\u00e9langes en vidant, rin\u00e7ant et remplissant. Lors du passage d&rsquo;huile min\u00e9rale ou d&rsquo;autres produits synth\u00e9tiques aux produits Mobil Glygoyle, il est Il est essentiel de nettoyer soigneusement le syst\u00e8me et de le rincer avec des liquides appropri\u00e9s avant la conversion. Pour plus de d\u00e9tails, veuillez contacter votre repr\u00e9sentant ExxonMobil.<\/p>\n<p> <strong>Eau<\/strong><br \/>\n Mobil Glygoyle 11, 22 et 30, ainsi que tous les lubrifiants \u00e0 base de PAG, sont hygroscopiques et absorbent plus d&rsquo;eau que les huiles min\u00e9rales ou les hydrocarbures synth\u00e9tiques auparavant. Il convient donc de prendre des pr\u00e9cautions particuli\u00e8res pour ne pas exposer les huiles PAG \u00e0 une humidit\u00e9 excessive.\u00a0 En raison de leur densit\u00e9 sp\u00e9cifique \u00e9lev\u00e9e, l\u2019eau ne tombe pas au fond des r\u00e9servoirs, mais reste au-dessus du lubrifiant.<\/p>\n<p> <strong>Compatibilit\u00e9 des joints<\/strong><br \/>\n Les lubrifiants \u00e0 base de PAG ne sont pas compatibles avec la plupart des mat\u00e9riaux d&rsquo;\u00e9tanch\u00e9it\u00e9 standard utilis\u00e9s pour les huiles min\u00e9rales ou les hydrocarbures synth\u00e9tiques. Les mat\u00e9riaux incompatibles sont susceptibles de r\u00e9tr\u00e9cir ou de gonfler, provoquant ainsi de graves fuites ou un grippage du joint. Lors de la conversion d&rsquo;une huile min\u00e9rale ou d&rsquo;hydrocarbures synth\u00e9tiques \u00e0 Mobil Glygoyle 11, 22 ou 30, la compatibilit\u00e9 des joints doit \u00eatre prise en compte. FKM et VMQ conviennent normalement pour une utilisation avec PAG.\u00a0 Les mat\u00e9riaux NBR peuvent \u00eatre utilis\u00e9s mais ont une plage de temp\u00e9ratures limit\u00e9e. \u00a0\u00a0\u00a0Dans tous les cas, les conditions de fonctionnement et la variabilit\u00e9 des propri\u00e9t\u00e9s des \u00e9lastom\u00e8res des diff\u00e9rents fabricants doivent \u00eatre prises en compte.\u00a0 Pour de meilleurs r\u00e9sultats, consultez le fournisseur d\u2019\u00e9quipement ou le fabricant de joints pour obtenir des recommandations sp\u00e9cifiques.<\/p>\n<p> <strong>Alliages de m\u00e9taux l\u00e9gers<\/strong><br \/>\n Les lubrifiants Mobil Glygoyle 11, 22 et 30 et PAG sont bien adapt\u00e9s aux applications d&rsquo;engrenages avec des mat\u00e9riaux ferreux et la plupart des mat\u00e9riaux non ferreux.\u00a0 Cependant, les produits Mobil Glygoyle et les lubrifiants PAG ne sont pas recommand\u00e9s pour une utilisation avec des alliages de m\u00e9taux l\u00e9gers contenant de l&rsquo;aluminium ou du magn\u00e9sium.\u00a0 Les lubrifiants PAG peuvent entra\u00eener une usure accrue lorsqu\u2019ils sont utilis\u00e9s avec des alliages de m\u00e9taux l\u00e9gers de cette nature.\u00a0 Veuillez consulter le fabricant de l&rsquo;\u00e9quipement d&rsquo;origine pour plus d&rsquo;informations.<\/p>\n<p> <strong>Autres mat\u00e9riaux<\/strong><br \/>\n Les peintures, rev\u00eatements et certains plastiques ne conviennent pas \u00e0 une utilisation avec les lubrifiants PAG. En g\u00e9n\u00e9ral, les peintures \u00e0 deux composants (peintures r\u00e9actives, r\u00e9sines \u00e9poxy) conviennent pour les rev\u00eatements int\u00e9rieurs en contact avec le lubrifiant. \u00a0Sinon, les int\u00e9rieurs en contact avec le lubrifiant doivent \u00eatre laiss\u00e9s sans rev\u00eatement.\u00a0 Les mat\u00e9riaux utilis\u00e9s pour les jauges de niveau d&rsquo;huile, les portes d&rsquo;inspection, etc. doivent \u00eatre de pr\u00e9f\u00e9rence en verre naturel ou en polyamide. Autres plastiques transparents, par ex. Le plexiglas peut se d\u00e9t\u00e9riorer et se fissurer sous l&rsquo;effet des contraintes.<\/p>\n","protected":false},"excerpt":{"rendered":"<p>Les huiles de la s\u00e9rie Mobil Glygoyle\u2122 sont formul\u00e9es \u00e0 base de polyalkyl\u00e8neglycol (PAG) et offrent d&rsquo;excellentes propri\u00e9t\u00e9s de lubrification dans les applications d&rsquo;engrenages, de roulements et de circulation \u00e0 des temp\u00e9ratures extr\u00eames, o\u00f9 les capacit\u00e9s des huiles min\u00e9rales sont insuffisantes.<\/p>\n","protected":false},"featured_media":10108,"template":"","meta":{"_acf_changed":false,"inline_featured_image":false},"product_brand":[],"product_cat":[183],"product_tag":[],"class_list":{"0":"post-9568","1":"product","2":"type-product","3":"status-publish","4":"has-post-thumbnail","6":"product_cat-divers","8":"first","9":"instock","10":"taxable","11":"shipping-taxable","12":"purchasable","13":"product-type-simple"},"acf":[],"_links":{"self":[{"href":"https:\/\/webshop.ingelbeen.be\/fr\/wp-json\/wp\/v2\/product\/9568","targetHints":{"allow":["GET"]}}],"collection":[{"href":"https:\/\/webshop.ingelbeen.be\/fr\/wp-json\/wp\/v2\/product"}],"about":[{"href":"https:\/\/webshop.ingelbeen.be\/fr\/wp-json\/wp\/v2\/types\/product"}],"wp:featuredmedia":[{"embeddable":true,"href":"https:\/\/webshop.ingelbeen.be\/fr\/wp-json\/wp\/v2\/media\/10108"}],"wp:attachment":[{"href":"https:\/\/webshop.ingelbeen.be\/fr\/wp-json\/wp\/v2\/media?parent=9568"}],"wp:term":[{"taxonomy":"product_brand","embeddable":true,"href":"https:\/\/webshop.ingelbeen.be\/fr\/wp-json\/wp\/v2\/product_brand?post=9568"},{"taxonomy":"product_cat","embeddable":true,"href":"https:\/\/webshop.ingelbeen.be\/fr\/wp-json\/wp\/v2\/product_cat?post=9568"},{"taxonomy":"product_tag","embeddable":true,"href":"https:\/\/webshop.ingelbeen.be\/fr\/wp-json\/wp\/v2\/product_tag?post=9568"}],"curies":[{"name":"wp","href":"https:\/\/api.w.org\/{rel}","templated":true}]}}