{"id":9572,"date":"2024-04-30T13:10:31","date_gmt":"2024-04-30T12:10:31","guid":{"rendered":"https:\/\/ingelbeen.kneet.be\/product\/mobil-glygoyle-220-2\/"},"modified":"2024-06-26T16:14:01","modified_gmt":"2024-06-26T15:14:01","slug":"mobil-glygoyle-220-2","status":"publish","type":"product","link":"https:\/\/webshop.ingelbeen.be\/fr\/produit\/mobil-glygoyle-220-2\/","title":{"rendered":"Mobil Glygoyle 220"},"content":{"rendered":"<div class=\"compensation des d\u00e9tails du produit\">\n<div class=\"description de l'attribut du produit\">\n<div class=\"description de la valeur\">\n<p> Les lubrifiants de la s\u00e9rie Mobil Glygoyle\u2122 sont des huiles pour engrenages, roulements et compresseurs aux performances sup\u00e9rieures, con\u00e7ues pour offrir des avantages exceptionnels en termes d&rsquo;efficacit\u00e9, de longue dur\u00e9e de vie de l&rsquo;huile et de protection de l&rsquo;\u00e9quipement. Ces lubrifiants enti\u00e8rement synth\u00e9tiques au polyalkyl\u00e8ne glycol (PAG) ont \u00e9t\u00e9 d\u00e9velopp\u00e9s pour \u00eatre utilis\u00e9s dans des conditions de fonctionnement d\u00e9passant les capacit\u00e9s des autres lubrifiants synth\u00e9tiques et huiles min\u00e9rales.\u00a0Leurs points d&rsquo;\u00e9coulement bas assurent une excellente fluidit\u00e9 \u00e0 basse temp\u00e9rature. Les qualit\u00e9s ISO 150 \u00e0 1\u00a0000\u00a0sont des lubrifiants enregistr\u00e9s NSF H1 et sont \u00e9galement conformes au titre 21 CFR 178.3570 de la Food and Drug Administration (\u00c9tats-Unis) pour les lubrifiants avec contact alimentaire accidentel.<\/p>\n<ul>\n<li>Protection EP\/antiusure exceptionnelle pour les composants critiques de l&rsquo;\u00e9quipement<\/li>\n<li>Un niveau \u00e9lev\u00e9 de protection contre les micropiq\u00fbres pour les syst\u00e8mes d&rsquo;engrenages sensibles<\/li>\n<li>Protection contre la rouille et la corrosion en service<\/li>\n<li>R\u00e9sistance \u00e0 l&rsquo;accumulation de mousse<\/li>\n<li>Excellent pouvoir lubrifiant inh\u00e9rent \u00e0 ce lubrifiant enti\u00e8rement synth\u00e9tique<\/li>\n<li>Faible coefficient de traction entra\u00eenant une efficacit\u00e9 \u00e9nerg\u00e9tique accrue et une r\u00e9duction des temp\u00e9ratures de l&rsquo;huile\/du syst\u00e8me en vrac<\/li>\n<li>Tr\u00e8s bonne stabilit\u00e9 thermique et oxydative pour r\u00e9duire la formation de boues et les d\u00e9p\u00f4ts<\/li>\n<\/ul><\/div><\/div><\/div>\n<h2>Fonctionnalit\u00e9 et avantages potentiels<\/h2>\n<p> La s\u00e9rie d&rsquo;huiles enti\u00e8rement synth\u00e9tiques Mobil Glygoyle est sp\u00e9cialement con\u00e7ue pour surpasser les lubrifiants min\u00e9raux et synth\u00e9tiques PAO dans les applications de compression d&rsquo;engrenages et de gaz d&rsquo;hydrocarbures. Dans les engrenages \u00e0 vis sans fin, les propri\u00e9t\u00e9s uniques de ces huiles permettent de transmettre plus de couple \u00e0 travers le r\u00e9ducteur tout en abaissant dans de nombreux cas la temp\u00e9rature du carter d&rsquo;huile de fonctionnement, ce qui se traduit par une dur\u00e9e de vie plus longue des joints, de l&rsquo;huile et de la bo\u00eete de vitesses. Dans les compresseurs de gaz, la solubilit\u00e9 limit\u00e9e des hydrocarbures de la s\u00e9rie Mobil Glygoyle permet une dilution r\u00e9duite du lubrifiant et une protection am\u00e9lior\u00e9e de l&rsquo;\u00e9quipement.<\/p>\n<p> Caract\u00e9ristiques par rapport aux autres lubrifiants min\u00e9raux, synth\u00e9tiques et PAG\u00a0:<\/p>\n<p> G\u00e9n\u00e9ral\u00a0: Il existe diff\u00e9rents types d\u2019huiles de base PAG. Les propri\u00e9t\u00e9s inh\u00e9rentes \u00e0 ces huiles peuvent diff\u00e9rer selon les mati\u00e8res premi\u00e8res et les proc\u00e9d\u00e9s utilis\u00e9s dans leur fabrication. Les caract\u00e9ristiques qui peuvent diff\u00e9rer selon les diff\u00e9rentes huiles PAG comprennent leur coefficient de traction (efficacit\u00e9 \u00e9nerg\u00e9tique), leur conductivit\u00e9 thermique et leur solubilit\u00e9 avec les huiles d&rsquo;hydrocarbures, leur tendance \u00e0 attirer l&rsquo;eau et leurs propri\u00e9t\u00e9s \u00e0 basse temp\u00e9rature.<\/p>\n<p> Haute efficacit\u00e9\u00a0: les chercheurs d&rsquo;ExxonMobil ont s\u00e9lectionn\u00e9 des huiles de base PAG qui offrent des niveaux \u00e9lev\u00e9s d&rsquo;efficacit\u00e9 \u00e9nerg\u00e9tique par rapport aux huiles min\u00e9rales, PAO et autres huiles PAG. Ceci, associ\u00e9 \u00e0 une conductivit\u00e9 thermique accrue d&rsquo;environ 10 % par rapport aux huiles min\u00e9rales et PAO, conduit \u00e0 des temp\u00e9ratures de fonctionnement plus basses et \u00e0 une dur\u00e9e de vie plus longue des composants.<\/p>\n<p> Temp\u00e9ratures \u00e9tendues\u00a0: La s\u00e9rie Mobil Glygoyle a des VIs tr\u00e8s \u00e9lev\u00e9s allant de 170 pour l&rsquo;ISO 68 \u00e0 285 pour l&rsquo;ISO 1000. Cela conduit \u00e0 une large plage de temp\u00e9ratures de fonctionnement, au-del\u00e0 de celle des lubrifiants min\u00e9raux et PAO.<\/p>\n<p> Protection contre la rouille\u00a0: les lubrifiants PAG, qui sont con\u00e7us pour \u00eatre non miscibles avec les huiles d&rsquo;hydrocarbures, ont tendance \u00e0 absorber davantage l&rsquo;eau que les huiles min\u00e9rales ou PAO. En raison du risque de niveaux \u00e9lev\u00e9s d\u2019eau dans l\u2019huile, des pr\u00e9cautions doivent \u00eatre prises pour \u00e9viter la formation de rouille sur l\u2019\u00e9quipement.\u00a0 Les huiles Mobil Glygoyle Series r\u00e9ussissent des tests de rouille majeurs tels que les tests de rouille ASTM D665A et Bethlehem Steel, parties A\/B, et re\u00e7oivent une note de 0,0 au test de rouille Emcor DIN 51802 avec de l&rsquo;eau distill\u00e9e. De plus, ils pr\u00e9sentent une bonne compatibilit\u00e9 avec le m\u00e9tal jaune avec une note 1B au test ASTM D130. La s\u00e9rie Mobil Glygoyle n&rsquo;est pas recommand\u00e9e pour une utilisation dans les zones o\u00f9 une contamination par l&rsquo;eau sal\u00e9e est attendue.<\/p>\n<p> Contr\u00f4le de la mousse\u00a0:\u00a0Le contr\u00f4le de la mousse est important, en particulier dans les bo\u00eetes \u00ab\u00a0scell\u00e9es \u00e0 vie\u00a0\u00bb.\u00a0La s\u00e9rie Mobil Glygoyle fournit d&rsquo;excellents r\u00e9sultats dans les trois s\u00e9quences du test de mousse ASTM D 892.<\/p>\n<p> EP\/antiusure\u00a0: Il est important d&rsquo;avoir le bon m\u00e9lange de protection EP\/AW, en particulier dans les engrenages \u00e0 vis sans fin qui contiennent du bronze et d&rsquo;autres m\u00e9taux jaunes.\u00a0La s\u00e9rie de lubrifiants Glygoyle pr\u00e9sente une excellente protection EP\/antiusure avec des r\u00e9sultats typiques de 12+ au test d&rsquo;abrasion DIN 51354-2 FZG, une tr\u00e8s faible usure de la cage et des rouleaux au test DIN 51819-3 FAG FE8 et une excellente protection contre les micropiq\u00fbres avec un r\u00e9sultat de \u203a10 au test de micropitting FVA 54 (ISO 320).<\/p>\n<table class=\"table table-striped\">\n <t\u00eate><\/p>\n<tr>\n<th>Fonctionnalit\u00e9s<\/th>\n<th>Avantages et b\u00e9n\u00e9fices potentiels<\/th>\n<\/tr>\n<p> <\/t\u00eate><br \/>\n <corps><\/p>\n<tr>\n<td>Haute stabilit\u00e9 thermique et oxydative ainsi qu&rsquo;une excellente protection anti-usure<\/td>\n<td>Offre une protection exceptionnelle des engrenages dans des situations de facteur de charge s\u00e9v\u00e8res, une production accrue gr\u00e2ce \u00e0 une dur\u00e9e de vie prolong\u00e9e du lubrifiant, r\u00e9duisant les temps d&rsquo;arr\u00eat programm\u00e9s et impr\u00e9vus pour les changements de lubrifiant de routine, des co\u00fbts de maintenance et de remplacement r\u00e9duits<\/td>\n<\/tr>\n<tr>\n<td>Faibles coefficients de friction et de traction<\/td>\n<td>Efficacit\u00e9 am\u00e9lior\u00e9e des engrenages et temp\u00e9ratures de fonctionnement de l&rsquo;huile plus basses pour des co\u00fbts de fonctionnement (\u00e9lectriques) inf\u00e9rieurs et une dur\u00e9e de vie des joints plus longue<\/td>\n<\/tr>\n<tr>\n<td>Haute conductivit\u00e9 thermique<\/td>\n<td>Abaisse les temp\u00e9ratures de fonctionnement au niveau de l&rsquo;engrenage et dans l&rsquo;huile en vrac gr\u00e2ce \u00e0 une meilleure dissipation de la chaleur<\/td>\n<\/tr>\n<tr>\n<td>Indice de viscosit\u00e9 \u00e9lev\u00e9, point d&rsquo;\u00e9coulement bas et absence de cire<\/td>\n<td>D\u00e9marrage facile gr\u00e2ce \u00e0 une excellente fluidit\u00e9 \u00e0 basse temp\u00e9rature \u2013 particuli\u00e8rement important pour le bon fonctionnement des \u00e9quipements situ\u00e9s \u00e0 distance<\/td>\n<\/tr>\n<tr>\n<td>Tr\u00e8s bonne r\u00e9sistance \u00e0 la corrosion et \u00e0 la rouille<\/td>\n<td>Une excellente protection de l&rsquo;\u00e9quipement, m\u00eame pendant les temps d&rsquo;arr\u00eat, assure une longue dur\u00e9e de vie de l&rsquo;\u00e9quipement et un d\u00e9marrage en douceur, avec des \u00e9conomies de co\u00fbts de main d&rsquo;\u0153uvre et de mat\u00e9riel associ\u00e9es<\/td>\n<\/tr>\n<tr>\n<td>Capacit\u00e9 d&rsquo;\u00e9quipement industriel polyvalent<\/td>\n<td>Possibilit\u00e9 d&rsquo;utiliser moins de produits et de r\u00e9duire les co\u00fbts d&rsquo;inventaire<\/td>\n<\/tr>\n<\/tbody>\n<\/table>\n<h2>Applications<\/h2>\n<p> La s\u00e9rie Mobil Glygoyle est sp\u00e9cialement con\u00e7ue pour la lubrification des engrenages \u00e0 vis sans fin, en particulier pour les applications intensives et s\u00e9v\u00e8res, tant dans les applications de qualit\u00e9 alimentaire que non alimentaire. De plus, cette famille de produits s&rsquo;est \u00e9galement r\u00e9v\u00e9l\u00e9e \u00eatre un excellent lubrifiant pour de nombreux types d&rsquo;engrenages industriels et d&rsquo;applications de roulements antifriction dans des conditions de service s\u00e9v\u00e8res. De plus, leur faible miscibilit\u00e9 avec les hydrocarbures rend les qualit\u00e9s \u00e0 faible viscosit\u00e9 particuli\u00e8rement efficaces dans les applications de compression de gaz d&rsquo;hydrocarbures en raison de la dilution de viscosit\u00e9 r\u00e9duite qui se produit dans cette application par rapport aux huiles de compresseur \u00e0 base d&rsquo;hydrocarbures.<\/p>\n<p> La s\u00e9rie Mobil Glygoyle est utilis\u00e9e pour la lubrification des bo\u00eetes de vitesses remplies \u00e0 vie et des engrenages \u00e0 vis sans fin robustes, d&rsquo;autres engrenages industriels dans une grande vari\u00e9t\u00e9 d&rsquo;applications, la lubrification des paliers lisses et \u00e0 roulements, et la plupart des types de compresseurs.<\/p>\n<p> <strong>Les applications sp\u00e9cifiques incluent\u00a0:<\/strong><\/p>\n<ul>\n<li>R\u00e9ducteurs remplis \u00e0 vie, en particulier les engrenages \u00e0 vis sans fin \u00e0 rapport \u00e9lev\u00e9\/faible rendement<\/li>\n<li>Applications d&rsquo;engrenages \u00e0 vis sans fin telles que celles utilis\u00e9es dans les convoyeurs, les escaliers m\u00e9caniques, la manutention, les entra\u00eenements de presse, les machines d&#8217;emballage, les remont\u00e9es m\u00e9caniques, les agitateurs et les m\u00e9langeurs<\/li>\n<li>Autres applications d&rsquo;engrenages et de roulements dans les industries du ciment, de la m\u00e9tallurgie, du plastique, de l&rsquo;alimentation et de la finition textile<\/li>\n<li>Compression de gaz utilisant des compresseurs \u00e0 pistons, rotatifs, \u00e0 vis et centrifuges dans des conditions de fonctionnement d\u00e9passant les capacit\u00e9s des autres lubrifiants synth\u00e9tiques et huiles min\u00e9rales<\/li>\n<\/ul>\n<p> <strong>Notes d&rsquo;application<\/strong><br \/>\n Les lubrifiants \u00e0 base de polyalkyl\u00e8neglycol (PAG) poss\u00e8dent d&rsquo;excellentes propri\u00e9t\u00e9s de lubrification inh\u00e9rentes conf\u00e9r\u00e9es par l&rsquo;huile de base PAG. Cependant, les lubrifiants \u00e0 base de PAG pr\u00e9sentent des limites en ce qui concerne la compatibilit\u00e9 avec les mat\u00e9riaux d&rsquo;\u00e9tanch\u00e9it\u00e9 et de rev\u00eatement, certaines vari\u00e9t\u00e9s d&rsquo;alliages de m\u00e9taux l\u00e9gers et d&rsquo;autres lubrifiants.\u00a0 Avant d&rsquo;appliquer un lubrifiant PAG, contactez le fabricant de l&rsquo;\u00e9quipement d&rsquo;origine pour obtenir des conseils sp\u00e9cifiques sur l&rsquo;application.<\/p>\n<p> <strong>Compatibilit\u00e9 avec d&rsquo;autres lubrifiants<\/strong><br \/>\n La s\u00e9rie Mobil Glygoyle n&rsquo;est pas compatible avec les huiles min\u00e9rales et la plupart des autres lubrifiants synth\u00e9tiques.\u00a0 De plus, selon le type sp\u00e9cifique de fluide de base PAG, ils peuvent ne pas \u00eatre compatibles avec d&rsquo;autres lubrifiants de type PAG. (par exemple, Mobil Glygoyle No Series et Mobil Glygoyle ISO VG Series ne sont pas miscibles). La s\u00e9rie Mobil Glygoyle n&rsquo;est g\u00e9n\u00e9ralement pas recommand\u00e9e pour une utilisation dans des syst\u00e8mes pr\u00e9alablement remplis d&rsquo;huiles min\u00e9rales ou de lubrifiants synth\u00e9tiques \u00e0 base de PAO.\u00a0 Il est en outre recommand\u00e9 de v\u00e9rifier la compatibilit\u00e9 lors de l&rsquo;appoint ou du remplacement des remplissages PAG existants par la s\u00e9rie Mobil Glygoyle. Il est g\u00e9n\u00e9ralement pr\u00e9f\u00e9rable d&rsquo;\u00e9viter les m\u00e9langes en vidant, rin\u00e7ant et remplissant.<br \/>\n Lors du passage d&rsquo;une huile min\u00e9rale ou d&rsquo;autres produits synth\u00e9tiques \u00e0 la s\u00e9rie Mobil Glygoyle, il est essentiel de nettoyer soigneusement le syst\u00e8me et de le rincer avec des fluides appropri\u00e9s avant la conversion. Pour plus de d\u00e9tails, veuillez contacter votre repr\u00e9sentant ExxonMobil.<\/p>\n<p> <strong>Eau<\/strong><br \/>\n Les huiles Mobil Glygoyle Series, ainsi que tous les lubrifiants \u00e0 base de PAG, sont hygroscopiques et absorbent plus d&rsquo;eau que les huiles min\u00e9rales ou les hydrocarbures synth\u00e9tiques auparavant. Il convient donc de prendre des pr\u00e9cautions particuli\u00e8res pour ne pas exposer les huiles PAG \u00e0 une humidit\u00e9 excessive.\u00a0 En raison de leur densit\u00e9 sp\u00e9cifique \u00e9lev\u00e9e, l\u2019eau ne tombe pas au fond des r\u00e9servoirs, mais reste au-dessus du lubrifiant.<\/p>\n<p> <strong>Compatibilit\u00e9 des joints<\/strong><br \/>\n Les lubrifiants \u00e0 base de PAG ne sont pas compatibles avec la plupart des mat\u00e9riaux d&rsquo;\u00e9tanch\u00e9it\u00e9 standard utilis\u00e9s pour les huiles min\u00e9rales ou les hydrocarbures synth\u00e9tiques. Les mat\u00e9riaux incompatibles sont susceptibles de r\u00e9tr\u00e9cir ou de gonfler, provoquant ainsi de graves fuites ou un grippage du joint. Lors de la conversion d&rsquo;une huile min\u00e9rale ou d&rsquo;hydrocarbures synth\u00e9tiques \u00e0 la s\u00e9rie Mobil Glygoyle, la compatibilit\u00e9 des joints doit \u00eatre prise en compte. FKM et VMQ conviennent normalement pour une utilisation avec PAG. \u00a0Les mat\u00e9riaux NBR peuvent \u00eatre utilis\u00e9s mais ont une plage de temp\u00e9ratures limit\u00e9e.\u00a0Dans tous les cas, les conditions de fonctionnement et la variabilit\u00e9 des propri\u00e9t\u00e9s des \u00e9lastom\u00e8res des diff\u00e9rents fabricants doivent \u00eatre prises en compte. \u00a0Pour de meilleurs r\u00e9sultats, consultez le fournisseur d\u2019\u00e9quipement ou le fabricant de joints pour obtenir des recommandations sp\u00e9cifiques.<\/p>\n<p> <strong>Alliages de m\u00e9taux l\u00e9gers<\/strong><br \/>\n Les lubrifiants Mobil Glygoyle Series et PAG sont bien adapt\u00e9s aux applications d&rsquo;engrenages avec des mat\u00e9riaux ferreux et la plupart des mat\u00e9riaux non ferreux.\u00a0 Cependant, les lubrifiants Mobil Glygoyle Series et PAG ne sont pas recommand\u00e9s pour une utilisation avec des alliages de m\u00e9taux l\u00e9gers contenant de l&rsquo;aluminium ou du magn\u00e9sium.\u00a0 Les lubrifiants PAG peuvent entra\u00eener une usure accrue lorsqu\u2019ils sont utilis\u00e9s avec des alliages de m\u00e9taux l\u00e9gers de cette nature.\u00a0 Veuillez consulter le fabricant de l&rsquo;\u00e9quipement d&rsquo;origine pour plus d&rsquo;informations.<\/p>\n<p> <strong>Autres mat\u00e9riaux<\/strong><br \/>\n Les peintures, rev\u00eatements et certains plastiques ne conviennent pas \u00e0 une utilisation avec les lubrifiants PAG. En g\u00e9n\u00e9ral, les peintures \u00e0 deux composants (peintures r\u00e9actives, r\u00e9sines \u00e9poxy) conviennent pour les rev\u00eatements int\u00e9rieurs en contact avec le lubrifiant.\u00a0 Sinon, les int\u00e9rieurs en contact avec le lubrifiant doivent \u00eatre laiss\u00e9s sans rev\u00eatement.\u00a0 Les mat\u00e9riaux utilis\u00e9s pour les jauges de niveau d&rsquo;huile, les portes d&rsquo;inspection, etc. doivent \u00eatre de pr\u00e9f\u00e9rence en verre naturel ou en polyamide. D&rsquo;autres plastiques transparents (par exemple le plexiglas) peuvent se d\u00e9t\u00e9riorer et se fissurer sous l&rsquo;effet d&rsquo;une contrainte.<\/p>\n<h2>Sp\u00e9cifications et homologations<\/h2>\n<h3>Satisfait ou d\u00e9passe les exigences de<\/h3>\n<ul>\n<li>FDA 21 CFR 178.3570<\/li>\n<li>NSF H1<\/li>\n<li>Num\u00e9ro d&rsquo;enregistrement NSF 136642<\/li>\n<\/ul>\n<h3>Ce produit poss\u00e8de les approbations de constructeur suivantes<\/h3>\n<ul>\n<li>Fives Cincinnati P-39<\/li>\n<\/ul>\n","protected":false},"excerpt":{"rendered":"<p>La s\u00e9rie Mobil Glygoyle\u2122 est une famille de lubrifiants pour engrenages, roulements et compresseurs \u00e0 performances sup\u00e9rieures, sp\u00e9cialement d\u00e9velopp\u00e9e pour offrir d&rsquo;excellents avantages en termes d&rsquo;efficacit\u00e9, de longue dur\u00e9e de vie de l&rsquo;huile et de protection des machines.<\/p>\n","protected":false},"featured_media":10132,"template":"","meta":{"_acf_changed":false,"inline_featured_image":false},"product_brand":[],"product_cat":[183],"product_tag":[],"class_list":{"0":"post-9572","1":"product","2":"type-product","3":"status-publish","4":"has-post-thumbnail","6":"product_cat-divers","8":"first","9":"instock","10":"taxable","11":"shipping-taxable","12":"purchasable","13":"product-type-simple"},"acf":[],"_links":{"self":[{"href":"https:\/\/webshop.ingelbeen.be\/fr\/wp-json\/wp\/v2\/product\/9572","targetHints":{"allow":["GET"]}}],"collection":[{"href":"https:\/\/webshop.ingelbeen.be\/fr\/wp-json\/wp\/v2\/product"}],"about":[{"href":"https:\/\/webshop.ingelbeen.be\/fr\/wp-json\/wp\/v2\/types\/product"}],"wp:featuredmedia":[{"embeddable":true,"href":"https:\/\/webshop.ingelbeen.be\/fr\/wp-json\/wp\/v2\/media\/10132"}],"wp:attachment":[{"href":"https:\/\/webshop.ingelbeen.be\/fr\/wp-json\/wp\/v2\/media?parent=9572"}],"wp:term":[{"taxonomy":"product_brand","embeddable":true,"href":"https:\/\/webshop.ingelbeen.be\/fr\/wp-json\/wp\/v2\/product_brand?post=9572"},{"taxonomy":"product_cat","embeddable":true,"href":"https:\/\/webshop.ingelbeen.be\/fr\/wp-json\/wp\/v2\/product_cat?post=9572"},{"taxonomy":"product_tag","embeddable":true,"href":"https:\/\/webshop.ingelbeen.be\/fr\/wp-json\/wp\/v2\/product_tag?post=9572"}],"curies":[{"name":"wp","href":"https:\/\/api.w.org\/{rel}","templated":true}]}}