{"id":9592,"date":"2024-04-30T13:10:31","date_gmt":"2024-04-30T12:10:31","guid":{"rendered":"https:\/\/ingelbeen.kneet.be\/product\/mobil-hydraulic-10w\/"},"modified":"2024-06-26T16:14:02","modified_gmt":"2024-06-26T15:14:02","slug":"mobil-hydraulic-10w","status":"publish","type":"product","link":"https:\/\/webshop.ingelbeen.be\/fr\/produit\/mobil-hydraulic-10w\/","title":{"rendered":"Mobil Hydraulic 10W"},"content":{"rendered":"<div class=\"compensation des d\u00e9tails du produit\">\n<div class=\"description de l'attribut du produit\">\n<div class=\"description de la valeur\">\n<p> Mobil Hydraulic 10W est une huile hydraulique haute performance formul\u00e9e \u00e0 partir d\u2019huiles de base avanc\u00e9es et d\u2019un syst\u00e8me d\u2019additifs \u00e9quilibr\u00e9 con\u00e7u pour satisfaire un large \u00e9ventail d\u2019exigences en mati\u00e8re d\u2019\u00e9quipements hydrauliques lourds. Ce produit est sp\u00e9cifiquement con\u00e7u en utilisant un \u00e9quilibre efficace de dispersants sans cendres et de d\u00e9tergents m\u00e9talliques combin\u00e9s \u00e0 des inhibiteurs pour contr\u00f4ler l&rsquo;oxydation, l&rsquo;usure, la corrosion et la rouille. Mobil Hydraulic 10W peut \u00eatre utilis\u00e9 dans une large gamme d\u2019applications hydrauliques sur route et hors route.<\/p><\/div><\/div><\/div>\n<h2>Fonctionnalit\u00e9 et avantages potentiels<\/h2>\n<p> Mobil Hydraulic 10W offre d&rsquo;excellentes performances dans une large gamme de syst\u00e8mes et de composants hydrauliques utilisant diverses conceptions multim\u00e9talliques. Le produit offre \u00e9galement des performances efficaces \u00e0 basse et haute temp\u00e9rature ambiante gr\u00e2ce \u00e0 son indice de viscosit\u00e9 \u00e9lev\u00e9. Son excellente r\u00e9sistance \u00e0 l&rsquo;oxydation offre de bonnes performances \u00e0 des temp\u00e9ratures plus \u00e9lev\u00e9es et des intervalles de fonctionnement prolong\u00e9s. Des niveaux \u00e9lev\u00e9s de protection anti-usure prolongent la dur\u00e9e de vie des \u00e9quipements et r\u00e9duisent les pannes. Mobil Hydraulic 10W est compatible avec d&rsquo;autres huiles moteur en cas de m\u00e9langes impr\u00e9vus. Les principaux avantages comprennent\u00a0:<\/p>\n<table class=\"table table-striped\">\n <t\u00eate><\/p>\n<tr>\n<th>Fonctionnalit\u00e9s<\/th>\n<th>Avantages et b\u00e9n\u00e9fices potentiels<\/th>\n<\/tr>\n<p> <\/t\u00eate><br \/>\n <corps><\/p>\n<tr>\n<td>Bonne protection contre l&rsquo;\u00e9paississement de l&rsquo;huile, les d\u00e9p\u00f4ts \u00e0 haute temp\u00e9rature, le vernis et la d\u00e9gradation de l&rsquo;huile<\/td>\n<td>Des syst\u00e8mes hydrauliques plus propres<\/td>\n<\/tr>\n<tr>\n<td>moins d&rsquo;usure, en particulier au niveau des aubes et des vannes de r\u00e9gulation, prot\u00e8ge contre le grippage des aubes et prolonge les intervalles de vidange gr\u00e2ce \u00e0 l&rsquo;analyse de l&rsquo;huile<\/td>\n<\/tr>\n<tr>\n<td>Bonne protection anti-usure<\/td>\n<td>R\u00e9duit l&rsquo;usure pr\u00e9matur\u00e9e et prolonge la dur\u00e9e de vie de l&rsquo;\u00e9quipement<\/td>\n<\/tr>\n<tr>\n<td>Performances sur une large plage de temp\u00e9ratures<\/td>\n<td>R\u00e9duit l&rsquo;usure aux temp\u00e9ratures de d\u00e9marrage \u00e0 froid et la r\u00e9sistance efficace du film lubrifiant \u00e0 des temp\u00e9ratures \u00e9lev\u00e9es<\/td>\n<\/tr>\n<tr>\n<td>Prot\u00e8ge contre la rouille et la corrosion<\/td>\n<td>Dur\u00e9e de vie de l&rsquo;\u00e9quipement plus longue et co\u00fbts de maintenance r\u00e9duits<\/td>\n<\/tr>\n<\/tbody>\n<\/table>\n<h2>Applications<\/h2>\n<ul>\n<li>Syst\u00e8mes et composants hydrauliques utilis\u00e9s conjointement avec des \u00e9quipements des principaux fabricants am\u00e9ricains, europ\u00e9ens et japonais<\/li>\n<li>Syst\u00e8mes hydrauliques soumis \u00e0 des temp\u00e9ratures ambiantes \u00e9lev\u00e9es<\/li>\n<li>Syst\u00e8mes hydrauliques contenant des engrenages et des roulements o\u00f9 de bonnes propri\u00e9t\u00e9s anti-usure sont requises<\/li>\n<li>Industries routi\u00e8res et hors route, notamment\u00a0: camionnage, construction, mines, carri\u00e8res et agriculture<\/li>\n<\/ul>\n<h2>Sp\u00e9cifications et homologations<\/h2>\n<h3>Satisfait ou d\u00e9passe les exigences de<\/h3>\n<ul>\n<li>Vickers 35VQ25<\/li>\n<li>CD\/SF API<\/li>\n<\/ul>\n","protected":false},"excerpt":{"rendered":"<p>Mobil Hydraulic 10W est une huile hydraulique haute performance formul\u00e9e avec des huiles de base avanc\u00e9es et un syst\u00e8me d&rsquo;additifs \u00e9quilibr\u00e9, con\u00e7u pour r\u00e9pondre \u00e0 une large gamme d&rsquo;exigences pour les syst\u00e8mes hydrauliques fortement charg\u00e9s.<\/p>\n","protected":false},"featured_media":10102,"template":"","meta":{"_acf_changed":false,"inline_featured_image":false},"product_brand":[],"product_cat":[219,220],"product_tag":[],"class_list":{"0":"post-9592","1":"product","2":"type-product","3":"status-publish","4":"has-post-thumbnail","6":"product_cat-huiles-hydrauliques","7":"product_cat-huiles-pour-transmissions-et-atf","9":"first","10":"instock","11":"taxable","12":"shipping-taxable","13":"purchasable","14":"product-type-simple"},"acf":[],"_links":{"self":[{"href":"https:\/\/webshop.ingelbeen.be\/fr\/wp-json\/wp\/v2\/product\/9592","targetHints":{"allow":["GET"]}}],"collection":[{"href":"https:\/\/webshop.ingelbeen.be\/fr\/wp-json\/wp\/v2\/product"}],"about":[{"href":"https:\/\/webshop.ingelbeen.be\/fr\/wp-json\/wp\/v2\/types\/product"}],"wp:featuredmedia":[{"embeddable":true,"href":"https:\/\/webshop.ingelbeen.be\/fr\/wp-json\/wp\/v2\/media\/10102"}],"wp:attachment":[{"href":"https:\/\/webshop.ingelbeen.be\/fr\/wp-json\/wp\/v2\/media?parent=9592"}],"wp:term":[{"taxonomy":"product_brand","embeddable":true,"href":"https:\/\/webshop.ingelbeen.be\/fr\/wp-json\/wp\/v2\/product_brand?post=9592"},{"taxonomy":"product_cat","embeddable":true,"href":"https:\/\/webshop.ingelbeen.be\/fr\/wp-json\/wp\/v2\/product_cat?post=9592"},{"taxonomy":"product_tag","embeddable":true,"href":"https:\/\/webshop.ingelbeen.be\/fr\/wp-json\/wp\/v2\/product_tag?post=9592"}],"curies":[{"name":"wp","href":"https:\/\/api.w.org\/{rel}","templated":true}]}}