{"id":9600,"date":"2024-04-30T13:10:31","date_gmt":"2024-04-30T12:10:31","guid":{"rendered":"https:\/\/ingelbeen.kneet.be\/product\/mobil-hydraulic-aw-68\/"},"modified":"2024-06-26T16:14:02","modified_gmt":"2024-06-26T15:14:02","slug":"mobil-hydraulic-aw-68","status":"publish","type":"product","link":"https:\/\/webshop.ingelbeen.be\/fr\/produit\/mobil-hydraulic-aw-68\/","title":{"rendered":"Mobil Hydraulic AW 68"},"content":{"rendered":"","protected":false},"excerpt":{"rendered":"<p>Mobil Hydraulic AW est une huile hydraulique avanc\u00e9e con\u00e7ue pour assurer des performances excellentes dans les syst\u00e8mes hydrauliques. Cette huile offre une protection exceptionnelle contre l&rsquo;usure et aide \u00e0 maximiser l&rsquo;efficacit\u00e9 des pompes hydrauliques.<\/p>\n","protected":false},"featured_media":10102,"template":"","meta":{"_acf_changed":false,"inline_featured_image":false},"product_brand":[],"product_cat":[219,220],"product_tag":[],"class_list":{"0":"post-9600","1":"product","2":"type-product","3":"status-publish","4":"has-post-thumbnail","6":"product_cat-huiles-hydrauliques","7":"product_cat-huiles-pour-transmissions-et-atf","9":"first","10":"instock","11":"taxable","12":"shipping-taxable","13":"purchasable","14":"product-type-simple"},"acf":[],"_links":{"self":[{"href":"https:\/\/webshop.ingelbeen.be\/fr\/wp-json\/wp\/v2\/product\/9600","targetHints":{"allow":["GET"]}}],"collection":[{"href":"https:\/\/webshop.ingelbeen.be\/fr\/wp-json\/wp\/v2\/product"}],"about":[{"href":"https:\/\/webshop.ingelbeen.be\/fr\/wp-json\/wp\/v2\/types\/product"}],"wp:featuredmedia":[{"embeddable":true,"href":"https:\/\/webshop.ingelbeen.be\/fr\/wp-json\/wp\/v2\/media\/10102"}],"wp:attachment":[{"href":"https:\/\/webshop.ingelbeen.be\/fr\/wp-json\/wp\/v2\/media?parent=9600"}],"wp:term":[{"taxonomy":"product_brand","embeddable":true,"href":"https:\/\/webshop.ingelbeen.be\/fr\/wp-json\/wp\/v2\/product_brand?post=9600"},{"taxonomy":"product_cat","embeddable":true,"href":"https:\/\/webshop.ingelbeen.be\/fr\/wp-json\/wp\/v2\/product_cat?post=9600"},{"taxonomy":"product_tag","embeddable":true,"href":"https:\/\/webshop.ingelbeen.be\/fr\/wp-json\/wp\/v2\/product_tag?post=9600"}],"curies":[{"name":"wp","href":"https:\/\/api.w.org\/{rel}","templated":true}]}}