{"id":9608,"date":"2024-04-30T13:10:31","date_gmt":"2024-04-30T12:10:31","guid":{"rendered":"https:\/\/ingelbeen.kneet.be\/product\/mobil-gear-oil-fe-75w-3\/"},"modified":"2024-06-26T16:14:00","modified_gmt":"2024-06-26T15:14:00","slug":"mobil-gear-oil-fe-75w-3","status":"publish","type":"product","link":"https:\/\/webshop.ingelbeen.be\/fr\/produit\/mobil-gear-oil-fe-75w-3\/","title":{"rendered":"Mobil Gear Oil FE 75W"},"content":{"rendered":"<div class=\"compensation des d\u00e9tails du produit\">\n<div class=\"description de l'attribut du produit\">\n<div class=\"description de la valeur\">\n<p> Mobil Gear Oil FE 75W est une huile pour engrenages haute performance compos\u00e9e d&rsquo;huiles de base min\u00e9rales de haute qualit\u00e9 et d&rsquo;un syst\u00e8me d&rsquo;additifs avanc\u00e9 pour r\u00e9pondre aux exigences et normes de Peugeot. Sp\u00e9cification Citro\u00ebn. Mobil Gear Oil FE 75W est sp\u00e9cialement d\u00e9velopp\u00e9e pour les bo\u00eetes de vitesses manuelles PSA (Peugeot \/ Citro\u00ebn) avec diff\u00e9rentiels int\u00e9gr\u00e9s. Ce produit remplace enti\u00e8rement Mobil Gear Oil BV 75W-80.<\/p><\/div><\/div><\/div>\n<h2>Fonctionnalit\u00e9 et avantages potentiels<\/h2>\n<p> Mobil Gear Oil FE 75W r\u00e9siste aux hautes temp\u00e9ratures et prot\u00e8ge de l\u2019oxydation. Mobil Gear Oil FE 75W offre un excellent \u00e9coulement \u00e0 froid et un changement de vitesse en douceur. Mobil Gear Oil FE 75W offre des avantages en mati\u00e8re d&rsquo;\u00e9conomie de carburant (*) par rapport \u00e0 Mobil Gear Oil BV 75W-80 (PSA Factory Fill r\u00e9f\u00e9rence B71 2330) tout en conservant les m\u00eames performances de durabilit\u00e9.<\/p>\n<h2>Applications<\/h2>\n<p> Mobil Gear Oil FE 75W est la seule huile pour engrenages utilis\u00e9e pour le remplissage en usine de tous les v\u00e9hicules Peugeot et amp; Bo\u00eetes de vitesses manuelles Citro\u00ebn \u00e9quipant les mod\u00e8les PSA en Europe. Il est \u00e9galement enti\u00e8rement r\u00e9trocompatible et peut \u00eatre utilis\u00e9 dans toutes les transmissions manuelles Peugeot et Citro\u00ebn existantes en Europe.<\/p>\n<h2>Sp\u00e9cifications et homologations<\/h2>\n<h3>Satisfait ou d\u00e9passe les exigences de<\/h3>\n<ul>\n<li>V\u00e9hicules Peugeot\/Citro\u00ebn B71 2310<\/li>\n<\/ul>\n","protected":false},"excerpt":{"rendered":"<p>Mobil Huile de Transmission FE 75W est une huile de transmission avanc\u00e9e sp\u00e9cifiquement con\u00e7ue pour augmenter l&rsquo;efficacit\u00e9 et r\u00e9duire la consommation de carburant. Cette huile offre une excellente protection contre l&rsquo;usure et aide \u00e0 r\u00e9duire le niveau sonore de la bo\u00eete de vitesses.<\/p>\n","protected":false},"featured_media":10315,"template":"","meta":{"_acf_changed":false,"inline_featured_image":false},"product_brand":[],"product_cat":[220],"product_tag":[],"class_list":{"0":"post-9608","1":"product","2":"type-product","3":"status-publish","4":"has-post-thumbnail","6":"product_cat-huiles-pour-transmissions-et-atf","8":"first","9":"instock","10":"taxable","11":"shipping-taxable","12":"purchasable","13":"product-type-simple"},"acf":[],"_links":{"self":[{"href":"https:\/\/webshop.ingelbeen.be\/fr\/wp-json\/wp\/v2\/product\/9608","targetHints":{"allow":["GET"]}}],"collection":[{"href":"https:\/\/webshop.ingelbeen.be\/fr\/wp-json\/wp\/v2\/product"}],"about":[{"href":"https:\/\/webshop.ingelbeen.be\/fr\/wp-json\/wp\/v2\/types\/product"}],"wp:featuredmedia":[{"embeddable":true,"href":"https:\/\/webshop.ingelbeen.be\/fr\/wp-json\/wp\/v2\/media\/10315"}],"wp:attachment":[{"href":"https:\/\/webshop.ingelbeen.be\/fr\/wp-json\/wp\/v2\/media?parent=9608"}],"wp:term":[{"taxonomy":"product_brand","embeddable":true,"href":"https:\/\/webshop.ingelbeen.be\/fr\/wp-json\/wp\/v2\/product_brand?post=9608"},{"taxonomy":"product_cat","embeddable":true,"href":"https:\/\/webshop.ingelbeen.be\/fr\/wp-json\/wp\/v2\/product_cat?post=9608"},{"taxonomy":"product_tag","embeddable":true,"href":"https:\/\/webshop.ingelbeen.be\/fr\/wp-json\/wp\/v2\/product_tag?post=9608"}],"curies":[{"name":"wp","href":"https:\/\/api.w.org\/{rel}","templated":true}]}}