{"id":9616,"date":"2024-04-30T13:10:30","date_gmt":"2024-04-30T12:10:30","guid":{"rendered":"https:\/\/ingelbeen.kneet.be\/product\/mobil-gargoyle-arctic-300\/"},"modified":"2024-06-26T16:13:58","modified_gmt":"2024-06-26T15:13:58","slug":"mobil-gargoyle-arctic-300","status":"publish","type":"product","link":"https:\/\/webshop.ingelbeen.be\/fr\/produit\/mobil-gargoyle-arctic-300\/","title":{"rendered":"Mobil Gargoyle Arctic 300"},"content":{"rendered":"<div class=\"compensation des d\u00e9tails du produit\">\n<div class=\"description de l'attribut du produit\">\n<div class=\"description de la valeur\">\n<p> Les produits Mobil Gargoyle\u2122 Arctic Oil 155, 300 et Mobil Gargoyle\u2122 Arctic C Heavy sont des huiles min\u00e9rales napht\u00e9niques hautes performances principalement destin\u00e9es \u00e0 \u00eatre utilis\u00e9es dans les compresseurs de r\u00e9frig\u00e9ration. Ils ont des points d&rsquo;\u00e9coulement bas et une excellente fluidit\u00e9 \u00e0 tr\u00e8s basse temp\u00e9rature du fait qu&rsquo;ils sont presque sans cire. Par cons\u00e9quent, l&rsquo;utilisation de ces huiles Mobil Gargoyle Arctic contribue \u00e0 garantir que les tubes de l&rsquo;\u00e9vaporateur restent propres afin d&rsquo;am\u00e9liorer le transfert de chaleur et de r\u00e9duire les temps d&rsquo;arr\u00eat pour maintenance. Ils ont une bonne stabilit\u00e9 chimique et conviennent aussi bien \u00e0 la lubrification des cylindres que des roulements.<\/p>\n<p> Mobil Gargoyle Arctic Oil 155, 300 et Mobil Gargoyle Arctic C Heavy sont compatibles avec la plupart des r\u00e9frig\u00e9rants, \u00e0 l&rsquo;exception du dioxyde de soufre. Leur utilisation avec les r\u00e9frig\u00e9rants HFC n&rsquo;est pas recommand\u00e9e. La teneur en humidit\u00e9 des huiles Mobil Gargoyle Arctic Oil 155, 300 et Mobil Gargoyle Arctic C Heavy est tr\u00e8s faible lorsque les huiles sont emball\u00e9es. Toutes les pr\u00e9cautions doivent \u00eatre prises pour maintenir les huiles s\u00e8ches afin d&rsquo;\u00e9viter la formation de glace dans les d\u00e9tendeurs et de limiter les risques de d\u00e9gradation de l&rsquo;huile, de cuivrage, etc.<\/p><\/div><\/div><\/div>\n<h2>Fonctionnalit\u00e9 et avantages potentiels<\/h2>\n<p> La marque d&rsquo;huiles de r\u00e9frig\u00e9ration Mobil Gargoyle Arctic jouit d&rsquo;une r\u00e9putation mondiale pour ses bonnes performances gr\u00e2ce \u00e0 son utilisation dans une grande vari\u00e9t\u00e9 d&rsquo;applications de r\u00e9frig\u00e9ration au cours des derni\u00e8res d\u00e9cennies. Mobil Gargoyle Arctic Oil 155, 300 et Mobil Gargoyle Arctic C Heavy ont \u00e9t\u00e9 les pionniers de cette marque et sont sp\u00e9cialement fabriqu\u00e9s pour offrir les propri\u00e9t\u00e9s sp\u00e9cifiques requises pour les \u00e9quipements de r\u00e9frig\u00e9ration. Parmi ceux-ci, le faible point d\u2019\u00e9coulement n\u2019est pas le moindre. Mobil Gargoyle Arctic Oil 155, 300 et Mobil Gargoyle Arctic C Heavy offrent les caract\u00e9ristiques et avantages potentiels suivants\u00a0:<\/p>\n<table class=\"table table-striped\">\n <t\u00eate><\/p>\n<tr>\n<th>Fonctionnalit\u00e9s<\/th>\n<th>Avantages et b\u00e9n\u00e9fices potentiels<\/th>\n<\/tr>\n<p> <\/t\u00eate><br \/>\n <corps><\/p>\n<tr>\n<td>Faible teneur en cire<\/td>\n<td>Excellent d\u00e9bit \u00e0 basse temp\u00e9rature et transfert de chaleur par \u00e9vaporateur pour une efficacit\u00e9 optimale du syst\u00e8me<\/td>\n<\/tr>\n<tr>\n<td>Bonne stabilit\u00e9 chimique<\/td>\n<td>Longue dur\u00e9e de vie entra\u00eenant moins de temps d&rsquo;arr\u00eat et des co\u00fbts de maintenance r\u00e9duits<\/td>\n<\/tr>\n<tr>\n<td>Lubrifiants multi-usages<\/td>\n<td>L&rsquo;aptitude \u00e0 la lubrification des cylindres et des roulements r\u00e9duit les stocks d&rsquo;huile<\/td>\n<\/tr>\n<\/tbody>\n<\/table>\n<h2>Applications<\/h2>\n<p> Les produits Mobil Gargoyle Arctic Oil 155, 300 et Mobil Gargoyle Arctic C Heavy sont recommand\u00e9s pour la lubrification des cylindres et des roulements de la plupart des compresseurs de r\u00e9frig\u00e9ration conventionnels et pour d&rsquo;autres machines fonctionnant \u00e0 des temp\u00e9ratures inf\u00e9rieures \u00e0 z\u00e9ro.<\/p>\n<p> <strong>Les applications typiques incluent\u00a0:<\/strong><\/p>\n<ul>\n<li>\n<div>Grands compresseurs de r\u00e9frig\u00e9ration industriels alternatifs et rotatifs.<\/div>\n<\/li>\n<li>\n<div>Applications industrielles telles que les installations de cong\u00e9lation et d&rsquo;entreposage frigorifique des aliments<\/div>\n<\/li>\n<li>\n<div>Applications de r\u00e9frig\u00e9ration marine<\/div>\n<\/li>\n<li>\n<div>Utilis\u00e9 principalement avec le r\u00e9frig\u00e9rant ammoniac, mais \u00e9galement avec certains halocarbures<\/div>\n<\/li>\n<\/ul>\n","protected":false},"excerpt":{"rendered":"<p>Les produits Mobil Gargoyle\u2122 Arctic Oil 155, 300 et Mobil Gargoyle\u2122 Arctic C Heavy sont des huiles min\u00e9rales napht\u00e9niques haute performance principalement destin\u00e9es \u00e0 une utilisation dans les compresseurs de r\u00e9frig\u00e9ration.<\/p>\n","protected":false},"featured_media":10105,"template":"","meta":{"_acf_changed":false,"inline_featured_image":false},"product_brand":[],"product_cat":[223],"product_tag":[],"class_list":{"0":"post-9616","1":"product","2":"type-product","3":"status-publish","4":"has-post-thumbnail","6":"product_cat-huiles-de-refrigeration","8":"first","9":"instock","10":"taxable","11":"shipping-taxable","12":"purchasable","13":"product-type-simple"},"acf":[],"_links":{"self":[{"href":"https:\/\/webshop.ingelbeen.be\/fr\/wp-json\/wp\/v2\/product\/9616","targetHints":{"allow":["GET"]}}],"collection":[{"href":"https:\/\/webshop.ingelbeen.be\/fr\/wp-json\/wp\/v2\/product"}],"about":[{"href":"https:\/\/webshop.ingelbeen.be\/fr\/wp-json\/wp\/v2\/types\/product"}],"wp:featuredmedia":[{"embeddable":true,"href":"https:\/\/webshop.ingelbeen.be\/fr\/wp-json\/wp\/v2\/media\/10105"}],"wp:attachment":[{"href":"https:\/\/webshop.ingelbeen.be\/fr\/wp-json\/wp\/v2\/media?parent=9616"}],"wp:term":[{"taxonomy":"product_brand","embeddable":true,"href":"https:\/\/webshop.ingelbeen.be\/fr\/wp-json\/wp\/v2\/product_brand?post=9616"},{"taxonomy":"product_cat","embeddable":true,"href":"https:\/\/webshop.ingelbeen.be\/fr\/wp-json\/wp\/v2\/product_cat?post=9616"},{"taxonomy":"product_tag","embeddable":true,"href":"https:\/\/webshop.ingelbeen.be\/fr\/wp-json\/wp\/v2\/product_tag?post=9616"}],"curies":[{"name":"wp","href":"https:\/\/api.w.org\/{rel}","templated":true}]}}