{"id":9624,"date":"2024-04-30T13:10:30","date_gmt":"2024-04-30T12:10:30","guid":{"rendered":"https:\/\/ingelbeen.kneet.be\/product\/mobil-gargoyle-arctic-shc-224-2\/"},"modified":"2024-06-26T16:13:59","modified_gmt":"2024-06-26T15:13:59","slug":"mobil-gargoyle-arctic-shc-224-2","status":"publish","type":"product","link":"https:\/\/webshop.ingelbeen.be\/fr\/produit\/mobil-gargoyle-arctic-shc-224-2\/","title":{"rendered":"Mobil Gargoyle Arctic SHC 224"},"content":{"rendered":"<div class=\"compensation des d\u00e9tails du produit\">\n<div class=\"description de l'attribut du produit\">\n<div class=\"description de la valeur\">\n<p> La s\u00e9rie Mobil Gargoyle Arctic SHC\u2122 200 est compos\u00e9e de lubrifiants enti\u00e8rement synth\u00e9tiques aux performances sup\u00e9rieures, sp\u00e9cialement con\u00e7us pour \u00eatre utilis\u00e9s dans les compresseurs de r\u00e9frig\u00e9ration et les pompes \u00e0 chaleur. Ils sont formul\u00e9s \u00e0 partir de fluides d&rsquo;hydrocarbures polyalphaol\u00e9fines (PAO) synth\u00e9tis\u00e9s sans cire, qui pr\u00e9sentent une r\u00e9sistance exceptionnelle \u00e0 la d\u00e9gradation thermique\/oxydative. Gr\u00e2ce \u00e0 leurs indices de viscosit\u00e9 naturellement \u00e9lev\u00e9s, stables au cisaillement et \u00e0 leur fluidit\u00e9 \u00e0 basse temp\u00e9rature, elles sont capables de fonctionner dans des conditions de service s\u00e9v\u00e8res qui d\u00e9passent les capacit\u00e9s de nombreuses huiles min\u00e9rales conventionnelles. Leur solubilit\u00e9 et miscibilit\u00e9 avec les r\u00e9frig\u00e9rants couramment utilis\u00e9s sont faibles, ce qui entra\u00eene une \u00e9paisseur de film plus \u00e9lev\u00e9e en pr\u00e9sence de r\u00e9frig\u00e9rants sous pression. Cela peut aider \u00e0 r\u00e9duire les fuites du joint d&rsquo;arbre. Leurs caract\u00e9ristiques de stabilit\u00e9 et de faible volatilit\u00e9\u00a0r\u00e9duisent le \u00ab l\u00e9ger d\u00e9capage final \u00bb qui peut se produire avec les huiles min\u00e9rales conventionnelles.\u00a0Les lubrifiants Mobil Gargoyle Arctic SHC s\u00e9rie 200 peuvent aider \u00e0 r\u00e9duire les pertes par friction et \u00e0 am\u00e9liorer l&rsquo;efficacit\u00e9 de fonctionnement des machines.<\/p>\n<p> Les lubrifiants Mobil Gargoyle Arctic SHC s\u00e9rie 200 sont recommand\u00e9s pour la lubrification des compresseurs de r\u00e9frig\u00e9ration fonctionnant \u00e0 des temp\u00e9ratures tr\u00e8s \u00e9lev\u00e9es et pour les syst\u00e8mes avec des temp\u00e9ratures d&rsquo;\u00e9vaporateur tr\u00e8s basses. Ils conviennent aux syst\u00e8mes de compresseur utilisant des r\u00e9frig\u00e9rants tels que l&rsquo;ammoniac et le dioxyde de carbone. Leur faible miscibilit\u00e9 avec le dioxyde de carbone en fait un choix appropri\u00e9 pour les compresseurs \u00e0 vis utilisant du dioxyde de carbone. Ils sont compatibles avec la plupart des r\u00e9frig\u00e9rants courants, \u00e0 l&rsquo;exception du dioxyde de soufre, et ont \u00e9t\u00e9 particuli\u00e8rement efficaces dans les syst\u00e8mes utilisant l&rsquo;ammoniac comme r\u00e9frig\u00e9rant.\u00a0La s\u00e9rie Mobil Gargoyle Arctic SHC 200 est enti\u00e8rement miscible avec la plupart des huiles min\u00e9rales de r\u00e9frig\u00e9ration conventionnelles.\u00a0Tout m\u00e9lange avec des huiles min\u00e9rales peut nuire aux propri\u00e9t\u00e9s de performance exceptionnelles du produit synth\u00e9tique Mobil.<\/p><\/div><\/div><\/div>\n<h2>Fonctionnalit\u00e9 et avantages potentiels<\/h2>\n<p> La marque de lubrifiants Mobil Gargoyle Arctic SHC est reconnue et appr\u00e9ci\u00e9e pour son innovation et ses performances exceptionnelles.<\/p>\n<p> Notre travail avec les constructeurs d&rsquo;\u00e9quipements a permis de confirmer les r\u00e9sultats de nos propres tests en laboratoire d\u00e9montrant les performances exceptionnelles des lubrifiants Mobil Gargoyle Arctic SHC s\u00e9rie 200. Parmi les avantages d\u00e9montr\u00e9s lors du travail avec les \u00e9quipementiers figurent notamment la superbe capacit\u00e9 \u00e0 basse temp\u00e9rature offrant une excellente fluidit\u00e9 \u00e0 basse temp\u00e9rature, ainsi que la r\u00e9sistance \u00e0 la perte de viscosit\u00e9 due \u00e0 l&rsquo;absorption du r\u00e9frig\u00e9rant sous pression, ainsi que l&rsquo;excellente \u00e9paisseur du film de roulement et les propri\u00e9t\u00e9s d&rsquo;\u00e9tanch\u00e9it\u00e9 de l&rsquo;arbre.<\/p>\n<p> De par sa nature, l&rsquo;huile de base PAO utilis\u00e9e dans les huiles Mobil Gargoyle Arctic SHC 200 Series offre une r\u00e9sistance thermique\/oxydative exceptionnelle, essentielle pour les applications \u00e0 haute temp\u00e9rature. La distribution \u00e9troite du poids mol\u00e9culaire des huiles de base PAO minimise \u00e9galement la volatilit\u00e9 et peut contribuer \u00e0 r\u00e9duire le transfert de p\u00e9trole.\u00a0Les huiles Mobil Gargoyle Arctic SHC s\u00e9rie 200 offrent les caract\u00e9ristiques et avantages potentiels suivants\u00a0:<\/p>\n<table class=\"table table-striped\">\n <t\u00eate><\/p>\n<tr>\n<th>Fonctionnalit\u00e9s<\/th>\n<th>Avantages et b\u00e9n\u00e9fices potentiels<\/th>\n<\/tr>\n<p> <\/t\u00eate><br \/>\n <corps><\/p>\n<tr>\n<td>\u00c9paisseur \u00e9lev\u00e9e du film d&rsquo;huile en pr\u00e9sence de r\u00e9frig\u00e9rant<\/td>\n<td>Protection am\u00e9lior\u00e9e du compresseur pour une dur\u00e9e de vie prolong\u00e9e du compresseur ainsi qu&rsquo;une meilleure \u00e9tanch\u00e9it\u00e9 de l&rsquo;arbre, une fatigue r\u00e9duite des roulements et moins de temps d&rsquo;arr\u00eat impr\u00e9vus<\/td>\n<\/tr>\n<tr>\n<td>Excellente stabilit\u00e9 thermique\/oxydative et chimique<\/td>\n<td>Longue dur\u00e9e de vie de l&rsquo;huile et fr\u00e9quence r\u00e9duite des intervalles de vidange et d&rsquo;entretien de routine, r\u00e9duction de la formation de laque et de d\u00e9p\u00f4ts<\/td>\n<\/tr>\n<tr>\n<td>Faible volatilit\u00e9<\/td>\n<td>La viscosit\u00e9 reste coh\u00e9rente avec une consommation d&rsquo;huile r\u00e9duite<\/td>\n<\/tr>\n<tr>\n<td>Indice de viscosit\u00e9 \u00e9lev\u00e9 et sans cire<\/td>\n<td>Excellente fluidit\u00e9 \u00e0 basse temp\u00e9rature, aucun d\u00e9p\u00f4t cireux et efficacit\u00e9 de l&rsquo;\u00e9vaporateur am\u00e9lior\u00e9e<\/td>\n<\/tr>\n<tr>\n<td>Faible coefficient de traction<\/td>\n<td>Potentiel d&rsquo;am\u00e9lioration de l&rsquo;efficacit\u00e9 du syst\u00e8me et de r\u00e9duction de la consommation d&rsquo;\u00e9nergie<\/td>\n<\/tr>\n<tr>\n<td>Compatibilit\u00e9 des joints<\/td>\n<td>Longue dur\u00e9e de vie du joint, fuite r\u00e9duite du joint d&rsquo;arbre<\/td>\n<\/tr>\n<\/tbody>\n<\/table>\n<h2>Applications<\/h2>\n<p> Mobil Gargoyle Arctic SHC 200 Series sont des lubrifiants enti\u00e8rement synth\u00e9tiques sp\u00e9cialement con\u00e7us pour \u00eatre utilis\u00e9s dans les compresseurs de r\u00e9frig\u00e9ration et les pompes \u00e0 chaleur.<\/p>\n<p> Consid\u00e9rations d&rsquo;application\u00a0: bien que Mobil\u00a0Gargoyle Arctic SHC 200 Series soit compatible avec les produits \u00e0 base d&rsquo;huile min\u00e9rale, un m\u00e9lange nuirait \u00e0 leurs performances. \u00a0Les syst\u00e8mes doivent \u00eatre soigneusement rinc\u00e9s et nettoy\u00e9s lors du remplacement d&rsquo;un produit min\u00e9ral par un produit Mobil Gargoyle Arctic SHC s\u00e9rie 200. Dans le cas des r\u00e9frig\u00e9rants R22, il faut toujours demander conseil au fournisseur de l&rsquo;unit\u00e9 de r\u00e9frig\u00e9ration pour garantir que le fonctionnement du compresseur est adapt\u00e9 \u00e0 une s\u00e9paration efficace de l&rsquo;huile et du r\u00e9frig\u00e9rant.<\/p>\n<p> <strong>Les applications typiques sont indiqu\u00e9es ci-dessous\u00a0:<\/strong><\/p>\n<ul>\n<li>Applications commerciales, industrielles, pompes \u00e0 chaleur et syst\u00e8mes de r\u00e9frig\u00e9ration marine<\/li>\n<li>Applications de pompes \u00e0 chaleur commerciales, industrielles et r\u00e9sidentielles<\/li>\n<li>Recommand\u00e9 pour les conceptions de compresseurs alternatifs et rotatifs<\/li>\n<li>Utilisation recommand\u00e9e avec les r\u00e9frig\u00e9rants suivants\u00a0: ammoniac et dioxyde de carbone<\/li>\n<\/ul>\n<h2>Sp\u00e9cifications et homologations<\/h2>\n<h3>Satisfait ou d\u00e9passe les exigences de<\/h3>\n<ul>\n<li>FDA 21 CFR 178.3570<\/li>\n<li>NSF H1<\/li>\n<li>Num\u00e9ro d&rsquo;enregistrement NSF 133449<\/li>\n<\/ul>\n","protected":false},"excerpt":{"rendered":"<p>Les lubrifiants de la s\u00e9rie Mobil Gargoyle Arctic SHC\u2122 200 sont enti\u00e8rement synth\u00e9tiques et offrent des performances exceptionnelles, sp\u00e9cifiquement d\u00e9velopp\u00e9s pour une utilisation dans les compresseurs de r\u00e9frig\u00e9ration et les pompes \u00e0 chaleur.<\/p>\n","protected":false},"featured_media":10102,"template":"","meta":{"_acf_changed":false,"inline_featured_image":false},"product_brand":[],"product_cat":[223],"product_tag":[],"class_list":{"0":"post-9624","1":"product","2":"type-product","3":"status-publish","4":"has-post-thumbnail","6":"product_cat-huiles-de-refrigeration","8":"first","9":"instock","10":"taxable","11":"shipping-taxable","12":"purchasable","13":"product-type-simple"},"acf":[],"_links":{"self":[{"href":"https:\/\/webshop.ingelbeen.be\/fr\/wp-json\/wp\/v2\/product\/9624","targetHints":{"allow":["GET"]}}],"collection":[{"href":"https:\/\/webshop.ingelbeen.be\/fr\/wp-json\/wp\/v2\/product"}],"about":[{"href":"https:\/\/webshop.ingelbeen.be\/fr\/wp-json\/wp\/v2\/types\/product"}],"wp:featuredmedia":[{"embeddable":true,"href":"https:\/\/webshop.ingelbeen.be\/fr\/wp-json\/wp\/v2\/media\/10102"}],"wp:attachment":[{"href":"https:\/\/webshop.ingelbeen.be\/fr\/wp-json\/wp\/v2\/media?parent=9624"}],"wp:term":[{"taxonomy":"product_brand","embeddable":true,"href":"https:\/\/webshop.ingelbeen.be\/fr\/wp-json\/wp\/v2\/product_brand?post=9624"},{"taxonomy":"product_cat","embeddable":true,"href":"https:\/\/webshop.ingelbeen.be\/fr\/wp-json\/wp\/v2\/product_cat?post=9624"},{"taxonomy":"product_tag","embeddable":true,"href":"https:\/\/webshop.ingelbeen.be\/fr\/wp-json\/wp\/v2\/product_tag?post=9624"}],"curies":[{"name":"wp","href":"https:\/\/api.w.org\/{rel}","templated":true}]}}