{"id":9640,"date":"2024-04-30T13:10:30","date_gmt":"2024-04-30T12:10:30","guid":{"rendered":"https:\/\/ingelbeen.kneet.be\/product\/mobil-gargoyle-arctic-shc-nh68\/"},"modified":"2024-06-26T16:13:59","modified_gmt":"2024-06-26T15:13:59","slug":"mobil-gargoyle-arctic-shc-nh68","status":"publish","type":"product","link":"https:\/\/webshop.ingelbeen.be\/fr\/produit\/mobil-gargoyle-arctic-shc-nh68\/","title":{"rendered":"Mobil Gargoyle Arctic SHC NH68"},"content":{"rendered":"<div class=\"compensation des d\u00e9tails du produit\">\n<div class=\"description de l'attribut du produit\">\n<div class=\"description de la valeur\">\n<p> Mobil Gargoyle Arctic SHC NH 68 est un lubrifiant enti\u00e8rement synth\u00e9tique, sp\u00e9cialement con\u00e7u pour lubrifier les compresseurs de r\u00e9frig\u00e9ration dans les installations \u00e0 haute performance utilisant de l&rsquo;ammoniac comme fluide r\u00e9frig\u00e9rant. MobilGargoyle Arctic SHC NH 68 est formul\u00e9 \u00e0 partir d&rsquo;hydrocarbures synth\u00e9tis\u00e9s sans cire de polyalphaol\u00e9fine (PAO) et d&rsquo;huiles de base synth\u00e9tiques d&rsquo;alkylbenz\u00e8ne, qui ont d\u00e9montr\u00e9 une r\u00e9sistance exceptionnelle \u00e0 la d\u00e9gradation thermique\/oxydative. M\u00eame dans les pires conditions de fonctionnement, Mobil Gargoyle Arctic SHC NH 68 r\u00e9duira la formation de boues et de d\u00e9p\u00f4ts, \u00e9vitant ainsi ou minimisant le colmatage des vannes ou des filtres.<\/p><\/div><\/div><\/div>\n<h2>Fonctionnalit\u00e9 et avantages potentiels<\/h2>\n<p> La marque de lubrifiants Gargoyle Arctic SHC est reconnue et appr\u00e9ci\u00e9e dans le monde entier pour son innovation et ses performances exceptionnelles. \u00a0Mobil Gargoyle Arctic SHC NH 68 offre les avantages exceptionnels pour les applications d&rsquo;ammoniac\u00a0:<\/p>\n<table class=\"table table-striped\">\n <t\u00eate><\/p>\n<tr>\n<th>Fonctionnalit\u00e9s<\/th>\n<th>Avantages et b\u00e9n\u00e9fices potentiels<\/th>\n<\/tr>\n<p> <\/t\u00eate><br \/>\n <corps><\/p>\n<tr>\n<td>Point d&rsquo;\u00e9coulement tr\u00e8s bas<\/td>\n<td>Permet une temp\u00e9rature de l&rsquo;\u00e9vaporateur inf\u00e9rieure aux huiles min\u00e9rales napht\u00e9niques conventionnelles<\/td>\n<\/tr>\n<tr>\n<td>Solvabilit\u00e9<\/td>\n<td>Effet nettoyant, en particulier lors du passage de la technologie \u00e0 l&rsquo;huile min\u00e9rale<\/td>\n<\/tr>\n<tr>\n<td>Sans cire<\/td>\n<td>Excellente fluidit\u00e9 \u00e0 basse temp\u00e9rature, aucun d\u00e9p\u00f4t cireux et efficacit\u00e9 de l&rsquo;\u00e9vaporateur am\u00e9lior\u00e9e<\/td>\n<\/tr>\n<tr>\n<td>Stabilit\u00e9 thermique\/oxydative et chimique sup\u00e9rieure<\/td>\n<td>Longue dur\u00e9e de vie de l&rsquo;huile par rapport au lubrifiant min\u00e9ral, ce qui induit des intervalles de vidange prolong\u00e9s et moins d&rsquo;entretien de routine. En retour, r\u00e9duction des co\u00fbts de maintenance<\/td>\n<\/tr>\n<tr>\n<td>Bonne compatibilit\u00e9 avec les joints pr\u00e9c\u00e9demment utilis\u00e9s avec du lubrifiant min\u00e9ral<\/td>\n<td>Risque limit\u00e9 de fuite d&rsquo;huile<\/td>\n<\/tr>\n<tr>\n<td>Faible volatilit\u00e9<\/td>\n<td>\u00c9vite l&rsquo;accumulation de viscosit\u00e9 et r\u00e9duit la consommation d&rsquo;huile<\/td>\n<\/tr>\n<\/tbody>\n<\/table>\n<h2>Applications<\/h2>\n<p> Mobil Gargoyle Arctic SHC NH 68 est recommand\u00e9 pour une utilisation dans les compresseurs frigorifiques \u00e0 vis ou \u00e0 pistons, dans les installations utilisant de l&rsquo;ammoniac comme fluide r\u00e9frig\u00e9rant. Mobil Gargoyle Arctic SHC NH 68 est compatible avec les lubrifiants min\u00e9raux, cependant, en cas de commutation, les performances ou les avantages peuvent \u00eatre minimis\u00e9s, en fonction de la proportion d&rsquo;huile min\u00e9rale restant dans le m\u00e9lange. Dans ce cas, un suivi sp\u00e9cifique d&rsquo;analyse d&rsquo;huile avec contr\u00f4le des filtres devra \u00eatre effectu\u00e9 dans les 6 mois suivants en cons\u00e9quence.<\/p>\n","protected":false},"excerpt":{"rendered":"<p>Mobil Gargoyle Arctic SHC NH 68 est un lubrifiant enti\u00e8rement synth\u00e9tique, sp\u00e9cifiquement con\u00e7u pour la lubrification des compresseurs de r\u00e9frig\u00e9ration dans des applications performantes utilisant l&rsquo;ammoniac comme r\u00e9frig\u00e9rant.<\/p>\n","protected":false},"featured_media":10102,"template":"","meta":{"_acf_changed":false,"inline_featured_image":false},"product_brand":[],"product_cat":[223],"product_tag":[],"class_list":{"0":"post-9640","1":"product","2":"type-product","3":"status-publish","4":"has-post-thumbnail","6":"product_cat-huiles-de-refrigeration","8":"first","9":"instock","10":"taxable","11":"shipping-taxable","12":"purchasable","13":"product-type-simple"},"acf":[],"_links":{"self":[{"href":"https:\/\/webshop.ingelbeen.be\/fr\/wp-json\/wp\/v2\/product\/9640","targetHints":{"allow":["GET"]}}],"collection":[{"href":"https:\/\/webshop.ingelbeen.be\/fr\/wp-json\/wp\/v2\/product"}],"about":[{"href":"https:\/\/webshop.ingelbeen.be\/fr\/wp-json\/wp\/v2\/types\/product"}],"wp:featuredmedia":[{"embeddable":true,"href":"https:\/\/webshop.ingelbeen.be\/fr\/wp-json\/wp\/v2\/media\/10102"}],"wp:attachment":[{"href":"https:\/\/webshop.ingelbeen.be\/fr\/wp-json\/wp\/v2\/media?parent=9640"}],"wp:term":[{"taxonomy":"product_brand","embeddable":true,"href":"https:\/\/webshop.ingelbeen.be\/fr\/wp-json\/wp\/v2\/product_brand?post=9640"},{"taxonomy":"product_cat","embeddable":true,"href":"https:\/\/webshop.ingelbeen.be\/fr\/wp-json\/wp\/v2\/product_cat?post=9640"},{"taxonomy":"product_tag","embeddable":true,"href":"https:\/\/webshop.ingelbeen.be\/fr\/wp-json\/wp\/v2\/product_tag?post=9640"}],"curies":[{"name":"wp","href":"https:\/\/api.w.org\/{rel}","templated":true}]}}