{"id":9654,"date":"2024-04-30T13:10:29","date_gmt":"2024-04-30T12:10:29","guid":{"rendered":"https:\/\/ingelbeen.kneet.be\/product\/mobil-eal-arctic-22cc\/"},"modified":"2024-06-26T16:13:57","modified_gmt":"2024-06-26T15:13:57","slug":"mobil-eal-arctic-22cc","status":"publish","type":"product","link":"https:\/\/webshop.ingelbeen.be\/fr\/produit\/mobil-eal-arctic-22cc\/","title":{"rendered":"Mobil EAL Arctic 22CC"},"content":{"rendered":"<div class=\"compensation des d\u00e9tails du produit\">\n<div class=\"description de l'attribut du produit\">\n<div class=\"description de la valeur\">\n<div class=\"description de la valeur\">\n<div class=\"description de la valeur\">\n<p> La s\u00e9rie Mobil EAL Arctic est constitu\u00e9e de lubrifiants respectueux de l&rsquo;environnement (EAL) haute performance qui sont des produits enti\u00e8rement synth\u00e9tiques con\u00e7us sp\u00e9cifiquement pour la lubrification des compresseurs et des syst\u00e8mes de r\u00e9frig\u00e9ration, utilisant des r\u00e9frig\u00e9rants HFC respectueux de la couche d&rsquo;ozone. (Les HFC sont des produits sans chlore rempla\u00e7ant les r\u00e9frig\u00e9rants contenant du chlore sur le march\u00e9 mondial). Ils sont \u00e9galement recommand\u00e9s pour les applications de dioxyde de carbone, avec une miscibilit\u00e9 appropri\u00e9e pour un retour correct de l&rsquo;huile au compresseur (g\u00e9n\u00e9ralement des applications de type piston).\u00a0 \u00a0Les huiles Mobil EAL Arctic Series sont formul\u00e9es \u00e0 partir d&rsquo;esters de polyols synth\u00e9tis\u00e9s (POE) exclusifs et d&rsquo;un syst\u00e8me d&rsquo;additifs unique pour fournir un pouvoir lubrifiant, une protection contre l&rsquo;usure, une stabilit\u00e9 chimique et thermique et une stabilit\u00e9 hydrolytique exceptionnels. Ils sont miscibles avec les r\u00e9frig\u00e9rants HFC et ont des relations viscosit\u00e9\/temp\u00e9rature\/pression bien d\u00e9finies avec une large gamme de HFC. Les performances de la s\u00e9rie Mobil EAL Arctic ont \u00e9t\u00e9 bien document\u00e9es avec les HFC dans une large gamme de syst\u00e8mes de r\u00e9frig\u00e9ration et de climatisation et sont utilis\u00e9es par de nombreux grands constructeurs de compresseurs et de syst\u00e8mes \u00e0 travers le monde.<\/p>\n<p> La s\u00e9rie Mobil EAL Artic est recommand\u00e9e pour une utilisation dans les syst\u00e8mes de r\u00e9frig\u00e9ration et de climatisation domestiques et commerciaux o\u00f9 des r\u00e9frig\u00e9rants HFC ou dioxyde de carbone sont utilis\u00e9s.<\/p><\/div><\/div><\/div><\/div><\/div>\n<h2>Fonctionnalit\u00e9 et avantages potentiels<\/h2>\n<p> La marque de lubrifiants Mobil EAL est reconnue et appr\u00e9ci\u00e9e dans le monde entier pour sa compatibilit\u00e9 avec l&rsquo;environnement et ses excellentes performances. La s\u00e9rie de produits Mobil EAL Arctic a \u00e9t\u00e9 con\u00e7ue par nos chercheurs scientifiques pour compl\u00e9ter la nouvelle g\u00e9n\u00e9ration de r\u00e9frig\u00e9rants respectueux de la couche d&rsquo;ozone mandat\u00e9s par le Protocole de Montr\u00e9al et les accords mondiaux successifs. Le d\u00e9veloppement de ces produits symbolise notre engagement continu \u00e0 utiliser une technologie de pointe pour fournir des produits lubrifiants exceptionnels. Un facteur cl\u00e9 dans le d\u00e9veloppement de la s\u00e9rie de lubrifiants Mobil EAL Arctic a \u00e9t\u00e9 nos contacts \u00e9troits entre nos scientifiques et les principaux fabricants de compresseurs et concepteurs de syst\u00e8mes afin de garantir que nos offres de produits offriront des performances exceptionnelles dans une large gamme d&rsquo;applications.<\/p>\n<p> Ce travail, combin\u00e9 \u00e0 nos tests en laboratoire, a permis de confirmer les performances exceptionnelles des lubrifiants Mobil EAL Arctic Series. Ce travail de coop\u00e9ration a permis \u00e0 nos scientifiques de concevoir des structures POE synth\u00e9tiques optimales pour chaque grade de viscosit\u00e9 de la s\u00e9rie de produits et de d\u00e9velopper un ensemble d&rsquo;additifs pour r\u00e9pondre aux exigences de stabilit\u00e9 et de compatibilit\u00e9 des applications de r\u00e9frig\u00e9ration.<\/p>\n<p> Les huiles Mobil EAL Arctic Series offrent les caract\u00e9ristiques et avantages potentiels suivants\u00a0:<\/p>\n<table class=\"table table-striped\">\n <t\u00eate><\/p>\n<tr>\n<th>Fonctionnalit\u00e9s<\/th>\n<th>Avantages et b\u00e9n\u00e9fices potentiels<\/th>\n<\/tr>\n<p> <\/t\u00eate><br \/>\n <corps><\/p>\n<tr>\n<td>Excellente stabilit\u00e9 \u00e0 haute temp\u00e9rature<\/td>\n<td>Am\u00e9lioration de la propret\u00e9 de l&rsquo;\u00e9vaporateur, r\u00e9duction des temps d&rsquo;arr\u00eat impr\u00e9vus et r\u00e9duction des co\u00fbts de maintenance<\/td>\n<\/tr>\n<tr>\n<td>Miscibilit\u00e9 et relations P-V-T bien d\u00e9finies avec les r\u00e9frig\u00e9rants HFC<\/td>\n<td>Assure une efficacit\u00e9 \u00e9lev\u00e9e du syst\u00e8me et un retour d&rsquo;huile appropri\u00e9 dans les conceptions de syst\u00e8mes de r\u00e9frig\u00e9ration<\/td>\n<\/tr>\n<tr>\n<td>Tr\u00e8s bonnes propri\u00e9t\u00e9s anti-usure<\/td>\n<td>Usure r\u00e9duite du compresseur entra\u00eenant une r\u00e9duction des co\u00fbts de maintenance<\/td>\n<\/tr>\n<tr>\n<td>Indice de viscosit\u00e9 \u00e9lev\u00e9 et sans cire<\/td>\n<td>Excellente fluidit\u00e9 \u00e0 basse temp\u00e9rature, aucun d\u00e9p\u00f4t cireux et efficacit\u00e9 de l&rsquo;\u00e9vaporateur am\u00e9lior\u00e9e<\/td>\n<\/tr>\n<tr>\n<td>Large plage de viscosit\u00e9<\/td>\n<td>Peut r\u00e9pondre aux exigences de viscosit\u00e9 sp\u00e9cifiques d&rsquo;une large gamme d&rsquo;\u00e9quipements et d&rsquo;applications<\/td>\n<\/tr>\n<\/tbody>\n<\/table>\n<h2>Applications<\/h2>\n<p> Consid\u00e9rations d&rsquo;application\u00a0: Les huiles Mobil EAL Arctic Series sont hygroscopiques et des pr\u00e9cautions doivent \u00eatre prises pour \u00e9viter l&rsquo;absorption d&rsquo;humidit\u00e9 pendant la manipulation. Les emballages doivent \u00eatre bien ferm\u00e9s lorsqu\u2019ils ne sont pas utilis\u00e9s et les petits emballages doivent \u00eatre pr\u00e9f\u00e9r\u00e9s. Le produit ne doit pas \u00eatre transf\u00e9r\u00e9 dans des contenants en plastique susceptibles de permettre la p\u00e9n\u00e9tration de l&rsquo;humidit\u00e9.<\/p>\n<p> Les huiles Mobil EAL Arctic Series sont recommand\u00e9es pour les syst\u00e8mes de r\u00e9frig\u00e9ration o\u00f9 des r\u00e9frig\u00e9rants HFC ou dioxyde de carbone sont utilis\u00e9s. Les applications sp\u00e9cifiques incluent\u00a0:<\/p>\n<ul>\n<li>R\u00e9frig\u00e9ration domestique telle que r\u00e9frig\u00e9rateurs, cong\u00e9lateurs, climatiseurs et pompes \u00e0 chaleur<\/li>\n<li>Applications de r\u00e9frig\u00e9ration commerciale telles que la climatisation des entreprises, des centres commerciaux et des h\u00f4tels, ainsi que le transport \u00e0 basse temp\u00e9rature<\/li>\n<li>Applications industrielles telles que la pr\u00e9paration et la cong\u00e9lation des aliments, ainsi que les applications cryog\u00e9niques<\/li>\n<\/ul>\n","protected":false},"excerpt":{"rendered":"<p>La s\u00e9rie Mobil EAL Arctic est compos\u00e9e de lubrifiants respectueux de l&rsquo;environnement et hautement performants (EAL), enti\u00e8rement synth\u00e9tiques, sp\u00e9cialement d\u00e9velopp\u00e9s pour la lubrification des compresseurs de r\u00e9frig\u00e9ration et des syst\u00e8mes utilisant des r\u00e9frig\u00e9rants HFC respectueux de la couche d&rsquo;ozone. (Les HFC sont des produits sans chlore qui remplacent les r\u00e9frig\u00e9rants contenant du chlore sur le march\u00e9 mondial). Ils sont \u00e9galement recommand\u00e9s pour les applications au dioxyde de carbone avec une miscibilit\u00e9 appropri\u00e9e pour un retour correct de l&rsquo;huile au compresseur (g\u00e9n\u00e9ralement des applications \u00e0 pistons).<\/p>\n","protected":false},"featured_media":0,"template":"","meta":{"_acf_changed":false,"inline_featured_image":false},"product_brand":[],"product_cat":[223],"product_tag":[],"class_list":{"0":"post-9654","1":"product","2":"type-product","3":"status-publish","5":"product_cat-huiles-de-refrigeration","7":"first","8":"instock","9":"taxable","10":"shipping-taxable","11":"purchasable","12":"product-type-simple"},"acf":[],"_links":{"self":[{"href":"https:\/\/webshop.ingelbeen.be\/fr\/wp-json\/wp\/v2\/product\/9654","targetHints":{"allow":["GET"]}}],"collection":[{"href":"https:\/\/webshop.ingelbeen.be\/fr\/wp-json\/wp\/v2\/product"}],"about":[{"href":"https:\/\/webshop.ingelbeen.be\/fr\/wp-json\/wp\/v2\/types\/product"}],"wp:attachment":[{"href":"https:\/\/webshop.ingelbeen.be\/fr\/wp-json\/wp\/v2\/media?parent=9654"}],"wp:term":[{"taxonomy":"product_brand","embeddable":true,"href":"https:\/\/webshop.ingelbeen.be\/fr\/wp-json\/wp\/v2\/product_brand?post=9654"},{"taxonomy":"product_cat","embeddable":true,"href":"https:\/\/webshop.ingelbeen.be\/fr\/wp-json\/wp\/v2\/product_cat?post=9654"},{"taxonomy":"product_tag","embeddable":true,"href":"https:\/\/webshop.ingelbeen.be\/fr\/wp-json\/wp\/v2\/product_tag?post=9654"}],"curies":[{"name":"wp","href":"https:\/\/api.w.org\/{rel}","templated":true}]}}