{"id":9666,"date":"2024-04-30T13:10:29","date_gmt":"2024-04-30T12:10:29","guid":{"rendered":"https:\/\/ingelbeen.kneet.be\/product\/mobil-evapora-4286\/"},"modified":"2024-06-26T16:13:57","modified_gmt":"2024-06-26T15:13:57","slug":"mobil-evapora-4286","status":"publish","type":"product","link":"https:\/\/webshop.ingelbeen.be\/fr\/produit\/mobil-evapora-4286\/","title":{"rendered":"Mobil Evapora 4286"},"content":{"rendered":"","protected":false},"excerpt":{"rendered":"<p>Mobil Evapora 4286 est une huile de r\u00e9frig\u00e9ration de haute qualit\u00e9 con\u00e7ue pour une utilisation dans les pompes \u00e0 vide et autres applications critiques. Cette huile offre une excellente r\u00e9sistance \u00e0 l&rsquo;oxydation et aide \u00e0 pr\u00e9venir la formation de d\u00e9p\u00f4ts et de corrosion.<\/p>\n","protected":false},"featured_media":10102,"template":"","meta":{"_acf_changed":false,"inline_featured_image":false},"product_brand":[],"product_cat":[183],"product_tag":[],"class_list":{"0":"post-9666","1":"product","2":"type-product","3":"status-publish","4":"has-post-thumbnail","6":"product_cat-divers","8":"first","9":"instock","10":"taxable","11":"shipping-taxable","12":"purchasable","13":"product-type-simple"},"acf":[],"_links":{"self":[{"href":"https:\/\/webshop.ingelbeen.be\/fr\/wp-json\/wp\/v2\/product\/9666","targetHints":{"allow":["GET"]}}],"collection":[{"href":"https:\/\/webshop.ingelbeen.be\/fr\/wp-json\/wp\/v2\/product"}],"about":[{"href":"https:\/\/webshop.ingelbeen.be\/fr\/wp-json\/wp\/v2\/types\/product"}],"wp:featuredmedia":[{"embeddable":true,"href":"https:\/\/webshop.ingelbeen.be\/fr\/wp-json\/wp\/v2\/media\/10102"}],"wp:attachment":[{"href":"https:\/\/webshop.ingelbeen.be\/fr\/wp-json\/wp\/v2\/media?parent=9666"}],"wp:term":[{"taxonomy":"product_brand","embeddable":true,"href":"https:\/\/webshop.ingelbeen.be\/fr\/wp-json\/wp\/v2\/product_brand?post=9666"},{"taxonomy":"product_cat","embeddable":true,"href":"https:\/\/webshop.ingelbeen.be\/fr\/wp-json\/wp\/v2\/product_cat?post=9666"},{"taxonomy":"product_tag","embeddable":true,"href":"https:\/\/webshop.ingelbeen.be\/fr\/wp-json\/wp\/v2\/product_tag?post=9666"}],"curies":[{"name":"wp","href":"https:\/\/api.w.org\/{rel}","templated":true}]}}