{"id":9668,"date":"2024-04-30T13:10:29","date_gmt":"2024-04-30T12:10:29","guid":{"rendered":"https:\/\/ingelbeen.kneet.be\/product\/mobil-extra-2t\/"},"modified":"2024-06-26T16:13:57","modified_gmt":"2024-06-26T15:13:57","slug":"mobil-extra-2t","status":"publish","type":"product","link":"https:\/\/webshop.ingelbeen.be\/fr\/produit\/mobil-extra-2t\/","title":{"rendered":"Mobil Extra 2T"},"content":{"rendered":"<div class=\"compensation des d\u00e9tails du produit\">\n<div class=\"description de l'attribut du produit\">\n<div class=\"description de la valeur\">\n<p> Mobil Extra 2T est une haute performance ; Huile moteur \u00e0 deux temps semi-synth\u00e9tique et sans fum\u00e9e, d\u00e9velopp\u00e9e pour r\u00e9pondre aux besoins des motos, motoneiges et scies \u00e0 cha\u00eene hautes performances.<\/p>\n<p> Mobil Extra 2T est pr\u00e9-dilu\u00e9 pour faciliter le m\u00e9lange lorsqu&rsquo;il est ajout\u00e9 au carburant.<\/p><\/div><\/div><\/div>\n<h2>Fonctionnalit\u00e9 et avantages potentiels<\/h2>\n<p> Mobil Extra 2T combine un m\u00e9lange d&rsquo;huiles de base min\u00e9rales de haute qualit\u00e9 et de hautes performances synth\u00e9tis\u00e9es avec un syst\u00e8me d&rsquo;additifs avanc\u00e9 pour fournir une excellente propret\u00e9 du moteur et des performances d&rsquo;\u00e9chappement sans fum\u00e9e. Les principales caract\u00e9ristiques et avantages incluent\u00a0:<\/p>\n<table class=\"table table-striped\">\n <t\u00eate><\/p>\n<tr>\n<th>Fonctionnalit\u00e9s<\/th>\n<th>Avantages et b\u00e9n\u00e9fices potentiels<\/th>\n<\/tr>\n<p> <\/t\u00eate><br \/>\n <corps><\/p>\n<tr>\n<td>Excellente protection contre l&rsquo;usure<\/td>\n<td>Dur\u00e9e de vie du moteur plus longue<\/td>\n<\/tr>\n<tr>\n<td>Bonne stabilit\u00e9 thermique et \u00e0 l&rsquo;oxydation et contr\u00f4le des d\u00e9p\u00f4ts<\/td>\n<td>Des moteurs plus propres entra\u00eenant une dur\u00e9e de vie prolong\u00e9e des bougies et des soupapes, une r\u00e9duction du collage des segments, un serrage des pistons et une pr\u00e9vention des probl\u00e8mes de pr\u00e9-allumage<\/td>\n<\/tr>\n<tr>\n<td>Excellentes propri\u00e9t\u00e9s de protection contre la corrosion<\/td>\n<td>Dur\u00e9e de vie du moteur plus longue<\/td>\n<\/tr>\n<tr>\n<td>\u00c9chappement sans fum\u00e9e<\/td>\n<td>Environnement plus propre<\/td>\n<\/tr>\n<\/tbody>\n<\/table>\n<h2>Sp\u00e9cifications et homologations<\/h2>\n<h3>Satisfait ou d\u00e9passe les exigences de<\/h3>\n<ul>\n<li>TC API<\/li>\n<li>ISO E-GC<\/li>\n<li>JASO FC<\/li>\n<\/ul>\n","protected":false},"excerpt":{"rendered":"<p>Mobil Extra 2T est une huile moteur deux temps de haute qualit\u00e9, semi-synth\u00e9tique, sans fum\u00e9e, d\u00e9velopp\u00e9e pour les motos, les motoneiges et les tron\u00e7onneuses offrant des performances \u00e9lev\u00e9es.<\/p>\n<p>Mobil Extra 2T est pr\u00e9-dilu\u00e9e pour faciliter le m\u00e9lange lors de l&rsquo;ajout au carburant.<\/p>\n","protected":false},"featured_media":10279,"template":"","meta":{"_acf_changed":false,"inline_featured_image":false},"product_brand":[],"product_cat":[214],"product_tag":[],"class_list":{"0":"post-9668","1":"product","2":"type-product","3":"status-publish","4":"has-post-thumbnail","6":"product_cat-huiles-moteurs","8":"first","9":"instock","10":"taxable","11":"shipping-taxable","12":"purchasable","13":"product-type-simple"},"acf":[],"_links":{"self":[{"href":"https:\/\/webshop.ingelbeen.be\/fr\/wp-json\/wp\/v2\/product\/9668","targetHints":{"allow":["GET"]}}],"collection":[{"href":"https:\/\/webshop.ingelbeen.be\/fr\/wp-json\/wp\/v2\/product"}],"about":[{"href":"https:\/\/webshop.ingelbeen.be\/fr\/wp-json\/wp\/v2\/types\/product"}],"wp:featuredmedia":[{"embeddable":true,"href":"https:\/\/webshop.ingelbeen.be\/fr\/wp-json\/wp\/v2\/media\/10279"}],"wp:attachment":[{"href":"https:\/\/webshop.ingelbeen.be\/fr\/wp-json\/wp\/v2\/media?parent=9668"}],"wp:term":[{"taxonomy":"product_brand","embeddable":true,"href":"https:\/\/webshop.ingelbeen.be\/fr\/wp-json\/wp\/v2\/product_brand?post=9668"},{"taxonomy":"product_cat","embeddable":true,"href":"https:\/\/webshop.ingelbeen.be\/fr\/wp-json\/wp\/v2\/product_cat?post=9668"},{"taxonomy":"product_tag","embeddable":true,"href":"https:\/\/webshop.ingelbeen.be\/fr\/wp-json\/wp\/v2\/product_tag?post=9668"}],"curies":[{"name":"wp","href":"https:\/\/api.w.org\/{rel}","templated":true}]}}