{"id":9674,"date":"2024-04-30T13:10:29","date_gmt":"2024-04-30T12:10:29","guid":{"rendered":"https:\/\/ingelbeen.kneet.be\/product\/mobil-extra-4t-10w40\/"},"modified":"2024-06-26T16:13:58","modified_gmt":"2024-06-26T15:13:58","slug":"mobil-extra-4t-10w40","status":"publish","type":"product","link":"https:\/\/webshop.ingelbeen.be\/fr\/produit\/mobil-extra-4t-10w40\/","title":{"rendered":"Mobil Extra 4T 10W40"},"content":{"rendered":"<div class=\"compensation des d\u00e9tails du produit\">\n<div class=\"description de l'attribut du produit\">\n<div class=\"description de la valeur\">\n<p> Mobil Extra 4T est une huile moteur de moto \u00e0 quatre temps \u00e0 technologie de m\u00e9lange semi-synth\u00e9tique haute performance d\u00e9velopp\u00e9e pour fournir une propret\u00e9 et une protection am\u00e9lior\u00e9es du moteur pour tous les types de motos et de fonctionnement.<\/p><\/div><\/div><\/div>\n<h2>Fonctionnalit\u00e9 et avantages potentiels<\/h2>\n<p> Mobil Extra 4T combine un m\u00e9lange unique d&rsquo;huiles de base min\u00e9rales et d&rsquo;hydrocarbures synth\u00e9tis\u00e9s de haute qualit\u00e9 avec un syst\u00e8me d&rsquo;additifs avanc\u00e9 pour fournir une excellente propret\u00e9 du moteur, une protection contre l&rsquo;usure et une pr\u00e9vention efficace de la corrosion. Les principales caract\u00e9ristiques et avantages incluent\u00a0:<\/p>\n<table class=\"table table-striped\">\n <t\u00eate><\/p>\n<tr>\n<th>Fonctionnalit\u00e9s<\/th>\n<th>Avantages et b\u00e9n\u00e9fices potentiels<\/th>\n<\/tr>\n<p> <\/t\u00eate><br \/>\n <corps><\/p>\n<tr>\n<td>Excellente protection contre l&rsquo;usure<\/td>\n<td>Composant du moteur et dur\u00e9e de vie globale du moteur plus longues<\/td>\n<\/tr>\n<tr>\n<td>Bonne stabilit\u00e9 thermique, \u00e0 l&rsquo;oxydation et contr\u00f4le des d\u00e9p\u00f4ts<\/td>\n<td>Des moteurs fonctionnant plus proprement, ce qui permet un fonctionnement fluide et sans faille<\/td>\n<\/tr>\n<tr>\n<td>Excellentes propri\u00e9t\u00e9s de protection contre la corrosion<\/td>\n<td>Dur\u00e9e de vie plus longue des composants du syst\u00e8me de soupapes et des roulements<\/td>\n<\/tr>\n<tr>\n<td>Propri\u00e9t\u00e9s am\u00e9lior\u00e9es \u00e0 basse temp\u00e9rature<\/td>\n<td>D\u00e9marrage plus facile par temps froid, dur\u00e9e de vie du syst\u00e8me \u00e9lectrique plus longue<\/td>\n<\/tr>\n<\/tbody>\n<\/table>\n<h2>Applications<\/h2>\n<p> Mobil Extra 4T est sp\u00e9cifiquement recommand\u00e9 pour la lubrification de tous les types de moteurs de motos \u00e0 quatre temps, o\u00f9 les derni\u00e8res qualit\u00e9s standards de l&rsquo;industrie sont requises.<\/p>\n<h2>Sp\u00e9cifications et homologations<\/h2>\n<h3>Ce produit poss\u00e8de les approbations de constructeur suivantes<\/h3>\n<ul>\n<li>API\u00a0SJ<\/li>\n<li>JASO MA<\/li>\n<\/ul>\n","protected":false},"excerpt":{"rendered":"<p>Mobil Extra 4T 10W40 est une huile moteur avanc\u00e9e pour motos quatre temps, qui assure une protection et des performances sup\u00e9rieures du moteur \u00e0 des temp\u00e9ratures et des vitesses \u00e9lev\u00e9es. Cette huile garantit un fonctionnement optimal de l&#8217;embrayage et prot\u00e8ge contre l&rsquo;usure.<\/p>\n","protected":false},"featured_media":10102,"template":"","meta":{"_acf_changed":false,"inline_featured_image":false},"product_brand":[],"product_cat":[221],"product_tag":[],"class_list":{"0":"post-9674","1":"product","2":"type-product","3":"status-publish","4":"has-post-thumbnail","6":"product_cat-huiles-pour-turbines-et-huiles-de-circulation","8":"first","9":"instock","10":"taxable","11":"shipping-taxable","12":"purchasable","13":"product-type-simple"},"acf":[],"_links":{"self":[{"href":"https:\/\/webshop.ingelbeen.be\/fr\/wp-json\/wp\/v2\/product\/9674","targetHints":{"allow":["GET"]}}],"collection":[{"href":"https:\/\/webshop.ingelbeen.be\/fr\/wp-json\/wp\/v2\/product"}],"about":[{"href":"https:\/\/webshop.ingelbeen.be\/fr\/wp-json\/wp\/v2\/types\/product"}],"wp:featuredmedia":[{"embeddable":true,"href":"https:\/\/webshop.ingelbeen.be\/fr\/wp-json\/wp\/v2\/media\/10102"}],"wp:attachment":[{"href":"https:\/\/webshop.ingelbeen.be\/fr\/wp-json\/wp\/v2\/media?parent=9674"}],"wp:term":[{"taxonomy":"product_brand","embeddable":true,"href":"https:\/\/webshop.ingelbeen.be\/fr\/wp-json\/wp\/v2\/product_brand?post=9674"},{"taxonomy":"product_cat","embeddable":true,"href":"https:\/\/webshop.ingelbeen.be\/fr\/wp-json\/wp\/v2\/product_cat?post=9674"},{"taxonomy":"product_tag","embeddable":true,"href":"https:\/\/webshop.ingelbeen.be\/fr\/wp-json\/wp\/v2\/product_tag?post=9674"}],"curies":[{"name":"wp","href":"https:\/\/api.w.org\/{rel}","templated":true}]}}