{"id":9676,"date":"2024-04-30T13:10:29","date_gmt":"2024-04-30T12:10:29","guid":{"rendered":"https:\/\/ingelbeen.kneet.be\/product\/mobil-extra-hecla-super-cylinder-oil-mineral\/"},"modified":"2024-06-26T16:13:58","modified_gmt":"2024-06-26T15:13:58","slug":"mobil-extra-hecla-super-cylinder-oil-mineral","status":"publish","type":"product","link":"https:\/\/webshop.ingelbeen.be\/fr\/produit\/mobil-extra-hecla-super-cylinder-oil-mineral\/","title":{"rendered":"Mobil Extra Hecla Super Cylinder Oil Mineral"},"content":{"rendered":"<div class=\"compensation des d\u00e9tails du produit\">\n<div class=\"description de l'attribut du produit\">\n<div class=\"description de la valeur\">\n<p> Les huiles Mobil pour cylindres sont des huiles hautes performances \u00e0 haute viscosit\u00e9 con\u00e7ues pour \u00eatre utilis\u00e9es dans les engrenages \u00e0 vis sans fin ferm\u00e9s fonctionnant \u00e0 des vitesses et des temp\u00e9ratures mod\u00e9r\u00e9es \u00e0 \u00e9lev\u00e9es, et o\u00f9 des charges lourdes, des vitesses lentes ou des temp\u00e9ratures \u00e9lev\u00e9es n\u00e9cessitent des huiles \u00e0 haute viscosit\u00e9. Ils sont \u00e9galement destin\u00e9s \u00e0 \u00eatre utilis\u00e9s dans les applications de cylindres de machines \u00e0 vapeur. Ils sont formul\u00e9s \u00e0 partir d&rsquo;huiles de base de haute qualit\u00e9 qui r\u00e9sistent \u00e0 l&rsquo;oxydation et \u00e0 la d\u00e9gradation thermique, ainsi qu&rsquo;\u00e0 l&rsquo;accumulation de d\u00e9p\u00f4ts nocifs provoqu\u00e9s par les temp\u00e9ratures de fonctionnement \u00e9lev\u00e9es des cylindres \u00e0 vapeur. Ils prot\u00e8gent contre la rouille et la corrosion et offrent une bonne r\u00e9sistance du film et un excellent pouvoir lubrifiant et r\u00e9sistent au lavage \u00e0 l&rsquo;eau.<\/p>\n<p> L\u2019huile pour cylindre Mobil 600W\u2122, l\u2019huile pour super cylindre Mobil 600W\u2122 et l\u2019huile pour super cylindre Mobil\u2122 Extra Hecla sont additionn\u00e9es pour am\u00e9liorer leurs propri\u00e9t\u00e9s de friction et de charge. Les quatre membres de la famille de produits sont largement utilis\u00e9s dans les applications d&rsquo;engrenages \u00e0 vis sans fin, d&rsquo;accouplements et de roulements, avec un degr\u00e9 de viscosit\u00e9 d\u00e9pendant des conditions de fonctionnement. Dans les applications de vapeur, l&rsquo;huile super cylindre Mobil 600W est recommand\u00e9e pour la vapeur satur\u00e9e et surchauff\u00e9e jusqu&rsquo;\u00e0 une temp\u00e9rature de 260 \u00baC. L\u2019huile Mobil Extra Hecla Super Cylindre et l\u2019huile Mobil Extra Hecla Super Cylindre Min\u00e9rale peuvent \u00eatre utilis\u00e9es avec de la vapeur surchauff\u00e9e au-dessus de 260 \u00baC. L\u2019huile min\u00e9rale Mobil Extra Hecla Super Cylindre a une bonne d\u00e9s\u00e9mulsibilit\u00e9. Les huiles pour cylindres Mobil peuvent \u00eatre appliqu\u00e9es \u00e0 la fois par des godets d&rsquo;alimentation goutte \u00e0 goutte et par des dispositifs de lubrification m\u00e9caniques \u00e0 alimentation forc\u00e9e.<\/p><\/div><\/div><\/div>\n<h2>Fonctionnalit\u00e9 et avantages potentiels<\/h2>\n<p> Les huiles pour cylindres Mobil offrent les caract\u00e9ristiques et avantages potentiels suivants\u00a0:<\/p>\n<table class=\"table table-striped\">\n <t\u00eate><\/p>\n<tr>\n<th>Fonctionnalit\u00e9s<\/th>\n<th>Avantages et b\u00e9n\u00e9fices potentiels<\/th>\n<\/tr>\n<p> <\/t\u00eate><br \/>\n <corps><\/p>\n<tr>\n<td>Excellente int\u00e9grit\u00e9 du film \u00e0 haute temp\u00e9rature<\/td>\n<td>Excellente protection de l&rsquo;\u00e9quipement \u00e0 des temp\u00e9ratures \u00e9lev\u00e9es occasionn\u00e9es par des conditions de charge variables, \u00e9vitant ainsi les temps d&rsquo;arr\u00eat inattendus et le remplacement de l&rsquo;\u00e9quipement<\/td>\n<\/tr>\n<tr>\n<td><\/td>\n<td>Fourniture d&rsquo;un bon film d&rsquo;\u00e9tanch\u00e9it\u00e9 pour les tiges rondes et les presse-\u00e9toupes dans les applications \u00e0 vapeur<\/td>\n<\/tr>\n<tr>\n<td>Excellente r\u00e9sistance \u00e0 la formation de d\u00e9p\u00f4ts \u00e0 haute temp\u00e9rature<\/td>\n<td>R\u00e9sistant aux d\u00e9p\u00f4ts sur les zones soumises \u00e0 des temp\u00e9ratures ponctuelles \u00e9lev\u00e9es, maintient des syst\u00e8mes plus propres, n\u00e9cessitant moins d&rsquo;entretien<\/td>\n<\/tr>\n<tr>\n<td>Excellentes propri\u00e9t\u00e9s anti-usure et \u00e0 faible friction<\/td>\n<td>Les nuances additi\u00e9es donnent une usure r\u00e9duite<\/td>\n<\/tr>\n<tr>\n<td>Tr\u00e8s bonne s\u00e9paration de l&rsquo;eau en l&rsquo;absence d&rsquo;additifs<\/td>\n<td>La qualit\u00e9 sans additif permet une s\u00e9paration facile du condensat<\/td>\n<\/tr>\n<tr>\n<td>Fonctionnalit\u00e9s de haute qualit\u00e9 et de performances int\u00e9gr\u00e9es<\/td>\n<td>R\u00e9sultat en moins d&rsquo;arr\u00eats impr\u00e9vus et en r\u00e9duction des co\u00fbts de maintenance<\/td>\n<\/tr>\n<\/tbody>\n<\/table>\n<h2>Applications<\/h2>\n<p> L\u2019huile pour cylindre Mobil 600W est recommand\u00e9e pour les applications suivantes\u00a0:<\/p>\n<ul>\n<li>La lubrification par barbotage des engrenages \u00e0 vis sans fin ferm\u00e9s fonctionnant \u00e0 des vitesses et temp\u00e9ratures mod\u00e9r\u00e9es \u00e0 \u00e9lev\u00e9es. (Huile Cylindre Mobil 600 W)<\/li>\n<li>Cylindres \u00e0 vapeur, accouplements, roulements et rodage des cylindres de compresseur (Huile pour cylindre Mobil 600\u00a0W)<\/li>\n<li>L&rsquo;huile pour super cylindre Mobil 600\u00a0W et l&rsquo;huile pour super cylindre Mobil Extra Hecla sont recommand\u00e9es pour les applications ci-dessus, mais dans des conditions de temp\u00e9rature et de charge plus \u00e9lev\u00e9es.<\/li>\n<li>Mobil Extra Hecla Super Cylindre Min\u00e9ral est recommand\u00e9 lorsqu&rsquo;une s\u00e9paration facile du condensat est essentielle, par exemple lorsque la vapeur d&rsquo;\u00e9chappement est utilis\u00e9e pour des travaux de traitement<\/li>\n<li>Mobil Extra Hecla Super Cylindre Min\u00e9ral peut \u00e9galement \u00eatre utilis\u00e9 comme huile de trempe pour des temp\u00e9ratures de bain allant jusqu&rsquo;\u00e0 290\u00a0\u00baC<\/li>\n<\/ul>\n","protected":false},"excerpt":{"rendered":"<p>Les huiles pour cylindres Mobil sont des huiles haute performance et haute viscosit\u00e9, con\u00e7ues pour une utilisation dans les r\u00e9ducteurs \u00e0 vis sans fin ferm\u00e9s fonctionnant \u00e0 des vitesses et des temp\u00e9ratures mod\u00e9r\u00e9es \u00e0 \u00e9lev\u00e9es, et o\u00f9 des charges lourdes, des vitesses lentes ou des temp\u00e9ratures \u00e9lev\u00e9es n\u00e9cessitent des huiles \u00e0 haute viscosit\u00e9. Elles sont \u00e9galement destin\u00e9es \u00e0 une utilisation dans les applications de cylindres de machines \u00e0 vapeur. Elles sont formul\u00e9es \u00e0 partir de bases de haute qualit\u00e9 qui r\u00e9sistent \u00e0 l&rsquo;oxydation et \u00e0 la d\u00e9gradation thermique, ainsi qu&rsquo;\u00e0 l&rsquo;accumulation de d\u00e9p\u00f4ts nocifs caus\u00e9s par les temp\u00e9ratures de fonctionnement \u00e9lev\u00e9es des cylindres de vapeur. Elles prot\u00e8gent contre la rouille et la corrosion, offrent une bonne r\u00e9sistance du film et une excellente lubrification, et r\u00e9sistent au lavage par l&rsquo;eau.<\/p>\n","protected":false},"featured_media":10102,"template":"","meta":{"_acf_changed":false,"inline_featured_image":false},"product_brand":[],"product_cat":[221],"product_tag":[],"class_list":{"0":"post-9676","1":"product","2":"type-product","3":"status-publish","4":"has-post-thumbnail","6":"product_cat-huiles-pour-turbines-et-huiles-de-circulation","8":"first","9":"instock","10":"taxable","11":"shipping-taxable","12":"purchasable","13":"product-type-simple"},"acf":[],"_links":{"self":[{"href":"https:\/\/webshop.ingelbeen.be\/fr\/wp-json\/wp\/v2\/product\/9676","targetHints":{"allow":["GET"]}}],"collection":[{"href":"https:\/\/webshop.ingelbeen.be\/fr\/wp-json\/wp\/v2\/product"}],"about":[{"href":"https:\/\/webshop.ingelbeen.be\/fr\/wp-json\/wp\/v2\/types\/product"}],"wp:featuredmedia":[{"embeddable":true,"href":"https:\/\/webshop.ingelbeen.be\/fr\/wp-json\/wp\/v2\/media\/10102"}],"wp:attachment":[{"href":"https:\/\/webshop.ingelbeen.be\/fr\/wp-json\/wp\/v2\/media?parent=9676"}],"wp:term":[{"taxonomy":"product_brand","embeddable":true,"href":"https:\/\/webshop.ingelbeen.be\/fr\/wp-json\/wp\/v2\/product_brand?post=9676"},{"taxonomy":"product_cat","embeddable":true,"href":"https:\/\/webshop.ingelbeen.be\/fr\/wp-json\/wp\/v2\/product_cat?post=9676"},{"taxonomy":"product_tag","embeddable":true,"href":"https:\/\/webshop.ingelbeen.be\/fr\/wp-json\/wp\/v2\/product_tag?post=9676"}],"curies":[{"name":"wp","href":"https:\/\/api.w.org\/{rel}","templated":true}]}}