{"id":9680,"date":"2024-04-30T13:10:28","date_gmt":"2024-04-30T12:10:28","guid":{"rendered":"https:\/\/ingelbeen.kneet.be\/product\/mobil-dte-732-m\/"},"modified":"2024-06-26T16:13:54","modified_gmt":"2024-06-26T15:13:54","slug":"mobil-dte-732-m","status":"publish","type":"product","link":"https:\/\/webshop.ingelbeen.be\/fr\/produit\/mobil-dte-732-m\/","title":{"rendered":"Mobil DTE 732 M"},"content":{"rendered":"<div class=\"compensation des d\u00e9tails du produit\">\n<div class=\"description de l'attribut du produit\">\n<div class=\"description de la valeur\">\n<div class=\"description de la valeur\">\n<p> Mobil DTE\u2122 732 M est une huile pour turbine hautes performances de nouvelle g\u00e9n\u00e9ration con\u00e7ue pour \u00eatre utilis\u00e9e dans les moteurs \u00e0 essence et \u00e0 essence \u00e0 arbre unique sans engrenage Mitsubishi Heavy Industry (MHI). Turbines \u00e0 vapeur et turbines \u00e0 gaz multi-arbres. Ce produit r\u00e9pond aux exigences de MHI en mati\u00e8re de longue dur\u00e9e de vie \u2013 applications de turbines \u00e0 haute temp\u00e9rature, MS04-MA-CL005, gr\u00e2ce \u00e0 des huiles de base de haute qualit\u00e9 et un syst\u00e8me d&rsquo;additifs con\u00e7us pour assurer une longue dur\u00e9e de vie de l&rsquo;huile. Mobil DTE 732 M r\u00e9pond \u00e9galement aux exigences MS04-MA-CL001 et CL002.<\/p><\/div><\/div><\/div><\/div>\n<h2>Fonctionnalit\u00e9 et avantages potentiels<\/h2>\n<ul>\n<li>L&rsquo;excellente stabilit\u00e9 chimique et \u00e0 l&rsquo;oxydation contribue \u00e0 r\u00e9duire les temps d&rsquo;arr\u00eat et les co\u00fbts de maintenance en contribuant \u00e0 la propret\u00e9 du syst\u00e8me et \u00e0 la r\u00e9duction des d\u00e9p\u00f4ts, ce qui peut prolonger la dur\u00e9e de vie de l&rsquo;huile et du filtre.<\/li>\n<li>La haute r\u00e9sistance au moussage et la lib\u00e9ration rapide de l&rsquo;air emp\u00eachent la cavitation de la pompe, ainsi que son fonctionnement bruyant et irr\u00e9gulier, ce qui peut contribuer \u00e0 r\u00e9duire le remplacement de la pompe et \u00e0 augmenter son efficacit\u00e9<\/li>\n<li>R\u00e9duit le potentiel de formation de vernis, ce qui peut contribuer \u00e0 accro\u00eetre la fiabilit\u00e9 du fonctionnement de la turbine et \u00e0 r\u00e9duire les co\u00fbts de maintenance<\/li>\n<\/ul>\n<h2>Applications<\/h2>\n<p> Mobil DTE 732 M est une huile pour turbine haute performance con\u00e7ue pour \u00eatre utilis\u00e9e dans les applications \u00e0 gaz et \u00e0 engrenages sans engrenages. applications de turbine \u00e0 vapeur et de compresseur de turbine. Les applications sp\u00e9cifiques incluent\u00a0:<\/p>\n<ul>\n<li>Turbines \u00e0 vapeur\u00a0\u2013\u00a0toutes sans engrenage<\/li>\n<li>Turbines \u00e0 gaz\u00a0\u2013\u00a0toutes sans engrenage, y compris les turbines\u00a0501F et\u00a0501F\u00a0; S\u00e9rie G, 701F et 701F S\u00e9rie G<\/li>\n<li>Compresseurs \u00e0 turbine \u2013 tous sans engrenages<\/li>\n<\/ul>\n<h2>Sp\u00e9cifications et homologations<\/h2>\n<h3>Satisfait ou d\u00e9passe les exigences de<\/h3>\n<ul>\n<li>MS04-MA-CL001<\/li>\n<li>MS04-MA-CL002<\/li>\n<li>MS04-MA-CL005<\/li>\n<li>JIS K-2213 Type\u00a02<\/li>\n<\/ul>\n","protected":false},"excerpt":{"rendered":"<p>Mobil DTE\u2122 732 M est la prochaine g\u00e9n\u00e9ration d&rsquo;huile pour turbines haute performance d\u00e9velopp\u00e9e pour une utilisation dans les turbines \u00e0 gaz et \u00e0 vapeur \u00e0 arbre simple, non engren\u00e9es, de Mitsubishi Heavy Industry (MHI) et dans les turbines \u00e0 gaz multi-arbres.<\/p>\n","protected":false},"featured_media":10102,"template":"","meta":{"_acf_changed":false,"inline_featured_image":false},"product_brand":[],"product_cat":[221],"product_tag":[],"class_list":{"0":"post-9680","1":"product","2":"type-product","3":"status-publish","4":"has-post-thumbnail","6":"product_cat-huiles-pour-turbines-et-huiles-de-circulation","8":"first","9":"instock","10":"taxable","11":"shipping-taxable","12":"purchasable","13":"product-type-simple"},"acf":[],"_links":{"self":[{"href":"https:\/\/webshop.ingelbeen.be\/fr\/wp-json\/wp\/v2\/product\/9680","targetHints":{"allow":["GET"]}}],"collection":[{"href":"https:\/\/webshop.ingelbeen.be\/fr\/wp-json\/wp\/v2\/product"}],"about":[{"href":"https:\/\/webshop.ingelbeen.be\/fr\/wp-json\/wp\/v2\/types\/product"}],"wp:featuredmedia":[{"embeddable":true,"href":"https:\/\/webshop.ingelbeen.be\/fr\/wp-json\/wp\/v2\/media\/10102"}],"wp:attachment":[{"href":"https:\/\/webshop.ingelbeen.be\/fr\/wp-json\/wp\/v2\/media?parent=9680"}],"wp:term":[{"taxonomy":"product_brand","embeddable":true,"href":"https:\/\/webshop.ingelbeen.be\/fr\/wp-json\/wp\/v2\/product_brand?post=9680"},{"taxonomy":"product_cat","embeddable":true,"href":"https:\/\/webshop.ingelbeen.be\/fr\/wp-json\/wp\/v2\/product_cat?post=9680"},{"taxonomy":"product_tag","embeddable":true,"href":"https:\/\/webshop.ingelbeen.be\/fr\/wp-json\/wp\/v2\/product_tag?post=9680"}],"curies":[{"name":"wp","href":"https:\/\/api.w.org\/{rel}","templated":true}]}}