{"id":9682,"date":"2024-04-30T13:10:28","date_gmt":"2024-04-30T12:10:28","guid":{"rendered":"https:\/\/ingelbeen.kneet.be\/product\/mobil-dte-746\/"},"modified":"2024-06-26T16:13:54","modified_gmt":"2024-06-26T15:13:54","slug":"mobil-dte-746","status":"publish","type":"product","link":"https:\/\/webshop.ingelbeen.be\/fr\/produit\/mobil-dte-746\/","title":{"rendered":"Mobil DTE 746"},"content":{"rendered":"<div class=\"compensation des d\u00e9tails du produit\">\n<div class=\"description de l'attribut du produit\">\n<div class=\"description de la valeur\">\n<p> Les lubrifiants Mobil DTE\u2122 s\u00e9rie 700 sont le dernier ajout \u00e0 la famille de produits de lubrifiants pour turbines Mobil DTE, reconnus depuis longtemps pour leur haute qualit\u00e9 et leur fiabilit\u00e9. La s\u00e9rie Mobil DTE 700 est compos\u00e9e de lubrifiants pour turbines sans zinc sp\u00e9cialement con\u00e7us pour \u00eatre utilis\u00e9s dans les applications de turbines \u00e0 gaz et \u00e0 vapeur. Les lubrifiants Mobil DTE s\u00e9rie 700 sont formul\u00e9s avec des huiles de base et des additifs soigneusement s\u00e9lectionn\u00e9s, notamment des antioxydants, des inhibiteurs de rouille et de corrosion et des agents anti-mousse. Ces composants offrent une r\u00e9sistance exceptionnelle \u00e0 l\u2019oxydation et \u00e0 la d\u00e9gradation chimique dans le temps. Les lubrifiants Mobil DTE 700 pr\u00e9sentent une excellente s\u00e9parabilit\u00e9 de l&rsquo;eau, une r\u00e9sistance \u00e0 la formation d&rsquo;\u00e9mulsion et des caract\u00e9ristiques anti-mousse qui assurent un fonctionnement fiable. Leurs propri\u00e9t\u00e9s am\u00e9lior\u00e9es de lib\u00e9ration d\u2019air sont essentielles pour les m\u00e9canismes de contr\u00f4le hydraulique des turbines.<\/p>\n<p> Les caract\u00e9ristiques de performance des huiles Mobil DTE s\u00e9rie 700 se traduisent par une excellente protection de l&rsquo;\u00e9quipement, contribuant ainsi \u00e0 accro\u00eetre la fiabilit\u00e9 du fonctionnement de la turbine, permettant ainsi de r\u00e9duire les temps d&rsquo;arr\u00eat et de prolonger la dur\u00e9e de vie de la charge d&rsquo;huile. Les performances de la s\u00e9rie Mobil DTE 700 sont attest\u00e9es par sa capacit\u00e9 \u00e0 respecter ou d\u00e9passer un large \u00e9ventail de normes industrielles et de sp\u00e9cifications des constructeurs d&rsquo;\u00e9quipements pour les turbines \u00e0 vapeur et \u00e0 gaz utilis\u00e9es dans le monde entier.<\/p><\/div><\/div><\/div>\n<h2>Fonctionnalit\u00e9 et avantages potentiels<\/h2>\n<p> La s\u00e9rie Mobil DTE 700 offre les fonctionnalit\u00e9s et avantages potentiels suivants\u00a0:<\/p>\n<table class=\"table table-striped\">\n <t\u00eate><\/p>\n<tr>\n<th>Fonctionnalit\u00e9s<\/th>\n<th>Avantages et b\u00e9n\u00e9fices potentiels<\/th>\n<\/tr>\n<p> <\/t\u00eate><br \/>\n <corps><\/p>\n<tr>\n<td>Satisfait ou d\u00e9passe la plupart des sp\u00e9cifications des principaux constructeurs d&rsquo;\u00e9quipements de turbine et des sp\u00e9cifications de l&rsquo;industrie (ISO VG 32)<\/td>\n<td>Simplifie la s\u00e9lection et l&rsquo;application du lubrifiant \/ Assure le respect de la garantie du constructeur de l&rsquo;\u00e9quipement \/ Minimise les stocks de lubrifiant<\/td>\n<\/tr>\n<tr>\n<td>Stabilit\u00e9 sup\u00e9rieure \u00e0 l&rsquo;oxydation, aux produits chimiques et aux couleurs<\/td>\n<td>Con\u00e7u pour prolonger la dur\u00e9e de vie de la charge d&rsquo;huile et contribuer \u00e0 r\u00e9duire les co\u00fbts d&rsquo;achat et d&rsquo;\u00e9limination d&rsquo;huile<\/td>\n<\/tr>\n<tr>\n<td><\/td>\n<td>Aide \u00e0 contr\u00f4ler la formation de d\u00e9p\u00f4ts pour contribuer \u00e0 r\u00e9duire le colmatage des filtres et l&rsquo;encrassement des \u00e9quipements, r\u00e9duisant ainsi les temps d&rsquo;arr\u00eat et les co\u00fbts de maintenance<\/td>\n<\/tr>\n<tr>\n<td><\/td>\n<td>Niveau \u00e9lev\u00e9 de fiabilit\u00e9 du syst\u00e8me de turbine et r\u00e9duction des temps d&rsquo;arr\u00eat impr\u00e9vus<\/td>\n<\/tr>\n<tr>\n<td>Excellente s\u00e9parabilit\u00e9 de l&rsquo;eau<\/td>\n<td>Aide \u00e0 assurer un bon film de lubrification pour prot\u00e9ger les roulements de la turbine \/ Maximise l&rsquo;efficacit\u00e9 du syst\u00e8me d&rsquo;\u00e9limination de l&rsquo;eau et minimise les co\u00fbts de remplacement de l&rsquo;huile<\/td>\n<\/tr>\n<tr>\n<td>Protection am\u00e9lior\u00e9e contre la rouille et la corrosion<\/td>\n<td>Emp\u00eache la corrosion des composants critiques du syst\u00e8me d&rsquo;huile pour r\u00e9duire la maintenance et prolonger la dur\u00e9e de vie des composants<\/td>\n<\/tr>\n<tr>\n<td>Lib\u00e9ration rapide de l&rsquo;air et r\u00e9sistance au moussage<\/td>\n<td>Emp\u00eache le fonctionnement irr\u00e9gulier et la cavitation de la pompe, r\u00e9duisant ainsi le remplacement de la pompe et augmentant son efficacit\u00e9<\/td>\n<\/tr>\n<tr>\n<td>Sans zinc<\/td>\n<td>R\u00e9duit l&rsquo;impact environnemental<\/td>\n<\/tr>\n<\/tbody>\n<\/table>\n<h2>Applications<\/h2>\n<p> La s\u00e9rie Mobil DTE 700 est con\u00e7ue pour satisfaire ou d\u00e9passer les exigences des syst\u00e8mes de circulation des turbines \u00e0 vapeur et \u00e0 gaz. Les applications sp\u00e9cifiques incluent<\/p>\n<p> \u2022\u00a0\u00a0Production d&rsquo;\u00e9nergie \u00e9lectrique pour les services publics de charge de base \u00e0 haut rendement<\/p>\n<p> \u2022\u00a0Centrales \u00e9lectriques \u00e0 cycle combin\u00e9 \u00e0 turbine \u00e0 gaz fonctionnant en mode charge de base ou production de pointe<\/p>\n<p> \u2022\u00a0\u00a0Turbines \u00e0 gaz dans les centrales \u00e9lectriques captives<\/p>\n<p> \u2022\u00a0Moteurs d&rsquo;entra\u00eenement \u00e0 turbine \u00e0 gaz ou \u00e0 vapeur<\/p>\n<p> \u2022\u00a0Applications de turbines hydro\u00e9lectriques<\/p>\n<h2>Sp\u00e9cifications et homologations<\/h2>\n<h3>Satisfait ou d\u00e9passe les exigences de<\/h3>\n<ul>\n<li>ASTM D4304, R\u00e9v. A Type I, (2013)<\/li>\n<li>ASTM D4304, R\u00e9v. A Type III, (2013)<\/li>\n<li>Chine GB 11120-2011, L-TGA<\/li>\n<li>Chine GB 11120-2011, L-TSA (klasse\u00a0A)<\/li>\n<li>Chine GB 11120-2011, L-TSA (klasse B)<\/li>\n<li>DIN 51515-1:2010-02<\/li>\n<li>DIN 51515-2:2010-02<\/li>\n<li>GE GEK 27070<\/li>\n<li>GE GEK 32568J<\/li>\n<li>GE GEK 46506D<\/li>\n<li>JIS K-2213 Type\u00a02<\/li>\n<li>TAPIS DE MACHINES TURBO INDUSTRIELLES SIEMENS 812101<\/li>\n<li>SIEMENS WESTINGHOUSE PD-55125Z3<\/li>\n<\/ul>\n<h3>Ce produit r\u00e9pond aux exigences selon Exxonmobil<\/h3>\n<ul>\n<li>ISO L-TGA (ISO\u00a08068, 2006)<\/li>\n<li>GE GEK 28143A<\/li>\n<\/ul>\n<h3>Ce produit poss\u00e8de les approbations de constructeur suivantes<\/h3>\n<ul>\n<li>GE POWER AG (pour ALSTOM POWER) HTGD 90\u00a0117<\/li>\n<li>SIEMENS TLV 9013 04<\/li>\n<li>SIEMENS TLV 9013 05<\/li>\n<\/ul>\n","protected":false},"excerpt":{"rendered":"<p>Les lubrifiants de la s\u00e9rie Mobil DTE\u2122 700 sont la derni\u00e8re addition \u00e0 la gamme de produits Mobil DTE de lubrifiants pour turbines, r\u00e9put\u00e9e depuis de nombreuses ann\u00e9es pour sa haute qualit\u00e9 et sa fiabilit\u00e9.<\/p>\n","protected":false},"featured_media":10102,"template":"","meta":{"_acf_changed":false,"inline_featured_image":false},"product_brand":[],"product_cat":[221],"product_tag":[],"class_list":{"0":"post-9682","1":"product","2":"type-product","3":"status-publish","4":"has-post-thumbnail","6":"product_cat-huiles-pour-turbines-et-huiles-de-circulation","8":"first","9":"instock","10":"taxable","11":"shipping-taxable","12":"purchasable","13":"product-type-simple"},"acf":[],"_links":{"self":[{"href":"https:\/\/webshop.ingelbeen.be\/fr\/wp-json\/wp\/v2\/product\/9682","targetHints":{"allow":["GET"]}}],"collection":[{"href":"https:\/\/webshop.ingelbeen.be\/fr\/wp-json\/wp\/v2\/product"}],"about":[{"href":"https:\/\/webshop.ingelbeen.be\/fr\/wp-json\/wp\/v2\/types\/product"}],"wp:featuredmedia":[{"embeddable":true,"href":"https:\/\/webshop.ingelbeen.be\/fr\/wp-json\/wp\/v2\/media\/10102"}],"wp:attachment":[{"href":"https:\/\/webshop.ingelbeen.be\/fr\/wp-json\/wp\/v2\/media?parent=9682"}],"wp:term":[{"taxonomy":"product_brand","embeddable":true,"href":"https:\/\/webshop.ingelbeen.be\/fr\/wp-json\/wp\/v2\/product_brand?post=9682"},{"taxonomy":"product_cat","embeddable":true,"href":"https:\/\/webshop.ingelbeen.be\/fr\/wp-json\/wp\/v2\/product_cat?post=9682"},{"taxonomy":"product_tag","embeddable":true,"href":"https:\/\/webshop.ingelbeen.be\/fr\/wp-json\/wp\/v2\/product_tag?post=9682"}],"curies":[{"name":"wp","href":"https:\/\/api.w.org\/{rel}","templated":true}]}}